{"id":24697,"date":"2022-05-02T15:01:22","date_gmt":"2022-05-02T13:01:22","guid":{"rendered":"https:\/\/www.laboratoires-unisson.com\/produit\/silk-5nx"},"modified":"2025-12-03T10:09:25","modified_gmt":"2025-12-03T09:09:25","slug":"silk-5nx","status":"publish","type":"product","link":"https:\/\/www.laboratoires-unisson.com\/fr-be\/produit\/appareils-auditifs\/signia\/silk-5nx","title":{"rendered":"Silk 5Nx"},"content":{"rendered":"<p><strong>Signia Silk CIC 5NX<\/strong> un intra-auriculaire <a href=\"https:\/\/www.laboratoires-unisson.com\/fr-be\/appareils-auditifs\/marques\/signia\">Signia (solutions auditives Siemens)<\/a> sorti en 2018. Il s\u2019agit d\u2019un mod\u00e8le pr\u00eat \u00e0 porter qui ne n\u00e9cessite pas de moulage sur-mesure. Il convient \u00e0 la plupart des conduits auditifs, disponible avec plusieurs tailles de d\u00f4mes en silicone.<\/p>\n<p>Silk 5Nx fonctionne avec la puce Nx. En revanche, les intra de la gamme Nx se passent des innovations les plus int\u00e9ressantes et performantes de la plateforme \u00e0 savoir\u00a0: \u00ab\u00a0OVP\u2122\u00a0\u00bb, \u00ab\u00a0HD Spatial\u00a0\u00bb et \u00ab\u00a03D Classifier\u00a0\u00bb.<\/p>\n<p>Silk CIC 5Nx fonctionne avec des piles 10. Il conviendra aux situations calmes et bruyantes et assure une bonne compr\u00e9hension de la parole.<\/p>\n<h4>Fonctionnalit\u00e9s de Silk CIC 5Nx<\/h4>\n<ul>\n<li>16 canaux de r\u00e9glage<\/li>\n<li>32 bandes de traitement du signal<\/li>\n<li>Jusqu\u2019\u00e0 6 programmes d\u2019\u00e9coute personnalis\u00e9s<\/li>\n<li>Dynamique \u00e9tendue (permet de pousser l\u2019amplification sans d\u00e9t\u00e9riorer la qualit\u00e9 sonore ni le fonctionnement de l\u2019anti-larsen)<\/li>\n<li>HD Music\u00a0: programme automatique pour la musique (1 programme automatique)<\/li>\n<li>R\u00e9ducteur de bruit du vent eWindScreen<\/li>\n<li>R\u00e9ducteur de bruit (9 programmes automatiques)<\/li>\n<li>Anti-larsen<\/li>\n<li>Directivit\u00e9 binaurale OneMic (d\u00e9velopp\u00e9e sp\u00e9cialement pour les intra-auriculaires)<\/li>\n<li>CROSPhone\u2122\u00a0: \u00e9coute binaurale de vos appels t\u00e9l\u00e9phoniques (ex\u00a0: le t\u00e9l\u00e9phone est pos\u00e9 sur votre oreille droite, l\u2019appareil renvoi automatiquement le son du t\u00e9l\u00e9phone dans l\u2019oreille gauche)<\/li>\n<li>Compression fr\u00e9quentielle<\/li>\n<li>G\u00e9n\u00e9rateur de bruit blanc pour les acouph\u00e8nes<\/li>\n<\/ul>\n","protected":false},"excerpt":{"rendered":"<p>Signia Silk CIC 5NX un intra-auriculaire Signia (solutions auditives Siemens) sorti en 2018. Il s\u2019agit d\u2019un mod\u00e8le pr\u00eat \u00e0 porter qui ne n\u00e9cessite pas de moulage sur-mesure. Il convient \u00e0 la plupart des conduits auditifs, disponible avec plusieurs tailles de d\u00f4mes en silicone. Silk 5Nx fonctionne avec la puce Nx. En revanche, les intra de [&hellip;]<\/p>\n","protected":false},"featured_media":19255,"template":"","meta":{"_acf_changed":false},"product_brand":[],"product_cat":[2830],"product_tag":[],"class_list":{"0":"post-24697","1":"product","2":"type-product","3":"status-publish","4":"has-post-thumbnail","6":"product_cat-signia-fr-be","8":"first","9":"instock","10":"taxable","11":"shipping-taxable","12":"purchasable","13":"product-type-simple"},"acf":[],"yoast_head":"<!-- This site is optimized with the Yoast SEO plugin v27.1.1 - https:\/\/yoast.com\/product\/yoast-seo-wordpress\/ -->\n<title>Appareil auditif Signia Silk 5Nx \u00e0 1650\u20ac - Unisson Belgique<\/title>\n<meta name=\"description\" content=\"Signia Silk CIC 5NX un intra-auriculaire Signia (solutions auditives Siemens) sorti en 2018. Il s\u2019agit d\u2019un mod\u00e8le pr\u00eat \u00e0 porter qui ne n\u00e9cessite pas de\" \/>\n<meta name=\"robots\" content=\"index, follow, max-snippet:-1, max-image-preview:large, max-video-preview:-1\" \/>\n<link rel=\"canonical\" href=\"https:\/\/www.laboratoires-unisson.com\/fr-be\/wp-json\/wp\/v2\/product\/24697\" \/>\n<meta property=\"og:locale\" content=\"fr_FR\" \/>\n<meta property=\"og:type\" content=\"article\" \/>\n<meta property=\"og:title\" content=\"Silk 5Nx - Laboratoires Unisson\" \/>\n<meta property=\"og:description\" content=\"Signia Silk CIC 5NX un intra-auriculaire Signia (solutions auditives Siemens) sorti en 2018. Il s\u2019agit d\u2019un mod\u00e8le pr\u00eat \u00e0 porter qui ne n\u00e9cessite pas de\" \/>\n<meta property=\"og:url\" content=\"https:\/\/www.laboratoires-unisson.com\/fr-be\/produit\/appareils-auditifs\/signia\/silk-5nx\" \/>\n<meta property=\"og:site_name\" content=\"Laboratoires Unisson\" \/>\n<meta property=\"article:modified_time\" content=\"2025-12-03T09:09:25+00:00\" \/>\n<meta property=\"og:image\" content=\"https:\/\/www.laboratoires-unisson.com\/wp-content\/uploads\/2022\/05\/silk-5nx.jpg\" \/>\n\t<meta property=\"og:image:width\" content=\"572\" \/>\n\t<meta property=\"og:image:height\" content=\"572\" \/>\n\t<meta property=\"og:image:type\" content=\"image\/jpeg\" \/>\n<meta name=\"twitter:card\" content=\"summary_large_image\" \/>\n<meta name=\"twitter:label1\" content=\"Est. reading time\" \/>\n\t<meta name=\"twitter:data1\" content=\"2 minutes\" \/>\n<script type=\"application\/ld+json\" class=\"yoast-schema-graph\">{\"@context\":\"https:\/\/schema.org\",\"@graph\":[{\"@type\":\"WebPage\",\"@id\":\"https:\/\/www.laboratoires-unisson.com\/fr-be\/produit\/appareils-auditifs\/signia\/silk-5nx\",\"url\":\"https:\/\/www.laboratoires-unisson.com\/fr-be\/produit\/appareils-auditifs\/signia\/silk-5nx\",\"name\":\"Silk 5Nx - Laboratoires Unisson\",\"isPartOf\":{\"@id\":\"https:\/\/www.laboratoires-unisson.com\/fr-be#website\"},\"primaryImageOfPage\":{\"@id\":\"https:\/\/www.laboratoires-unisson.com\/fr-be\/produit\/appareils-auditifs\/signia\/silk-5nx#primaryimage\"},\"image\":{\"@id\":\"https:\/\/www.laboratoires-unisson.com\/fr-be\/produit\/appareils-auditifs\/signia\/silk-5nx#primaryimage\"},\"thumbnailUrl\":\"https:\/\/www.laboratoires-unisson.com\/wp-content\/uploads\/2022\/05\/silk-5nx.jpg\",\"datePublished\":\"2022-05-02T13:01:22+00:00\",\"dateModified\":\"2025-12-03T09:09:25+00:00\",\"description\":\"Signia Silk CIC 5NX un intra-auriculaire Signia (solutions auditives Siemens) sorti en 2018. Il s\u2019agit d\u2019un mod\u00e8le pr\u00eat \u00e0 porter qui ne n\u00e9cessite pas de\",\"breadcrumb\":{\"@id\":\"https:\/\/www.laboratoires-unisson.com\/fr-be\/produit\/appareils-auditifs\/signia\/silk-5nx#breadcrumb\"},\"inLanguage\":\"fr-BE\",\"potentialAction\":[{\"@type\":\"ReadAction\",\"target\":[\"https:\/\/www.laboratoires-unisson.com\/fr-be\/produit\/appareils-auditifs\/signia\/silk-5nx\"]}]},{\"@type\":\"ImageObject\",\"inLanguage\":\"fr-BE\",\"@id\":\"https:\/\/www.laboratoires-unisson.com\/fr-be\/produit\/appareils-auditifs\/signia\/silk-5nx#primaryimage\",\"url\":\"https:\/\/www.laboratoires-unisson.com\/wp-content\/uploads\/2022\/05\/silk-5nx.jpg\",\"contentUrl\":\"https:\/\/www.laboratoires-unisson.com\/wp-content\/uploads\/2022\/05\/silk-5nx.jpg\",\"width\":572,\"height\":572},{\"@type\":\"BreadcrumbList\",\"@id\":\"https:\/\/www.laboratoires-unisson.com\/fr-be\/produit\/appareils-auditifs\/signia\/silk-5nx#breadcrumb\",\"itemListElement\":[{\"@type\":\"ListItem\",\"position\":1,\"name\":\"Shop\",\"item\":\"https:\/\/www.laboratoires-unisson.com\/fr-be\/shop\"},{\"@type\":\"ListItem\",\"position\":2,\"name\":\"Silk 5Nx\"}]},{\"@type\":\"WebSite\",\"@id\":\"https:\/\/www.laboratoires-unisson.com\/fr-be#website\",\"url\":\"https:\/\/www.laboratoires-unisson.com\/fr-be\",\"name\":\"Laboratoires Unisson\",\"description\":\"Appareil auditif et proth\u00e8se auditive Moins Cher jusqu&#039;\u00e0 -40%\",\"publisher\":{\"@id\":\"https:\/\/www.laboratoires-unisson.com\/fr-be#organization\"},\"potentialAction\":[{\"@type\":\"SearchAction\",\"target\":{\"@type\":\"EntryPoint\",\"urlTemplate\":\"https:\/\/www.laboratoires-unisson.com\/fr-be?s={search_term_string}\"},\"query-input\":{\"@type\":\"PropertyValueSpecification\",\"valueRequired\":true,\"valueName\":\"search_term_string\"}}],\"inLanguage\":\"fr-BE\"},{\"@type\":\"Organization\",\"@id\":\"https:\/\/www.laboratoires-unisson.com\/fr-be#organization\",\"name\":\"Laboratoires Unisson\",\"url\":\"https:\/\/www.laboratoires-unisson.com\/fr-be\",\"logo\":{\"@type\":\"ImageObject\",\"inLanguage\":\"fr-BE\",\"@id\":\"https:\/\/www.laboratoires-unisson.com\/fr-be#\/schema\/logo\/image\/\",\"url\":\"https:\/\/www.laboratoires-unisson.com\/wp-content\/uploads\/2022\/01\/logo-unisson.svg\",\"contentUrl\":\"https:\/\/www.laboratoires-unisson.com\/wp-content\/uploads\/2022\/01\/logo-unisson.svg\",\"width\":1,\"height\":1,\"caption\":\"Laboratoires Unisson\"},\"image\":{\"@id\":\"https:\/\/www.laboratoires-unisson.com\/fr-be#\/schema\/logo\/image\/\"}}]}<\/script>\n<!-- \/ Yoast SEO plugin. -->","yoast_head_json":{"title":"Appareil auditif Signia Silk 5Nx \u00e0 1650\u20ac - Unisson Belgique","description":"Signia Silk CIC 5NX un intra-auriculaire Signia (solutions auditives Siemens) sorti en 2018. Il s\u2019agit d\u2019un mod\u00e8le pr\u00eat \u00e0 porter qui ne n\u00e9cessite pas de","robots":{"index":"index","follow":"follow","max-snippet":"max-snippet:-1","max-image-preview":"max-image-preview:large","max-video-preview":"max-video-preview:-1"},"canonical":"https:\/\/www.laboratoires-unisson.com\/fr-be\/wp-json\/wp\/v2\/product\/24697","og_locale":"fr_FR","og_type":"article","og_title":"Silk 5Nx - Laboratoires Unisson","og_description":"Signia Silk CIC 5NX un intra-auriculaire Signia (solutions auditives Siemens) sorti en 2018. Il s\u2019agit d\u2019un mod\u00e8le pr\u00eat \u00e0 porter qui ne n\u00e9cessite pas de","og_url":"https:\/\/www.laboratoires-unisson.com\/fr-be\/produit\/appareils-auditifs\/signia\/silk-5nx","og_site_name":"Laboratoires Unisson","article_modified_time":"2025-12-03T09:09:25+00:00","og_image":[{"width":572,"height":572,"url":"https:\/\/www.laboratoires-unisson.com\/wp-content\/uploads\/2022\/05\/silk-5nx.jpg","type":"image\/jpeg"}],"twitter_card":"summary_large_image","twitter_misc":{"Est. reading time":"2 minutes"},"schema":{"@context":"https:\/\/schema.org","@graph":[{"@type":"WebPage","@id":"https:\/\/www.laboratoires-unisson.com\/fr-be\/produit\/appareils-auditifs\/signia\/silk-5nx","url":"https:\/\/www.laboratoires-unisson.com\/fr-be\/produit\/appareils-auditifs\/signia\/silk-5nx","name":"Silk 5Nx - Laboratoires Unisson","isPartOf":{"@id":"https:\/\/www.laboratoires-unisson.com\/fr-be#website"},"primaryImageOfPage":{"@id":"https:\/\/www.laboratoires-unisson.com\/fr-be\/produit\/appareils-auditifs\/signia\/silk-5nx#primaryimage"},"image":{"@id":"https:\/\/www.laboratoires-unisson.com\/fr-be\/produit\/appareils-auditifs\/signia\/silk-5nx#primaryimage"},"thumbnailUrl":"https:\/\/www.laboratoires-unisson.com\/wp-content\/uploads\/2022\/05\/silk-5nx.jpg","datePublished":"2022-05-02T13:01:22+00:00","dateModified":"2025-12-03T09:09:25+00:00","description":"Signia Silk CIC 5NX un intra-auriculaire Signia (solutions auditives Siemens) sorti en 2018. Il s\u2019agit d\u2019un mod\u00e8le pr\u00eat \u00e0 porter qui ne n\u00e9cessite pas de","breadcrumb":{"@id":"https:\/\/www.laboratoires-unisson.com\/fr-be\/produit\/appareils-auditifs\/signia\/silk-5nx#breadcrumb"},"inLanguage":"fr-BE","potentialAction":[{"@type":"ReadAction","target":["https:\/\/www.laboratoires-unisson.com\/fr-be\/produit\/appareils-auditifs\/signia\/silk-5nx"]}]},{"@type":"ImageObject","inLanguage":"fr-BE","@id":"https:\/\/www.laboratoires-unisson.com\/fr-be\/produit\/appareils-auditifs\/signia\/silk-5nx#primaryimage","url":"https:\/\/www.laboratoires-unisson.com\/wp-content\/uploads\/2022\/05\/silk-5nx.jpg","contentUrl":"https:\/\/www.laboratoires-unisson.com\/wp-content\/uploads\/2022\/05\/silk-5nx.jpg","width":572,"height":572},{"@type":"BreadcrumbList","@id":"https:\/\/www.laboratoires-unisson.com\/fr-be\/produit\/appareils-auditifs\/signia\/silk-5nx#breadcrumb","itemListElement":[{"@type":"ListItem","position":1,"name":"Shop","item":"https:\/\/www.laboratoires-unisson.com\/fr-be\/shop"},{"@type":"ListItem","position":2,"name":"Silk 5Nx"}]},{"@type":"WebSite","@id":"https:\/\/www.laboratoires-unisson.com\/fr-be#website","url":"https:\/\/www.laboratoires-unisson.com\/fr-be","name":"Laboratoires Unisson","description":"Appareil auditif et proth\u00e8se auditive Moins Cher jusqu&#039;\u00e0 -40%","publisher":{"@id":"https:\/\/www.laboratoires-unisson.com\/fr-be#organization"},"potentialAction":[{"@type":"SearchAction","target":{"@type":"EntryPoint","urlTemplate":"https:\/\/www.laboratoires-unisson.com\/fr-be?s={search_term_string}"},"query-input":{"@type":"PropertyValueSpecification","valueRequired":true,"valueName":"search_term_string"}}],"inLanguage":"fr-BE"},{"@type":"Organization","@id":"https:\/\/www.laboratoires-unisson.com\/fr-be#organization","name":"Laboratoires Unisson","url":"https:\/\/www.laboratoires-unisson.com\/fr-be","logo":{"@type":"ImageObject","inLanguage":"fr-BE","@id":"https:\/\/www.laboratoires-unisson.com\/fr-be#\/schema\/logo\/image\/","url":"https:\/\/www.laboratoires-unisson.com\/wp-content\/uploads\/2022\/01\/logo-unisson.svg","contentUrl":"https:\/\/www.laboratoires-unisson.com\/wp-content\/uploads\/2022\/01\/logo-unisson.svg","width":1,"height":1,"caption":"Laboratoires Unisson"},"image":{"@id":"https:\/\/www.laboratoires-unisson.com\/fr-be#\/schema\/logo\/image\/"}}]}},"_links":{"self":[{"href":"https:\/\/www.laboratoires-unisson.com\/fr-be\/wp-json\/wp\/v2\/product\/24697","targetHints":{"allow":["GET"]}}],"collection":[{"href":"https:\/\/www.laboratoires-unisson.com\/fr-be\/wp-json\/wp\/v2\/product"}],"about":[{"href":"https:\/\/www.laboratoires-unisson.com\/fr-be\/wp-json\/wp\/v2\/types\/product"}],"wp:featuredmedia":[{"embeddable":true,"href":"https:\/\/www.laboratoires-unisson.com\/fr-be\/wp-json\/wp\/v2\/media\/19255"}],"wp:attachment":[{"href":"https:\/\/www.laboratoires-unisson.com\/fr-be\/wp-json\/wp\/v2\/media?parent=24697"}],"wp:term":[{"taxonomy":"product_brand","embeddable":true,"href":"https:\/\/www.laboratoires-unisson.com\/fr-be\/wp-json\/wp\/v2\/product_brand?post=24697"},{"taxonomy":"product_cat","embeddable":true,"href":"https:\/\/www.laboratoires-unisson.com\/fr-be\/wp-json\/wp\/v2\/product_cat?post=24697"},{"taxonomy":"product_tag","embeddable":true,"href":"https:\/\/www.laboratoires-unisson.com\/fr-be\/wp-json\/wp\/v2\/product_tag?post=24697"}],"curies":[{"name":"wp","href":"https:\/\/api.w.org\/{rel}","templated":true}]}}