{"id":24698,"date":"2022-05-02T15:01:14","date_gmt":"2022-05-02T13:01:14","guid":{"rendered":"https:\/\/www.laboratoires-unisson.com\/produit\/pure-charge-go-5ax"},"modified":"2025-12-03T10:09:25","modified_gmt":"2025-12-03T09:09:25","slug":"pure-charge-go-5ax","status":"publish","type":"product","link":"https:\/\/www.laboratoires-unisson.com\/fr-be\/produit\/appareils-auditifs\/signia\/pure-charge-go-5ax","title":{"rendered":"Pure Charge &#038; Go 5AX"},"content":{"rendered":"<p>L&#8217;appareil auditif Pure Charge &amp; Go 5AX appartient \u00e0 la nouvelle gamme <a href=\"https:\/\/www.laboratoires-unisson.com\/fr-be\/appareils-auditifs\/marques\/signia\/ax\">Signia AX<\/a> sortie en 2021. Il s&#8217;agit d&#8217;un <strong>mod\u00e8le en micro contour d&#8217;oreille (RIC) de milieu de gamme connect\u00e9 et rechargeable<\/strong>. C&#8217;est le plus petit micro contour d&#8217;oreille rechargeable de Signia. Cette nouvelle gamme Pure Charge &amp; Go AX offre bien des avantages par rapport \u00e0 son pr\u00e9d\u00e9cesseur Pure Charge &amp; Go X.<\/p>\n<p><strong>Alliant design attractif et innovations<\/strong>, ce mod\u00e8le saura vous satisfaire. Gr\u00e2ce \u00e0 ses 16 bandes d&#8217;adaptation et 32 canaux de traitement, ses 6 programmes d&#8217;\u00e9coute, son anti larsen optimis\u00e9 et sa fonctionnalit\u00e9 Bluetooth, le mod\u00e8le Pure Charge &amp; Go 5AX vous offrira une <strong>clart\u00e9 vocale in\u00e9gal\u00e9e<\/strong>. Vous ne raterez plus aucun mot, vous n&#8217;aurez plus besoin de faire d&#8217;effort pour suivre les conversations et les environnements bruyants ne vous feront plus peur !<\/p>\n<h3>Des innovations technologiques de pointe<\/h3>\n<p>La nouvelle plateforme de Signia, <strong>Augmented Xperience<\/strong> (AX) embarque de nombreuses technologies pour un confort d&#8217;\u00e9coute optimal dans tous les environnements, m\u00eame les plus bruyants. La technologie Augmented Focus\u2122 dissocie la parole et le bruit de fond puis les recombine pour vous offrir une clart\u00e9 de parole exceptionnelle.<\/p>\n<p>Les antennes MI de votre appareil Pure Charge &amp; Go 5AX sont les plus avanc\u00e9es du secteur. Le TruEar 360 offre une excellente localisation dans l&#8217;espace et son microphone est ultra puissant (110% d&#8217;augmentation du taux de transfert binaural\u00a0et 60% de r\u00e9duction de latence binaurale).<\/p>\n<p>D&#8217;autres innovations sont disponibles telles que la plage dynamique d&#8217;entr\u00e9e augment\u00e9e, l&#8217;OVP, un anti larsen optimis\u00e9 et le streaming direct iOS et Android.<\/p>\n<h4>Augmented Focus<\/h4>\n<p>Pour la 1\u00e8re fois, <strong>deux processeurs distincts sont utilis\u00e9s dans le but de traiter le son que vous souhaitez entendre<\/strong>, comme par exemple\u00a0une conversation, s\u00e9par\u00e9ment du bruit environnant. Cette technologie est destin\u00e9e \u00e0 vous permettre de vous concentrer sur les sons que vous souhaitez entendre tout en minimisant les bruits de fond.<\/p>\n<h3>Pure Charge &amp; Go AX, une gamme de produits rechargeable et connect\u00e9e<\/h3>\n<p>Le mod\u00e8le Pure Charge &amp; Go 5AX est un <strong>appareil auditif rechargeable<\/strong> qui fonctionne avec une batterie lithium-ion. Vous disposerez jusqu&#8217;\u00e0 24h d&#8217;autonomie en une seule charge, dont 5h de streaming;<\/p>\n<p>Une <strong>connexion Bluetooth <\/strong>de derni\u00e8re g\u00e9n\u00e9ration (e2e wireless 4.0) compl\u00e8te ce mod\u00e8le. Que vous soyez sur iOS ou Android, vous b\u00e9n\u00e9ficierez d&#8217;un streaming direct.\u00a0Pour un smartphone Android, il faut que celui-ci soit \u00e9quip\u00e9 de la norme ASHA. Vous pouvez consulter la liste des t\u00e9l\u00e9phones compatibles sur le site de Signia <a href=\"https:\/\/www.signia-pro.com\/fr-ch\/solutions-d'accompagnement\/compatibility\/\" rel=\"nofollow\">ici<\/a>.<\/p>\n<p>Pour enrichir votre exp\u00e9rience auditive, vous nous conseillons ces accessoires sans fil :<\/p>\n<ul>\n<li>Streamline TV,<\/li>\n<li>MiniPocket,<\/li>\n<li>Streamline Mic &#8211; passez vos appels t\u00e9l\u00e9phoniques en mode mains libres<\/li>\n<li>Chargeur, \u00e9galement disponible en chargeur nomade et en Dry &amp; Clean<\/li>\n<\/ul>\n<h3>Fonctionnalit\u00e9s du Pure Charge &amp; Go 5AX<\/h3>\n<ul>\n<li>Augmented Focus<span style=\"font-size: 11.0pt;\"><span style=\"line-height: 107%;\"><span style=\"color: black;\">\u2122<\/span><\/span><\/span><\/li>\n<li>OVP\u2122 (Own Voice Processing) : reconnaissance en temps r\u00e9el de la voix de l\u2019utilisateur pour d\u00e9livrer une perception naturelle de sa propre voix<\/li>\n<li>16 canaux de r\u00e9glage du gain \/ 32 bandes de traitement du signal<\/li>\n<li>6 programmes manuels<\/li>\n<li>EchoShield<\/li>\n<li>SpeechFocus<\/li>\n<li>TruEar 360<\/li>\n<li>Plage dynamique d&#8217;entr\u00e9e augment\u00e9e<\/li>\n<li>eWindScreen : \u00e9limination des bruits du vent<\/li>\n<li>Speech and Noise &amp; Soundsmoothing pour la r\u00e9duction du bruit<\/li>\n<li>Anti Larsen<\/li>\n<li>Connectivit\u00e9 Bluetooth<\/li>\n<li>Streaming audio direct (iOS et Android)<\/li>\n<li>Signia Assistant (r\u00e9glages \u00e0 distance)<\/li>\n<li>Application mobile Signia App<\/li>\n<li>Tinnitus pour th\u00e9rapie acouph\u00e8nes<\/li>\n<\/ul>\n","protected":false},"excerpt":{"rendered":"<p>L&#8217;appareil auditif Pure Charge &amp; Go 5AX appartient \u00e0 la nouvelle gamme Signia AX sortie en 2021. Il s&#8217;agit d&#8217;un mod\u00e8le en micro contour d&#8217;oreille (RIC) de milieu de gamme connect\u00e9 et rechargeable. C&#8217;est le plus petit micro contour d&#8217;oreille rechargeable de Signia. Cette nouvelle gamme Pure Charge &amp; Go AX offre bien des avantages [&hellip;]<\/p>\n","protected":false},"featured_media":19253,"template":"","meta":{"_acf_changed":false},"product_brand":[],"product_cat":[2830],"product_tag":[],"class_list":{"0":"post-24698","1":"product","2":"type-product","3":"status-publish","4":"has-post-thumbnail","6":"product_cat-signia-fr-be","8":"first","9":"instock","10":"taxable","11":"shipping-taxable","12":"purchasable","13":"product-type-simple"},"acf":[],"yoast_head":"<!-- This site is optimized with the Yoast SEO plugin v27.1.1 - https:\/\/yoast.com\/product\/yoast-seo-wordpress\/ -->\n<title>Appareil auditif Signia Pure Charge &amp; Go 5AX \u00e0 1650\u20ac - Unisson Belgique<\/title>\n<meta name=\"description\" content=\"D\u00e9couvrez le Signia Pure Charge&amp;Go 5AX chez Unisson. Profitez d&#039;une audition claire et d&#039;une recharge pratique au meilleur prix.\" \/>\n<meta name=\"robots\" content=\"index, follow, max-snippet:-1, max-image-preview:large, max-video-preview:-1\" \/>\n<link rel=\"canonical\" href=\"https:\/\/www.laboratoires-unisson.com\/fr-be\/wp-json\/wp\/v2\/product\/24698\" \/>\n<meta property=\"og:locale\" content=\"fr_FR\" \/>\n<meta property=\"og:type\" content=\"article\" \/>\n<meta property=\"og:title\" content=\"Pure Charge &amp; Go 5AX - Laboratoires Unisson\" \/>\n<meta property=\"og:description\" content=\"D\u00e9couvrez le Signia Pure Charge&amp;Go 5AX chez Unisson. Profitez d&#039;une audition claire et d&#039;une recharge pratique au meilleur prix.\" \/>\n<meta property=\"og:url\" content=\"https:\/\/www.laboratoires-unisson.com\/fr-be\/produit\/appareils-auditifs\/signia\/pure-charge-go-5ax\" \/>\n<meta property=\"og:site_name\" content=\"Laboratoires Unisson\" \/>\n<meta property=\"article:modified_time\" content=\"2025-12-03T09:09:25+00:00\" \/>\n<meta property=\"og:image\" content=\"https:\/\/www.laboratoires-unisson.com\/wp-content\/uploads\/2022\/05\/pure-charge-go-5ax.jpg\" \/>\n\t<meta property=\"og:image:width\" content=\"450\" \/>\n\t<meta property=\"og:image:height\" content=\"450\" \/>\n\t<meta property=\"og:image:type\" content=\"image\/jpeg\" \/>\n<meta name=\"twitter:card\" content=\"summary_large_image\" \/>\n<meta name=\"twitter:label1\" content=\"Est. reading time\" \/>\n\t<meta name=\"twitter:data1\" content=\"3 minutes\" \/>\n<script type=\"application\/ld+json\" class=\"yoast-schema-graph\">{\"@context\":\"https:\/\/schema.org\",\"@graph\":[{\"@type\":\"WebPage\",\"@id\":\"https:\/\/www.laboratoires-unisson.com\/fr-be\/produit\/appareils-auditifs\/signia\/pure-charge-go-5ax\",\"url\":\"https:\/\/www.laboratoires-unisson.com\/fr-be\/produit\/appareils-auditifs\/signia\/pure-charge-go-5ax\",\"name\":\"Pure Charge & Go 5AX - Laboratoires Unisson\",\"isPartOf\":{\"@id\":\"https:\/\/www.laboratoires-unisson.com\/fr-be#website\"},\"primaryImageOfPage\":{\"@id\":\"https:\/\/www.laboratoires-unisson.com\/fr-be\/produit\/appareils-auditifs\/signia\/pure-charge-go-5ax#primaryimage\"},\"image\":{\"@id\":\"https:\/\/www.laboratoires-unisson.com\/fr-be\/produit\/appareils-auditifs\/signia\/pure-charge-go-5ax#primaryimage\"},\"thumbnailUrl\":\"https:\/\/www.laboratoires-unisson.com\/wp-content\/uploads\/2022\/05\/pure-charge-go-5ax.jpg\",\"datePublished\":\"2022-05-02T13:01:14+00:00\",\"dateModified\":\"2025-12-03T09:09:25+00:00\",\"description\":\"D\u00e9couvrez le Signia Pure Charge&Go 5AX chez Unisson. Profitez d'une audition claire et d'une recharge pratique au meilleur prix.\",\"breadcrumb\":{\"@id\":\"https:\/\/www.laboratoires-unisson.com\/fr-be\/produit\/appareils-auditifs\/signia\/pure-charge-go-5ax#breadcrumb\"},\"inLanguage\":\"fr-BE\",\"potentialAction\":[{\"@type\":\"ReadAction\",\"target\":[\"https:\/\/www.laboratoires-unisson.com\/fr-be\/produit\/appareils-auditifs\/signia\/pure-charge-go-5ax\"]}]},{\"@type\":\"ImageObject\",\"inLanguage\":\"fr-BE\",\"@id\":\"https:\/\/www.laboratoires-unisson.com\/fr-be\/produit\/appareils-auditifs\/signia\/pure-charge-go-5ax#primaryimage\",\"url\":\"https:\/\/www.laboratoires-unisson.com\/wp-content\/uploads\/2022\/05\/pure-charge-go-5ax.jpg\",\"contentUrl\":\"https:\/\/www.laboratoires-unisson.com\/wp-content\/uploads\/2022\/05\/pure-charge-go-5ax.jpg\",\"width\":450,\"height\":450},{\"@type\":\"BreadcrumbList\",\"@id\":\"https:\/\/www.laboratoires-unisson.com\/fr-be\/produit\/appareils-auditifs\/signia\/pure-charge-go-5ax#breadcrumb\",\"itemListElement\":[{\"@type\":\"ListItem\",\"position\":1,\"name\":\"Shop\",\"item\":\"https:\/\/www.laboratoires-unisson.com\/fr-be\/shop\"},{\"@type\":\"ListItem\",\"position\":2,\"name\":\"Pure Charge &#038; Go 5AX\"}]},{\"@type\":\"WebSite\",\"@id\":\"https:\/\/www.laboratoires-unisson.com\/fr-be#website\",\"url\":\"https:\/\/www.laboratoires-unisson.com\/fr-be\",\"name\":\"Laboratoires Unisson\",\"description\":\"Appareil auditif et proth\u00e8se auditive Moins Cher jusqu&#039;\u00e0 -40%\",\"publisher\":{\"@id\":\"https:\/\/www.laboratoires-unisson.com\/fr-be#organization\"},\"potentialAction\":[{\"@type\":\"SearchAction\",\"target\":{\"@type\":\"EntryPoint\",\"urlTemplate\":\"https:\/\/www.laboratoires-unisson.com\/fr-be?s={search_term_string}\"},\"query-input\":{\"@type\":\"PropertyValueSpecification\",\"valueRequired\":true,\"valueName\":\"search_term_string\"}}],\"inLanguage\":\"fr-BE\"},{\"@type\":\"Organization\",\"@id\":\"https:\/\/www.laboratoires-unisson.com\/fr-be#organization\",\"name\":\"Laboratoires Unisson\",\"url\":\"https:\/\/www.laboratoires-unisson.com\/fr-be\",\"logo\":{\"@type\":\"ImageObject\",\"inLanguage\":\"fr-BE\",\"@id\":\"https:\/\/www.laboratoires-unisson.com\/fr-be#\/schema\/logo\/image\/\",\"url\":\"https:\/\/www.laboratoires-unisson.com\/wp-content\/uploads\/2022\/01\/logo-unisson.svg\",\"contentUrl\":\"https:\/\/www.laboratoires-unisson.com\/wp-content\/uploads\/2022\/01\/logo-unisson.svg\",\"width\":1,\"height\":1,\"caption\":\"Laboratoires Unisson\"},\"image\":{\"@id\":\"https:\/\/www.laboratoires-unisson.com\/fr-be#\/schema\/logo\/image\/\"}}]}<\/script>\n<!-- \/ Yoast SEO plugin. -->","yoast_head_json":{"title":"Appareil auditif Signia Pure Charge & Go 5AX \u00e0 1650\u20ac - Unisson Belgique","description":"D\u00e9couvrez le Signia Pure Charge&Go 5AX chez Unisson. Profitez d'une audition claire et d'une recharge pratique au meilleur prix.","robots":{"index":"index","follow":"follow","max-snippet":"max-snippet:-1","max-image-preview":"max-image-preview:large","max-video-preview":"max-video-preview:-1"},"canonical":"https:\/\/www.laboratoires-unisson.com\/fr-be\/wp-json\/wp\/v2\/product\/24698","og_locale":"fr_FR","og_type":"article","og_title":"Pure Charge & Go 5AX - Laboratoires Unisson","og_description":"D\u00e9couvrez le Signia Pure Charge&Go 5AX chez Unisson. Profitez d'une audition claire et d'une recharge pratique au meilleur prix.","og_url":"https:\/\/www.laboratoires-unisson.com\/fr-be\/produit\/appareils-auditifs\/signia\/pure-charge-go-5ax","og_site_name":"Laboratoires Unisson","article_modified_time":"2025-12-03T09:09:25+00:00","og_image":[{"width":450,"height":450,"url":"https:\/\/www.laboratoires-unisson.com\/wp-content\/uploads\/2022\/05\/pure-charge-go-5ax.jpg","type":"image\/jpeg"}],"twitter_card":"summary_large_image","twitter_misc":{"Est. reading time":"3 minutes"},"schema":{"@context":"https:\/\/schema.org","@graph":[{"@type":"WebPage","@id":"https:\/\/www.laboratoires-unisson.com\/fr-be\/produit\/appareils-auditifs\/signia\/pure-charge-go-5ax","url":"https:\/\/www.laboratoires-unisson.com\/fr-be\/produit\/appareils-auditifs\/signia\/pure-charge-go-5ax","name":"Pure Charge & Go 5AX - Laboratoires Unisson","isPartOf":{"@id":"https:\/\/www.laboratoires-unisson.com\/fr-be#website"},"primaryImageOfPage":{"@id":"https:\/\/www.laboratoires-unisson.com\/fr-be\/produit\/appareils-auditifs\/signia\/pure-charge-go-5ax#primaryimage"},"image":{"@id":"https:\/\/www.laboratoires-unisson.com\/fr-be\/produit\/appareils-auditifs\/signia\/pure-charge-go-5ax#primaryimage"},"thumbnailUrl":"https:\/\/www.laboratoires-unisson.com\/wp-content\/uploads\/2022\/05\/pure-charge-go-5ax.jpg","datePublished":"2022-05-02T13:01:14+00:00","dateModified":"2025-12-03T09:09:25+00:00","description":"D\u00e9couvrez le Signia Pure Charge&Go 5AX chez Unisson. Profitez d'une audition claire et d'une recharge pratique au meilleur prix.","breadcrumb":{"@id":"https:\/\/www.laboratoires-unisson.com\/fr-be\/produit\/appareils-auditifs\/signia\/pure-charge-go-5ax#breadcrumb"},"inLanguage":"fr-BE","potentialAction":[{"@type":"ReadAction","target":["https:\/\/www.laboratoires-unisson.com\/fr-be\/produit\/appareils-auditifs\/signia\/pure-charge-go-5ax"]}]},{"@type":"ImageObject","inLanguage":"fr-BE","@id":"https:\/\/www.laboratoires-unisson.com\/fr-be\/produit\/appareils-auditifs\/signia\/pure-charge-go-5ax#primaryimage","url":"https:\/\/www.laboratoires-unisson.com\/wp-content\/uploads\/2022\/05\/pure-charge-go-5ax.jpg","contentUrl":"https:\/\/www.laboratoires-unisson.com\/wp-content\/uploads\/2022\/05\/pure-charge-go-5ax.jpg","width":450,"height":450},{"@type":"BreadcrumbList","@id":"https:\/\/www.laboratoires-unisson.com\/fr-be\/produit\/appareils-auditifs\/signia\/pure-charge-go-5ax#breadcrumb","itemListElement":[{"@type":"ListItem","position":1,"name":"Shop","item":"https:\/\/www.laboratoires-unisson.com\/fr-be\/shop"},{"@type":"ListItem","position":2,"name":"Pure Charge &#038; Go 5AX"}]},{"@type":"WebSite","@id":"https:\/\/www.laboratoires-unisson.com\/fr-be#website","url":"https:\/\/www.laboratoires-unisson.com\/fr-be","name":"Laboratoires Unisson","description":"Appareil auditif et proth\u00e8se auditive Moins Cher jusqu&#039;\u00e0 -40%","publisher":{"@id":"https:\/\/www.laboratoires-unisson.com\/fr-be#organization"},"potentialAction":[{"@type":"SearchAction","target":{"@type":"EntryPoint","urlTemplate":"https:\/\/www.laboratoires-unisson.com\/fr-be?s={search_term_string}"},"query-input":{"@type":"PropertyValueSpecification","valueRequired":true,"valueName":"search_term_string"}}],"inLanguage":"fr-BE"},{"@type":"Organization","@id":"https:\/\/www.laboratoires-unisson.com\/fr-be#organization","name":"Laboratoires Unisson","url":"https:\/\/www.laboratoires-unisson.com\/fr-be","logo":{"@type":"ImageObject","inLanguage":"fr-BE","@id":"https:\/\/www.laboratoires-unisson.com\/fr-be#\/schema\/logo\/image\/","url":"https:\/\/www.laboratoires-unisson.com\/wp-content\/uploads\/2022\/01\/logo-unisson.svg","contentUrl":"https:\/\/www.laboratoires-unisson.com\/wp-content\/uploads\/2022\/01\/logo-unisson.svg","width":1,"height":1,"caption":"Laboratoires Unisson"},"image":{"@id":"https:\/\/www.laboratoires-unisson.com\/fr-be#\/schema\/logo\/image\/"}}]}},"_links":{"self":[{"href":"https:\/\/www.laboratoires-unisson.com\/fr-be\/wp-json\/wp\/v2\/product\/24698","targetHints":{"allow":["GET"]}}],"collection":[{"href":"https:\/\/www.laboratoires-unisson.com\/fr-be\/wp-json\/wp\/v2\/product"}],"about":[{"href":"https:\/\/www.laboratoires-unisson.com\/fr-be\/wp-json\/wp\/v2\/types\/product"}],"wp:featuredmedia":[{"embeddable":true,"href":"https:\/\/www.laboratoires-unisson.com\/fr-be\/wp-json\/wp\/v2\/media\/19253"}],"wp:attachment":[{"href":"https:\/\/www.laboratoires-unisson.com\/fr-be\/wp-json\/wp\/v2\/media?parent=24698"}],"wp:term":[{"taxonomy":"product_brand","embeddable":true,"href":"https:\/\/www.laboratoires-unisson.com\/fr-be\/wp-json\/wp\/v2\/product_brand?post=24698"},{"taxonomy":"product_cat","embeddable":true,"href":"https:\/\/www.laboratoires-unisson.com\/fr-be\/wp-json\/wp\/v2\/product_cat?post=24698"},{"taxonomy":"product_tag","embeddable":true,"href":"https:\/\/www.laboratoires-unisson.com\/fr-be\/wp-json\/wp\/v2\/product_tag?post=24698"}],"curies":[{"name":"wp","href":"https:\/\/api.w.org\/{rel}","templated":true}]}}