{"id":24699,"date":"2022-05-02T15:01:06","date_gmt":"2022-05-02T13:01:06","guid":{"rendered":"https:\/\/www.laboratoires-unisson.com\/produit\/pure-charge-go-3x"},"modified":"2025-12-03T10:09:26","modified_gmt":"2025-12-03T09:09:26","slug":"pure-charge-go-3x","status":"publish","type":"product","link":"https:\/\/www.laboratoires-unisson.com\/fr-be\/produit\/appareils-auditifs\/signia\/pure-charge-go-3x","title":{"rendered":"Pure Charge &#038; Go 3X"},"content":{"rendered":"<p>Sortie en 2019, la nouvelle aide auditive <strong>Pure Charge &amp; Go 3X<\/strong> de <a href=\"https:\/\/www.laboratoires-unisson.com\/fr-be\/appareils-auditifs\/marques\/signia\">Signia<\/a> (solutions auditives de la marque Siemens) est de <strong>type RIC rechargeable<\/strong>, compos\u00e9e d\u2019une <strong>batterie Lithium ion<\/strong> <em>(meilleure solution de recharge existante sur le march\u00e9).<\/em><\/p>\n<p>Elle est dot\u00e9e de <strong>deux technologies r\u00e9volutionnaires<\/strong>\u00a0:<\/p>\n<ul>\n<li><strong>YourSound<\/strong>, technologie assurant un meilleur traitement du signal gr\u00e2ce \u00e0 des capteurs de mouvements acoustiques permettant de d\u00e9tecter si le porteur est en mouvement<\/li>\n<li><strong>Own Voice Processing<\/strong> permet une reconnaissance en temps r\u00e9el de la voix d\u2019un interlocuteur de celle de l\u2019utilisateur<\/li>\n<\/ul>\n<p>Gr\u00e2ce \u00e0 sa <strong>connectivit\u00e9 Bluetooth, <\/strong>vous pouvez diffuser vos appels ou films directement dans vos aides auditives, le <strong>Pure Charge &amp; Go 3X vous facilite le quotidien<\/strong>.<\/p>\n<p>La <strong>fonction audio directe<\/strong> est disponible \u00e0 partir d\u2019appareils iOS (Apple) avec le <strong>standard MFi<\/strong>. Pour les appareils Android ou autres, la diffusion est possible via l\u2019accessoire StreamLine Mic.<\/p>\n<p>La gamme d\u2019appareil auditif Charge &amp; Go X est la <strong>plus petite rechargeable du march\u00e9<\/strong>. Le Pure Charge &amp; Go 3X est disponible en <strong>10 couleurs.<\/strong><\/p>\n<h4><strong>Fonctionnalit\u00e9s du Pure Charge &amp; Go 3X<\/strong><\/h4>\n<ul>\n<li>YourSound : capteurs de mouvements int\u00e9gr\u00e9s<\/li>\n<li>OVP\u2122 (Own Voice Processing) : reconnaissance en temps r\u00e9el de la voix de l\u2019utilisateur pour d\u00e9livrer une perception naturelle de sa propre voix<\/li>\n<li>12 canaux de r\u00e9glage du gain \/ 24 bandes de traitement du signal<\/li>\n<li>6 programmes manuels<\/li>\n<li>eWindScreen : \u00e9limination des bruits du vent<\/li>\n<li>Speech and Noise &amp; Soundsmoothing pour la r\u00e9duction du bruit<\/li>\n<li>Programme t\u00e9l\u00e9phone binaural (Twinphone)<\/li>\n<li>SpeechFocus<\/li>\n<li>Connectivit\u00e9 Bluetooth<\/li>\n<li>Streaming audio direct (iPhone)<\/li>\n<li>R\u00e9glages \u00e0 distance (Telecare)<\/li>\n<li>Application mobile Signia App<\/li>\n<\/ul>\n","protected":false},"excerpt":{"rendered":"<p>Sortie en 2019, la nouvelle aide auditive Pure Charge &amp; Go 3X de Signia (solutions auditives de la marque Siemens) est de type RIC rechargeable, compos\u00e9e d\u2019une batterie Lithium ion (meilleure solution de recharge existante sur le march\u00e9). Elle est dot\u00e9e de deux technologies r\u00e9volutionnaires\u00a0: YourSound, technologie assurant un meilleur traitement du signal gr\u00e2ce \u00e0 [&hellip;]<\/p>\n","protected":false},"featured_media":19251,"template":"","meta":{"_acf_changed":false},"product_brand":[],"product_cat":[2830],"product_tag":[],"class_list":{"0":"post-24699","1":"product","2":"type-product","3":"status-publish","4":"has-post-thumbnail","6":"product_cat-signia-fr-be","8":"first","9":"instock","10":"taxable","11":"shipping-taxable","12":"purchasable","13":"product-type-simple"},"acf":[],"yoast_head":"<!-- This site is optimized with the Yoast SEO plugin v27.1.1 - https:\/\/yoast.com\/product\/yoast-seo-wordpress\/ -->\n<title>Appareil auditif Signia Pure Charge &amp; Go 3X \u00e0 1400\u20ac - Unisson Belgique<\/title>\n<meta name=\"description\" content=\"D\u00e9couvrez le Signia Pure Charge&amp;Go 3X chez Unisson. Profitez d&#039;une audition claire et d&#039;une recharge pratique au meilleur prix.\" \/>\n<meta name=\"robots\" content=\"index, follow, max-snippet:-1, max-image-preview:large, max-video-preview:-1\" \/>\n<link rel=\"canonical\" href=\"https:\/\/www.laboratoires-unisson.com\/fr-be\/wp-json\/wp\/v2\/product\/24699\" \/>\n<meta property=\"og:locale\" content=\"fr_FR\" \/>\n<meta property=\"og:type\" content=\"article\" \/>\n<meta property=\"og:title\" content=\"Pure Charge &amp; Go 3X - Laboratoires Unisson\" \/>\n<meta property=\"og:description\" content=\"D\u00e9couvrez le Signia Pure Charge&amp;Go 3X chez Unisson. Profitez d&#039;une audition claire et d&#039;une recharge pratique au meilleur prix.\" \/>\n<meta property=\"og:url\" content=\"https:\/\/www.laboratoires-unisson.com\/fr-be\/produit\/appareils-auditifs\/signia\/pure-charge-go-3x\" \/>\n<meta property=\"og:site_name\" content=\"Laboratoires Unisson\" \/>\n<meta property=\"article:modified_time\" content=\"2025-12-03T09:09:26+00:00\" \/>\n<meta property=\"og:image\" content=\"https:\/\/www.laboratoires-unisson.com\/wp-content\/uploads\/2022\/05\/pure-charge-go-3x.jpg\" \/>\n\t<meta property=\"og:image:width\" content=\"450\" \/>\n\t<meta property=\"og:image:height\" content=\"500\" \/>\n\t<meta property=\"og:image:type\" content=\"image\/jpeg\" \/>\n<meta name=\"twitter:card\" content=\"summary_large_image\" \/>\n<meta name=\"twitter:label1\" content=\"Est. reading time\" \/>\n\t<meta name=\"twitter:data1\" content=\"2 minutes\" \/>\n<script type=\"application\/ld+json\" class=\"yoast-schema-graph\">{\"@context\":\"https:\/\/schema.org\",\"@graph\":[{\"@type\":\"WebPage\",\"@id\":\"https:\/\/www.laboratoires-unisson.com\/fr-be\/produit\/appareils-auditifs\/signia\/pure-charge-go-3x\",\"url\":\"https:\/\/www.laboratoires-unisson.com\/fr-be\/produit\/appareils-auditifs\/signia\/pure-charge-go-3x\",\"name\":\"Pure Charge & Go 3X - Laboratoires Unisson\",\"isPartOf\":{\"@id\":\"https:\/\/www.laboratoires-unisson.com\/fr-be#website\"},\"primaryImageOfPage\":{\"@id\":\"https:\/\/www.laboratoires-unisson.com\/fr-be\/produit\/appareils-auditifs\/signia\/pure-charge-go-3x#primaryimage\"},\"image\":{\"@id\":\"https:\/\/www.laboratoires-unisson.com\/fr-be\/produit\/appareils-auditifs\/signia\/pure-charge-go-3x#primaryimage\"},\"thumbnailUrl\":\"https:\/\/www.laboratoires-unisson.com\/wp-content\/uploads\/2022\/05\/pure-charge-go-3x.jpg\",\"datePublished\":\"2022-05-02T13:01:06+00:00\",\"dateModified\":\"2025-12-03T09:09:26+00:00\",\"description\":\"D\u00e9couvrez le Signia Pure Charge&Go 3X chez Unisson. Profitez d'une audition claire et d'une recharge pratique au meilleur prix.\",\"breadcrumb\":{\"@id\":\"https:\/\/www.laboratoires-unisson.com\/fr-be\/produit\/appareils-auditifs\/signia\/pure-charge-go-3x#breadcrumb\"},\"inLanguage\":\"fr-BE\",\"potentialAction\":[{\"@type\":\"ReadAction\",\"target\":[\"https:\/\/www.laboratoires-unisson.com\/fr-be\/produit\/appareils-auditifs\/signia\/pure-charge-go-3x\"]}]},{\"@type\":\"ImageObject\",\"inLanguage\":\"fr-BE\",\"@id\":\"https:\/\/www.laboratoires-unisson.com\/fr-be\/produit\/appareils-auditifs\/signia\/pure-charge-go-3x#primaryimage\",\"url\":\"https:\/\/www.laboratoires-unisson.com\/wp-content\/uploads\/2022\/05\/pure-charge-go-3x.jpg\",\"contentUrl\":\"https:\/\/www.laboratoires-unisson.com\/wp-content\/uploads\/2022\/05\/pure-charge-go-3x.jpg\",\"width\":450,\"height\":500},{\"@type\":\"BreadcrumbList\",\"@id\":\"https:\/\/www.laboratoires-unisson.com\/fr-be\/produit\/appareils-auditifs\/signia\/pure-charge-go-3x#breadcrumb\",\"itemListElement\":[{\"@type\":\"ListItem\",\"position\":1,\"name\":\"Shop\",\"item\":\"https:\/\/www.laboratoires-unisson.com\/fr-be\/shop\"},{\"@type\":\"ListItem\",\"position\":2,\"name\":\"Pure Charge &#038; Go 3X\"}]},{\"@type\":\"WebSite\",\"@id\":\"https:\/\/www.laboratoires-unisson.com\/fr-be#website\",\"url\":\"https:\/\/www.laboratoires-unisson.com\/fr-be\",\"name\":\"Laboratoires Unisson\",\"description\":\"Appareil auditif et proth\u00e8se auditive Moins Cher jusqu&#039;\u00e0 -40%\",\"publisher\":{\"@id\":\"https:\/\/www.laboratoires-unisson.com\/fr-be#organization\"},\"potentialAction\":[{\"@type\":\"SearchAction\",\"target\":{\"@type\":\"EntryPoint\",\"urlTemplate\":\"https:\/\/www.laboratoires-unisson.com\/fr-be?s={search_term_string}\"},\"query-input\":{\"@type\":\"PropertyValueSpecification\",\"valueRequired\":true,\"valueName\":\"search_term_string\"}}],\"inLanguage\":\"fr-BE\"},{\"@type\":\"Organization\",\"@id\":\"https:\/\/www.laboratoires-unisson.com\/fr-be#organization\",\"name\":\"Laboratoires Unisson\",\"url\":\"https:\/\/www.laboratoires-unisson.com\/fr-be\",\"logo\":{\"@type\":\"ImageObject\",\"inLanguage\":\"fr-BE\",\"@id\":\"https:\/\/www.laboratoires-unisson.com\/fr-be#\/schema\/logo\/image\/\",\"url\":\"https:\/\/www.laboratoires-unisson.com\/wp-content\/uploads\/2022\/01\/logo-unisson.svg\",\"contentUrl\":\"https:\/\/www.laboratoires-unisson.com\/wp-content\/uploads\/2022\/01\/logo-unisson.svg\",\"width\":1,\"height\":1,\"caption\":\"Laboratoires Unisson\"},\"image\":{\"@id\":\"https:\/\/www.laboratoires-unisson.com\/fr-be#\/schema\/logo\/image\/\"}}]}<\/script>\n<!-- \/ Yoast SEO plugin. -->","yoast_head_json":{"title":"Appareil auditif Signia Pure Charge & Go 3X \u00e0 1400\u20ac - Unisson Belgique","description":"D\u00e9couvrez le Signia Pure Charge&Go 3X chez Unisson. Profitez d'une audition claire et d'une recharge pratique au meilleur prix.","robots":{"index":"index","follow":"follow","max-snippet":"max-snippet:-1","max-image-preview":"max-image-preview:large","max-video-preview":"max-video-preview:-1"},"canonical":"https:\/\/www.laboratoires-unisson.com\/fr-be\/wp-json\/wp\/v2\/product\/24699","og_locale":"fr_FR","og_type":"article","og_title":"Pure Charge & Go 3X - Laboratoires Unisson","og_description":"D\u00e9couvrez le Signia Pure Charge&Go 3X chez Unisson. Profitez d'une audition claire et d'une recharge pratique au meilleur prix.","og_url":"https:\/\/www.laboratoires-unisson.com\/fr-be\/produit\/appareils-auditifs\/signia\/pure-charge-go-3x","og_site_name":"Laboratoires Unisson","article_modified_time":"2025-12-03T09:09:26+00:00","og_image":[{"width":450,"height":500,"url":"https:\/\/www.laboratoires-unisson.com\/wp-content\/uploads\/2022\/05\/pure-charge-go-3x.jpg","type":"image\/jpeg"}],"twitter_card":"summary_large_image","twitter_misc":{"Est. reading time":"2 minutes"},"schema":{"@context":"https:\/\/schema.org","@graph":[{"@type":"WebPage","@id":"https:\/\/www.laboratoires-unisson.com\/fr-be\/produit\/appareils-auditifs\/signia\/pure-charge-go-3x","url":"https:\/\/www.laboratoires-unisson.com\/fr-be\/produit\/appareils-auditifs\/signia\/pure-charge-go-3x","name":"Pure Charge & Go 3X - Laboratoires Unisson","isPartOf":{"@id":"https:\/\/www.laboratoires-unisson.com\/fr-be#website"},"primaryImageOfPage":{"@id":"https:\/\/www.laboratoires-unisson.com\/fr-be\/produit\/appareils-auditifs\/signia\/pure-charge-go-3x#primaryimage"},"image":{"@id":"https:\/\/www.laboratoires-unisson.com\/fr-be\/produit\/appareils-auditifs\/signia\/pure-charge-go-3x#primaryimage"},"thumbnailUrl":"https:\/\/www.laboratoires-unisson.com\/wp-content\/uploads\/2022\/05\/pure-charge-go-3x.jpg","datePublished":"2022-05-02T13:01:06+00:00","dateModified":"2025-12-03T09:09:26+00:00","description":"D\u00e9couvrez le Signia Pure Charge&Go 3X chez Unisson. Profitez d'une audition claire et d'une recharge pratique au meilleur prix.","breadcrumb":{"@id":"https:\/\/www.laboratoires-unisson.com\/fr-be\/produit\/appareils-auditifs\/signia\/pure-charge-go-3x#breadcrumb"},"inLanguage":"fr-BE","potentialAction":[{"@type":"ReadAction","target":["https:\/\/www.laboratoires-unisson.com\/fr-be\/produit\/appareils-auditifs\/signia\/pure-charge-go-3x"]}]},{"@type":"ImageObject","inLanguage":"fr-BE","@id":"https:\/\/www.laboratoires-unisson.com\/fr-be\/produit\/appareils-auditifs\/signia\/pure-charge-go-3x#primaryimage","url":"https:\/\/www.laboratoires-unisson.com\/wp-content\/uploads\/2022\/05\/pure-charge-go-3x.jpg","contentUrl":"https:\/\/www.laboratoires-unisson.com\/wp-content\/uploads\/2022\/05\/pure-charge-go-3x.jpg","width":450,"height":500},{"@type":"BreadcrumbList","@id":"https:\/\/www.laboratoires-unisson.com\/fr-be\/produit\/appareils-auditifs\/signia\/pure-charge-go-3x#breadcrumb","itemListElement":[{"@type":"ListItem","position":1,"name":"Shop","item":"https:\/\/www.laboratoires-unisson.com\/fr-be\/shop"},{"@type":"ListItem","position":2,"name":"Pure Charge &#038; Go 3X"}]},{"@type":"WebSite","@id":"https:\/\/www.laboratoires-unisson.com\/fr-be#website","url":"https:\/\/www.laboratoires-unisson.com\/fr-be","name":"Laboratoires Unisson","description":"Appareil auditif et proth\u00e8se auditive Moins Cher jusqu&#039;\u00e0 -40%","publisher":{"@id":"https:\/\/www.laboratoires-unisson.com\/fr-be#organization"},"potentialAction":[{"@type":"SearchAction","target":{"@type":"EntryPoint","urlTemplate":"https:\/\/www.laboratoires-unisson.com\/fr-be?s={search_term_string}"},"query-input":{"@type":"PropertyValueSpecification","valueRequired":true,"valueName":"search_term_string"}}],"inLanguage":"fr-BE"},{"@type":"Organization","@id":"https:\/\/www.laboratoires-unisson.com\/fr-be#organization","name":"Laboratoires Unisson","url":"https:\/\/www.laboratoires-unisson.com\/fr-be","logo":{"@type":"ImageObject","inLanguage":"fr-BE","@id":"https:\/\/www.laboratoires-unisson.com\/fr-be#\/schema\/logo\/image\/","url":"https:\/\/www.laboratoires-unisson.com\/wp-content\/uploads\/2022\/01\/logo-unisson.svg","contentUrl":"https:\/\/www.laboratoires-unisson.com\/wp-content\/uploads\/2022\/01\/logo-unisson.svg","width":1,"height":1,"caption":"Laboratoires Unisson"},"image":{"@id":"https:\/\/www.laboratoires-unisson.com\/fr-be#\/schema\/logo\/image\/"}}]}},"_links":{"self":[{"href":"https:\/\/www.laboratoires-unisson.com\/fr-be\/wp-json\/wp\/v2\/product\/24699","targetHints":{"allow":["GET"]}}],"collection":[{"href":"https:\/\/www.laboratoires-unisson.com\/fr-be\/wp-json\/wp\/v2\/product"}],"about":[{"href":"https:\/\/www.laboratoires-unisson.com\/fr-be\/wp-json\/wp\/v2\/types\/product"}],"wp:featuredmedia":[{"embeddable":true,"href":"https:\/\/www.laboratoires-unisson.com\/fr-be\/wp-json\/wp\/v2\/media\/19251"}],"wp:attachment":[{"href":"https:\/\/www.laboratoires-unisson.com\/fr-be\/wp-json\/wp\/v2\/media?parent=24699"}],"wp:term":[{"taxonomy":"product_brand","embeddable":true,"href":"https:\/\/www.laboratoires-unisson.com\/fr-be\/wp-json\/wp\/v2\/product_brand?post=24699"},{"taxonomy":"product_cat","embeddable":true,"href":"https:\/\/www.laboratoires-unisson.com\/fr-be\/wp-json\/wp\/v2\/product_cat?post=24699"},{"taxonomy":"product_tag","embeddable":true,"href":"https:\/\/www.laboratoires-unisson.com\/fr-be\/wp-json\/wp\/v2\/product_tag?post=24699"}],"curies":[{"name":"wp","href":"https:\/\/api.w.org\/{rel}","templated":true}]}}