{"id":24705,"date":"2022-05-02T15:00:54","date_gmt":"2022-05-02T13:00:54","guid":{"rendered":"https:\/\/www.laboratoires-unisson.com\/produit\/silk-3nx"},"modified":"2025-12-03T10:09:33","modified_gmt":"2025-12-03T09:09:33","slug":"silk-3nx","status":"publish","type":"product","link":"https:\/\/www.laboratoires-unisson.com\/fr-be\/produit\/appareils-auditifs\/signia\/silk-3nx","title":{"rendered":"Silk 3Nx"},"content":{"rendered":"<p><strong>Signia Silk CIC 3Nx<\/strong> est un <strong>intra auriculaire CIC<\/strong> avec une <strong>taille standard et un d\u00f4me<\/strong> (ce qu\u2019on retrouve sur un micro contour RIC open). Silk, inaugur\u00e9 avec la plateforme Primax en 2017, est le premier mod\u00e8le intra auriculaire Siemens en adaptation imm\u00e9diate. Pas besoin d\u2019empreinte d\u2019oreille, cet <strong>appareil pr\u00eat \u00e0 porter<\/strong> s\u2019adapte \u00e0 la plupart des conduits auditifs, m\u00eame les plus petits, gr\u00e2ce \u00e0 diff\u00e9rentes tailles de d\u00f4mes en silicone qui assurent un confort maximal dans l\u2019oreille.<\/p>\n<p>Signia <strong>Silk 3Nx s\u2019adapte sur 12 canaux de r\u00e9glage du gain<\/strong> et traite le signal sur 24 bandes. L\u2019audioproth\u00e9siste peu configurer jusqu\u2019\u00e0 6 programmes personnalis\u00e9s selon votre convenance.<\/p>\n<p>Les mod\u00e8les intra-auriculaires Insio et Silk proposent une discr\u00e9tion maximale. En revanche, ils se passent des innovations principales de la plateforme Nx \u00e0 savoir \u00ab\u00a0OVP\u2122\u00a0\u00bb, \u00ab\u00a0HD Spatial\u00a0\u00bb et \u00ab\u00a03D Classifier\u00a0\u00bb.<\/p>\n<p>Le mod\u00e8le Silk 3Nx conviendra pour une \u00e9coute dans les milieux calmes et peu bruyants. Pour une compr\u00e9hension et un confort optimaux en milieu bruyant, nous vous conseillons d\u2019opter pour un contour d\u2019oreille Signia 5Nx ou 7Nx.<\/p>\n<h4>Fonctionnalit\u00e9s de Silk CIC 3Nx<\/h4>\n<ul>\n<li>12 canaux de r\u00e9glage<\/li>\n<li>24 bandes de traitement du signal<\/li>\n<li>Jusqu\u2019\u00e0 6 programmes d\u2019\u00e9coute personnalis\u00e9s<\/li>\n<li>Dynamique \u00e9tendue (permet de pousser l\u2019amplification sans d\u00e9t\u00e9riorer la qualit\u00e9 sonore ni le fonctionnement de l\u2019anti-larsen)<\/li>\n<li>HD Music : programme automatique pour la musique<\/li>\n<li>R\u00e9ducteur de bruit du vent eWindScreen<\/li>\n<li>R\u00e9ducteur de bruit<\/li>\n<li>Anti-larsen<\/li>\n<li>Directivit\u00e9 binaurale OneMic (d\u00e9velopp\u00e9e sp\u00e9cialement pour les intra-auriculaires)<\/li>\n<li>Compression fr\u00e9quentielle<\/li>\n<li>G\u00e9n\u00e9rateur de bruit blanc pour les acouph\u00e8nes<\/li>\n<\/ul>\n","protected":false},"excerpt":{"rendered":"<p>Signia Silk CIC 3Nx est un intra auriculaire CIC avec une taille standard et un d\u00f4me (ce qu\u2019on retrouve sur un micro contour RIC open). Silk, inaugur\u00e9 avec la plateforme Primax en 2017, est le premier mod\u00e8le intra auriculaire Siemens en adaptation imm\u00e9diate. Pas besoin d\u2019empreinte d\u2019oreille, cet appareil pr\u00eat \u00e0 porter s\u2019adapte \u00e0 la [&hellip;]<\/p>\n","protected":false},"featured_media":19244,"template":"","meta":{"_acf_changed":false},"product_brand":[],"product_cat":[2830],"product_tag":[],"class_list":{"0":"post-24705","1":"product","2":"type-product","3":"status-publish","4":"has-post-thumbnail","6":"product_cat-signia-fr-be","8":"first","9":"instock","10":"taxable","11":"shipping-taxable","12":"purchasable","13":"product-type-simple"},"acf":[],"yoast_head":"<!-- This site is optimized with the Yoast SEO plugin v27.1.1 - https:\/\/yoast.com\/product\/yoast-seo-wordpress\/ -->\n<title>Appareil auditif Signia Silk 3Nx \u00e0 1150\u20ac - Unisson Belgique<\/title>\n<meta name=\"description\" content=\"Signia Silk CIC 3Nx est un intra auriculaire CIC avec une taille standard et un d\u00f4me (ce qu\u2019on retrouve sur un micro contour RIC open). Silk, inaugur\u00e9\" \/>\n<meta name=\"robots\" content=\"index, follow, max-snippet:-1, max-image-preview:large, max-video-preview:-1\" \/>\n<link rel=\"canonical\" href=\"https:\/\/www.laboratoires-unisson.com\/fr-be\/wp-json\/wp\/v2\/product\/24705\" \/>\n<meta property=\"og:locale\" content=\"fr_FR\" \/>\n<meta property=\"og:type\" content=\"article\" \/>\n<meta property=\"og:title\" content=\"Silk 3Nx - Laboratoires Unisson\" \/>\n<meta property=\"og:description\" content=\"Signia Silk CIC 3Nx est un intra auriculaire CIC avec une taille standard et un d\u00f4me (ce qu\u2019on retrouve sur un micro contour RIC open). Silk, inaugur\u00e9\" \/>\n<meta property=\"og:url\" content=\"https:\/\/www.laboratoires-unisson.com\/fr-be\/produit\/appareils-auditifs\/signia\/silk-3nx\" \/>\n<meta property=\"og:site_name\" content=\"Laboratoires Unisson\" \/>\n<meta property=\"article:modified_time\" content=\"2025-12-03T09:09:33+00:00\" \/>\n<meta property=\"og:image\" content=\"https:\/\/www.laboratoires-unisson.com\/wp-content\/uploads\/2022\/05\/silk-3nx.jpg\" \/>\n\t<meta property=\"og:image:width\" content=\"572\" \/>\n\t<meta property=\"og:image:height\" content=\"572\" \/>\n\t<meta property=\"og:image:type\" content=\"image\/jpeg\" \/>\n<meta name=\"twitter:card\" content=\"summary_large_image\" \/>\n<meta name=\"twitter:label1\" content=\"Est. reading time\" \/>\n\t<meta name=\"twitter:data1\" content=\"2 minutes\" \/>\n<script type=\"application\/ld+json\" class=\"yoast-schema-graph\">{\"@context\":\"https:\/\/schema.org\",\"@graph\":[{\"@type\":\"WebPage\",\"@id\":\"https:\/\/www.laboratoires-unisson.com\/fr-be\/produit\/appareils-auditifs\/signia\/silk-3nx\",\"url\":\"https:\/\/www.laboratoires-unisson.com\/fr-be\/produit\/appareils-auditifs\/signia\/silk-3nx\",\"name\":\"Silk 3Nx - Laboratoires Unisson\",\"isPartOf\":{\"@id\":\"https:\/\/www.laboratoires-unisson.com\/fr-be#website\"},\"primaryImageOfPage\":{\"@id\":\"https:\/\/www.laboratoires-unisson.com\/fr-be\/produit\/appareils-auditifs\/signia\/silk-3nx#primaryimage\"},\"image\":{\"@id\":\"https:\/\/www.laboratoires-unisson.com\/fr-be\/produit\/appareils-auditifs\/signia\/silk-3nx#primaryimage\"},\"thumbnailUrl\":\"https:\/\/www.laboratoires-unisson.com\/wp-content\/uploads\/2022\/05\/silk-3nx.jpg\",\"datePublished\":\"2022-05-02T13:00:54+00:00\",\"dateModified\":\"2025-12-03T09:09:33+00:00\",\"description\":\"Signia Silk CIC 3Nx est un intra auriculaire CIC avec une taille standard et un d\u00f4me (ce qu\u2019on retrouve sur un micro contour RIC open). Silk, inaugur\u00e9\",\"breadcrumb\":{\"@id\":\"https:\/\/www.laboratoires-unisson.com\/fr-be\/produit\/appareils-auditifs\/signia\/silk-3nx#breadcrumb\"},\"inLanguage\":\"fr-BE\",\"potentialAction\":[{\"@type\":\"ReadAction\",\"target\":[\"https:\/\/www.laboratoires-unisson.com\/fr-be\/produit\/appareils-auditifs\/signia\/silk-3nx\"]}]},{\"@type\":\"ImageObject\",\"inLanguage\":\"fr-BE\",\"@id\":\"https:\/\/www.laboratoires-unisson.com\/fr-be\/produit\/appareils-auditifs\/signia\/silk-3nx#primaryimage\",\"url\":\"https:\/\/www.laboratoires-unisson.com\/wp-content\/uploads\/2022\/05\/silk-3nx.jpg\",\"contentUrl\":\"https:\/\/www.laboratoires-unisson.com\/wp-content\/uploads\/2022\/05\/silk-3nx.jpg\",\"width\":572,\"height\":572},{\"@type\":\"BreadcrumbList\",\"@id\":\"https:\/\/www.laboratoires-unisson.com\/fr-be\/produit\/appareils-auditifs\/signia\/silk-3nx#breadcrumb\",\"itemListElement\":[{\"@type\":\"ListItem\",\"position\":1,\"name\":\"Shop\",\"item\":\"https:\/\/www.laboratoires-unisson.com\/fr-be\/shop\"},{\"@type\":\"ListItem\",\"position\":2,\"name\":\"Silk 3Nx\"}]},{\"@type\":\"WebSite\",\"@id\":\"https:\/\/www.laboratoires-unisson.com\/fr-be#website\",\"url\":\"https:\/\/www.laboratoires-unisson.com\/fr-be\",\"name\":\"Laboratoires Unisson\",\"description\":\"Appareil auditif et proth\u00e8se auditive Moins Cher jusqu&#039;\u00e0 -40%\",\"publisher\":{\"@id\":\"https:\/\/www.laboratoires-unisson.com\/fr-be#organization\"},\"potentialAction\":[{\"@type\":\"SearchAction\",\"target\":{\"@type\":\"EntryPoint\",\"urlTemplate\":\"https:\/\/www.laboratoires-unisson.com\/fr-be?s={search_term_string}\"},\"query-input\":{\"@type\":\"PropertyValueSpecification\",\"valueRequired\":true,\"valueName\":\"search_term_string\"}}],\"inLanguage\":\"fr-BE\"},{\"@type\":\"Organization\",\"@id\":\"https:\/\/www.laboratoires-unisson.com\/fr-be#organization\",\"name\":\"Laboratoires Unisson\",\"url\":\"https:\/\/www.laboratoires-unisson.com\/fr-be\",\"logo\":{\"@type\":\"ImageObject\",\"inLanguage\":\"fr-BE\",\"@id\":\"https:\/\/www.laboratoires-unisson.com\/fr-be#\/schema\/logo\/image\/\",\"url\":\"https:\/\/www.laboratoires-unisson.com\/wp-content\/uploads\/2022\/01\/logo-unisson.svg\",\"contentUrl\":\"https:\/\/www.laboratoires-unisson.com\/wp-content\/uploads\/2022\/01\/logo-unisson.svg\",\"width\":1,\"height\":1,\"caption\":\"Laboratoires Unisson\"},\"image\":{\"@id\":\"https:\/\/www.laboratoires-unisson.com\/fr-be#\/schema\/logo\/image\/\"}}]}<\/script>\n<!-- \/ Yoast SEO plugin. -->","yoast_head_json":{"title":"Appareil auditif Signia Silk 3Nx \u00e0 1150\u20ac - Unisson Belgique","description":"Signia Silk CIC 3Nx est un intra auriculaire CIC avec une taille standard et un d\u00f4me (ce qu\u2019on retrouve sur un micro contour RIC open). Silk, inaugur\u00e9","robots":{"index":"index","follow":"follow","max-snippet":"max-snippet:-1","max-image-preview":"max-image-preview:large","max-video-preview":"max-video-preview:-1"},"canonical":"https:\/\/www.laboratoires-unisson.com\/fr-be\/wp-json\/wp\/v2\/product\/24705","og_locale":"fr_FR","og_type":"article","og_title":"Silk 3Nx - Laboratoires Unisson","og_description":"Signia Silk CIC 3Nx est un intra auriculaire CIC avec une taille standard et un d\u00f4me (ce qu\u2019on retrouve sur un micro contour RIC open). Silk, inaugur\u00e9","og_url":"https:\/\/www.laboratoires-unisson.com\/fr-be\/produit\/appareils-auditifs\/signia\/silk-3nx","og_site_name":"Laboratoires Unisson","article_modified_time":"2025-12-03T09:09:33+00:00","og_image":[{"width":572,"height":572,"url":"https:\/\/www.laboratoires-unisson.com\/wp-content\/uploads\/2022\/05\/silk-3nx.jpg","type":"image\/jpeg"}],"twitter_card":"summary_large_image","twitter_misc":{"Est. reading time":"2 minutes"},"schema":{"@context":"https:\/\/schema.org","@graph":[{"@type":"WebPage","@id":"https:\/\/www.laboratoires-unisson.com\/fr-be\/produit\/appareils-auditifs\/signia\/silk-3nx","url":"https:\/\/www.laboratoires-unisson.com\/fr-be\/produit\/appareils-auditifs\/signia\/silk-3nx","name":"Silk 3Nx - Laboratoires Unisson","isPartOf":{"@id":"https:\/\/www.laboratoires-unisson.com\/fr-be#website"},"primaryImageOfPage":{"@id":"https:\/\/www.laboratoires-unisson.com\/fr-be\/produit\/appareils-auditifs\/signia\/silk-3nx#primaryimage"},"image":{"@id":"https:\/\/www.laboratoires-unisson.com\/fr-be\/produit\/appareils-auditifs\/signia\/silk-3nx#primaryimage"},"thumbnailUrl":"https:\/\/www.laboratoires-unisson.com\/wp-content\/uploads\/2022\/05\/silk-3nx.jpg","datePublished":"2022-05-02T13:00:54+00:00","dateModified":"2025-12-03T09:09:33+00:00","description":"Signia Silk CIC 3Nx est un intra auriculaire CIC avec une taille standard et un d\u00f4me (ce qu\u2019on retrouve sur un micro contour RIC open). Silk, inaugur\u00e9","breadcrumb":{"@id":"https:\/\/www.laboratoires-unisson.com\/fr-be\/produit\/appareils-auditifs\/signia\/silk-3nx#breadcrumb"},"inLanguage":"fr-BE","potentialAction":[{"@type":"ReadAction","target":["https:\/\/www.laboratoires-unisson.com\/fr-be\/produit\/appareils-auditifs\/signia\/silk-3nx"]}]},{"@type":"ImageObject","inLanguage":"fr-BE","@id":"https:\/\/www.laboratoires-unisson.com\/fr-be\/produit\/appareils-auditifs\/signia\/silk-3nx#primaryimage","url":"https:\/\/www.laboratoires-unisson.com\/wp-content\/uploads\/2022\/05\/silk-3nx.jpg","contentUrl":"https:\/\/www.laboratoires-unisson.com\/wp-content\/uploads\/2022\/05\/silk-3nx.jpg","width":572,"height":572},{"@type":"BreadcrumbList","@id":"https:\/\/www.laboratoires-unisson.com\/fr-be\/produit\/appareils-auditifs\/signia\/silk-3nx#breadcrumb","itemListElement":[{"@type":"ListItem","position":1,"name":"Shop","item":"https:\/\/www.laboratoires-unisson.com\/fr-be\/shop"},{"@type":"ListItem","position":2,"name":"Silk 3Nx"}]},{"@type":"WebSite","@id":"https:\/\/www.laboratoires-unisson.com\/fr-be#website","url":"https:\/\/www.laboratoires-unisson.com\/fr-be","name":"Laboratoires Unisson","description":"Appareil auditif et proth\u00e8se auditive Moins Cher jusqu&#039;\u00e0 -40%","publisher":{"@id":"https:\/\/www.laboratoires-unisson.com\/fr-be#organization"},"potentialAction":[{"@type":"SearchAction","target":{"@type":"EntryPoint","urlTemplate":"https:\/\/www.laboratoires-unisson.com\/fr-be?s={search_term_string}"},"query-input":{"@type":"PropertyValueSpecification","valueRequired":true,"valueName":"search_term_string"}}],"inLanguage":"fr-BE"},{"@type":"Organization","@id":"https:\/\/www.laboratoires-unisson.com\/fr-be#organization","name":"Laboratoires Unisson","url":"https:\/\/www.laboratoires-unisson.com\/fr-be","logo":{"@type":"ImageObject","inLanguage":"fr-BE","@id":"https:\/\/www.laboratoires-unisson.com\/fr-be#\/schema\/logo\/image\/","url":"https:\/\/www.laboratoires-unisson.com\/wp-content\/uploads\/2022\/01\/logo-unisson.svg","contentUrl":"https:\/\/www.laboratoires-unisson.com\/wp-content\/uploads\/2022\/01\/logo-unisson.svg","width":1,"height":1,"caption":"Laboratoires Unisson"},"image":{"@id":"https:\/\/www.laboratoires-unisson.com\/fr-be#\/schema\/logo\/image\/"}}]}},"_links":{"self":[{"href":"https:\/\/www.laboratoires-unisson.com\/fr-be\/wp-json\/wp\/v2\/product\/24705","targetHints":{"allow":["GET"]}}],"collection":[{"href":"https:\/\/www.laboratoires-unisson.com\/fr-be\/wp-json\/wp\/v2\/product"}],"about":[{"href":"https:\/\/www.laboratoires-unisson.com\/fr-be\/wp-json\/wp\/v2\/types\/product"}],"wp:featuredmedia":[{"embeddable":true,"href":"https:\/\/www.laboratoires-unisson.com\/fr-be\/wp-json\/wp\/v2\/media\/19244"}],"wp:attachment":[{"href":"https:\/\/www.laboratoires-unisson.com\/fr-be\/wp-json\/wp\/v2\/media?parent=24705"}],"wp:term":[{"taxonomy":"product_brand","embeddable":true,"href":"https:\/\/www.laboratoires-unisson.com\/fr-be\/wp-json\/wp\/v2\/product_brand?post=24705"},{"taxonomy":"product_cat","embeddable":true,"href":"https:\/\/www.laboratoires-unisson.com\/fr-be\/wp-json\/wp\/v2\/product_cat?post=24705"},{"taxonomy":"product_tag","embeddable":true,"href":"https:\/\/www.laboratoires-unisson.com\/fr-be\/wp-json\/wp\/v2\/product_tag?post=24705"}],"curies":[{"name":"wp","href":"https:\/\/api.w.org\/{rel}","templated":true}]}}