{"id":24707,"date":"2022-05-02T15:00:51","date_gmt":"2022-05-02T13:00:51","guid":{"rendered":"https:\/\/www.laboratoires-unisson.com\/produit\/pure-charge-go-3nx"},"modified":"2025-12-03T10:09:33","modified_gmt":"2025-12-03T09:09:33","slug":"pure-charge-go-3nx","status":"publish","type":"product","link":"https:\/\/www.laboratoires-unisson.com\/fr-be\/produit\/appareils-auditifs\/signia\/pure-charge-go-3nx","title":{"rendered":"Pure Charge &#038; Go 3Nx"},"content":{"rendered":"<p>Pure Charge&amp;Go 3Nx est une <a href=\"https:\/\/www.laboratoires-unisson.com\/fr-be\/appareils-auditifs\/options\/rechargeables\">aide auditive rechargeable<\/a> avec batterie lithium ion. Ce mod\u00e8le est tr\u00e8s pratique, il vous suffit de poser les appareils sur le chargeur, la mise en marche et l\u2019arr\u00eat sont automatiques.<\/p>\n<p>Cet appareil milieu de gamme propose un excellent rapport qualit\u00e9 prix pour ses performances. Avec ses 12 canaux d\u2019adaptation et ses 24 canaux de traitement du signal, cet appareil vous assure un confort optimal dans la plupart des situations.<\/p>\n<p>Le Pure Charge&amp;Go 3Nx peut corriger des pertes d\u2019audition l\u00e9g\u00e8res \u00e0 s\u00e9v\u00e8res. Le chargeur n\u2019est pas inclus dans le prix.<\/p>\n<h4>Rechargeable avec batterie lithium ion, plus besoin de piles<\/h4>\n<p>L\u2019appareil Pure Charge&amp;Go est un contour rechargeable avec batterie. Le chargeur est facile d\u2019utilisation, il suffit d\u2019y placer les appareils puis d\u2019attendre la fin de la charge. L\u2019autonomie quant \u00e0 elle se limite \u00e0 19h sans streaming et 17h avec 5h de streaming.<\/p>\n<h4>Signia Nx 3 : un bon rapport qualit\u00e9 prix<\/h4>\n<p>Pure Charge&amp;Go 3Nx est une aide auditive milieu de gamme. Elle conviendra pour la plupart des environnements mais elle reste limit\u00e9e pour la compr\u00e9hension en milieu bruyant. En effet, la classification 3D est moins pr\u00e9cise que sur les mod\u00e8les 5Nx ou 7Nx et la directivit\u00e9 microphonique est moins performante (on ne retrouve pas le SpeechFocus qui permet \u00e0 l\u2019appareil de localiser l\u2019interlocuteur). Pour autant, le 3Nx reste un excellent rapport qualit\u00e9 prix \u00e0 gamme \u00e9quivalente. Le son reste naturel et la reconnaissance vocale diff\u00e9renci\u00e9e est un r\u00e9el plus par rapport \u00e0 d\u2019autres appareils concurrents sur la m\u00eame gamme.<\/p>\n<h4>Entendez votre voix de fa\u00e7on naturelle avec OVP\u2122 (Own Voice Processing)<\/h4>\n<p>La grande innovation de la plateforme Nx est sans conteste OVP\u2122. Cette technologie permet au Pure Charge&amp;Go de restituer naturellement le son de votre propre voix conform\u00e9ment \u00e0 votre environnement sonore. Cette fonctionnalit\u00e9 am\u00e9liore grandement le confort d\u2019\u00e9coute et l\u2019habituation aux proth\u00e8ses auditives. En effet, les personnes \u00e9quip\u00e9es ont g\u00e9n\u00e9ralement du mal \u00e0 accepter l\u2019amplification peu naturelle de leur voix. Ce temps est d\u00e9sormais r\u00e9volu avec le Pure Charge&amp;Go 3Nx.<\/p>\n<p>Gr\u00e2ce \u00e0 cette technologie il est dor\u00e9navant possible d&#8217;utiliser des embouts plus occultants permettant une meilleure isolation de la voix par rapport au bruit ambiant.<\/p>\n<h4>R\u00e9glage \u00e0 distance avec Telecare 3.0<\/h4>\n<p>Les nouveaux appareils auditifs Pure Charge&amp;Go Nx peuvent \u00eatre r\u00e9gl\u00e9s \u00e0 distance par votre audioproth\u00e9siste gr\u00e2ce \u00e0 Telecare 3.0. Vous pouvez demander \u00e0 votre audioproth\u00e9siste d\u2019effectuer des ajustements directement depuis votre smartphone, via l\u2019application mobile myHearing.<\/p>\n<h4>Connectivit\u00e9 sans-fil et streaming audio direct avec l\u2019iPhone<\/h4>\n<p>La technologie Bluetooth 2.4 ghz basse consommation permet de connecter vos appareils auditifs Pure Charge&amp;Go 3Nx \u00e0 votre smartphone pour utiliser l\u2019application mobile myControl comme t\u00e9l\u00e9commande. Le streaming audio direct est \u00e9galement disponible pour les iPhones (t\u00e9l\u00e9phone, musique, t\u00e9l\u00e9vision). Pour les smartphone Android, un accessoire est n\u00e9cessaire pour le streaming audio (StreamLine Mic).<\/p>\n<h4>Fonctionnalit\u00e9s de Pure Charge&amp;Go 3Nx<\/h4>\n<ul>\n<li>OVP\u2122 (Own Voice Processing) : reconnaissance en temps r\u00e9el de la voix de l\u2019utilisateur pour d\u00e9livrer une perception naturelle de sa propre voix<\/li>\n<li>3D Classifier : analyse multidimensionnelle de l\u2019environnement sonore et adaptation en temps r\u00e9el.<\/li>\n<li>Sound Clarity : offre une meilleur audibilit\u00e9 et clart\u00e9 sonore. Impactant la localisation et la compr\u00e9hension de la parole en milieu bruyant<\/li>\n<li>12 canaux de r\u00e9glage du gain \/ 24 bandes de traitement du signal<\/li>\n<li>6 programmes manuels<\/li>\n<li>HD Spatial : am\u00e9liore la capacit\u00e9 \u00e0 localiser les sons et leur profondeur, dans les environnements calmes comme bruyants<\/li>\n<li>\u00ab Extended dynamic range \u00bb<\/li>\n<li>eWindScreen\u2122 : Elimine les bruits du vent<\/li>\n<li>R\u00e9duction du bruit : Speech and Noise (3 programmes automatiques), Soundsmoothing\u2122 (1 programme automatique)<\/li>\n<li>Anti larsen<\/li>\n<li>Directivit\u00e9 binaurale<\/li>\n<li>TwinPhone (programme t\u00e9l\u00e9phone binaural)<\/li>\n<li>Compatible CROS\/BICROS<\/li>\n<li>Compression fr\u00e9quentielle<\/li>\n<li>Compatibles accessoires sans fil<\/li>\n<li>Augmentation progressive du volume (automatique)<\/li>\n<li>Streaming audio direct (iPhone)<\/li>\n<li>Application mobile myControl App<\/li>\n<li>Gestion des acouph\u00e8nes<\/li>\n<li>R\u00e9glages \u00e0 distance (telecare 3.0)<\/li>\n<\/ul>\n","protected":false},"excerpt":{"rendered":"<p>Pure Charge&amp;Go 3Nx est une aide auditive rechargeable avec batterie lithium ion. Ce mod\u00e8le est tr\u00e8s pratique, il vous suffit de poser les appareils sur le chargeur, la mise en marche et l\u2019arr\u00eat sont automatiques. Cet appareil milieu de gamme propose un excellent rapport qualit\u00e9 prix pour ses performances. Avec ses 12 canaux d\u2019adaptation et [&hellip;]<\/p>\n","protected":false},"featured_media":19242,"template":"","meta":{"_acf_changed":false},"product_brand":[],"product_cat":[2830],"product_tag":[],"class_list":{"0":"post-24707","1":"product","2":"type-product","3":"status-publish","4":"has-post-thumbnail","6":"product_cat-signia-fr-be","8":"first","9":"instock","10":"taxable","11":"shipping-taxable","12":"purchasable","13":"product-type-simple"},"acf":[],"yoast_head":"<!-- This site is optimized with the Yoast SEO plugin v27.1.1 - https:\/\/yoast.com\/product\/yoast-seo-wordpress\/ -->\n<title>Appareil auditif Signia Pure Charge &amp; Go 3Nx \u00e0 1400\u20ac - Unisson Belgique<\/title>\n<meta name=\"description\" content=\"D\u00e9couvrez le Signia Pure Charge&amp;Go 3NX chez Unisson. Rechargeable et performant, pour une audition claire \u00e0 un prix avantageux.\" \/>\n<meta name=\"robots\" content=\"index, follow, max-snippet:-1, max-image-preview:large, max-video-preview:-1\" \/>\n<link rel=\"canonical\" href=\"https:\/\/www.laboratoires-unisson.com\/fr-be\/wp-json\/wp\/v2\/product\/24707\" \/>\n<meta property=\"og:locale\" content=\"fr_FR\" \/>\n<meta property=\"og:type\" content=\"article\" \/>\n<meta property=\"og:title\" content=\"Pure Charge &amp; Go 3Nx - Laboratoires Unisson\" \/>\n<meta property=\"og:description\" content=\"D\u00e9couvrez le Signia Pure Charge&amp;Go 3NX chez Unisson. Rechargeable et performant, pour une audition claire \u00e0 un prix avantageux.\" \/>\n<meta property=\"og:url\" content=\"https:\/\/www.laboratoires-unisson.com\/fr-be\/produit\/appareils-auditifs\/signia\/pure-charge-go-3nx\" \/>\n<meta property=\"og:site_name\" content=\"Laboratoires Unisson\" \/>\n<meta property=\"article:modified_time\" content=\"2025-12-03T09:09:33+00:00\" \/>\n<meta property=\"og:image\" content=\"https:\/\/www.laboratoires-unisson.com\/wp-content\/uploads\/2022\/05\/pure-charge-go-3nx.jpg\" \/>\n\t<meta property=\"og:image:width\" content=\"450\" \/>\n\t<meta property=\"og:image:height\" content=\"500\" \/>\n\t<meta property=\"og:image:type\" content=\"image\/jpeg\" \/>\n<meta name=\"twitter:card\" content=\"summary_large_image\" \/>\n<meta name=\"twitter:label1\" content=\"Est. reading time\" \/>\n\t<meta name=\"twitter:data1\" content=\"4 minutes\" \/>\n<script type=\"application\/ld+json\" class=\"yoast-schema-graph\">{\"@context\":\"https:\/\/schema.org\",\"@graph\":[{\"@type\":\"WebPage\",\"@id\":\"https:\/\/www.laboratoires-unisson.com\/fr-be\/produit\/appareils-auditifs\/signia\/pure-charge-go-3nx\",\"url\":\"https:\/\/www.laboratoires-unisson.com\/fr-be\/produit\/appareils-auditifs\/signia\/pure-charge-go-3nx\",\"name\":\"Pure Charge & Go 3Nx - Laboratoires Unisson\",\"isPartOf\":{\"@id\":\"https:\/\/www.laboratoires-unisson.com\/fr-be#website\"},\"primaryImageOfPage\":{\"@id\":\"https:\/\/www.laboratoires-unisson.com\/fr-be\/produit\/appareils-auditifs\/signia\/pure-charge-go-3nx#primaryimage\"},\"image\":{\"@id\":\"https:\/\/www.laboratoires-unisson.com\/fr-be\/produit\/appareils-auditifs\/signia\/pure-charge-go-3nx#primaryimage\"},\"thumbnailUrl\":\"https:\/\/www.laboratoires-unisson.com\/wp-content\/uploads\/2022\/05\/pure-charge-go-3nx.jpg\",\"datePublished\":\"2022-05-02T13:00:51+00:00\",\"dateModified\":\"2025-12-03T09:09:33+00:00\",\"description\":\"D\u00e9couvrez le Signia Pure Charge&Go 3NX chez Unisson. Rechargeable et performant, pour une audition claire \u00e0 un prix avantageux.\",\"breadcrumb\":{\"@id\":\"https:\/\/www.laboratoires-unisson.com\/fr-be\/produit\/appareils-auditifs\/signia\/pure-charge-go-3nx#breadcrumb\"},\"inLanguage\":\"fr-BE\",\"potentialAction\":[{\"@type\":\"ReadAction\",\"target\":[\"https:\/\/www.laboratoires-unisson.com\/fr-be\/produit\/appareils-auditifs\/signia\/pure-charge-go-3nx\"]}]},{\"@type\":\"ImageObject\",\"inLanguage\":\"fr-BE\",\"@id\":\"https:\/\/www.laboratoires-unisson.com\/fr-be\/produit\/appareils-auditifs\/signia\/pure-charge-go-3nx#primaryimage\",\"url\":\"https:\/\/www.laboratoires-unisson.com\/wp-content\/uploads\/2022\/05\/pure-charge-go-3nx.jpg\",\"contentUrl\":\"https:\/\/www.laboratoires-unisson.com\/wp-content\/uploads\/2022\/05\/pure-charge-go-3nx.jpg\",\"width\":450,\"height\":500},{\"@type\":\"BreadcrumbList\",\"@id\":\"https:\/\/www.laboratoires-unisson.com\/fr-be\/produit\/appareils-auditifs\/signia\/pure-charge-go-3nx#breadcrumb\",\"itemListElement\":[{\"@type\":\"ListItem\",\"position\":1,\"name\":\"Shop\",\"item\":\"https:\/\/www.laboratoires-unisson.com\/fr-be\/shop\"},{\"@type\":\"ListItem\",\"position\":2,\"name\":\"Pure Charge &#038; Go 3Nx\"}]},{\"@type\":\"WebSite\",\"@id\":\"https:\/\/www.laboratoires-unisson.com\/fr-be#website\",\"url\":\"https:\/\/www.laboratoires-unisson.com\/fr-be\",\"name\":\"Laboratoires Unisson\",\"description\":\"Appareil auditif et proth\u00e8se auditive Moins Cher jusqu&#039;\u00e0 -40%\",\"publisher\":{\"@id\":\"https:\/\/www.laboratoires-unisson.com\/fr-be#organization\"},\"potentialAction\":[{\"@type\":\"SearchAction\",\"target\":{\"@type\":\"EntryPoint\",\"urlTemplate\":\"https:\/\/www.laboratoires-unisson.com\/fr-be?s={search_term_string}\"},\"query-input\":{\"@type\":\"PropertyValueSpecification\",\"valueRequired\":true,\"valueName\":\"search_term_string\"}}],\"inLanguage\":\"fr-BE\"},{\"@type\":\"Organization\",\"@id\":\"https:\/\/www.laboratoires-unisson.com\/fr-be#organization\",\"name\":\"Laboratoires Unisson\",\"url\":\"https:\/\/www.laboratoires-unisson.com\/fr-be\",\"logo\":{\"@type\":\"ImageObject\",\"inLanguage\":\"fr-BE\",\"@id\":\"https:\/\/www.laboratoires-unisson.com\/fr-be#\/schema\/logo\/image\/\",\"url\":\"https:\/\/www.laboratoires-unisson.com\/wp-content\/uploads\/2022\/01\/logo-unisson.svg\",\"contentUrl\":\"https:\/\/www.laboratoires-unisson.com\/wp-content\/uploads\/2022\/01\/logo-unisson.svg\",\"width\":1,\"height\":1,\"caption\":\"Laboratoires Unisson\"},\"image\":{\"@id\":\"https:\/\/www.laboratoires-unisson.com\/fr-be#\/schema\/logo\/image\/\"}}]}<\/script>\n<!-- \/ Yoast SEO plugin. -->","yoast_head_json":{"title":"Appareil auditif Signia Pure Charge & Go 3Nx \u00e0 1400\u20ac - Unisson Belgique","description":"D\u00e9couvrez le Signia Pure Charge&Go 3NX chez Unisson. Rechargeable et performant, pour une audition claire \u00e0 un prix avantageux.","robots":{"index":"index","follow":"follow","max-snippet":"max-snippet:-1","max-image-preview":"max-image-preview:large","max-video-preview":"max-video-preview:-1"},"canonical":"https:\/\/www.laboratoires-unisson.com\/fr-be\/wp-json\/wp\/v2\/product\/24707","og_locale":"fr_FR","og_type":"article","og_title":"Pure Charge & Go 3Nx - Laboratoires Unisson","og_description":"D\u00e9couvrez le Signia Pure Charge&Go 3NX chez Unisson. Rechargeable et performant, pour une audition claire \u00e0 un prix avantageux.","og_url":"https:\/\/www.laboratoires-unisson.com\/fr-be\/produit\/appareils-auditifs\/signia\/pure-charge-go-3nx","og_site_name":"Laboratoires Unisson","article_modified_time":"2025-12-03T09:09:33+00:00","og_image":[{"width":450,"height":500,"url":"https:\/\/www.laboratoires-unisson.com\/wp-content\/uploads\/2022\/05\/pure-charge-go-3nx.jpg","type":"image\/jpeg"}],"twitter_card":"summary_large_image","twitter_misc":{"Est. reading time":"4 minutes"},"schema":{"@context":"https:\/\/schema.org","@graph":[{"@type":"WebPage","@id":"https:\/\/www.laboratoires-unisson.com\/fr-be\/produit\/appareils-auditifs\/signia\/pure-charge-go-3nx","url":"https:\/\/www.laboratoires-unisson.com\/fr-be\/produit\/appareils-auditifs\/signia\/pure-charge-go-3nx","name":"Pure Charge & Go 3Nx - Laboratoires Unisson","isPartOf":{"@id":"https:\/\/www.laboratoires-unisson.com\/fr-be#website"},"primaryImageOfPage":{"@id":"https:\/\/www.laboratoires-unisson.com\/fr-be\/produit\/appareils-auditifs\/signia\/pure-charge-go-3nx#primaryimage"},"image":{"@id":"https:\/\/www.laboratoires-unisson.com\/fr-be\/produit\/appareils-auditifs\/signia\/pure-charge-go-3nx#primaryimage"},"thumbnailUrl":"https:\/\/www.laboratoires-unisson.com\/wp-content\/uploads\/2022\/05\/pure-charge-go-3nx.jpg","datePublished":"2022-05-02T13:00:51+00:00","dateModified":"2025-12-03T09:09:33+00:00","description":"D\u00e9couvrez le Signia Pure Charge&Go 3NX chez Unisson. Rechargeable et performant, pour une audition claire \u00e0 un prix avantageux.","breadcrumb":{"@id":"https:\/\/www.laboratoires-unisson.com\/fr-be\/produit\/appareils-auditifs\/signia\/pure-charge-go-3nx#breadcrumb"},"inLanguage":"fr-BE","potentialAction":[{"@type":"ReadAction","target":["https:\/\/www.laboratoires-unisson.com\/fr-be\/produit\/appareils-auditifs\/signia\/pure-charge-go-3nx"]}]},{"@type":"ImageObject","inLanguage":"fr-BE","@id":"https:\/\/www.laboratoires-unisson.com\/fr-be\/produit\/appareils-auditifs\/signia\/pure-charge-go-3nx#primaryimage","url":"https:\/\/www.laboratoires-unisson.com\/wp-content\/uploads\/2022\/05\/pure-charge-go-3nx.jpg","contentUrl":"https:\/\/www.laboratoires-unisson.com\/wp-content\/uploads\/2022\/05\/pure-charge-go-3nx.jpg","width":450,"height":500},{"@type":"BreadcrumbList","@id":"https:\/\/www.laboratoires-unisson.com\/fr-be\/produit\/appareils-auditifs\/signia\/pure-charge-go-3nx#breadcrumb","itemListElement":[{"@type":"ListItem","position":1,"name":"Shop","item":"https:\/\/www.laboratoires-unisson.com\/fr-be\/shop"},{"@type":"ListItem","position":2,"name":"Pure Charge &#038; Go 3Nx"}]},{"@type":"WebSite","@id":"https:\/\/www.laboratoires-unisson.com\/fr-be#website","url":"https:\/\/www.laboratoires-unisson.com\/fr-be","name":"Laboratoires Unisson","description":"Appareil auditif et proth\u00e8se auditive Moins Cher jusqu&#039;\u00e0 -40%","publisher":{"@id":"https:\/\/www.laboratoires-unisson.com\/fr-be#organization"},"potentialAction":[{"@type":"SearchAction","target":{"@type":"EntryPoint","urlTemplate":"https:\/\/www.laboratoires-unisson.com\/fr-be?s={search_term_string}"},"query-input":{"@type":"PropertyValueSpecification","valueRequired":true,"valueName":"search_term_string"}}],"inLanguage":"fr-BE"},{"@type":"Organization","@id":"https:\/\/www.laboratoires-unisson.com\/fr-be#organization","name":"Laboratoires Unisson","url":"https:\/\/www.laboratoires-unisson.com\/fr-be","logo":{"@type":"ImageObject","inLanguage":"fr-BE","@id":"https:\/\/www.laboratoires-unisson.com\/fr-be#\/schema\/logo\/image\/","url":"https:\/\/www.laboratoires-unisson.com\/wp-content\/uploads\/2022\/01\/logo-unisson.svg","contentUrl":"https:\/\/www.laboratoires-unisson.com\/wp-content\/uploads\/2022\/01\/logo-unisson.svg","width":1,"height":1,"caption":"Laboratoires Unisson"},"image":{"@id":"https:\/\/www.laboratoires-unisson.com\/fr-be#\/schema\/logo\/image\/"}}]}},"_links":{"self":[{"href":"https:\/\/www.laboratoires-unisson.com\/fr-be\/wp-json\/wp\/v2\/product\/24707","targetHints":{"allow":["GET"]}}],"collection":[{"href":"https:\/\/www.laboratoires-unisson.com\/fr-be\/wp-json\/wp\/v2\/product"}],"about":[{"href":"https:\/\/www.laboratoires-unisson.com\/fr-be\/wp-json\/wp\/v2\/types\/product"}],"wp:featuredmedia":[{"embeddable":true,"href":"https:\/\/www.laboratoires-unisson.com\/fr-be\/wp-json\/wp\/v2\/media\/19242"}],"wp:attachment":[{"href":"https:\/\/www.laboratoires-unisson.com\/fr-be\/wp-json\/wp\/v2\/media?parent=24707"}],"wp:term":[{"taxonomy":"product_brand","embeddable":true,"href":"https:\/\/www.laboratoires-unisson.com\/fr-be\/wp-json\/wp\/v2\/product_brand?post=24707"},{"taxonomy":"product_cat","embeddable":true,"href":"https:\/\/www.laboratoires-unisson.com\/fr-be\/wp-json\/wp\/v2\/product_cat?post=24707"},{"taxonomy":"product_tag","embeddable":true,"href":"https:\/\/www.laboratoires-unisson.com\/fr-be\/wp-json\/wp\/v2\/product_tag?post=24707"}],"curies":[{"name":"wp","href":"https:\/\/api.w.org\/{rel}","templated":true}]}}