{"id":24708,"date":"2022-05-02T15:00:46","date_gmt":"2022-05-02T13:00:46","guid":{"rendered":"https:\/\/www.laboratoires-unisson.com\/produit\/pure-charge-go-3ax"},"modified":"2025-12-03T10:09:34","modified_gmt":"2025-12-03T09:09:34","slug":"pure-charge-go-3ax","status":"publish","type":"product","link":"https:\/\/www.laboratoires-unisson.com\/fr-be\/produit\/appareils-auditifs\/signia\/pure-charge-go-3ax","title":{"rendered":"Pure Charge &#038; Go 3AX"},"content":{"rendered":"<p>L&#8217;appareil auditif Signia Pure Charge &amp; Go 3AX est un <strong>mod\u00e8le en micro contour d&#8217;oreille (RIC) rechargeable et connect\u00e9 d&#8217;entr\u00e9e de gamme<\/strong>. Il s&#8217;adresse \u00e0 tous les degr\u00e9s de perte auditive (4 puissances d&#8217;\u00e9couteurs disponibles). Cette version pr\u00e9sente une taille plus r\u00e9duite que la g\u00e9n\u00e9ration pr\u00e9c\u00e9dente Pure X Charge &amp; Go.<\/p>\n<h3>Des innovations technologiques premium<\/h3>\n<p>Ce mod\u00e8le int\u00e8gre les derni\u00e8res technologies de la <a href=\"https:\/\/www.laboratoires-unisson.com\/fr-be\/appareils-auditifs\/marques\/signia\/ax\"><strong>plateforme Signia Augmented Xperience<\/strong><\/a> (AX) et offre une r\u00e9duction de l&#8217;effort d&#8217;\u00e9coute et une parole plus claire dans la conversation, peu importe dans quelle situation sonore vous \u00eates.<\/p>\n<p>La technologie Augmented Focus<span style=\"font-size: 11.0pt;\"><span style=\"line-height: 107%;\"><span style=\"color: black;\">\u2122 <\/span><\/span><\/span>permet un meilleur traitement du signal; les fonctionnalit\u00e9s Focus Sounds et Surroundings mettent l&#8217;accent sur la clart\u00e9 et les d\u00e9tails et l&#8217;algorithme TruEar 360 offre une meilleure localisation dans l&#8217;espace.<\/p>\n<h4>Augmented Focus<\/h4>\n<p>Une plainte de longue date des porteurs d&#8217;appareils auditifs est que les appareils auditifs amplifient tous les sons de mani\u00e8re \u00e9gale. Avec Augmented Focus, 2 processeurs &#8211; une premi\u00e8re mondiale &#8211; sont utilis\u00e9s pour traiter les sons que vous souhaitez entendre. R\u00e9sultat, <strong>la compr\u00e9hension de la parole s&#8217;en trouve am\u00e9lior\u00e9e, et ce m\u00eame dans les environnements tr\u00e8s bruyants<\/strong>.<\/p>\n<h4>Plage dynamique \u00e9tendue<\/h4>\n<p>La plage dynamique du signal d&#8217;entr\u00e9e peut avoir un effet significatif sur la qualit\u00e9 sonore. Les aides auditives Pure Charge &amp; Go AX ont une limite d&#8217;entr\u00e9e plus \u00e9lev\u00e9e de 117dB, ce qui vise \u00e0 am\u00e9liorer la qualit\u00e9 des sons forts. <strong>Les sons forts ne sont plus \u00e9touff\u00e9s et semblent plus clairs et plus naturels<\/strong>.<\/p>\n<h4>Capteurs de mouvement acoustiques<\/h4>\n<p>Ces capteurs &#8211; \u00e9galement disponibles dans la g\u00e9n\u00e9ration pr\u00e9c\u00e9dente Signia X &#8211; reconnaissent quand vous \u00eates en mouvement et modifient automatiquement la fa\u00e7on dont la directionnalit\u00e9 automatique est appliqu\u00e9e. Lorsque vous \u00eates en mouvement, vous voulez entendre les voix provenant d&#8217;autres directions que juste devant vous. C&#8217;est pourquoi, <strong>ces microphones directionnels reconnaissent vos mouvements et alignent le traitement du signal en cons\u00e9quence<\/strong>. Pour ceux qui sont actifs en groupe, ces capteurs vous permettront de rester engag\u00e9 dans les conversations, par exemple.<\/p>\n<h3>Caract\u00e9ristiques de l&#8217;appareil auditif Pure Charge &amp; Go 3AX<\/h3>\n<ul>\n<li>12 bandes d&#8217;adaptation et 24 canaux de traitement<\/li>\n<li>Bouton poussoir (volume et programme)<\/li>\n<li>Bobine \u00e0 induction<\/li>\n<li>Certification IP68<\/li>\n<li>6 programmes d&#8217;\u00e9coute<\/li>\n<li>Anti larsen<\/li>\n<li>Masqueur d&#8217;acouph\u00e8nes<\/li>\n<li>Connexion Bluetooth<\/li>\n<li>Batterie lithium-ion<\/li>\n<li>Syst\u00e8me CROS<\/li>\n<li>R\u00e9glages \u00e0 distance<\/li>\n<\/ul>\n<p>C&#8217;est un appareil rechargeable qui fonctionne avec une batterie. Jusqu&#8217;\u00e0 24h d&#8217;autonomie en une charge dont 5h de streaming. Pour charger vos appareils, vous pourrez opter pour l&#8217;un de ces trois chargeurs :<\/p>\n<ul>\n<li>Pure Charger : chargeur compact et fiable,<\/li>\n<li>Pure Portable Charger : chargeur sophistiqu\u00e9 avec charge mobile<\/li>\n<li>Pure Dry &amp; Clean : chargeur 3 en 1 avec une fonction de charge, de nettoyage et de s\u00e9chage<\/li>\n<\/ul>\n<p>Cet appareil est un entr\u00e9e de gamme et n&#8217;inclut pas toutes les fonctionnalit\u00e9s haut de gamme que cette aide auditive a \u00e0 offrir. Si la technologie et les fonctionnalit\u00e9s sont importantes pour vous, nous vous conseillons de consulter la fiche du mod\u00e8le Pure Charge &amp; Go 7AX.<\/p>\n<h3>Pure Charge &amp; Go 3AX, un mod\u00e8le connect\u00e9<\/h3>\n<p>Gr\u00e2ce \u00e0 sa <strong>connexion Bluetooth<\/strong>, l&#8217;aide auditive Pure Charge &amp; Go 3AX vous offre du streaming direct sur iOS et Android. Pour un smartphone Android, il faut que celui-ci soit \u00e9quip\u00e9 de la norme ASHA. Vous pouvez consulter la liste des t\u00e9l\u00e9phones compatibles sur le site de Signia <a href=\"https:\/\/www.signia-pro.com\/fr-ch\/solutions-d'accompagnement\/compatibility\/\" rel=\"nofollow\">ici<\/a>.<\/p>\n<p>Vous pourrez \u00e9galement connecter vos aides \u00e0 plusieurs accessoires sans fil, tels que la Streamline TV, Streamline Mic\u00a0ou la miniPocket.<\/p>\n<h4>Fonctionnalit\u00e9s du Pure Charge &amp; Go 3AX<\/h4>\n<ul>\n<li>Augmented Focus<span style=\"font-size: 11.0pt;\"><span style=\"line-height: 107%;\"><span style=\"color: black;\">\u2122<\/span><\/span><\/span><\/li>\n<li>OVP\u2122 (Own Voice Processing) : reconnaissance en temps r\u00e9el de la voix de l\u2019utilisateur pour d\u00e9livrer une perception naturelle de sa propre voix<\/li>\n<li>12 canaux de r\u00e9glage du gain \/ 24 bandes de traitement du signal<\/li>\n<li>6 programmes manuels<\/li>\n<li>TruEar 360<\/li>\n<li>Plage dynamique d&#8217;entr\u00e9e augment\u00e9e<\/li>\n<li>eWindScreen : \u00e9limination des bruits du vent<\/li>\n<li>Speech and Noise &amp; Soundsmoothing pour la r\u00e9duction du bruit<\/li>\n<li>Anti Larsen<\/li>\n<li>Connectivit\u00e9 Bluetooth<\/li>\n<li>Streaming audio direct (iOS et Android)<\/li>\n<li>R\u00e9glages \u00e0 distance (Telecare)<\/li>\n<li>Application mobile Signia App<\/li>\n<li>Tinnitus pour th\u00e9rapie acouph\u00e8nes<\/li>\n<\/ul>\n","protected":false},"excerpt":{"rendered":"<p>L&#8217;appareil auditif Signia Pure Charge &amp; Go 3AX est un mod\u00e8le en micro contour d&#8217;oreille (RIC) rechargeable et connect\u00e9 d&#8217;entr\u00e9e de gamme. Il s&#8217;adresse \u00e0 tous les degr\u00e9s de perte auditive (4 puissances d&#8217;\u00e9couteurs disponibles). Cette version pr\u00e9sente une taille plus r\u00e9duite que la g\u00e9n\u00e9ration pr\u00e9c\u00e9dente Pure X Charge &amp; Go. Des innovations technologiques premium [&hellip;]<\/p>\n","protected":false},"featured_media":19240,"template":"","meta":{"_acf_changed":false},"product_brand":[],"product_cat":[2830],"product_tag":[],"class_list":{"0":"post-24708","1":"product","2":"type-product","3":"status-publish","4":"has-post-thumbnail","6":"product_cat-signia-fr-be","8":"first","9":"instock","10":"taxable","11":"shipping-taxable","12":"purchasable","13":"product-type-simple"},"acf":[],"yoast_head":"<!-- This site is optimized with the Yoast SEO plugin v27.1.1 - https:\/\/yoast.com\/product\/yoast-seo-wordpress\/ -->\n<title>Appareil auditif Signia Pure Charge &amp; Go 3AX \u00e0 1400\u20ac - Unisson Belgique<\/title>\n<meta name=\"description\" content=\"L&#039;appareil auditif Signia Pure Charge &amp; Go 3AX est un mod\u00e8le en micro contour d&#039;oreille (RIC) rechargeable et connect\u00e9 d&#039;entr\u00e9e de gamme. Il s&#039;adresse\" \/>\n<meta name=\"robots\" content=\"index, follow, max-snippet:-1, max-image-preview:large, max-video-preview:-1\" \/>\n<link rel=\"canonical\" href=\"https:\/\/www.laboratoires-unisson.com\/fr-be\/wp-json\/wp\/v2\/product\/24708\" \/>\n<meta property=\"og:locale\" content=\"fr_FR\" \/>\n<meta property=\"og:type\" content=\"article\" \/>\n<meta property=\"og:title\" content=\"Pure Charge &amp; Go 3AX - Laboratoires Unisson\" \/>\n<meta property=\"og:description\" content=\"L&#039;appareil auditif Signia Pure Charge &amp; Go 3AX est un mod\u00e8le en micro contour d&#039;oreille (RIC) rechargeable et connect\u00e9 d&#039;entr\u00e9e de gamme. Il s&#039;adresse\" \/>\n<meta property=\"og:url\" content=\"https:\/\/www.laboratoires-unisson.com\/fr-be\/produit\/appareils-auditifs\/signia\/pure-charge-go-3ax\" \/>\n<meta property=\"og:site_name\" content=\"Laboratoires Unisson\" \/>\n<meta property=\"article:modified_time\" content=\"2025-12-03T09:09:34+00:00\" \/>\n<meta property=\"og:image\" content=\"https:\/\/www.laboratoires-unisson.com\/wp-content\/uploads\/2022\/05\/pure-charge-go-3ax.jpg\" \/>\n\t<meta property=\"og:image:width\" content=\"450\" \/>\n\t<meta property=\"og:image:height\" content=\"450\" \/>\n\t<meta property=\"og:image:type\" content=\"image\/jpeg\" \/>\n<meta name=\"twitter:card\" content=\"summary_large_image\" \/>\n<meta name=\"twitter:label1\" content=\"Est. reading time\" \/>\n\t<meta name=\"twitter:data1\" content=\"4 minutes\" \/>\n<script type=\"application\/ld+json\" class=\"yoast-schema-graph\">{\"@context\":\"https:\/\/schema.org\",\"@graph\":[{\"@type\":\"WebPage\",\"@id\":\"https:\/\/www.laboratoires-unisson.com\/fr-be\/produit\/appareils-auditifs\/signia\/pure-charge-go-3ax\",\"url\":\"https:\/\/www.laboratoires-unisson.com\/fr-be\/produit\/appareils-auditifs\/signia\/pure-charge-go-3ax\",\"name\":\"Pure Charge & Go 3AX - Laboratoires Unisson\",\"isPartOf\":{\"@id\":\"https:\/\/www.laboratoires-unisson.com\/fr-be#website\"},\"primaryImageOfPage\":{\"@id\":\"https:\/\/www.laboratoires-unisson.com\/fr-be\/produit\/appareils-auditifs\/signia\/pure-charge-go-3ax#primaryimage\"},\"image\":{\"@id\":\"https:\/\/www.laboratoires-unisson.com\/fr-be\/produit\/appareils-auditifs\/signia\/pure-charge-go-3ax#primaryimage\"},\"thumbnailUrl\":\"https:\/\/www.laboratoires-unisson.com\/wp-content\/uploads\/2022\/05\/pure-charge-go-3ax.jpg\",\"datePublished\":\"2022-05-02T13:00:46+00:00\",\"dateModified\":\"2025-12-03T09:09:34+00:00\",\"description\":\"L'appareil auditif Signia Pure Charge &amp; Go 3AX est un mod\u00e8le en micro contour d'oreille (RIC) rechargeable et connect\u00e9 d'entr\u00e9e de gamme. Il s'adresse\",\"breadcrumb\":{\"@id\":\"https:\/\/www.laboratoires-unisson.com\/fr-be\/produit\/appareils-auditifs\/signia\/pure-charge-go-3ax#breadcrumb\"},\"inLanguage\":\"fr-BE\",\"potentialAction\":[{\"@type\":\"ReadAction\",\"target\":[\"https:\/\/www.laboratoires-unisson.com\/fr-be\/produit\/appareils-auditifs\/signia\/pure-charge-go-3ax\"]}]},{\"@type\":\"ImageObject\",\"inLanguage\":\"fr-BE\",\"@id\":\"https:\/\/www.laboratoires-unisson.com\/fr-be\/produit\/appareils-auditifs\/signia\/pure-charge-go-3ax#primaryimage\",\"url\":\"https:\/\/www.laboratoires-unisson.com\/wp-content\/uploads\/2022\/05\/pure-charge-go-3ax.jpg\",\"contentUrl\":\"https:\/\/www.laboratoires-unisson.com\/wp-content\/uploads\/2022\/05\/pure-charge-go-3ax.jpg\",\"width\":450,\"height\":450},{\"@type\":\"BreadcrumbList\",\"@id\":\"https:\/\/www.laboratoires-unisson.com\/fr-be\/produit\/appareils-auditifs\/signia\/pure-charge-go-3ax#breadcrumb\",\"itemListElement\":[{\"@type\":\"ListItem\",\"position\":1,\"name\":\"Shop\",\"item\":\"https:\/\/www.laboratoires-unisson.com\/fr-be\/shop\"},{\"@type\":\"ListItem\",\"position\":2,\"name\":\"Pure Charge &#038; Go 3AX\"}]},{\"@type\":\"WebSite\",\"@id\":\"https:\/\/www.laboratoires-unisson.com\/fr-be#website\",\"url\":\"https:\/\/www.laboratoires-unisson.com\/fr-be\",\"name\":\"Laboratoires Unisson\",\"description\":\"Appareil auditif et proth\u00e8se auditive Moins Cher jusqu&#039;\u00e0 -40%\",\"publisher\":{\"@id\":\"https:\/\/www.laboratoires-unisson.com\/fr-be#organization\"},\"potentialAction\":[{\"@type\":\"SearchAction\",\"target\":{\"@type\":\"EntryPoint\",\"urlTemplate\":\"https:\/\/www.laboratoires-unisson.com\/fr-be?s={search_term_string}\"},\"query-input\":{\"@type\":\"PropertyValueSpecification\",\"valueRequired\":true,\"valueName\":\"search_term_string\"}}],\"inLanguage\":\"fr-BE\"},{\"@type\":\"Organization\",\"@id\":\"https:\/\/www.laboratoires-unisson.com\/fr-be#organization\",\"name\":\"Laboratoires Unisson\",\"url\":\"https:\/\/www.laboratoires-unisson.com\/fr-be\",\"logo\":{\"@type\":\"ImageObject\",\"inLanguage\":\"fr-BE\",\"@id\":\"https:\/\/www.laboratoires-unisson.com\/fr-be#\/schema\/logo\/image\/\",\"url\":\"https:\/\/www.laboratoires-unisson.com\/wp-content\/uploads\/2022\/01\/logo-unisson.svg\",\"contentUrl\":\"https:\/\/www.laboratoires-unisson.com\/wp-content\/uploads\/2022\/01\/logo-unisson.svg\",\"width\":1,\"height\":1,\"caption\":\"Laboratoires Unisson\"},\"image\":{\"@id\":\"https:\/\/www.laboratoires-unisson.com\/fr-be#\/schema\/logo\/image\/\"}}]}<\/script>\n<!-- \/ Yoast SEO plugin. -->","yoast_head_json":{"title":"Appareil auditif Signia Pure Charge & Go 3AX \u00e0 1400\u20ac - Unisson Belgique","description":"L'appareil auditif Signia Pure Charge &amp; Go 3AX est un mod\u00e8le en micro contour d'oreille (RIC) rechargeable et connect\u00e9 d'entr\u00e9e de gamme. Il s'adresse","robots":{"index":"index","follow":"follow","max-snippet":"max-snippet:-1","max-image-preview":"max-image-preview:large","max-video-preview":"max-video-preview:-1"},"canonical":"https:\/\/www.laboratoires-unisson.com\/fr-be\/wp-json\/wp\/v2\/product\/24708","og_locale":"fr_FR","og_type":"article","og_title":"Pure Charge & Go 3AX - Laboratoires Unisson","og_description":"L'appareil auditif Signia Pure Charge &amp; Go 3AX est un mod\u00e8le en micro contour d'oreille (RIC) rechargeable et connect\u00e9 d'entr\u00e9e de gamme. Il s'adresse","og_url":"https:\/\/www.laboratoires-unisson.com\/fr-be\/produit\/appareils-auditifs\/signia\/pure-charge-go-3ax","og_site_name":"Laboratoires Unisson","article_modified_time":"2025-12-03T09:09:34+00:00","og_image":[{"width":450,"height":450,"url":"https:\/\/www.laboratoires-unisson.com\/wp-content\/uploads\/2022\/05\/pure-charge-go-3ax.jpg","type":"image\/jpeg"}],"twitter_card":"summary_large_image","twitter_misc":{"Est. reading time":"4 minutes"},"schema":{"@context":"https:\/\/schema.org","@graph":[{"@type":"WebPage","@id":"https:\/\/www.laboratoires-unisson.com\/fr-be\/produit\/appareils-auditifs\/signia\/pure-charge-go-3ax","url":"https:\/\/www.laboratoires-unisson.com\/fr-be\/produit\/appareils-auditifs\/signia\/pure-charge-go-3ax","name":"Pure Charge & Go 3AX - Laboratoires Unisson","isPartOf":{"@id":"https:\/\/www.laboratoires-unisson.com\/fr-be#website"},"primaryImageOfPage":{"@id":"https:\/\/www.laboratoires-unisson.com\/fr-be\/produit\/appareils-auditifs\/signia\/pure-charge-go-3ax#primaryimage"},"image":{"@id":"https:\/\/www.laboratoires-unisson.com\/fr-be\/produit\/appareils-auditifs\/signia\/pure-charge-go-3ax#primaryimage"},"thumbnailUrl":"https:\/\/www.laboratoires-unisson.com\/wp-content\/uploads\/2022\/05\/pure-charge-go-3ax.jpg","datePublished":"2022-05-02T13:00:46+00:00","dateModified":"2025-12-03T09:09:34+00:00","description":"L'appareil auditif Signia Pure Charge &amp; Go 3AX est un mod\u00e8le en micro contour d'oreille (RIC) rechargeable et connect\u00e9 d'entr\u00e9e de gamme. Il s'adresse","breadcrumb":{"@id":"https:\/\/www.laboratoires-unisson.com\/fr-be\/produit\/appareils-auditifs\/signia\/pure-charge-go-3ax#breadcrumb"},"inLanguage":"fr-BE","potentialAction":[{"@type":"ReadAction","target":["https:\/\/www.laboratoires-unisson.com\/fr-be\/produit\/appareils-auditifs\/signia\/pure-charge-go-3ax"]}]},{"@type":"ImageObject","inLanguage":"fr-BE","@id":"https:\/\/www.laboratoires-unisson.com\/fr-be\/produit\/appareils-auditifs\/signia\/pure-charge-go-3ax#primaryimage","url":"https:\/\/www.laboratoires-unisson.com\/wp-content\/uploads\/2022\/05\/pure-charge-go-3ax.jpg","contentUrl":"https:\/\/www.laboratoires-unisson.com\/wp-content\/uploads\/2022\/05\/pure-charge-go-3ax.jpg","width":450,"height":450},{"@type":"BreadcrumbList","@id":"https:\/\/www.laboratoires-unisson.com\/fr-be\/produit\/appareils-auditifs\/signia\/pure-charge-go-3ax#breadcrumb","itemListElement":[{"@type":"ListItem","position":1,"name":"Shop","item":"https:\/\/www.laboratoires-unisson.com\/fr-be\/shop"},{"@type":"ListItem","position":2,"name":"Pure Charge &#038; Go 3AX"}]},{"@type":"WebSite","@id":"https:\/\/www.laboratoires-unisson.com\/fr-be#website","url":"https:\/\/www.laboratoires-unisson.com\/fr-be","name":"Laboratoires Unisson","description":"Appareil auditif et proth\u00e8se auditive Moins Cher jusqu&#039;\u00e0 -40%","publisher":{"@id":"https:\/\/www.laboratoires-unisson.com\/fr-be#organization"},"potentialAction":[{"@type":"SearchAction","target":{"@type":"EntryPoint","urlTemplate":"https:\/\/www.laboratoires-unisson.com\/fr-be?s={search_term_string}"},"query-input":{"@type":"PropertyValueSpecification","valueRequired":true,"valueName":"search_term_string"}}],"inLanguage":"fr-BE"},{"@type":"Organization","@id":"https:\/\/www.laboratoires-unisson.com\/fr-be#organization","name":"Laboratoires Unisson","url":"https:\/\/www.laboratoires-unisson.com\/fr-be","logo":{"@type":"ImageObject","inLanguage":"fr-BE","@id":"https:\/\/www.laboratoires-unisson.com\/fr-be#\/schema\/logo\/image\/","url":"https:\/\/www.laboratoires-unisson.com\/wp-content\/uploads\/2022\/01\/logo-unisson.svg","contentUrl":"https:\/\/www.laboratoires-unisson.com\/wp-content\/uploads\/2022\/01\/logo-unisson.svg","width":1,"height":1,"caption":"Laboratoires Unisson"},"image":{"@id":"https:\/\/www.laboratoires-unisson.com\/fr-be#\/schema\/logo\/image\/"}}]}},"_links":{"self":[{"href":"https:\/\/www.laboratoires-unisson.com\/fr-be\/wp-json\/wp\/v2\/product\/24708","targetHints":{"allow":["GET"]}}],"collection":[{"href":"https:\/\/www.laboratoires-unisson.com\/fr-be\/wp-json\/wp\/v2\/product"}],"about":[{"href":"https:\/\/www.laboratoires-unisson.com\/fr-be\/wp-json\/wp\/v2\/types\/product"}],"wp:featuredmedia":[{"embeddable":true,"href":"https:\/\/www.laboratoires-unisson.com\/fr-be\/wp-json\/wp\/v2\/media\/19240"}],"wp:attachment":[{"href":"https:\/\/www.laboratoires-unisson.com\/fr-be\/wp-json\/wp\/v2\/media?parent=24708"}],"wp:term":[{"taxonomy":"product_brand","embeddable":true,"href":"https:\/\/www.laboratoires-unisson.com\/fr-be\/wp-json\/wp\/v2\/product_brand?post=24708"},{"taxonomy":"product_cat","embeddable":true,"href":"https:\/\/www.laboratoires-unisson.com\/fr-be\/wp-json\/wp\/v2\/product_cat?post=24708"},{"taxonomy":"product_tag","embeddable":true,"href":"https:\/\/www.laboratoires-unisson.com\/fr-be\/wp-json\/wp\/v2\/product_tag?post=24708"}],"curies":[{"name":"wp","href":"https:\/\/api.w.org\/{rel}","templated":true}]}}