{"id":24712,"date":"2022-05-02T14:55:48","date_gmt":"2022-05-02T12:55:48","guid":{"rendered":"https:\/\/www.laboratoires-unisson.com\/produit\/one-961-drwc"},"modified":"2025-12-03T10:09:36","modified_gmt":"2025-12-03T09:09:36","slug":"one-961-drwc","status":"publish","type":"product","link":"https:\/\/www.laboratoires-unisson.com\/fr-be\/produit\/appareils-auditifs\/resound\/one-961-drwc","title":{"rendered":"One 961 DRWC"},"content":{"rendered":"<p>L&#8217;aide auditive ReSound One 961 DRWC\u00a0est un appareil auditif en contour d&#8217;oreille \u00e0 \u00e9couteur d\u00e9port\u00e9 RIC haut de gamme fonctionnant avec une batterie rechargeable Lithium-ion.<\/p>\n<p>Les <a href=\"https:\/\/www.laboratoires-unisson.com\/fr-be\/appareils-auditifs\/marques\/resound\/one\">nouveaux appareils auditifs One de Resound<\/a> regorgent de nouvelles fonctionnalit\u00e9s et partagent de nombreuses caract\u00e9ristiques avec le populaire LiNX Quattro.<\/p>\n<p>Les mod\u00e8les One de Resound &#8211; qui se d\u00e9clinent en mod\u00e8les \u00e0 piles et rechargeables &#8211; vous offrent un son naturel. En effet, ces appareils accueillent un microphone suppl\u00e9mentaire, qui se loge directement dans votre oreille, captant le son de fa\u00e7on plus naturelle. L&#8217;appareil ReSound One 961 DRWC apporte ainsi une plus grande clart\u00e9 et compr\u00e9hension de la parole, et ce m\u00eame dans des environnements bruyants.<\/p>\n<h3>Les technologies de la gamme One de ReSound<\/h3>\n<h4>Directivit\u00e9 All Access<\/h4>\n<p>Gr\u00e2ce \u00e0 cette fonctionnalit\u00e9, vos appareils One 961 DRWC\u00a0s&#8217;adaptent \u00e0 votre environnement et ajustement automatiquement la directivit\u00e9 des microphones. Votre effort d&#8217;\u00e9coute est r\u00e9duit, surtout dans les situations bruyantes.<\/p>\n<h4>Ultra Focus<\/h4>\n<p>Il rend la parole aussi claire que possible en r\u00e9duisant le bruit autour.<\/p>\n<h4>Connexion Bluetooth<\/h4>\n<p>Gr\u00e2ce \u00e0 la connectivit\u00e9 Bluetooth, vous pouvez connecter vos appareils auditifs ReSound One \u00e0 votre t\u00e9l\u00e9viseur ou votre t\u00e9l\u00e9phone. Le son est alors directement transmis dans vos appareils auditifs.<\/p>\n<h4>Rechargeable<\/h4>\n<p>Le mod\u00e8le ReSound One 961 DRWC est un appareil auditif rechargeable. Il vous offre jusqu&#8217;\u00e0 30h d&#8217;autonomie en une seule charge. + d&#8217;infos sur le chargeur premium de ReSound<\/p>\n<h3>Caract\u00e9ristiques du mod\u00e8le One 961 DRWC<\/h3>\n<ul>\n<li>17 canaux de r\u00e9glages<\/li>\n<li>Bouton poussoir<\/li>\n<li>Certification IP68<\/li>\n<li>Connexion Bluetooth<\/li>\n<li>Rechargeable<\/li>\n<li>R\u00e9ducteur de bruit<\/li>\n<li>R\u00e9ducteur de vent<\/li>\n<li>Anti larsen<\/li>\n<li>Application mobile ReSound Smart 3D<\/li>\n<\/ul>\n","protected":false},"excerpt":{"rendered":"<p>L&#8217;aide auditive ReSound One 961 DRWC\u00a0est un appareil auditif en contour d&#8217;oreille \u00e0 \u00e9couteur d\u00e9port\u00e9 RIC haut de gamme fonctionnant avec une batterie rechargeable Lithium-ion. Les nouveaux appareils auditifs One de Resound regorgent de nouvelles fonctionnalit\u00e9s et partagent de nombreuses caract\u00e9ristiques avec le populaire LiNX Quattro. Les mod\u00e8les One de Resound &#8211; qui se d\u00e9clinent [&hellip;]<\/p>\n","protected":false},"featured_media":20833,"template":"","meta":{"_acf_changed":false},"product_brand":[],"product_cat":[2684,2685],"product_tag":[],"class_list":{"0":"post-24712","1":"product","2":"type-product","3":"status-publish","4":"has-post-thumbnail","6":"product_cat-offre-premium-fr-be","7":"product_cat-resound-fr-be","9":"first","10":"instock","11":"taxable","12":"shipping-taxable","13":"purchasable","14":"product-type-simple"},"acf":[],"yoast_head":"<!-- This site is optimized with the Yoast SEO plugin v27.1.1 - https:\/\/yoast.com\/product\/yoast-seo-wordpress\/ -->\n<title>Appareil auditif Resound One 961 DRWC \u00e0 2100\u20ac - Unisson Belgique<\/title>\n<meta name=\"description\" content=\"Am\u00e9liorez votre audition avec ReSound ONE 961 DRWC. D\u00e9couvrez cet appareil auditif avanc\u00e9 pour une qualit\u00e9 sonore sup\u00e9rieure. Consultez notre offre.\" \/>\n<meta name=\"robots\" content=\"index, follow, max-snippet:-1, max-image-preview:large, max-video-preview:-1\" \/>\n<link rel=\"canonical\" href=\"https:\/\/www.laboratoires-unisson.com\/fr-be\/wp-json\/wp\/v2\/product\/24712\" \/>\n<meta property=\"og:locale\" content=\"fr_FR\" \/>\n<meta property=\"og:type\" content=\"article\" \/>\n<meta property=\"og:title\" content=\"One 961 DRWC - Laboratoires Unisson\" \/>\n<meta property=\"og:description\" content=\"Am\u00e9liorez votre audition avec ReSound ONE 961 DRWC. D\u00e9couvrez cet appareil auditif avanc\u00e9 pour une qualit\u00e9 sonore sup\u00e9rieure. Consultez notre offre.\" \/>\n<meta property=\"og:url\" content=\"https:\/\/www.laboratoires-unisson.com\/fr-be\/produit\/appareils-auditifs\/resound\/one-961-drwc\" \/>\n<meta property=\"og:site_name\" content=\"Laboratoires Unisson\" \/>\n<meta property=\"article:modified_time\" content=\"2025-12-03T09:09:36+00:00\" \/>\n<meta property=\"og:image\" content=\"https:\/\/www.laboratoires-unisson.com\/wp-content\/uploads\/2022\/05\/Resound-One-961-DRWC.png\" \/>\n\t<meta property=\"og:image:width\" content=\"400\" \/>\n\t<meta property=\"og:image:height\" content=\"400\" \/>\n\t<meta property=\"og:image:type\" content=\"image\/png\" \/>\n<meta name=\"twitter:card\" content=\"summary_large_image\" \/>\n<meta name=\"twitter:label1\" content=\"Est. reading time\" \/>\n\t<meta name=\"twitter:data1\" content=\"2 minutes\" \/>\n<script type=\"application\/ld+json\" class=\"yoast-schema-graph\">{\"@context\":\"https:\/\/schema.org\",\"@graph\":[{\"@type\":\"WebPage\",\"@id\":\"https:\/\/www.laboratoires-unisson.com\/fr-be\/produit\/appareils-auditifs\/resound\/one-961-drwc\",\"url\":\"https:\/\/www.laboratoires-unisson.com\/fr-be\/produit\/appareils-auditifs\/resound\/one-961-drwc\",\"name\":\"One 961 DRWC - Laboratoires Unisson\",\"isPartOf\":{\"@id\":\"https:\/\/www.laboratoires-unisson.com\/fr-be#website\"},\"primaryImageOfPage\":{\"@id\":\"https:\/\/www.laboratoires-unisson.com\/fr-be\/produit\/appareils-auditifs\/resound\/one-961-drwc#primaryimage\"},\"image\":{\"@id\":\"https:\/\/www.laboratoires-unisson.com\/fr-be\/produit\/appareils-auditifs\/resound\/one-961-drwc#primaryimage\"},\"thumbnailUrl\":\"https:\/\/www.laboratoires-unisson.com\/wp-content\/uploads\/2022\/05\/Resound-One-961-DRWC.png\",\"datePublished\":\"2022-05-02T12:55:48+00:00\",\"dateModified\":\"2025-12-03T09:09:36+00:00\",\"description\":\"Am\u00e9liorez votre audition avec ReSound ONE 961 DRWC. D\u00e9couvrez cet appareil auditif avanc\u00e9 pour une qualit\u00e9 sonore sup\u00e9rieure. Consultez notre offre.\",\"breadcrumb\":{\"@id\":\"https:\/\/www.laboratoires-unisson.com\/fr-be\/produit\/appareils-auditifs\/resound\/one-961-drwc#breadcrumb\"},\"inLanguage\":\"fr-BE\",\"potentialAction\":[{\"@type\":\"ReadAction\",\"target\":[\"https:\/\/www.laboratoires-unisson.com\/fr-be\/produit\/appareils-auditifs\/resound\/one-961-drwc\"]}]},{\"@type\":\"ImageObject\",\"inLanguage\":\"fr-BE\",\"@id\":\"https:\/\/www.laboratoires-unisson.com\/fr-be\/produit\/appareils-auditifs\/resound\/one-961-drwc#primaryimage\",\"url\":\"https:\/\/www.laboratoires-unisson.com\/wp-content\/uploads\/2022\/05\/Resound-One-961-DRWC.png\",\"contentUrl\":\"https:\/\/www.laboratoires-unisson.com\/wp-content\/uploads\/2022\/05\/Resound-One-961-DRWC.png\",\"width\":400,\"height\":400},{\"@type\":\"BreadcrumbList\",\"@id\":\"https:\/\/www.laboratoires-unisson.com\/fr-be\/produit\/appareils-auditifs\/resound\/one-961-drwc#breadcrumb\",\"itemListElement\":[{\"@type\":\"ListItem\",\"position\":1,\"name\":\"Shop\",\"item\":\"https:\/\/www.laboratoires-unisson.com\/fr-be\/shop\"},{\"@type\":\"ListItem\",\"position\":2,\"name\":\"One 961 DRWC\"}]},{\"@type\":\"WebSite\",\"@id\":\"https:\/\/www.laboratoires-unisson.com\/fr-be#website\",\"url\":\"https:\/\/www.laboratoires-unisson.com\/fr-be\",\"name\":\"Laboratoires Unisson\",\"description\":\"Appareil auditif et proth\u00e8se auditive Moins Cher jusqu&#039;\u00e0 -40%\",\"publisher\":{\"@id\":\"https:\/\/www.laboratoires-unisson.com\/fr-be#organization\"},\"potentialAction\":[{\"@type\":\"SearchAction\",\"target\":{\"@type\":\"EntryPoint\",\"urlTemplate\":\"https:\/\/www.laboratoires-unisson.com\/fr-be?s={search_term_string}\"},\"query-input\":{\"@type\":\"PropertyValueSpecification\",\"valueRequired\":true,\"valueName\":\"search_term_string\"}}],\"inLanguage\":\"fr-BE\"},{\"@type\":\"Organization\",\"@id\":\"https:\/\/www.laboratoires-unisson.com\/fr-be#organization\",\"name\":\"Laboratoires Unisson\",\"url\":\"https:\/\/www.laboratoires-unisson.com\/fr-be\",\"logo\":{\"@type\":\"ImageObject\",\"inLanguage\":\"fr-BE\",\"@id\":\"https:\/\/www.laboratoires-unisson.com\/fr-be#\/schema\/logo\/image\/\",\"url\":\"https:\/\/www.laboratoires-unisson.com\/wp-content\/uploads\/2022\/01\/logo-unisson.svg\",\"contentUrl\":\"https:\/\/www.laboratoires-unisson.com\/wp-content\/uploads\/2022\/01\/logo-unisson.svg\",\"width\":1,\"height\":1,\"caption\":\"Laboratoires Unisson\"},\"image\":{\"@id\":\"https:\/\/www.laboratoires-unisson.com\/fr-be#\/schema\/logo\/image\/\"}}]}<\/script>\n<!-- \/ Yoast SEO plugin. -->","yoast_head_json":{"title":"Appareil auditif Resound One 961 DRWC \u00e0 2100\u20ac - Unisson Belgique","description":"Am\u00e9liorez votre audition avec ReSound ONE 961 DRWC. D\u00e9couvrez cet appareil auditif avanc\u00e9 pour une qualit\u00e9 sonore sup\u00e9rieure. Consultez notre offre.","robots":{"index":"index","follow":"follow","max-snippet":"max-snippet:-1","max-image-preview":"max-image-preview:large","max-video-preview":"max-video-preview:-1"},"canonical":"https:\/\/www.laboratoires-unisson.com\/fr-be\/wp-json\/wp\/v2\/product\/24712","og_locale":"fr_FR","og_type":"article","og_title":"One 961 DRWC - Laboratoires Unisson","og_description":"Am\u00e9liorez votre audition avec ReSound ONE 961 DRWC. D\u00e9couvrez cet appareil auditif avanc\u00e9 pour une qualit\u00e9 sonore sup\u00e9rieure. Consultez notre offre.","og_url":"https:\/\/www.laboratoires-unisson.com\/fr-be\/produit\/appareils-auditifs\/resound\/one-961-drwc","og_site_name":"Laboratoires Unisson","article_modified_time":"2025-12-03T09:09:36+00:00","og_image":[{"width":400,"height":400,"url":"https:\/\/www.laboratoires-unisson.com\/wp-content\/uploads\/2022\/05\/Resound-One-961-DRWC.png","type":"image\/png"}],"twitter_card":"summary_large_image","twitter_misc":{"Est. reading time":"2 minutes"},"schema":{"@context":"https:\/\/schema.org","@graph":[{"@type":"WebPage","@id":"https:\/\/www.laboratoires-unisson.com\/fr-be\/produit\/appareils-auditifs\/resound\/one-961-drwc","url":"https:\/\/www.laboratoires-unisson.com\/fr-be\/produit\/appareils-auditifs\/resound\/one-961-drwc","name":"One 961 DRWC - Laboratoires Unisson","isPartOf":{"@id":"https:\/\/www.laboratoires-unisson.com\/fr-be#website"},"primaryImageOfPage":{"@id":"https:\/\/www.laboratoires-unisson.com\/fr-be\/produit\/appareils-auditifs\/resound\/one-961-drwc#primaryimage"},"image":{"@id":"https:\/\/www.laboratoires-unisson.com\/fr-be\/produit\/appareils-auditifs\/resound\/one-961-drwc#primaryimage"},"thumbnailUrl":"https:\/\/www.laboratoires-unisson.com\/wp-content\/uploads\/2022\/05\/Resound-One-961-DRWC.png","datePublished":"2022-05-02T12:55:48+00:00","dateModified":"2025-12-03T09:09:36+00:00","description":"Am\u00e9liorez votre audition avec ReSound ONE 961 DRWC. D\u00e9couvrez cet appareil auditif avanc\u00e9 pour une qualit\u00e9 sonore sup\u00e9rieure. Consultez notre offre.","breadcrumb":{"@id":"https:\/\/www.laboratoires-unisson.com\/fr-be\/produit\/appareils-auditifs\/resound\/one-961-drwc#breadcrumb"},"inLanguage":"fr-BE","potentialAction":[{"@type":"ReadAction","target":["https:\/\/www.laboratoires-unisson.com\/fr-be\/produit\/appareils-auditifs\/resound\/one-961-drwc"]}]},{"@type":"ImageObject","inLanguage":"fr-BE","@id":"https:\/\/www.laboratoires-unisson.com\/fr-be\/produit\/appareils-auditifs\/resound\/one-961-drwc#primaryimage","url":"https:\/\/www.laboratoires-unisson.com\/wp-content\/uploads\/2022\/05\/Resound-One-961-DRWC.png","contentUrl":"https:\/\/www.laboratoires-unisson.com\/wp-content\/uploads\/2022\/05\/Resound-One-961-DRWC.png","width":400,"height":400},{"@type":"BreadcrumbList","@id":"https:\/\/www.laboratoires-unisson.com\/fr-be\/produit\/appareils-auditifs\/resound\/one-961-drwc#breadcrumb","itemListElement":[{"@type":"ListItem","position":1,"name":"Shop","item":"https:\/\/www.laboratoires-unisson.com\/fr-be\/shop"},{"@type":"ListItem","position":2,"name":"One 961 DRWC"}]},{"@type":"WebSite","@id":"https:\/\/www.laboratoires-unisson.com\/fr-be#website","url":"https:\/\/www.laboratoires-unisson.com\/fr-be","name":"Laboratoires Unisson","description":"Appareil auditif et proth\u00e8se auditive Moins Cher jusqu&#039;\u00e0 -40%","publisher":{"@id":"https:\/\/www.laboratoires-unisson.com\/fr-be#organization"},"potentialAction":[{"@type":"SearchAction","target":{"@type":"EntryPoint","urlTemplate":"https:\/\/www.laboratoires-unisson.com\/fr-be?s={search_term_string}"},"query-input":{"@type":"PropertyValueSpecification","valueRequired":true,"valueName":"search_term_string"}}],"inLanguage":"fr-BE"},{"@type":"Organization","@id":"https:\/\/www.laboratoires-unisson.com\/fr-be#organization","name":"Laboratoires Unisson","url":"https:\/\/www.laboratoires-unisson.com\/fr-be","logo":{"@type":"ImageObject","inLanguage":"fr-BE","@id":"https:\/\/www.laboratoires-unisson.com\/fr-be#\/schema\/logo\/image\/","url":"https:\/\/www.laboratoires-unisson.com\/wp-content\/uploads\/2022\/01\/logo-unisson.svg","contentUrl":"https:\/\/www.laboratoires-unisson.com\/wp-content\/uploads\/2022\/01\/logo-unisson.svg","width":1,"height":1,"caption":"Laboratoires Unisson"},"image":{"@id":"https:\/\/www.laboratoires-unisson.com\/fr-be#\/schema\/logo\/image\/"}}]}},"_links":{"self":[{"href":"https:\/\/www.laboratoires-unisson.com\/fr-be\/wp-json\/wp\/v2\/product\/24712","targetHints":{"allow":["GET"]}}],"collection":[{"href":"https:\/\/www.laboratoires-unisson.com\/fr-be\/wp-json\/wp\/v2\/product"}],"about":[{"href":"https:\/\/www.laboratoires-unisson.com\/fr-be\/wp-json\/wp\/v2\/types\/product"}],"wp:featuredmedia":[{"embeddable":true,"href":"https:\/\/www.laboratoires-unisson.com\/fr-be\/wp-json\/wp\/v2\/media\/20833"}],"wp:attachment":[{"href":"https:\/\/www.laboratoires-unisson.com\/fr-be\/wp-json\/wp\/v2\/media?parent=24712"}],"wp:term":[{"taxonomy":"product_brand","embeddable":true,"href":"https:\/\/www.laboratoires-unisson.com\/fr-be\/wp-json\/wp\/v2\/product_brand?post=24712"},{"taxonomy":"product_cat","embeddable":true,"href":"https:\/\/www.laboratoires-unisson.com\/fr-be\/wp-json\/wp\/v2\/product_cat?post=24712"},{"taxonomy":"product_tag","embeddable":true,"href":"https:\/\/www.laboratoires-unisson.com\/fr-be\/wp-json\/wp\/v2\/product_tag?post=24712"}],"curies":[{"name":"wp","href":"https:\/\/api.w.org\/{rel}","templated":true}]}}