{"id":24713,"date":"2022-05-02T14:55:46","date_gmt":"2022-05-02T12:55:46","guid":{"rendered":"https:\/\/www.laboratoires-unisson.com\/produit\/one-961-drw-312"},"modified":"2025-12-03T10:09:36","modified_gmt":"2025-12-03T09:09:36","slug":"one-961-drw-312","status":"publish","type":"product","link":"https:\/\/www.laboratoires-unisson.com\/fr-be\/produit\/appareils-auditifs\/resound\/one-961-drw-312","title":{"rendered":"One 961 DRW 312"},"content":{"rendered":"<p>L&#8217;aide auditive ReSound One 961 DRW 312 est un appareil auditif en contour d&#8217;oreille \u00e0 \u00e9couteur d\u00e9port\u00e9 RIC haut de gamme fonctionnant avec des piles auditives 312 (autonomie moyenne de 100h).<\/p>\n<p>Elle poss\u00e8de 17 canaux de r\u00e9glages, un bouton poussoir, une connexion Bluetooth et est certifi\u00e9e IP68. Ce mod\u00e8le fait partie de la nouvelle gamme d&#8217;<a href=\"https:\/\/www.laboratoires-unisson.com\/fr-be\/appareils-auditifs\/marques\/resound\/one\">appareils ReSound One<\/a> qui poss\u00e8de un 3\u00e8me microphone directement install\u00e9 dans votre conduit auditif vous offrant une qualit\u00e9 sonore in\u00e9gal\u00e9e.<\/p>\n<h4>Les fonctionnalit\u00e9s de l&#8217;aide auditive ReSound One 961 DRW 312<\/h4>\n<ul>\n<li>Directivit\u00e9 All Access<\/li>\n<li>Mode omnidirectionnel &#8220;Spatial Sense&#8221;<\/li>\n<li>Ultra Focus<\/li>\n<li>Directivit\u00e9 automatique &#8220;Synchronized SoftSwitching&#8221;<\/li>\n<li>Gestion des gains et du r\u00e9ducteur de bruit &#8220;Environmental Optimizer II&#8221;<\/li>\n<li>R\u00e9ducteur de bruit &#8220;Noise Tracker II&#8221;<\/li>\n<li>R\u00e9ducteur de bruit faible &#8220;Expansion&#8221;<\/li>\n<li>R\u00e9ducteur du bruit impulsionnel<\/li>\n<li>R\u00e9ducteur de bruit de vent &#8220;Wind Guard&#8221;<\/li>\n<li>Compression fr\u00e9quentielle &#8220;Sound Shaper&#8221;<\/li>\n<li>Anti Larsen<\/li>\n<li>17 canaux de r\u00e9glages<\/li>\n<li>Bouton poussoir<\/li>\n<li>Bluetooth<\/li>\n<li>Piles auditives 312<\/li>\n<li>IP68<\/li>\n<li>Application mobile ReSound Smart 3D<\/li>\n<\/ul>\n","protected":false},"excerpt":{"rendered":"<p>L&#8217;aide auditive ReSound One 961 DRW 312 est un appareil auditif en contour d&#8217;oreille \u00e0 \u00e9couteur d\u00e9port\u00e9 RIC haut de gamme fonctionnant avec des piles auditives 312 (autonomie moyenne de 100h). Elle poss\u00e8de 17 canaux de r\u00e9glages, un bouton poussoir, une connexion Bluetooth et est certifi\u00e9e IP68. Ce mod\u00e8le fait partie de la nouvelle gamme [&hellip;]<\/p>\n","protected":false},"featured_media":20839,"template":"","meta":{"_acf_changed":false},"product_brand":[],"product_cat":[2684,2685],"product_tag":[],"class_list":{"0":"post-24713","1":"product","2":"type-product","3":"status-publish","4":"has-post-thumbnail","6":"product_cat-offre-premium-fr-be","7":"product_cat-resound-fr-be","9":"first","10":"instock","11":"taxable","12":"shipping-taxable","13":"purchasable","14":"product-type-simple"},"acf":[],"yoast_head":"<!-- This site is optimized with the Yoast SEO plugin v27.1.1 - https:\/\/yoast.com\/product\/yoast-seo-wordpress\/ -->\n<title>Appareil auditif Resound One 961 DRW 312 \u00e0 2100\u20ac - Unisson Belgique<\/title>\n<meta name=\"description\" content=\"D\u00e9couvrez le ReSound ONE 961 DRW 312 chez Unisson Belgique. Qualit\u00e9 sonore exceptionnelle pour une audition claire, \u00e0 un prix comp\u00e9titif.\" \/>\n<meta name=\"robots\" content=\"index, follow, max-snippet:-1, max-image-preview:large, max-video-preview:-1\" \/>\n<link rel=\"canonical\" href=\"https:\/\/www.laboratoires-unisson.com\/fr-be\/wp-json\/wp\/v2\/product\/24713\" \/>\n<meta property=\"og:locale\" content=\"fr_FR\" \/>\n<meta property=\"og:type\" content=\"article\" \/>\n<meta property=\"og:title\" content=\"One 961 DRW 312 - Laboratoires Unisson\" \/>\n<meta property=\"og:description\" content=\"D\u00e9couvrez le ReSound ONE 961 DRW 312 chez Unisson Belgique. Qualit\u00e9 sonore exceptionnelle pour une audition claire, \u00e0 un prix comp\u00e9titif.\" \/>\n<meta property=\"og:url\" content=\"https:\/\/www.laboratoires-unisson.com\/fr-be\/produit\/appareils-auditifs\/resound\/one-961-drw-312\" \/>\n<meta property=\"og:site_name\" content=\"Laboratoires Unisson\" \/>\n<meta property=\"article:modified_time\" content=\"2025-12-03T09:09:36+00:00\" \/>\n<meta property=\"og:image\" content=\"https:\/\/www.laboratoires-unisson.com\/wp-content\/uploads\/2022\/05\/Resound-One-961-DRW-312.png\" \/>\n\t<meta property=\"og:image:width\" content=\"400\" \/>\n\t<meta property=\"og:image:height\" content=\"400\" \/>\n\t<meta property=\"og:image:type\" content=\"image\/png\" \/>\n<meta name=\"twitter:card\" content=\"summary_large_image\" \/>\n<meta name=\"twitter:label1\" content=\"Est. reading time\" \/>\n\t<meta name=\"twitter:data1\" content=\"1 minute\" \/>\n<script type=\"application\/ld+json\" class=\"yoast-schema-graph\">{\"@context\":\"https:\/\/schema.org\",\"@graph\":[{\"@type\":\"WebPage\",\"@id\":\"https:\/\/www.laboratoires-unisson.com\/fr-be\/produit\/appareils-auditifs\/resound\/one-961-drw-312\",\"url\":\"https:\/\/www.laboratoires-unisson.com\/fr-be\/produit\/appareils-auditifs\/resound\/one-961-drw-312\",\"name\":\"One 961 DRW 312 - Laboratoires Unisson\",\"isPartOf\":{\"@id\":\"https:\/\/www.laboratoires-unisson.com\/fr-be#website\"},\"primaryImageOfPage\":{\"@id\":\"https:\/\/www.laboratoires-unisson.com\/fr-be\/produit\/appareils-auditifs\/resound\/one-961-drw-312#primaryimage\"},\"image\":{\"@id\":\"https:\/\/www.laboratoires-unisson.com\/fr-be\/produit\/appareils-auditifs\/resound\/one-961-drw-312#primaryimage\"},\"thumbnailUrl\":\"https:\/\/www.laboratoires-unisson.com\/wp-content\/uploads\/2022\/05\/Resound-One-961-DRW-312.png\",\"datePublished\":\"2022-05-02T12:55:46+00:00\",\"dateModified\":\"2025-12-03T09:09:36+00:00\",\"description\":\"D\u00e9couvrez le ReSound ONE 961 DRW 312 chez Unisson Belgique. Qualit\u00e9 sonore exceptionnelle pour une audition claire, \u00e0 un prix comp\u00e9titif.\",\"breadcrumb\":{\"@id\":\"https:\/\/www.laboratoires-unisson.com\/fr-be\/produit\/appareils-auditifs\/resound\/one-961-drw-312#breadcrumb\"},\"inLanguage\":\"fr-BE\",\"potentialAction\":[{\"@type\":\"ReadAction\",\"target\":[\"https:\/\/www.laboratoires-unisson.com\/fr-be\/produit\/appareils-auditifs\/resound\/one-961-drw-312\"]}]},{\"@type\":\"ImageObject\",\"inLanguage\":\"fr-BE\",\"@id\":\"https:\/\/www.laboratoires-unisson.com\/fr-be\/produit\/appareils-auditifs\/resound\/one-961-drw-312#primaryimage\",\"url\":\"https:\/\/www.laboratoires-unisson.com\/wp-content\/uploads\/2022\/05\/Resound-One-961-DRW-312.png\",\"contentUrl\":\"https:\/\/www.laboratoires-unisson.com\/wp-content\/uploads\/2022\/05\/Resound-One-961-DRW-312.png\",\"width\":400,\"height\":400},{\"@type\":\"BreadcrumbList\",\"@id\":\"https:\/\/www.laboratoires-unisson.com\/fr-be\/produit\/appareils-auditifs\/resound\/one-961-drw-312#breadcrumb\",\"itemListElement\":[{\"@type\":\"ListItem\",\"position\":1,\"name\":\"Shop\",\"item\":\"https:\/\/www.laboratoires-unisson.com\/fr-be\/shop\"},{\"@type\":\"ListItem\",\"position\":2,\"name\":\"One 961 DRW 312\"}]},{\"@type\":\"WebSite\",\"@id\":\"https:\/\/www.laboratoires-unisson.com\/fr-be#website\",\"url\":\"https:\/\/www.laboratoires-unisson.com\/fr-be\",\"name\":\"Laboratoires Unisson\",\"description\":\"Appareil auditif et proth\u00e8se auditive Moins Cher jusqu&#039;\u00e0 -40%\",\"publisher\":{\"@id\":\"https:\/\/www.laboratoires-unisson.com\/fr-be#organization\"},\"potentialAction\":[{\"@type\":\"SearchAction\",\"target\":{\"@type\":\"EntryPoint\",\"urlTemplate\":\"https:\/\/www.laboratoires-unisson.com\/fr-be?s={search_term_string}\"},\"query-input\":{\"@type\":\"PropertyValueSpecification\",\"valueRequired\":true,\"valueName\":\"search_term_string\"}}],\"inLanguage\":\"fr-BE\"},{\"@type\":\"Organization\",\"@id\":\"https:\/\/www.laboratoires-unisson.com\/fr-be#organization\",\"name\":\"Laboratoires Unisson\",\"url\":\"https:\/\/www.laboratoires-unisson.com\/fr-be\",\"logo\":{\"@type\":\"ImageObject\",\"inLanguage\":\"fr-BE\",\"@id\":\"https:\/\/www.laboratoires-unisson.com\/fr-be#\/schema\/logo\/image\/\",\"url\":\"https:\/\/www.laboratoires-unisson.com\/wp-content\/uploads\/2022\/01\/logo-unisson.svg\",\"contentUrl\":\"https:\/\/www.laboratoires-unisson.com\/wp-content\/uploads\/2022\/01\/logo-unisson.svg\",\"width\":1,\"height\":1,\"caption\":\"Laboratoires Unisson\"},\"image\":{\"@id\":\"https:\/\/www.laboratoires-unisson.com\/fr-be#\/schema\/logo\/image\/\"}}]}<\/script>\n<!-- \/ Yoast SEO plugin. -->","yoast_head_json":{"title":"Appareil auditif Resound One 961 DRW 312 \u00e0 2100\u20ac - Unisson Belgique","description":"D\u00e9couvrez le ReSound ONE 961 DRW 312 chez Unisson Belgique. Qualit\u00e9 sonore exceptionnelle pour une audition claire, \u00e0 un prix comp\u00e9titif.","robots":{"index":"index","follow":"follow","max-snippet":"max-snippet:-1","max-image-preview":"max-image-preview:large","max-video-preview":"max-video-preview:-1"},"canonical":"https:\/\/www.laboratoires-unisson.com\/fr-be\/wp-json\/wp\/v2\/product\/24713","og_locale":"fr_FR","og_type":"article","og_title":"One 961 DRW 312 - Laboratoires Unisson","og_description":"D\u00e9couvrez le ReSound ONE 961 DRW 312 chez Unisson Belgique. Qualit\u00e9 sonore exceptionnelle pour une audition claire, \u00e0 un prix comp\u00e9titif.","og_url":"https:\/\/www.laboratoires-unisson.com\/fr-be\/produit\/appareils-auditifs\/resound\/one-961-drw-312","og_site_name":"Laboratoires Unisson","article_modified_time":"2025-12-03T09:09:36+00:00","og_image":[{"width":400,"height":400,"url":"https:\/\/www.laboratoires-unisson.com\/wp-content\/uploads\/2022\/05\/Resound-One-961-DRW-312.png","type":"image\/png"}],"twitter_card":"summary_large_image","twitter_misc":{"Est. reading time":"1 minute"},"schema":{"@context":"https:\/\/schema.org","@graph":[{"@type":"WebPage","@id":"https:\/\/www.laboratoires-unisson.com\/fr-be\/produit\/appareils-auditifs\/resound\/one-961-drw-312","url":"https:\/\/www.laboratoires-unisson.com\/fr-be\/produit\/appareils-auditifs\/resound\/one-961-drw-312","name":"One 961 DRW 312 - Laboratoires Unisson","isPartOf":{"@id":"https:\/\/www.laboratoires-unisson.com\/fr-be#website"},"primaryImageOfPage":{"@id":"https:\/\/www.laboratoires-unisson.com\/fr-be\/produit\/appareils-auditifs\/resound\/one-961-drw-312#primaryimage"},"image":{"@id":"https:\/\/www.laboratoires-unisson.com\/fr-be\/produit\/appareils-auditifs\/resound\/one-961-drw-312#primaryimage"},"thumbnailUrl":"https:\/\/www.laboratoires-unisson.com\/wp-content\/uploads\/2022\/05\/Resound-One-961-DRW-312.png","datePublished":"2022-05-02T12:55:46+00:00","dateModified":"2025-12-03T09:09:36+00:00","description":"D\u00e9couvrez le ReSound ONE 961 DRW 312 chez Unisson Belgique. Qualit\u00e9 sonore exceptionnelle pour une audition claire, \u00e0 un prix comp\u00e9titif.","breadcrumb":{"@id":"https:\/\/www.laboratoires-unisson.com\/fr-be\/produit\/appareils-auditifs\/resound\/one-961-drw-312#breadcrumb"},"inLanguage":"fr-BE","potentialAction":[{"@type":"ReadAction","target":["https:\/\/www.laboratoires-unisson.com\/fr-be\/produit\/appareils-auditifs\/resound\/one-961-drw-312"]}]},{"@type":"ImageObject","inLanguage":"fr-BE","@id":"https:\/\/www.laboratoires-unisson.com\/fr-be\/produit\/appareils-auditifs\/resound\/one-961-drw-312#primaryimage","url":"https:\/\/www.laboratoires-unisson.com\/wp-content\/uploads\/2022\/05\/Resound-One-961-DRW-312.png","contentUrl":"https:\/\/www.laboratoires-unisson.com\/wp-content\/uploads\/2022\/05\/Resound-One-961-DRW-312.png","width":400,"height":400},{"@type":"BreadcrumbList","@id":"https:\/\/www.laboratoires-unisson.com\/fr-be\/produit\/appareils-auditifs\/resound\/one-961-drw-312#breadcrumb","itemListElement":[{"@type":"ListItem","position":1,"name":"Shop","item":"https:\/\/www.laboratoires-unisson.com\/fr-be\/shop"},{"@type":"ListItem","position":2,"name":"One 961 DRW 312"}]},{"@type":"WebSite","@id":"https:\/\/www.laboratoires-unisson.com\/fr-be#website","url":"https:\/\/www.laboratoires-unisson.com\/fr-be","name":"Laboratoires Unisson","description":"Appareil auditif et proth\u00e8se auditive Moins Cher jusqu&#039;\u00e0 -40%","publisher":{"@id":"https:\/\/www.laboratoires-unisson.com\/fr-be#organization"},"potentialAction":[{"@type":"SearchAction","target":{"@type":"EntryPoint","urlTemplate":"https:\/\/www.laboratoires-unisson.com\/fr-be?s={search_term_string}"},"query-input":{"@type":"PropertyValueSpecification","valueRequired":true,"valueName":"search_term_string"}}],"inLanguage":"fr-BE"},{"@type":"Organization","@id":"https:\/\/www.laboratoires-unisson.com\/fr-be#organization","name":"Laboratoires Unisson","url":"https:\/\/www.laboratoires-unisson.com\/fr-be","logo":{"@type":"ImageObject","inLanguage":"fr-BE","@id":"https:\/\/www.laboratoires-unisson.com\/fr-be#\/schema\/logo\/image\/","url":"https:\/\/www.laboratoires-unisson.com\/wp-content\/uploads\/2022\/01\/logo-unisson.svg","contentUrl":"https:\/\/www.laboratoires-unisson.com\/wp-content\/uploads\/2022\/01\/logo-unisson.svg","width":1,"height":1,"caption":"Laboratoires Unisson"},"image":{"@id":"https:\/\/www.laboratoires-unisson.com\/fr-be#\/schema\/logo\/image\/"}}]}},"_links":{"self":[{"href":"https:\/\/www.laboratoires-unisson.com\/fr-be\/wp-json\/wp\/v2\/product\/24713","targetHints":{"allow":["GET"]}}],"collection":[{"href":"https:\/\/www.laboratoires-unisson.com\/fr-be\/wp-json\/wp\/v2\/product"}],"about":[{"href":"https:\/\/www.laboratoires-unisson.com\/fr-be\/wp-json\/wp\/v2\/types\/product"}],"wp:featuredmedia":[{"embeddable":true,"href":"https:\/\/www.laboratoires-unisson.com\/fr-be\/wp-json\/wp\/v2\/media\/20839"}],"wp:attachment":[{"href":"https:\/\/www.laboratoires-unisson.com\/fr-be\/wp-json\/wp\/v2\/media?parent=24713"}],"wp:term":[{"taxonomy":"product_brand","embeddable":true,"href":"https:\/\/www.laboratoires-unisson.com\/fr-be\/wp-json\/wp\/v2\/product_brand?post=24713"},{"taxonomy":"product_cat","embeddable":true,"href":"https:\/\/www.laboratoires-unisson.com\/fr-be\/wp-json\/wp\/v2\/product_cat?post=24713"},{"taxonomy":"product_tag","embeddable":true,"href":"https:\/\/www.laboratoires-unisson.com\/fr-be\/wp-json\/wp\/v2\/product_tag?post=24713"}],"curies":[{"name":"wp","href":"https:\/\/api.w.org\/{rel}","templated":true}]}}