{"id":24714,"date":"2022-05-02T14:55:44","date_gmt":"2022-05-02T12:55:44","guid":{"rendered":"https:\/\/www.laboratoires-unisson.com\/produit\/one-761-drwc"},"modified":"2025-12-03T10:09:37","modified_gmt":"2025-12-03T09:09:37","slug":"one-761-drwc","status":"publish","type":"product","link":"https:\/\/www.laboratoires-unisson.com\/fr-be\/produit\/appareils-auditifs\/resound\/one-761-drwc","title":{"rendered":"One 761 DRWC"},"content":{"rendered":"<p>L&#8217;aide auditive ReSound One 761 DRWC est un <strong>appareil auditif en contour d&#8217;oreille \u00e0 \u00e9couteur d\u00e9port\u00e9 RIC haut de gamme fonctionnant avec une batterie rechargeable Lithium-ion<\/strong>.<\/p>\n<h3>La gamme d&#8217;aides auditives ReSound One<\/h3>\n<p>Cette nouvelle gamme\u00a0<a href=\"https:\/\/www.laboratoires-unisson.com\/fr-be\/appareils-auditifs\/marques\/resound\/one\">ReSound One<\/a> est r\u00e9volutionnaire. L&#8217;ajout d&#8217;un 3\u00e8me microphone, directement plac\u00e9 dans l&#8217;oreille, offre une exp\u00e9rience auditive exceptionnelle. La localisation des sons est meilleure offrant ainsi une clart\u00e9 d&#8217;\u00e9coute excellente et une audition plus riche et naturelle.<\/p>\n<h4>Microphone M&amp;RIE<\/h4>\n<p>Le nouveau microphone, nomm\u00e9 M&amp;RIE (Microphone &amp; Receiver-In-Ear) combine les deux microphones traditionnels avec un troisi\u00e8me qui se place dans le conduit auditif pour aider les patients \u00e0 entendre avec plus de profondeur.<\/p>\n<h4>Directionnalit\u00e9<\/h4>\n<p>La fonctionnalit\u00e9 &#8216;All Access Directionality&#8217; s&#8217;ajuste automatiquement afin que vous entendiez plus efficacement dans n&#8217;importe quel environnement.<\/p>\n<h4>La meilleure exp\u00e9rience auditive en t\u00eate-\u00e0-t\u00eate<\/h4>\n<p>Gr\u00e2ce \u00e0 l&#8217;Ultra Focus, vous vous concentrez sur la parole. Cette fonctionnalit\u00e9 vous aide \u00e0 entendre la parole avec facilit\u00e9, m\u00eame dans les environnements les plus bruyants. Les bruits de fond sont att\u00e9nu\u00e9s, votre effort d&#8217;\u00e9coute r\u00e9duit.<\/p>\n<h3>Caract\u00e9ristiques du mod\u00e8le ReSound One 761 DRWC<\/h3>\n<ul>\n<li>14 canaux de r\u00e9glages<\/li>\n<li>Bouton poussoir<\/li>\n<li>\u00c9tanch\u00e9it\u00e9 IP68<\/li>\n<li>Batterie rechargeable lithium-ion<\/li>\n<li>Anti larsen<\/li>\n<li>Adaptation progressive des gains<\/li>\n<li>R\u00e9ducteur de bruit<\/li>\n<li>R\u00e9ducteur de bruit impulsionnel<\/li>\n<li>R\u00e9ducteur de bruit de vent<\/li>\n<li>Connexion Bluetooth made for iPhone<\/li>\n<li>Application mobile ReSound Smart 3D<\/li>\n<\/ul>\n<p>Des nombreux accessoires sont disponibles pour am\u00e9liorer votre exp\u00e9rience auditive :<\/p>\n<ul>\n<li>TV Streamer,<\/li>\n<li>Remote Control,<\/li>\n<li>Phone Clip+,<\/li>\n<li>Micro Mic,<\/li>\n<li>Multi Mic<\/li>\n<\/ul>\n","protected":false},"excerpt":{"rendered":"<p>L&#8217;aide auditive ReSound One 761 DRWC est un appareil auditif en contour d&#8217;oreille \u00e0 \u00e9couteur d\u00e9port\u00e9 RIC haut de gamme fonctionnant avec une batterie rechargeable Lithium-ion. La gamme d&#8217;aides auditives ReSound One Cette nouvelle gamme\u00a0ReSound One est r\u00e9volutionnaire. L&#8217;ajout d&#8217;un 3\u00e8me microphone, directement plac\u00e9 dans l&#8217;oreille, offre une exp\u00e9rience auditive exceptionnelle. La localisation des sons [&hellip;]<\/p>\n","protected":false},"featured_media":19233,"template":"","meta":{"_acf_changed":false},"product_brand":[],"product_cat":[2685],"product_tag":[],"class_list":{"0":"post-24714","1":"product","2":"type-product","3":"status-publish","4":"has-post-thumbnail","6":"product_cat-resound-fr-be","8":"first","9":"instock","10":"taxable","11":"shipping-taxable","12":"purchasable","13":"product-type-simple"},"acf":[],"yoast_head":"<!-- This site is optimized with the Yoast SEO plugin v27.1.1 - https:\/\/yoast.com\/product\/yoast-seo-wordpress\/ -->\n<title>Appareil auditif Resound One 761 DRWC \u00e0 1900\u20ac - Unisson Belgique<\/title>\n<meta name=\"description\" content=\"Besoin d&#039;un appareil auditif avanc\u00e9 ? D\u00e9couvrez le ReSound ONE 761 DRWC pour une exp\u00e9rience auditive claire et naturelle. Obtenez-le au meilleur prix.\" \/>\n<meta name=\"robots\" content=\"index, follow, max-snippet:-1, max-image-preview:large, max-video-preview:-1\" \/>\n<link rel=\"canonical\" href=\"https:\/\/www.laboratoires-unisson.com\/fr-be\/wp-json\/wp\/v2\/product\/24714\" \/>\n<meta property=\"og:locale\" content=\"fr_FR\" \/>\n<meta property=\"og:type\" content=\"article\" \/>\n<meta property=\"og:title\" content=\"One 761 DRWC - Laboratoires Unisson\" \/>\n<meta property=\"og:description\" content=\"Besoin d&#039;un appareil auditif avanc\u00e9 ? D\u00e9couvrez le ReSound ONE 761 DRWC pour une exp\u00e9rience auditive claire et naturelle. Obtenez-le au meilleur prix.\" \/>\n<meta property=\"og:url\" content=\"https:\/\/www.laboratoires-unisson.com\/fr-be\/produit\/appareils-auditifs\/resound\/one-761-drwc\" \/>\n<meta property=\"og:site_name\" content=\"Laboratoires Unisson\" \/>\n<meta property=\"article:modified_time\" content=\"2025-12-03T09:09:37+00:00\" \/>\n<meta property=\"og:image\" content=\"https:\/\/www.laboratoires-unisson.com\/wp-content\/uploads\/2022\/05\/one-761-drwc.png\" \/>\n\t<meta property=\"og:image:width\" content=\"400\" \/>\n\t<meta property=\"og:image:height\" content=\"400\" \/>\n\t<meta property=\"og:image:type\" content=\"image\/png\" \/>\n<meta name=\"twitter:card\" content=\"summary_large_image\" \/>\n<meta name=\"twitter:label1\" content=\"Est. reading time\" \/>\n\t<meta name=\"twitter:data1\" content=\"2 minutes\" \/>\n<script type=\"application\/ld+json\" class=\"yoast-schema-graph\">{\"@context\":\"https:\/\/schema.org\",\"@graph\":[{\"@type\":\"WebPage\",\"@id\":\"https:\/\/www.laboratoires-unisson.com\/fr-be\/produit\/appareils-auditifs\/resound\/one-761-drwc\",\"url\":\"https:\/\/www.laboratoires-unisson.com\/fr-be\/produit\/appareils-auditifs\/resound\/one-761-drwc\",\"name\":\"One 761 DRWC - Laboratoires Unisson\",\"isPartOf\":{\"@id\":\"https:\/\/www.laboratoires-unisson.com\/fr-be#website\"},\"primaryImageOfPage\":{\"@id\":\"https:\/\/www.laboratoires-unisson.com\/fr-be\/produit\/appareils-auditifs\/resound\/one-761-drwc#primaryimage\"},\"image\":{\"@id\":\"https:\/\/www.laboratoires-unisson.com\/fr-be\/produit\/appareils-auditifs\/resound\/one-761-drwc#primaryimage\"},\"thumbnailUrl\":\"https:\/\/www.laboratoires-unisson.com\/wp-content\/uploads\/2022\/05\/one-761-drwc.png\",\"datePublished\":\"2022-05-02T12:55:44+00:00\",\"dateModified\":\"2025-12-03T09:09:37+00:00\",\"description\":\"Besoin d'un appareil auditif avanc\u00e9 ? D\u00e9couvrez le ReSound ONE 761 DRWC pour une exp\u00e9rience auditive claire et naturelle. Obtenez-le au meilleur prix.\",\"breadcrumb\":{\"@id\":\"https:\/\/www.laboratoires-unisson.com\/fr-be\/produit\/appareils-auditifs\/resound\/one-761-drwc#breadcrumb\"},\"inLanguage\":\"fr-BE\",\"potentialAction\":[{\"@type\":\"ReadAction\",\"target\":[\"https:\/\/www.laboratoires-unisson.com\/fr-be\/produit\/appareils-auditifs\/resound\/one-761-drwc\"]}]},{\"@type\":\"ImageObject\",\"inLanguage\":\"fr-BE\",\"@id\":\"https:\/\/www.laboratoires-unisson.com\/fr-be\/produit\/appareils-auditifs\/resound\/one-761-drwc#primaryimage\",\"url\":\"https:\/\/www.laboratoires-unisson.com\/wp-content\/uploads\/2022\/05\/one-761-drwc.png\",\"contentUrl\":\"https:\/\/www.laboratoires-unisson.com\/wp-content\/uploads\/2022\/05\/one-761-drwc.png\",\"width\":400,\"height\":400},{\"@type\":\"BreadcrumbList\",\"@id\":\"https:\/\/www.laboratoires-unisson.com\/fr-be\/produit\/appareils-auditifs\/resound\/one-761-drwc#breadcrumb\",\"itemListElement\":[{\"@type\":\"ListItem\",\"position\":1,\"name\":\"Shop\",\"item\":\"https:\/\/www.laboratoires-unisson.com\/fr-be\/shop\"},{\"@type\":\"ListItem\",\"position\":2,\"name\":\"One 761 DRWC\"}]},{\"@type\":\"WebSite\",\"@id\":\"https:\/\/www.laboratoires-unisson.com\/fr-be#website\",\"url\":\"https:\/\/www.laboratoires-unisson.com\/fr-be\",\"name\":\"Laboratoires Unisson\",\"description\":\"Appareil auditif et proth\u00e8se auditive Moins Cher jusqu&#039;\u00e0 -40%\",\"publisher\":{\"@id\":\"https:\/\/www.laboratoires-unisson.com\/fr-be#organization\"},\"potentialAction\":[{\"@type\":\"SearchAction\",\"target\":{\"@type\":\"EntryPoint\",\"urlTemplate\":\"https:\/\/www.laboratoires-unisson.com\/fr-be?s={search_term_string}\"},\"query-input\":{\"@type\":\"PropertyValueSpecification\",\"valueRequired\":true,\"valueName\":\"search_term_string\"}}],\"inLanguage\":\"fr-BE\"},{\"@type\":\"Organization\",\"@id\":\"https:\/\/www.laboratoires-unisson.com\/fr-be#organization\",\"name\":\"Laboratoires Unisson\",\"url\":\"https:\/\/www.laboratoires-unisson.com\/fr-be\",\"logo\":{\"@type\":\"ImageObject\",\"inLanguage\":\"fr-BE\",\"@id\":\"https:\/\/www.laboratoires-unisson.com\/fr-be#\/schema\/logo\/image\/\",\"url\":\"https:\/\/www.laboratoires-unisson.com\/wp-content\/uploads\/2022\/01\/logo-unisson.svg\",\"contentUrl\":\"https:\/\/www.laboratoires-unisson.com\/wp-content\/uploads\/2022\/01\/logo-unisson.svg\",\"width\":1,\"height\":1,\"caption\":\"Laboratoires Unisson\"},\"image\":{\"@id\":\"https:\/\/www.laboratoires-unisson.com\/fr-be#\/schema\/logo\/image\/\"}}]}<\/script>\n<!-- \/ Yoast SEO plugin. -->","yoast_head_json":{"title":"Appareil auditif Resound One 761 DRWC \u00e0 1900\u20ac - Unisson Belgique","description":"Besoin d'un appareil auditif avanc\u00e9 ? D\u00e9couvrez le ReSound ONE 761 DRWC pour une exp\u00e9rience auditive claire et naturelle. Obtenez-le au meilleur prix.","robots":{"index":"index","follow":"follow","max-snippet":"max-snippet:-1","max-image-preview":"max-image-preview:large","max-video-preview":"max-video-preview:-1"},"canonical":"https:\/\/www.laboratoires-unisson.com\/fr-be\/wp-json\/wp\/v2\/product\/24714","og_locale":"fr_FR","og_type":"article","og_title":"One 761 DRWC - Laboratoires Unisson","og_description":"Besoin d'un appareil auditif avanc\u00e9 ? D\u00e9couvrez le ReSound ONE 761 DRWC pour une exp\u00e9rience auditive claire et naturelle. Obtenez-le au meilleur prix.","og_url":"https:\/\/www.laboratoires-unisson.com\/fr-be\/produit\/appareils-auditifs\/resound\/one-761-drwc","og_site_name":"Laboratoires Unisson","article_modified_time":"2025-12-03T09:09:37+00:00","og_image":[{"width":400,"height":400,"url":"https:\/\/www.laboratoires-unisson.com\/wp-content\/uploads\/2022\/05\/one-761-drwc.png","type":"image\/png"}],"twitter_card":"summary_large_image","twitter_misc":{"Est. reading time":"2 minutes"},"schema":{"@context":"https:\/\/schema.org","@graph":[{"@type":"WebPage","@id":"https:\/\/www.laboratoires-unisson.com\/fr-be\/produit\/appareils-auditifs\/resound\/one-761-drwc","url":"https:\/\/www.laboratoires-unisson.com\/fr-be\/produit\/appareils-auditifs\/resound\/one-761-drwc","name":"One 761 DRWC - Laboratoires Unisson","isPartOf":{"@id":"https:\/\/www.laboratoires-unisson.com\/fr-be#website"},"primaryImageOfPage":{"@id":"https:\/\/www.laboratoires-unisson.com\/fr-be\/produit\/appareils-auditifs\/resound\/one-761-drwc#primaryimage"},"image":{"@id":"https:\/\/www.laboratoires-unisson.com\/fr-be\/produit\/appareils-auditifs\/resound\/one-761-drwc#primaryimage"},"thumbnailUrl":"https:\/\/www.laboratoires-unisson.com\/wp-content\/uploads\/2022\/05\/one-761-drwc.png","datePublished":"2022-05-02T12:55:44+00:00","dateModified":"2025-12-03T09:09:37+00:00","description":"Besoin d'un appareil auditif avanc\u00e9 ? D\u00e9couvrez le ReSound ONE 761 DRWC pour une exp\u00e9rience auditive claire et naturelle. Obtenez-le au meilleur prix.","breadcrumb":{"@id":"https:\/\/www.laboratoires-unisson.com\/fr-be\/produit\/appareils-auditifs\/resound\/one-761-drwc#breadcrumb"},"inLanguage":"fr-BE","potentialAction":[{"@type":"ReadAction","target":["https:\/\/www.laboratoires-unisson.com\/fr-be\/produit\/appareils-auditifs\/resound\/one-761-drwc"]}]},{"@type":"ImageObject","inLanguage":"fr-BE","@id":"https:\/\/www.laboratoires-unisson.com\/fr-be\/produit\/appareils-auditifs\/resound\/one-761-drwc#primaryimage","url":"https:\/\/www.laboratoires-unisson.com\/wp-content\/uploads\/2022\/05\/one-761-drwc.png","contentUrl":"https:\/\/www.laboratoires-unisson.com\/wp-content\/uploads\/2022\/05\/one-761-drwc.png","width":400,"height":400},{"@type":"BreadcrumbList","@id":"https:\/\/www.laboratoires-unisson.com\/fr-be\/produit\/appareils-auditifs\/resound\/one-761-drwc#breadcrumb","itemListElement":[{"@type":"ListItem","position":1,"name":"Shop","item":"https:\/\/www.laboratoires-unisson.com\/fr-be\/shop"},{"@type":"ListItem","position":2,"name":"One 761 DRWC"}]},{"@type":"WebSite","@id":"https:\/\/www.laboratoires-unisson.com\/fr-be#website","url":"https:\/\/www.laboratoires-unisson.com\/fr-be","name":"Laboratoires Unisson","description":"Appareil auditif et proth\u00e8se auditive Moins Cher jusqu&#039;\u00e0 -40%","publisher":{"@id":"https:\/\/www.laboratoires-unisson.com\/fr-be#organization"},"potentialAction":[{"@type":"SearchAction","target":{"@type":"EntryPoint","urlTemplate":"https:\/\/www.laboratoires-unisson.com\/fr-be?s={search_term_string}"},"query-input":{"@type":"PropertyValueSpecification","valueRequired":true,"valueName":"search_term_string"}}],"inLanguage":"fr-BE"},{"@type":"Organization","@id":"https:\/\/www.laboratoires-unisson.com\/fr-be#organization","name":"Laboratoires Unisson","url":"https:\/\/www.laboratoires-unisson.com\/fr-be","logo":{"@type":"ImageObject","inLanguage":"fr-BE","@id":"https:\/\/www.laboratoires-unisson.com\/fr-be#\/schema\/logo\/image\/","url":"https:\/\/www.laboratoires-unisson.com\/wp-content\/uploads\/2022\/01\/logo-unisson.svg","contentUrl":"https:\/\/www.laboratoires-unisson.com\/wp-content\/uploads\/2022\/01\/logo-unisson.svg","width":1,"height":1,"caption":"Laboratoires Unisson"},"image":{"@id":"https:\/\/www.laboratoires-unisson.com\/fr-be#\/schema\/logo\/image\/"}}]}},"_links":{"self":[{"href":"https:\/\/www.laboratoires-unisson.com\/fr-be\/wp-json\/wp\/v2\/product\/24714","targetHints":{"allow":["GET"]}}],"collection":[{"href":"https:\/\/www.laboratoires-unisson.com\/fr-be\/wp-json\/wp\/v2\/product"}],"about":[{"href":"https:\/\/www.laboratoires-unisson.com\/fr-be\/wp-json\/wp\/v2\/types\/product"}],"wp:featuredmedia":[{"embeddable":true,"href":"https:\/\/www.laboratoires-unisson.com\/fr-be\/wp-json\/wp\/v2\/media\/19233"}],"wp:attachment":[{"href":"https:\/\/www.laboratoires-unisson.com\/fr-be\/wp-json\/wp\/v2\/media?parent=24714"}],"wp:term":[{"taxonomy":"product_brand","embeddable":true,"href":"https:\/\/www.laboratoires-unisson.com\/fr-be\/wp-json\/wp\/v2\/product_brand?post=24714"},{"taxonomy":"product_cat","embeddable":true,"href":"https:\/\/www.laboratoires-unisson.com\/fr-be\/wp-json\/wp\/v2\/product_cat?post=24714"},{"taxonomy":"product_tag","embeddable":true,"href":"https:\/\/www.laboratoires-unisson.com\/fr-be\/wp-json\/wp\/v2\/product_tag?post=24714"}],"curies":[{"name":"wp","href":"https:\/\/api.w.org\/{rel}","templated":true}]}}