{"id":24716,"date":"2022-05-02T14:52:55","date_gmt":"2022-05-02T12:52:55","guid":{"rendered":"https:\/\/www.laboratoires-unisson.com\/produit\/audeo-naida-p90-pr"},"modified":"2025-12-03T10:09:38","modified_gmt":"2025-12-03T09:09:38","slug":"audeo-naida-p90-pr","status":"publish","type":"product","link":"https:\/\/www.laboratoires-unisson.com\/fr-be\/produit\/appareils-auditifs\/phonak\/audeo-naida-p90-pr","title":{"rendered":"Naida P90 PR"},"content":{"rendered":"<p>L&#8217;aide auditive Naida Paradise P90 PR du<a href=\"https:\/\/www.laboratoires-unisson.com\/fr-be\/appareils-auditifs\/marques\/phonak\"> fabricant suisse Phonak<\/a>, reconnu mondialement,\u00a0est un appareil en <strong>contour d&#8217;oreille classique BTE de classe II rechargeable et connect\u00e9<\/strong>. Il est recommand\u00e9 pour les patients ayant une perte auditive s\u00e9v\u00e8re \u00e0 profonde et offre des performances optimales gr\u00e2ce \u00e0 un gain sup\u00e9rieur \u00e0 30dB.<\/p>\n<p>Il poss\u00e8de <strong>20 canaux de r\u00e9glages et 64 bandes de filtrage<\/strong>. Il est dot\u00e9 de la derni\u00e8re <strong>puce PRISM <\/strong>permettant de s&#8217;adapter automatiquement \u00e0 chaque son. C&#8217;est un <strong>mod\u00e8le rechargeable<\/strong> qui fonctionne avec une batterie lithium-ion apportant un grand confort de manipulation et d&#8217;autonomie.<\/p>\n<p>Il est \u00e9galement \u00e9quip\u00e9 d&#8217;une <strong>connexion Bluetooth<\/strong> qui vous permettra de vous\u00a0connecter sans accessoire aux smartphones sous Android et iOS.<\/p>\n<p>L&#8217;appareil auditif Naida P90 PR est compatible avec plusieurs <strong>accessoires<\/strong>\u00a0:<\/p>\n<ul>\n<li><strong>Chargeur Premium<\/strong> : en seulement 3h de charge, obtenez 24h d&#8217;autonomie<\/li>\n<li><strong>TV Connector<\/strong> : accessoire sans fil qui connecte vos aides auditives Naida P90 directement \u00e0 votre t\u00e9l\u00e9vision<\/li>\n<li><strong>Remote Control<\/strong> : petite t\u00e9l\u00e9commande qui vous permet de contr\u00f4ler en toute discr\u00e9tion vos aides auditives<\/li>\n<\/ul>\n<p>Les appareils auditifs Naida Paradise sont compatibles avec l&#8217;<strong>application mobile myPhonak<\/strong> : suivi \u00e0 distance, configuration des appels t\u00e9l\u00e9phoniques, \u00e9tat de la charge, liste des accessoires connect\u00e9s, fonction t\u00e9l\u00e9commande, journal auditif&#8230; De nombreuses fonctionnalit\u00e9s sont disponibles pour enrichir votre exp\u00e9rience auditive.<\/p>\n<h4>Les fonctionnalit\u00e9s de l&#8217;aide auditive Phonak Naida P90 PR<\/h4>\n<ul>\n<li>64 bandes<\/li>\n<li>20 canaux de r\u00e9glages<\/li>\n<li>AutoSense OS 4.0 (parole en voiture, situation r\u00e9verb\u00e9rante, parole dans le bruit intense, musique, confort dans le bruit, parole dans le bruit, situation calme)<\/li>\n<li>Connexion Bluetooth<\/li>\n<li>Gestion du vent<\/li>\n<li>R\u00e9ducteur de bruit impulsionnel<\/li>\n<li>UltraZoom (localisation du bruit\/parole)<\/li>\n<li>Traitement Binaurale<\/li>\n<li>Anti acouph\u00e8nes<\/li>\n<li>Batterie lithium-ion<\/li>\n<\/ul>\n","protected":false},"excerpt":{"rendered":"<p>L&#8217;aide auditive Naida Paradise P90 PR du fabricant suisse Phonak, reconnu mondialement,\u00a0est un appareil en contour d&#8217;oreille classique BTE de classe II rechargeable et connect\u00e9. Il est recommand\u00e9 pour les patients ayant une perte auditive s\u00e9v\u00e8re \u00e0 profonde et offre des performances optimales gr\u00e2ce \u00e0 un gain sup\u00e9rieur \u00e0 30dB. Il poss\u00e8de 20 canaux de [&hellip;]<\/p>\n","protected":false},"featured_media":20824,"template":"","meta":{"_acf_changed":false},"product_brand":[],"product_cat":[2574],"product_tag":[],"class_list":{"0":"post-24716","1":"product","2":"type-product","3":"status-publish","4":"has-post-thumbnail","6":"product_cat-phonak-fr-be","8":"first","9":"instock","10":"taxable","11":"shipping-taxable","12":"purchasable","13":"product-type-simple"},"acf":[],"yoast_head":"<!-- This site is optimized with the Yoast SEO plugin v27.1.1 - https:\/\/yoast.com\/product\/yoast-seo-wordpress\/ -->\n<title>Appareil auditif Phonak Naida P90 PR \u00e0 2100\u20ac - Unisson Belgique<\/title>\n<meta name=\"description\" content=\"L&#039;aide auditive Naida Paradise P90 PR du fabricant suisse Phonak, reconnu mondialement,\u00a0est un appareil en contour d&#039;oreille classique BTE de classe II\" \/>\n<meta name=\"robots\" content=\"index, follow, max-snippet:-1, max-image-preview:large, max-video-preview:-1\" \/>\n<link rel=\"canonical\" href=\"https:\/\/www.laboratoires-unisson.com\/fr-be\/wp-json\/wp\/v2\/product\/24716\" \/>\n<meta property=\"og:locale\" content=\"fr_FR\" \/>\n<meta property=\"og:type\" content=\"article\" \/>\n<meta property=\"og:title\" content=\"Naida P90 PR - Laboratoires Unisson\" \/>\n<meta property=\"og:description\" content=\"L&#039;aide auditive Naida Paradise P90 PR du fabricant suisse Phonak, reconnu mondialement,\u00a0est un appareil en contour d&#039;oreille classique BTE de classe II\" \/>\n<meta property=\"og:url\" content=\"https:\/\/www.laboratoires-unisson.com\/fr-be\/produit\/appareils-auditifs\/phonak\/audeo-naida-p90-pr\" \/>\n<meta property=\"og:site_name\" content=\"Laboratoires Unisson\" \/>\n<meta property=\"article:modified_time\" content=\"2025-12-03T09:09:38+00:00\" \/>\n<meta property=\"og:image\" content=\"https:\/\/www.laboratoires-unisson.com\/wp-content\/uploads\/2022\/05\/Phonak-Audeo-Naida-P90-PR.png\" \/>\n\t<meta property=\"og:image:width\" content=\"450\" \/>\n\t<meta property=\"og:image:height\" content=\"500\" \/>\n\t<meta property=\"og:image:type\" content=\"image\/png\" \/>\n<meta name=\"twitter:card\" content=\"summary_large_image\" \/>\n<meta name=\"twitter:label1\" content=\"Est. reading time\" \/>\n\t<meta name=\"twitter:data1\" content=\"2 minutes\" \/>\n<script type=\"application\/ld+json\" class=\"yoast-schema-graph\">{\"@context\":\"https:\/\/schema.org\",\"@graph\":[{\"@type\":\"WebPage\",\"@id\":\"https:\/\/www.laboratoires-unisson.com\/fr-be\/produit\/appareils-auditifs\/phonak\/audeo-naida-p90-pr\",\"url\":\"https:\/\/www.laboratoires-unisson.com\/fr-be\/produit\/appareils-auditifs\/phonak\/audeo-naida-p90-pr\",\"name\":\"Naida P90 PR - Laboratoires Unisson\",\"isPartOf\":{\"@id\":\"https:\/\/www.laboratoires-unisson.com\/fr-be#website\"},\"primaryImageOfPage\":{\"@id\":\"https:\/\/www.laboratoires-unisson.com\/fr-be\/produit\/appareils-auditifs\/phonak\/audeo-naida-p90-pr#primaryimage\"},\"image\":{\"@id\":\"https:\/\/www.laboratoires-unisson.com\/fr-be\/produit\/appareils-auditifs\/phonak\/audeo-naida-p90-pr#primaryimage\"},\"thumbnailUrl\":\"https:\/\/www.laboratoires-unisson.com\/wp-content\/uploads\/2022\/05\/Phonak-Audeo-Naida-P90-PR.png\",\"datePublished\":\"2022-05-02T12:52:55+00:00\",\"dateModified\":\"2025-12-03T09:09:38+00:00\",\"description\":\"L'aide auditive Naida Paradise P90 PR du fabricant suisse Phonak, reconnu mondialement,\u00a0est un appareil en contour d'oreille classique BTE de classe II\",\"breadcrumb\":{\"@id\":\"https:\/\/www.laboratoires-unisson.com\/fr-be\/produit\/appareils-auditifs\/phonak\/audeo-naida-p90-pr#breadcrumb\"},\"inLanguage\":\"fr-BE\",\"potentialAction\":[{\"@type\":\"ReadAction\",\"target\":[\"https:\/\/www.laboratoires-unisson.com\/fr-be\/produit\/appareils-auditifs\/phonak\/audeo-naida-p90-pr\"]}]},{\"@type\":\"ImageObject\",\"inLanguage\":\"fr-BE\",\"@id\":\"https:\/\/www.laboratoires-unisson.com\/fr-be\/produit\/appareils-auditifs\/phonak\/audeo-naida-p90-pr#primaryimage\",\"url\":\"https:\/\/www.laboratoires-unisson.com\/wp-content\/uploads\/2022\/05\/Phonak-Audeo-Naida-P90-PR.png\",\"contentUrl\":\"https:\/\/www.laboratoires-unisson.com\/wp-content\/uploads\/2022\/05\/Phonak-Audeo-Naida-P90-PR.png\",\"width\":450,\"height\":500},{\"@type\":\"BreadcrumbList\",\"@id\":\"https:\/\/www.laboratoires-unisson.com\/fr-be\/produit\/appareils-auditifs\/phonak\/audeo-naida-p90-pr#breadcrumb\",\"itemListElement\":[{\"@type\":\"ListItem\",\"position\":1,\"name\":\"Shop\",\"item\":\"https:\/\/www.laboratoires-unisson.com\/fr-be\/shop\"},{\"@type\":\"ListItem\",\"position\":2,\"name\":\"Naida P90 PR\"}]},{\"@type\":\"WebSite\",\"@id\":\"https:\/\/www.laboratoires-unisson.com\/fr-be#website\",\"url\":\"https:\/\/www.laboratoires-unisson.com\/fr-be\",\"name\":\"Laboratoires Unisson\",\"description\":\"Appareil auditif et proth\u00e8se auditive Moins Cher jusqu&#039;\u00e0 -40%\",\"publisher\":{\"@id\":\"https:\/\/www.laboratoires-unisson.com\/fr-be#organization\"},\"potentialAction\":[{\"@type\":\"SearchAction\",\"target\":{\"@type\":\"EntryPoint\",\"urlTemplate\":\"https:\/\/www.laboratoires-unisson.com\/fr-be?s={search_term_string}\"},\"query-input\":{\"@type\":\"PropertyValueSpecification\",\"valueRequired\":true,\"valueName\":\"search_term_string\"}}],\"inLanguage\":\"fr-BE\"},{\"@type\":\"Organization\",\"@id\":\"https:\/\/www.laboratoires-unisson.com\/fr-be#organization\",\"name\":\"Laboratoires Unisson\",\"url\":\"https:\/\/www.laboratoires-unisson.com\/fr-be\",\"logo\":{\"@type\":\"ImageObject\",\"inLanguage\":\"fr-BE\",\"@id\":\"https:\/\/www.laboratoires-unisson.com\/fr-be#\/schema\/logo\/image\/\",\"url\":\"https:\/\/www.laboratoires-unisson.com\/wp-content\/uploads\/2022\/01\/logo-unisson.svg\",\"contentUrl\":\"https:\/\/www.laboratoires-unisson.com\/wp-content\/uploads\/2022\/01\/logo-unisson.svg\",\"width\":1,\"height\":1,\"caption\":\"Laboratoires Unisson\"},\"image\":{\"@id\":\"https:\/\/www.laboratoires-unisson.com\/fr-be#\/schema\/logo\/image\/\"}}]}<\/script>\n<!-- \/ Yoast SEO plugin. -->","yoast_head_json":{"title":"Appareil auditif Phonak Naida P90 PR \u00e0 2100\u20ac - Unisson Belgique","description":"L'aide auditive Naida Paradise P90 PR du fabricant suisse Phonak, reconnu mondialement,\u00a0est un appareil en contour d'oreille classique BTE de classe II","robots":{"index":"index","follow":"follow","max-snippet":"max-snippet:-1","max-image-preview":"max-image-preview:large","max-video-preview":"max-video-preview:-1"},"canonical":"https:\/\/www.laboratoires-unisson.com\/fr-be\/wp-json\/wp\/v2\/product\/24716","og_locale":"fr_FR","og_type":"article","og_title":"Naida P90 PR - Laboratoires Unisson","og_description":"L'aide auditive Naida Paradise P90 PR du fabricant suisse Phonak, reconnu mondialement,\u00a0est un appareil en contour d'oreille classique BTE de classe II","og_url":"https:\/\/www.laboratoires-unisson.com\/fr-be\/produit\/appareils-auditifs\/phonak\/audeo-naida-p90-pr","og_site_name":"Laboratoires Unisson","article_modified_time":"2025-12-03T09:09:38+00:00","og_image":[{"width":450,"height":500,"url":"https:\/\/www.laboratoires-unisson.com\/wp-content\/uploads\/2022\/05\/Phonak-Audeo-Naida-P90-PR.png","type":"image\/png"}],"twitter_card":"summary_large_image","twitter_misc":{"Est. reading time":"2 minutes"},"schema":{"@context":"https:\/\/schema.org","@graph":[{"@type":"WebPage","@id":"https:\/\/www.laboratoires-unisson.com\/fr-be\/produit\/appareils-auditifs\/phonak\/audeo-naida-p90-pr","url":"https:\/\/www.laboratoires-unisson.com\/fr-be\/produit\/appareils-auditifs\/phonak\/audeo-naida-p90-pr","name":"Naida P90 PR - Laboratoires Unisson","isPartOf":{"@id":"https:\/\/www.laboratoires-unisson.com\/fr-be#website"},"primaryImageOfPage":{"@id":"https:\/\/www.laboratoires-unisson.com\/fr-be\/produit\/appareils-auditifs\/phonak\/audeo-naida-p90-pr#primaryimage"},"image":{"@id":"https:\/\/www.laboratoires-unisson.com\/fr-be\/produit\/appareils-auditifs\/phonak\/audeo-naida-p90-pr#primaryimage"},"thumbnailUrl":"https:\/\/www.laboratoires-unisson.com\/wp-content\/uploads\/2022\/05\/Phonak-Audeo-Naida-P90-PR.png","datePublished":"2022-05-02T12:52:55+00:00","dateModified":"2025-12-03T09:09:38+00:00","description":"L'aide auditive Naida Paradise P90 PR du fabricant suisse Phonak, reconnu mondialement,\u00a0est un appareil en contour d'oreille classique BTE de classe II","breadcrumb":{"@id":"https:\/\/www.laboratoires-unisson.com\/fr-be\/produit\/appareils-auditifs\/phonak\/audeo-naida-p90-pr#breadcrumb"},"inLanguage":"fr-BE","potentialAction":[{"@type":"ReadAction","target":["https:\/\/www.laboratoires-unisson.com\/fr-be\/produit\/appareils-auditifs\/phonak\/audeo-naida-p90-pr"]}]},{"@type":"ImageObject","inLanguage":"fr-BE","@id":"https:\/\/www.laboratoires-unisson.com\/fr-be\/produit\/appareils-auditifs\/phonak\/audeo-naida-p90-pr#primaryimage","url":"https:\/\/www.laboratoires-unisson.com\/wp-content\/uploads\/2022\/05\/Phonak-Audeo-Naida-P90-PR.png","contentUrl":"https:\/\/www.laboratoires-unisson.com\/wp-content\/uploads\/2022\/05\/Phonak-Audeo-Naida-P90-PR.png","width":450,"height":500},{"@type":"BreadcrumbList","@id":"https:\/\/www.laboratoires-unisson.com\/fr-be\/produit\/appareils-auditifs\/phonak\/audeo-naida-p90-pr#breadcrumb","itemListElement":[{"@type":"ListItem","position":1,"name":"Shop","item":"https:\/\/www.laboratoires-unisson.com\/fr-be\/shop"},{"@type":"ListItem","position":2,"name":"Naida P90 PR"}]},{"@type":"WebSite","@id":"https:\/\/www.laboratoires-unisson.com\/fr-be#website","url":"https:\/\/www.laboratoires-unisson.com\/fr-be","name":"Laboratoires Unisson","description":"Appareil auditif et proth\u00e8se auditive Moins Cher jusqu&#039;\u00e0 -40%","publisher":{"@id":"https:\/\/www.laboratoires-unisson.com\/fr-be#organization"},"potentialAction":[{"@type":"SearchAction","target":{"@type":"EntryPoint","urlTemplate":"https:\/\/www.laboratoires-unisson.com\/fr-be?s={search_term_string}"},"query-input":{"@type":"PropertyValueSpecification","valueRequired":true,"valueName":"search_term_string"}}],"inLanguage":"fr-BE"},{"@type":"Organization","@id":"https:\/\/www.laboratoires-unisson.com\/fr-be#organization","name":"Laboratoires Unisson","url":"https:\/\/www.laboratoires-unisson.com\/fr-be","logo":{"@type":"ImageObject","inLanguage":"fr-BE","@id":"https:\/\/www.laboratoires-unisson.com\/fr-be#\/schema\/logo\/image\/","url":"https:\/\/www.laboratoires-unisson.com\/wp-content\/uploads\/2022\/01\/logo-unisson.svg","contentUrl":"https:\/\/www.laboratoires-unisson.com\/wp-content\/uploads\/2022\/01\/logo-unisson.svg","width":1,"height":1,"caption":"Laboratoires Unisson"},"image":{"@id":"https:\/\/www.laboratoires-unisson.com\/fr-be#\/schema\/logo\/image\/"}}]}},"_links":{"self":[{"href":"https:\/\/www.laboratoires-unisson.com\/fr-be\/wp-json\/wp\/v2\/product\/24716","targetHints":{"allow":["GET"]}}],"collection":[{"href":"https:\/\/www.laboratoires-unisson.com\/fr-be\/wp-json\/wp\/v2\/product"}],"about":[{"href":"https:\/\/www.laboratoires-unisson.com\/fr-be\/wp-json\/wp\/v2\/types\/product"}],"wp:featuredmedia":[{"embeddable":true,"href":"https:\/\/www.laboratoires-unisson.com\/fr-be\/wp-json\/wp\/v2\/media\/20824"}],"wp:attachment":[{"href":"https:\/\/www.laboratoires-unisson.com\/fr-be\/wp-json\/wp\/v2\/media?parent=24716"}],"wp:term":[{"taxonomy":"product_brand","embeddable":true,"href":"https:\/\/www.laboratoires-unisson.com\/fr-be\/wp-json\/wp\/v2\/product_brand?post=24716"},{"taxonomy":"product_cat","embeddable":true,"href":"https:\/\/www.laboratoires-unisson.com\/fr-be\/wp-json\/wp\/v2\/product_cat?post=24716"},{"taxonomy":"product_tag","embeddable":true,"href":"https:\/\/www.laboratoires-unisson.com\/fr-be\/wp-json\/wp\/v2\/product_tag?post=24716"}],"curies":[{"name":"wp","href":"https:\/\/api.w.org\/{rel}","templated":true}]}}