{"id":24718,"date":"2022-05-02T14:52:51","date_gmt":"2022-05-02T12:52:51","guid":{"rendered":"https:\/\/www.laboratoires-unisson.com\/produit\/naida-p70-pr"},"modified":"2025-12-03T10:09:38","modified_gmt":"2025-12-03T09:09:38","slug":"naida-p70-pr","status":"publish","type":"product","link":"https:\/\/www.laboratoires-unisson.com\/fr-be\/produit\/appareils-auditifs\/phonak\/naida-p70-pr","title":{"rendered":"Naida P70 PR"},"content":{"rendered":"<p>L&#8217;aide auditive Phonak Naida Paradise P70 PR est un mod\u00e8le en contour d&#8217;oreille BTE connect\u00e9 et rechargeable.<\/p>\n<p>Il fonctionne avec une batterie lithium-ion et convient pour des pertes auditives s\u00e9v\u00e8res \u00e0 profondes.<\/p>\n<p>Caract\u00e9ristiques g\u00e9n\u00e9rales du mod\u00e8le Naida Paradise P70 PR<\/p>\n<ul>\n<li>20 canaux de r\u00e9glages<\/li>\n<li>batterie lithium-ion<\/li>\n<li>connexion Bluetooth<\/li>\n<li>accessoires disponibles (Chargeur, TV Connector, Remote Control)<\/li>\n<li>application myPhonak<\/li>\n<\/ul>\n<h4>Les fonctionnalit\u00e9s de l&#8217;aide auditive Phonak Naida P70 PR<\/h4>\n<ul>\n<li>64 bandes<\/li>\n<li>20 canaux de r\u00e9glages<\/li>\n<li>AutoSense OS 4.0 (musique, confort dans le bruit, parole dans le bruit, situation calme)<\/li>\n<li>Connexion Bluetooth<\/li>\n<li>Gestion du vent<\/li>\n<li>R\u00e9ducteur de bruit impulsionnel<\/li>\n<li>UltraZoom (localisation du bruit\/parole)<\/li>\n<li>Traitement Binaurale<\/li>\n<li>Anti acouph\u00e8nes<\/li>\n<li>Batterie lithium-ion<\/li>\n<\/ul>\n","protected":false},"excerpt":{"rendered":"<p>L&#8217;aide auditive Phonak Naida Paradise P70 PR est un mod\u00e8le en contour d&#8217;oreille BTE connect\u00e9 et rechargeable. Il fonctionne avec une batterie lithium-ion et convient pour des pertes auditives s\u00e9v\u00e8res \u00e0 profondes. Caract\u00e9ristiques g\u00e9n\u00e9rales du mod\u00e8le Naida Paradise P70 PR 20 canaux de r\u00e9glages batterie lithium-ion connexion Bluetooth accessoires disponibles (Chargeur, TV Connector, Remote Control) [&hellip;]<\/p>\n","protected":false},"featured_media":19217,"template":"","meta":{"_acf_changed":false},"product_brand":[],"product_cat":[2574],"product_tag":[],"class_list":{"0":"post-24718","1":"product","2":"type-product","3":"status-publish","4":"has-post-thumbnail","6":"product_cat-phonak-fr-be","8":"first","9":"instock","10":"taxable","11":"shipping-taxable","12":"purchasable","13":"product-type-simple"},"acf":[],"yoast_head":"<!-- This site is optimized with the Yoast SEO plugin v27.1.1 - https:\/\/yoast.com\/product\/yoast-seo-wordpress\/ -->\n<title>Appareil auditif Phonak Naida P70 PR \u00e0 1900\u20ac - Unisson Belgique<\/title>\n<meta name=\"description\" content=\"L&#039;aide auditive Phonak Naida Paradise P70 PR est un mod\u00e8le en contour d&#039;oreille BTE connect\u00e9 et rechargeable. Il fonctionne avec une batterie lithium-ion\" \/>\n<meta name=\"robots\" content=\"index, follow, max-snippet:-1, max-image-preview:large, max-video-preview:-1\" \/>\n<link rel=\"canonical\" href=\"https:\/\/www.laboratoires-unisson.com\/fr-be\/wp-json\/wp\/v2\/product\/24718\" \/>\n<meta property=\"og:locale\" content=\"fr_FR\" \/>\n<meta property=\"og:type\" content=\"article\" \/>\n<meta property=\"og:title\" content=\"Naida P70 PR - Laboratoires Unisson\" \/>\n<meta property=\"og:description\" content=\"L&#039;aide auditive Phonak Naida Paradise P70 PR est un mod\u00e8le en contour d&#039;oreille BTE connect\u00e9 et rechargeable. Il fonctionne avec une batterie lithium-ion\" \/>\n<meta property=\"og:url\" content=\"https:\/\/www.laboratoires-unisson.com\/fr-be\/produit\/appareils-auditifs\/phonak\/naida-p70-pr\" \/>\n<meta property=\"og:site_name\" content=\"Laboratoires Unisson\" \/>\n<meta property=\"article:modified_time\" content=\"2025-12-03T09:09:38+00:00\" \/>\n<meta property=\"og:image\" content=\"https:\/\/www.laboratoires-unisson.com\/wp-content\/uploads\/2022\/05\/audeo-naida-p70-pr.jpg\" \/>\n\t<meta property=\"og:image:width\" content=\"450\" \/>\n\t<meta property=\"og:image:height\" content=\"500\" \/>\n\t<meta property=\"og:image:type\" content=\"image\/jpeg\" \/>\n<meta name=\"twitter:card\" content=\"summary_large_image\" \/>\n<meta name=\"twitter:label1\" content=\"Est. reading time\" \/>\n\t<meta name=\"twitter:data1\" content=\"1 minute\" \/>\n<script type=\"application\/ld+json\" class=\"yoast-schema-graph\">{\"@context\":\"https:\/\/schema.org\",\"@graph\":[{\"@type\":\"WebPage\",\"@id\":\"https:\/\/www.laboratoires-unisson.com\/fr-be\/produit\/appareils-auditifs\/phonak\/naida-p70-pr\",\"url\":\"https:\/\/www.laboratoires-unisson.com\/fr-be\/produit\/appareils-auditifs\/phonak\/naida-p70-pr\",\"name\":\"Naida P70 PR - Laboratoires Unisson\",\"isPartOf\":{\"@id\":\"https:\/\/www.laboratoires-unisson.com\/fr-be#website\"},\"primaryImageOfPage\":{\"@id\":\"https:\/\/www.laboratoires-unisson.com\/fr-be\/produit\/appareils-auditifs\/phonak\/naida-p70-pr#primaryimage\"},\"image\":{\"@id\":\"https:\/\/www.laboratoires-unisson.com\/fr-be\/produit\/appareils-auditifs\/phonak\/naida-p70-pr#primaryimage\"},\"thumbnailUrl\":\"https:\/\/www.laboratoires-unisson.com\/wp-content\/uploads\/2022\/05\/audeo-naida-p70-pr.jpg\",\"datePublished\":\"2022-05-02T12:52:51+00:00\",\"dateModified\":\"2025-12-03T09:09:38+00:00\",\"description\":\"L'aide auditive Phonak Naida Paradise P70 PR est un mod\u00e8le en contour d'oreille BTE connect\u00e9 et rechargeable. Il fonctionne avec une batterie lithium-ion\",\"breadcrumb\":{\"@id\":\"https:\/\/www.laboratoires-unisson.com\/fr-be\/produit\/appareils-auditifs\/phonak\/naida-p70-pr#breadcrumb\"},\"inLanguage\":\"fr-BE\",\"potentialAction\":[{\"@type\":\"ReadAction\",\"target\":[\"https:\/\/www.laboratoires-unisson.com\/fr-be\/produit\/appareils-auditifs\/phonak\/naida-p70-pr\"]}]},{\"@type\":\"ImageObject\",\"inLanguage\":\"fr-BE\",\"@id\":\"https:\/\/www.laboratoires-unisson.com\/fr-be\/produit\/appareils-auditifs\/phonak\/naida-p70-pr#primaryimage\",\"url\":\"https:\/\/www.laboratoires-unisson.com\/wp-content\/uploads\/2022\/05\/audeo-naida-p70-pr.jpg\",\"contentUrl\":\"https:\/\/www.laboratoires-unisson.com\/wp-content\/uploads\/2022\/05\/audeo-naida-p70-pr.jpg\",\"width\":450,\"height\":500},{\"@type\":\"BreadcrumbList\",\"@id\":\"https:\/\/www.laboratoires-unisson.com\/fr-be\/produit\/appareils-auditifs\/phonak\/naida-p70-pr#breadcrumb\",\"itemListElement\":[{\"@type\":\"ListItem\",\"position\":1,\"name\":\"Shop\",\"item\":\"https:\/\/www.laboratoires-unisson.com\/fr-be\/shop\"},{\"@type\":\"ListItem\",\"position\":2,\"name\":\"Naida P70 PR\"}]},{\"@type\":\"WebSite\",\"@id\":\"https:\/\/www.laboratoires-unisson.com\/fr-be#website\",\"url\":\"https:\/\/www.laboratoires-unisson.com\/fr-be\",\"name\":\"Laboratoires Unisson\",\"description\":\"Appareil auditif et proth\u00e8se auditive Moins Cher jusqu&#039;\u00e0 -40%\",\"publisher\":{\"@id\":\"https:\/\/www.laboratoires-unisson.com\/fr-be#organization\"},\"potentialAction\":[{\"@type\":\"SearchAction\",\"target\":{\"@type\":\"EntryPoint\",\"urlTemplate\":\"https:\/\/www.laboratoires-unisson.com\/fr-be?s={search_term_string}\"},\"query-input\":{\"@type\":\"PropertyValueSpecification\",\"valueRequired\":true,\"valueName\":\"search_term_string\"}}],\"inLanguage\":\"fr-BE\"},{\"@type\":\"Organization\",\"@id\":\"https:\/\/www.laboratoires-unisson.com\/fr-be#organization\",\"name\":\"Laboratoires Unisson\",\"url\":\"https:\/\/www.laboratoires-unisson.com\/fr-be\",\"logo\":{\"@type\":\"ImageObject\",\"inLanguage\":\"fr-BE\",\"@id\":\"https:\/\/www.laboratoires-unisson.com\/fr-be#\/schema\/logo\/image\/\",\"url\":\"https:\/\/www.laboratoires-unisson.com\/wp-content\/uploads\/2022\/01\/logo-unisson.svg\",\"contentUrl\":\"https:\/\/www.laboratoires-unisson.com\/wp-content\/uploads\/2022\/01\/logo-unisson.svg\",\"width\":1,\"height\":1,\"caption\":\"Laboratoires Unisson\"},\"image\":{\"@id\":\"https:\/\/www.laboratoires-unisson.com\/fr-be#\/schema\/logo\/image\/\"}}]}<\/script>\n<!-- \/ Yoast SEO plugin. -->","yoast_head_json":{"title":"Appareil auditif Phonak Naida P70 PR \u00e0 1900\u20ac - Unisson Belgique","description":"L'aide auditive Phonak Naida Paradise P70 PR est un mod\u00e8le en contour d'oreille BTE connect\u00e9 et rechargeable. Il fonctionne avec une batterie lithium-ion","robots":{"index":"index","follow":"follow","max-snippet":"max-snippet:-1","max-image-preview":"max-image-preview:large","max-video-preview":"max-video-preview:-1"},"canonical":"https:\/\/www.laboratoires-unisson.com\/fr-be\/wp-json\/wp\/v2\/product\/24718","og_locale":"fr_FR","og_type":"article","og_title":"Naida P70 PR - Laboratoires Unisson","og_description":"L'aide auditive Phonak Naida Paradise P70 PR est un mod\u00e8le en contour d'oreille BTE connect\u00e9 et rechargeable. Il fonctionne avec une batterie lithium-ion","og_url":"https:\/\/www.laboratoires-unisson.com\/fr-be\/produit\/appareils-auditifs\/phonak\/naida-p70-pr","og_site_name":"Laboratoires Unisson","article_modified_time":"2025-12-03T09:09:38+00:00","og_image":[{"width":450,"height":500,"url":"https:\/\/www.laboratoires-unisson.com\/wp-content\/uploads\/2022\/05\/audeo-naida-p70-pr.jpg","type":"image\/jpeg"}],"twitter_card":"summary_large_image","twitter_misc":{"Est. reading time":"1 minute"},"schema":{"@context":"https:\/\/schema.org","@graph":[{"@type":"WebPage","@id":"https:\/\/www.laboratoires-unisson.com\/fr-be\/produit\/appareils-auditifs\/phonak\/naida-p70-pr","url":"https:\/\/www.laboratoires-unisson.com\/fr-be\/produit\/appareils-auditifs\/phonak\/naida-p70-pr","name":"Naida P70 PR - Laboratoires Unisson","isPartOf":{"@id":"https:\/\/www.laboratoires-unisson.com\/fr-be#website"},"primaryImageOfPage":{"@id":"https:\/\/www.laboratoires-unisson.com\/fr-be\/produit\/appareils-auditifs\/phonak\/naida-p70-pr#primaryimage"},"image":{"@id":"https:\/\/www.laboratoires-unisson.com\/fr-be\/produit\/appareils-auditifs\/phonak\/naida-p70-pr#primaryimage"},"thumbnailUrl":"https:\/\/www.laboratoires-unisson.com\/wp-content\/uploads\/2022\/05\/audeo-naida-p70-pr.jpg","datePublished":"2022-05-02T12:52:51+00:00","dateModified":"2025-12-03T09:09:38+00:00","description":"L'aide auditive Phonak Naida Paradise P70 PR est un mod\u00e8le en contour d'oreille BTE connect\u00e9 et rechargeable. Il fonctionne avec une batterie lithium-ion","breadcrumb":{"@id":"https:\/\/www.laboratoires-unisson.com\/fr-be\/produit\/appareils-auditifs\/phonak\/naida-p70-pr#breadcrumb"},"inLanguage":"fr-BE","potentialAction":[{"@type":"ReadAction","target":["https:\/\/www.laboratoires-unisson.com\/fr-be\/produit\/appareils-auditifs\/phonak\/naida-p70-pr"]}]},{"@type":"ImageObject","inLanguage":"fr-BE","@id":"https:\/\/www.laboratoires-unisson.com\/fr-be\/produit\/appareils-auditifs\/phonak\/naida-p70-pr#primaryimage","url":"https:\/\/www.laboratoires-unisson.com\/wp-content\/uploads\/2022\/05\/audeo-naida-p70-pr.jpg","contentUrl":"https:\/\/www.laboratoires-unisson.com\/wp-content\/uploads\/2022\/05\/audeo-naida-p70-pr.jpg","width":450,"height":500},{"@type":"BreadcrumbList","@id":"https:\/\/www.laboratoires-unisson.com\/fr-be\/produit\/appareils-auditifs\/phonak\/naida-p70-pr#breadcrumb","itemListElement":[{"@type":"ListItem","position":1,"name":"Shop","item":"https:\/\/www.laboratoires-unisson.com\/fr-be\/shop"},{"@type":"ListItem","position":2,"name":"Naida P70 PR"}]},{"@type":"WebSite","@id":"https:\/\/www.laboratoires-unisson.com\/fr-be#website","url":"https:\/\/www.laboratoires-unisson.com\/fr-be","name":"Laboratoires Unisson","description":"Appareil auditif et proth\u00e8se auditive Moins Cher jusqu&#039;\u00e0 -40%","publisher":{"@id":"https:\/\/www.laboratoires-unisson.com\/fr-be#organization"},"potentialAction":[{"@type":"SearchAction","target":{"@type":"EntryPoint","urlTemplate":"https:\/\/www.laboratoires-unisson.com\/fr-be?s={search_term_string}"},"query-input":{"@type":"PropertyValueSpecification","valueRequired":true,"valueName":"search_term_string"}}],"inLanguage":"fr-BE"},{"@type":"Organization","@id":"https:\/\/www.laboratoires-unisson.com\/fr-be#organization","name":"Laboratoires Unisson","url":"https:\/\/www.laboratoires-unisson.com\/fr-be","logo":{"@type":"ImageObject","inLanguage":"fr-BE","@id":"https:\/\/www.laboratoires-unisson.com\/fr-be#\/schema\/logo\/image\/","url":"https:\/\/www.laboratoires-unisson.com\/wp-content\/uploads\/2022\/01\/logo-unisson.svg","contentUrl":"https:\/\/www.laboratoires-unisson.com\/wp-content\/uploads\/2022\/01\/logo-unisson.svg","width":1,"height":1,"caption":"Laboratoires Unisson"},"image":{"@id":"https:\/\/www.laboratoires-unisson.com\/fr-be#\/schema\/logo\/image\/"}}]}},"_links":{"self":[{"href":"https:\/\/www.laboratoires-unisson.com\/fr-be\/wp-json\/wp\/v2\/product\/24718","targetHints":{"allow":["GET"]}}],"collection":[{"href":"https:\/\/www.laboratoires-unisson.com\/fr-be\/wp-json\/wp\/v2\/product"}],"about":[{"href":"https:\/\/www.laboratoires-unisson.com\/fr-be\/wp-json\/wp\/v2\/types\/product"}],"wp:featuredmedia":[{"embeddable":true,"href":"https:\/\/www.laboratoires-unisson.com\/fr-be\/wp-json\/wp\/v2\/media\/19217"}],"wp:attachment":[{"href":"https:\/\/www.laboratoires-unisson.com\/fr-be\/wp-json\/wp\/v2\/media?parent=24718"}],"wp:term":[{"taxonomy":"product_brand","embeddable":true,"href":"https:\/\/www.laboratoires-unisson.com\/fr-be\/wp-json\/wp\/v2\/product_brand?post=24718"},{"taxonomy":"product_cat","embeddable":true,"href":"https:\/\/www.laboratoires-unisson.com\/fr-be\/wp-json\/wp\/v2\/product_cat?post=24718"},{"taxonomy":"product_tag","embeddable":true,"href":"https:\/\/www.laboratoires-unisson.com\/fr-be\/wp-json\/wp\/v2\/product_tag?post=24718"}],"curies":[{"name":"wp","href":"https:\/\/api.w.org\/{rel}","templated":true}]}}