{"id":24721,"date":"2022-05-02T14:52:19","date_gmt":"2022-05-02T12:52:19","guid":{"rendered":"https:\/\/www.laboratoires-unisson.com\/produit\/naida-p50-up"},"modified":"2025-12-03T10:09:40","modified_gmt":"2025-12-03T09:09:40","slug":"naida-p50-up","status":"publish","type":"product","link":"https:\/\/www.laboratoires-unisson.com\/fr-be\/produit\/appareils-auditifs\/phonak\/naida-p50-up","title":{"rendered":"Naida P50 UP"},"content":{"rendered":"<p>L&#8217;appareil auditif Phonak Naida Paradise P50 UP est un <strong>mod\u00e8le d&#8217;entr\u00e9e de gamme de classe II car il poss\u00e8de uniquement 16 canaux de r\u00e9glages<\/strong> <em>(20 canaux pour les mod\u00e8les P70 UP et P90 UP)<\/em>.<\/p>\n<p>Audeo Paradise est la nouvelle gamme d&#8217;appareils auditifs de Phonak qui incluent de nouvelles fonctionnalit\u00e9s telles que des capteurs de mouvements et acoustiques et une connectivit\u00e9 universelle. De plus, le son est plus naturel et\u00a0la compr\u00e9hension meilleure dans n&#8217;importe quel environnement auditif.<\/p>\n<h4>Caract\u00e9ristiques g\u00e9n\u00e9rales de l&#8217;appareil auditif Phonak Naida Paradise P50 UP<\/h4>\n<ul>\n<li>16 canaux de r\u00e9glages<\/li>\n<li>bobine \u00e0 induction T<\/li>\n<li>pile auditive<\/li>\n<li>connexion Bluetooth<\/li>\n<li>applications intelligentes am\u00e9lior\u00e9es<\/li>\n<li>compatible avec les accessoires sans fil Phonak<\/li>\n<\/ul>\n<h4>Les fonctionnalit\u00e9s de l&#8217;aide auditive Phonak Naida P50 UP<\/h4>\n<ul>\n<li>64 bandes<\/li>\n<li>16 canaux de r\u00e9glages<\/li>\n<li>Connexion Bluetooth<\/li>\n<li>Gestion du vent<\/li>\n<li>R\u00e9ducteur de bruit impulsionnel<\/li>\n<li>Traitement Binaurale<\/li>\n<li>Anti acouph\u00e8nes<\/li>\n<li>Pile auditive 675<\/li>\n<\/ul>\n","protected":false},"excerpt":{"rendered":"<p>L&#8217;appareil auditif Phonak Naida Paradise P50 UP est un mod\u00e8le d&#8217;entr\u00e9e de gamme de classe II car il poss\u00e8de uniquement 16 canaux de r\u00e9glages (20 canaux pour les mod\u00e8les P70 UP et P90 UP). Audeo Paradise est la nouvelle gamme d&#8217;appareils auditifs de Phonak qui incluent de nouvelles fonctionnalit\u00e9s telles que des capteurs de mouvements [&hellip;]<\/p>\n","protected":false},"featured_media":19214,"template":"","meta":{"_acf_changed":false},"product_brand":[],"product_cat":[2574],"product_tag":[],"class_list":{"0":"post-24721","1":"product","2":"type-product","3":"status-publish","4":"has-post-thumbnail","6":"product_cat-phonak-fr-be","8":"first","9":"instock","10":"taxable","11":"shipping-taxable","12":"purchasable","13":"product-type-simple"},"acf":[],"yoast_head":"<!-- This site is optimized with the Yoast SEO plugin v27.1.1 - https:\/\/yoast.com\/product\/yoast-seo-wordpress\/ -->\n<title>Appareil auditif Phonak Naida P50 UP \u00e0 1650\u20ac - Unisson Belgique<\/title>\n<meta name=\"description\" content=\"L&#039;appareil auditif Phonak Naida Paradise P50 UP est un mod\u00e8le d&#039;entr\u00e9e de gamme de classe II car il poss\u00e8de uniquement 16 canaux de r\u00e9glages (20 canaux\" \/>\n<meta name=\"robots\" content=\"index, follow, max-snippet:-1, max-image-preview:large, max-video-preview:-1\" \/>\n<link rel=\"canonical\" href=\"https:\/\/www.laboratoires-unisson.com\/fr-be\/wp-json\/wp\/v2\/product\/24721\" \/>\n<meta property=\"og:locale\" content=\"fr_FR\" \/>\n<meta property=\"og:type\" content=\"article\" \/>\n<meta property=\"og:title\" content=\"Naida P50 UP - Laboratoires Unisson\" \/>\n<meta property=\"og:description\" content=\"L&#039;appareil auditif Phonak Naida Paradise P50 UP est un mod\u00e8le d&#039;entr\u00e9e de gamme de classe II car il poss\u00e8de uniquement 16 canaux de r\u00e9glages (20 canaux\" \/>\n<meta property=\"og:url\" content=\"https:\/\/www.laboratoires-unisson.com\/fr-be\/produit\/appareils-auditifs\/phonak\/naida-p50-up\" \/>\n<meta property=\"og:site_name\" content=\"Laboratoires Unisson\" \/>\n<meta property=\"article:modified_time\" content=\"2025-12-03T09:09:40+00:00\" \/>\n<meta property=\"og:image\" content=\"https:\/\/www.laboratoires-unisson.com\/wp-content\/uploads\/2022\/05\/audeo-naida-p50-up.jpg\" \/>\n\t<meta property=\"og:image:width\" content=\"450\" \/>\n\t<meta property=\"og:image:height\" content=\"500\" \/>\n\t<meta property=\"og:image:type\" content=\"image\/jpeg\" \/>\n<meta name=\"twitter:card\" content=\"summary_large_image\" \/>\n<meta name=\"twitter:label1\" content=\"Est. reading time\" \/>\n\t<meta name=\"twitter:data1\" content=\"1 minute\" \/>\n<script type=\"application\/ld+json\" class=\"yoast-schema-graph\">{\"@context\":\"https:\/\/schema.org\",\"@graph\":[{\"@type\":\"WebPage\",\"@id\":\"https:\/\/www.laboratoires-unisson.com\/fr-be\/produit\/appareils-auditifs\/phonak\/naida-p50-up\",\"url\":\"https:\/\/www.laboratoires-unisson.com\/fr-be\/produit\/appareils-auditifs\/phonak\/naida-p50-up\",\"name\":\"Naida P50 UP - Laboratoires Unisson\",\"isPartOf\":{\"@id\":\"https:\/\/www.laboratoires-unisson.com\/fr-be#website\"},\"primaryImageOfPage\":{\"@id\":\"https:\/\/www.laboratoires-unisson.com\/fr-be\/produit\/appareils-auditifs\/phonak\/naida-p50-up#primaryimage\"},\"image\":{\"@id\":\"https:\/\/www.laboratoires-unisson.com\/fr-be\/produit\/appareils-auditifs\/phonak\/naida-p50-up#primaryimage\"},\"thumbnailUrl\":\"https:\/\/www.laboratoires-unisson.com\/wp-content\/uploads\/2022\/05\/audeo-naida-p50-up.jpg\",\"datePublished\":\"2022-05-02T12:52:19+00:00\",\"dateModified\":\"2025-12-03T09:09:40+00:00\",\"description\":\"L'appareil auditif Phonak Naida Paradise P50 UP est un mod\u00e8le d'entr\u00e9e de gamme de classe II car il poss\u00e8de uniquement 16 canaux de r\u00e9glages (20 canaux\",\"breadcrumb\":{\"@id\":\"https:\/\/www.laboratoires-unisson.com\/fr-be\/produit\/appareils-auditifs\/phonak\/naida-p50-up#breadcrumb\"},\"inLanguage\":\"fr-BE\",\"potentialAction\":[{\"@type\":\"ReadAction\",\"target\":[\"https:\/\/www.laboratoires-unisson.com\/fr-be\/produit\/appareils-auditifs\/phonak\/naida-p50-up\"]}]},{\"@type\":\"ImageObject\",\"inLanguage\":\"fr-BE\",\"@id\":\"https:\/\/www.laboratoires-unisson.com\/fr-be\/produit\/appareils-auditifs\/phonak\/naida-p50-up#primaryimage\",\"url\":\"https:\/\/www.laboratoires-unisson.com\/wp-content\/uploads\/2022\/05\/audeo-naida-p50-up.jpg\",\"contentUrl\":\"https:\/\/www.laboratoires-unisson.com\/wp-content\/uploads\/2022\/05\/audeo-naida-p50-up.jpg\",\"width\":450,\"height\":500},{\"@type\":\"BreadcrumbList\",\"@id\":\"https:\/\/www.laboratoires-unisson.com\/fr-be\/produit\/appareils-auditifs\/phonak\/naida-p50-up#breadcrumb\",\"itemListElement\":[{\"@type\":\"ListItem\",\"position\":1,\"name\":\"Shop\",\"item\":\"https:\/\/www.laboratoires-unisson.com\/fr-be\/shop\"},{\"@type\":\"ListItem\",\"position\":2,\"name\":\"Naida P50 UP\"}]},{\"@type\":\"WebSite\",\"@id\":\"https:\/\/www.laboratoires-unisson.com\/fr-be#website\",\"url\":\"https:\/\/www.laboratoires-unisson.com\/fr-be\",\"name\":\"Laboratoires Unisson\",\"description\":\"Appareil auditif et proth\u00e8se auditive Moins Cher jusqu&#039;\u00e0 -40%\",\"publisher\":{\"@id\":\"https:\/\/www.laboratoires-unisson.com\/fr-be#organization\"},\"potentialAction\":[{\"@type\":\"SearchAction\",\"target\":{\"@type\":\"EntryPoint\",\"urlTemplate\":\"https:\/\/www.laboratoires-unisson.com\/fr-be?s={search_term_string}\"},\"query-input\":{\"@type\":\"PropertyValueSpecification\",\"valueRequired\":true,\"valueName\":\"search_term_string\"}}],\"inLanguage\":\"fr-BE\"},{\"@type\":\"Organization\",\"@id\":\"https:\/\/www.laboratoires-unisson.com\/fr-be#organization\",\"name\":\"Laboratoires Unisson\",\"url\":\"https:\/\/www.laboratoires-unisson.com\/fr-be\",\"logo\":{\"@type\":\"ImageObject\",\"inLanguage\":\"fr-BE\",\"@id\":\"https:\/\/www.laboratoires-unisson.com\/fr-be#\/schema\/logo\/image\/\",\"url\":\"https:\/\/www.laboratoires-unisson.com\/wp-content\/uploads\/2022\/01\/logo-unisson.svg\",\"contentUrl\":\"https:\/\/www.laboratoires-unisson.com\/wp-content\/uploads\/2022\/01\/logo-unisson.svg\",\"width\":1,\"height\":1,\"caption\":\"Laboratoires Unisson\"},\"image\":{\"@id\":\"https:\/\/www.laboratoires-unisson.com\/fr-be#\/schema\/logo\/image\/\"}}]}<\/script>\n<!-- \/ Yoast SEO plugin. -->","yoast_head_json":{"title":"Appareil auditif Phonak Naida P50 UP \u00e0 1650\u20ac - Unisson Belgique","description":"L'appareil auditif Phonak Naida Paradise P50 UP est un mod\u00e8le d'entr\u00e9e de gamme de classe II car il poss\u00e8de uniquement 16 canaux de r\u00e9glages (20 canaux","robots":{"index":"index","follow":"follow","max-snippet":"max-snippet:-1","max-image-preview":"max-image-preview:large","max-video-preview":"max-video-preview:-1"},"canonical":"https:\/\/www.laboratoires-unisson.com\/fr-be\/wp-json\/wp\/v2\/product\/24721","og_locale":"fr_FR","og_type":"article","og_title":"Naida P50 UP - Laboratoires Unisson","og_description":"L'appareil auditif Phonak Naida Paradise P50 UP est un mod\u00e8le d'entr\u00e9e de gamme de classe II car il poss\u00e8de uniquement 16 canaux de r\u00e9glages (20 canaux","og_url":"https:\/\/www.laboratoires-unisson.com\/fr-be\/produit\/appareils-auditifs\/phonak\/naida-p50-up","og_site_name":"Laboratoires Unisson","article_modified_time":"2025-12-03T09:09:40+00:00","og_image":[{"width":450,"height":500,"url":"https:\/\/www.laboratoires-unisson.com\/wp-content\/uploads\/2022\/05\/audeo-naida-p50-up.jpg","type":"image\/jpeg"}],"twitter_card":"summary_large_image","twitter_misc":{"Est. reading time":"1 minute"},"schema":{"@context":"https:\/\/schema.org","@graph":[{"@type":"WebPage","@id":"https:\/\/www.laboratoires-unisson.com\/fr-be\/produit\/appareils-auditifs\/phonak\/naida-p50-up","url":"https:\/\/www.laboratoires-unisson.com\/fr-be\/produit\/appareils-auditifs\/phonak\/naida-p50-up","name":"Naida P50 UP - Laboratoires Unisson","isPartOf":{"@id":"https:\/\/www.laboratoires-unisson.com\/fr-be#website"},"primaryImageOfPage":{"@id":"https:\/\/www.laboratoires-unisson.com\/fr-be\/produit\/appareils-auditifs\/phonak\/naida-p50-up#primaryimage"},"image":{"@id":"https:\/\/www.laboratoires-unisson.com\/fr-be\/produit\/appareils-auditifs\/phonak\/naida-p50-up#primaryimage"},"thumbnailUrl":"https:\/\/www.laboratoires-unisson.com\/wp-content\/uploads\/2022\/05\/audeo-naida-p50-up.jpg","datePublished":"2022-05-02T12:52:19+00:00","dateModified":"2025-12-03T09:09:40+00:00","description":"L'appareil auditif Phonak Naida Paradise P50 UP est un mod\u00e8le d'entr\u00e9e de gamme de classe II car il poss\u00e8de uniquement 16 canaux de r\u00e9glages (20 canaux","breadcrumb":{"@id":"https:\/\/www.laboratoires-unisson.com\/fr-be\/produit\/appareils-auditifs\/phonak\/naida-p50-up#breadcrumb"},"inLanguage":"fr-BE","potentialAction":[{"@type":"ReadAction","target":["https:\/\/www.laboratoires-unisson.com\/fr-be\/produit\/appareils-auditifs\/phonak\/naida-p50-up"]}]},{"@type":"ImageObject","inLanguage":"fr-BE","@id":"https:\/\/www.laboratoires-unisson.com\/fr-be\/produit\/appareils-auditifs\/phonak\/naida-p50-up#primaryimage","url":"https:\/\/www.laboratoires-unisson.com\/wp-content\/uploads\/2022\/05\/audeo-naida-p50-up.jpg","contentUrl":"https:\/\/www.laboratoires-unisson.com\/wp-content\/uploads\/2022\/05\/audeo-naida-p50-up.jpg","width":450,"height":500},{"@type":"BreadcrumbList","@id":"https:\/\/www.laboratoires-unisson.com\/fr-be\/produit\/appareils-auditifs\/phonak\/naida-p50-up#breadcrumb","itemListElement":[{"@type":"ListItem","position":1,"name":"Shop","item":"https:\/\/www.laboratoires-unisson.com\/fr-be\/shop"},{"@type":"ListItem","position":2,"name":"Naida P50 UP"}]},{"@type":"WebSite","@id":"https:\/\/www.laboratoires-unisson.com\/fr-be#website","url":"https:\/\/www.laboratoires-unisson.com\/fr-be","name":"Laboratoires Unisson","description":"Appareil auditif et proth\u00e8se auditive Moins Cher jusqu&#039;\u00e0 -40%","publisher":{"@id":"https:\/\/www.laboratoires-unisson.com\/fr-be#organization"},"potentialAction":[{"@type":"SearchAction","target":{"@type":"EntryPoint","urlTemplate":"https:\/\/www.laboratoires-unisson.com\/fr-be?s={search_term_string}"},"query-input":{"@type":"PropertyValueSpecification","valueRequired":true,"valueName":"search_term_string"}}],"inLanguage":"fr-BE"},{"@type":"Organization","@id":"https:\/\/www.laboratoires-unisson.com\/fr-be#organization","name":"Laboratoires Unisson","url":"https:\/\/www.laboratoires-unisson.com\/fr-be","logo":{"@type":"ImageObject","inLanguage":"fr-BE","@id":"https:\/\/www.laboratoires-unisson.com\/fr-be#\/schema\/logo\/image\/","url":"https:\/\/www.laboratoires-unisson.com\/wp-content\/uploads\/2022\/01\/logo-unisson.svg","contentUrl":"https:\/\/www.laboratoires-unisson.com\/wp-content\/uploads\/2022\/01\/logo-unisson.svg","width":1,"height":1,"caption":"Laboratoires Unisson"},"image":{"@id":"https:\/\/www.laboratoires-unisson.com\/fr-be#\/schema\/logo\/image\/"}}]}},"_links":{"self":[{"href":"https:\/\/www.laboratoires-unisson.com\/fr-be\/wp-json\/wp\/v2\/product\/24721","targetHints":{"allow":["GET"]}}],"collection":[{"href":"https:\/\/www.laboratoires-unisson.com\/fr-be\/wp-json\/wp\/v2\/product"}],"about":[{"href":"https:\/\/www.laboratoires-unisson.com\/fr-be\/wp-json\/wp\/v2\/types\/product"}],"wp:featuredmedia":[{"embeddable":true,"href":"https:\/\/www.laboratoires-unisson.com\/fr-be\/wp-json\/wp\/v2\/media\/19214"}],"wp:attachment":[{"href":"https:\/\/www.laboratoires-unisson.com\/fr-be\/wp-json\/wp\/v2\/media?parent=24721"}],"wp:term":[{"taxonomy":"product_brand","embeddable":true,"href":"https:\/\/www.laboratoires-unisson.com\/fr-be\/wp-json\/wp\/v2\/product_brand?post=24721"},{"taxonomy":"product_cat","embeddable":true,"href":"https:\/\/www.laboratoires-unisson.com\/fr-be\/wp-json\/wp\/v2\/product_cat?post=24721"},{"taxonomy":"product_tag","embeddable":true,"href":"https:\/\/www.laboratoires-unisson.com\/fr-be\/wp-json\/wp\/v2\/product_tag?post=24721"}],"curies":[{"name":"wp","href":"https:\/\/api.w.org\/{rel}","templated":true}]}}