{"id":24725,"date":"2022-05-02T14:45:46","date_gmt":"2022-05-02T12:45:46","guid":{"rendered":"https:\/\/www.laboratoires-unisson.com\/produit\/xceed-3-bte-sp"},"modified":"2025-12-03T10:09:45","modified_gmt":"2025-12-03T09:09:45","slug":"xceed-3-bte-sp","status":"publish","type":"product","link":"https:\/\/www.laboratoires-unisson.com\/fr-be\/produit\/appareils-auditifs\/oticon\/xceed-3-bte-sp","title":{"rendered":"Xceed 3 BTE SP"},"content":{"rendered":"<p>L&#8217;appareil auditif Oticon Xceed 3 BTE SP est un <strong>appareil auditif d&#8217;entr\u00e9e de gamme,\u00a0de type contour d&#8217;oreille BTE, id\u00e9al pour des pertes auditives importantes<\/strong>.<\/p>\n<p>Ce mod\u00e8le d&#8217;entr\u00e9e de gamme poss\u00e8de <strong>8 canaux d&#8217;adaptation et 48 canaux de traitement<\/strong>. Il poss\u00e8de \u00e9galement un bouton poussoir, une bobine \u00e0 induction T et une certification IP68. Cet appareil auditif fonctionne avec une pile auditive 13.<\/p>\n<p>Il int\u00e8gre une <strong>connexion Bluetooth<\/strong>, offrant la possibilit\u00e9 au patient de connecter ses aides \u00e0 sa t\u00e9l\u00e9vision, smartphone, ordinateur etc&#8230; Comme il s&#8217;agit d&#8217;un mod\u00e8le &#8216;made for iPhone&#8217;, les patients d\u00e9tenteurs d&#8217;un smartphone iPhone n&#8217;auront pas besoin d&#8217;accessoire. En revanche, si vous avez un smartphone Android, il sera n\u00e9cessaire d&#8217;acc\u00e9der \u00e0 un accessoire sans fil, le ConnectClip. Vous recevrez alors le son de vos appels t\u00e9l\u00e9phoniques et tout son de vos contenus audio\/vid\u00e9o\u00a0directement dans vos aides auditives.<\/p>\n<p>L&#8217;appareil auditif Xceed 3 BTE SP est donc compatible avec ces accessoires : microphone, adaptateur TV, t\u00e9l\u00e9commande etc&#8230;<\/p>\n<p>La gamme Oticon Xceed int\u00e8gre la puce Velox S, offrant de belles performances telles qu&#8217;une meilleure compr\u00e9hension de la parole et ce dans n&#8217;importe quel environnement bruyant et un anti larsen surpuissant.<\/p>\n<p>Il s&#8217;agit d&#8217;un mod\u00e8le d&#8217;entr\u00e9e de gamme. Si vous souhaitez b\u00e9n\u00e9ficier de la technologie OpenSound Navigator\u2122 <em>(r\u00e9duction de bruits ambiants \u00e0 360\u00b0, adaptation de l&#8217;environnement en temps r\u00e9el, r\u00e9ducteur de bruits impulsionnels etc&#8230;)<\/em>, nous vous conseillons les mod\u00e8les Xceed 1 et Xceed 2.<\/p>\n","protected":false},"excerpt":{"rendered":"<p>L&#8217;appareil auditif Oticon Xceed 3 BTE SP est un appareil auditif d&#8217;entr\u00e9e de gamme,\u00a0de type contour d&#8217;oreille BTE, id\u00e9al pour des pertes auditives importantes. Ce mod\u00e8le d&#8217;entr\u00e9e de gamme poss\u00e8de 8 canaux d&#8217;adaptation et 48 canaux de traitement. Il poss\u00e8de \u00e9galement un bouton poussoir, une bobine \u00e0 induction T et une certification IP68. Cet appareil [&hellip;]<\/p>\n","protected":false},"featured_media":19180,"template":"","meta":{"_acf_changed":false},"product_brand":[],"product_cat":[2792],"product_tag":[],"class_list":{"0":"post-24725","1":"product","2":"type-product","3":"status-publish","4":"has-post-thumbnail","6":"product_cat-oticon-fr-be","8":"first","9":"instock","10":"taxable","11":"shipping-taxable","12":"purchasable","13":"product-type-simple"},"acf":[],"yoast_head":"<!-- This site is optimized with the Yoast SEO plugin v27.1.1 - https:\/\/yoast.com\/product\/yoast-seo-wordpress\/ -->\n<title>Appareil auditif Oticon Xceed 3 BTE SP \u00e0 1650\u20ac - Unisson Belgique<\/title>\n<meta name=\"description\" content=\"Am\u00e9liorez votre audition avec l&#039;Oticon Xceed 3 BTE SP. D\u00e9couvrez cet appareil auditif puissant chez Unisson, au meilleur prix.\" \/>\n<meta name=\"robots\" content=\"index, follow, max-snippet:-1, max-image-preview:large, max-video-preview:-1\" \/>\n<link rel=\"canonical\" href=\"https:\/\/www.laboratoires-unisson.com\/fr-be\/wp-json\/wp\/v2\/product\/24725\" \/>\n<meta property=\"og:locale\" content=\"fr_FR\" \/>\n<meta property=\"og:type\" content=\"article\" \/>\n<meta property=\"og:title\" content=\"Xceed 3 BTE SP - Laboratoires Unisson\" \/>\n<meta property=\"og:description\" content=\"Am\u00e9liorez votre audition avec l&#039;Oticon Xceed 3 BTE SP. D\u00e9couvrez cet appareil auditif puissant chez Unisson, au meilleur prix.\" \/>\n<meta property=\"og:url\" content=\"https:\/\/www.laboratoires-unisson.com\/fr-be\/produit\/appareils-auditifs\/oticon\/xceed-3-bte-sp\" \/>\n<meta property=\"og:site_name\" content=\"Laboratoires Unisson\" \/>\n<meta property=\"article:modified_time\" content=\"2025-12-03T09:09:45+00:00\" \/>\n<meta property=\"og:image\" content=\"https:\/\/www.laboratoires-unisson.com\/wp-content\/uploads\/2022\/05\/xceed-3-bte-sp.jpg\" \/>\n\t<meta property=\"og:image:width\" content=\"500\" \/>\n\t<meta property=\"og:image:height\" content=\"450\" \/>\n\t<meta property=\"og:image:type\" content=\"image\/jpeg\" \/>\n<meta name=\"twitter:card\" content=\"summary_large_image\" \/>\n<meta name=\"twitter:label1\" content=\"Est. reading time\" \/>\n\t<meta name=\"twitter:data1\" content=\"2 minutes\" \/>\n<script type=\"application\/ld+json\" class=\"yoast-schema-graph\">{\"@context\":\"https:\/\/schema.org\",\"@graph\":[{\"@type\":\"WebPage\",\"@id\":\"https:\/\/www.laboratoires-unisson.com\/fr-be\/produit\/appareils-auditifs\/oticon\/xceed-3-bte-sp\",\"url\":\"https:\/\/www.laboratoires-unisson.com\/fr-be\/produit\/appareils-auditifs\/oticon\/xceed-3-bte-sp\",\"name\":\"Xceed 3 BTE SP - Laboratoires Unisson\",\"isPartOf\":{\"@id\":\"https:\/\/www.laboratoires-unisson.com\/fr-be#website\"},\"primaryImageOfPage\":{\"@id\":\"https:\/\/www.laboratoires-unisson.com\/fr-be\/produit\/appareils-auditifs\/oticon\/xceed-3-bte-sp#primaryimage\"},\"image\":{\"@id\":\"https:\/\/www.laboratoires-unisson.com\/fr-be\/produit\/appareils-auditifs\/oticon\/xceed-3-bte-sp#primaryimage\"},\"thumbnailUrl\":\"https:\/\/www.laboratoires-unisson.com\/wp-content\/uploads\/2022\/05\/xceed-3-bte-sp.jpg\",\"datePublished\":\"2022-05-02T12:45:46+00:00\",\"dateModified\":\"2025-12-03T09:09:45+00:00\",\"description\":\"Am\u00e9liorez votre audition avec l'Oticon Xceed 3 BTE SP. D\u00e9couvrez cet appareil auditif puissant chez Unisson, au meilleur prix.\",\"breadcrumb\":{\"@id\":\"https:\/\/www.laboratoires-unisson.com\/fr-be\/produit\/appareils-auditifs\/oticon\/xceed-3-bte-sp#breadcrumb\"},\"inLanguage\":\"fr-BE\",\"potentialAction\":[{\"@type\":\"ReadAction\",\"target\":[\"https:\/\/www.laboratoires-unisson.com\/fr-be\/produit\/appareils-auditifs\/oticon\/xceed-3-bte-sp\"]}]},{\"@type\":\"ImageObject\",\"inLanguage\":\"fr-BE\",\"@id\":\"https:\/\/www.laboratoires-unisson.com\/fr-be\/produit\/appareils-auditifs\/oticon\/xceed-3-bte-sp#primaryimage\",\"url\":\"https:\/\/www.laboratoires-unisson.com\/wp-content\/uploads\/2022\/05\/xceed-3-bte-sp.jpg\",\"contentUrl\":\"https:\/\/www.laboratoires-unisson.com\/wp-content\/uploads\/2022\/05\/xceed-3-bte-sp.jpg\",\"width\":500,\"height\":450},{\"@type\":\"BreadcrumbList\",\"@id\":\"https:\/\/www.laboratoires-unisson.com\/fr-be\/produit\/appareils-auditifs\/oticon\/xceed-3-bte-sp#breadcrumb\",\"itemListElement\":[{\"@type\":\"ListItem\",\"position\":1,\"name\":\"Shop\",\"item\":\"https:\/\/www.laboratoires-unisson.com\/fr-be\/shop\"},{\"@type\":\"ListItem\",\"position\":2,\"name\":\"Xceed 3 BTE SP\"}]},{\"@type\":\"WebSite\",\"@id\":\"https:\/\/www.laboratoires-unisson.com\/fr-be#website\",\"url\":\"https:\/\/www.laboratoires-unisson.com\/fr-be\",\"name\":\"Laboratoires Unisson\",\"description\":\"Appareil auditif et proth\u00e8se auditive Moins Cher jusqu&#039;\u00e0 -40%\",\"publisher\":{\"@id\":\"https:\/\/www.laboratoires-unisson.com\/fr-be#organization\"},\"potentialAction\":[{\"@type\":\"SearchAction\",\"target\":{\"@type\":\"EntryPoint\",\"urlTemplate\":\"https:\/\/www.laboratoires-unisson.com\/fr-be?s={search_term_string}\"},\"query-input\":{\"@type\":\"PropertyValueSpecification\",\"valueRequired\":true,\"valueName\":\"search_term_string\"}}],\"inLanguage\":\"fr-BE\"},{\"@type\":\"Organization\",\"@id\":\"https:\/\/www.laboratoires-unisson.com\/fr-be#organization\",\"name\":\"Laboratoires Unisson\",\"url\":\"https:\/\/www.laboratoires-unisson.com\/fr-be\",\"logo\":{\"@type\":\"ImageObject\",\"inLanguage\":\"fr-BE\",\"@id\":\"https:\/\/www.laboratoires-unisson.com\/fr-be#\/schema\/logo\/image\/\",\"url\":\"https:\/\/www.laboratoires-unisson.com\/wp-content\/uploads\/2022\/01\/logo-unisson.svg\",\"contentUrl\":\"https:\/\/www.laboratoires-unisson.com\/wp-content\/uploads\/2022\/01\/logo-unisson.svg\",\"width\":1,\"height\":1,\"caption\":\"Laboratoires Unisson\"},\"image\":{\"@id\":\"https:\/\/www.laboratoires-unisson.com\/fr-be#\/schema\/logo\/image\/\"}}]}<\/script>\n<!-- \/ Yoast SEO plugin. -->","yoast_head_json":{"title":"Appareil auditif Oticon Xceed 3 BTE SP \u00e0 1650\u20ac - Unisson Belgique","description":"Am\u00e9liorez votre audition avec l'Oticon Xceed 3 BTE SP. D\u00e9couvrez cet appareil auditif puissant chez Unisson, au meilleur prix.","robots":{"index":"index","follow":"follow","max-snippet":"max-snippet:-1","max-image-preview":"max-image-preview:large","max-video-preview":"max-video-preview:-1"},"canonical":"https:\/\/www.laboratoires-unisson.com\/fr-be\/wp-json\/wp\/v2\/product\/24725","og_locale":"fr_FR","og_type":"article","og_title":"Xceed 3 BTE SP - Laboratoires Unisson","og_description":"Am\u00e9liorez votre audition avec l'Oticon Xceed 3 BTE SP. D\u00e9couvrez cet appareil auditif puissant chez Unisson, au meilleur prix.","og_url":"https:\/\/www.laboratoires-unisson.com\/fr-be\/produit\/appareils-auditifs\/oticon\/xceed-3-bte-sp","og_site_name":"Laboratoires Unisson","article_modified_time":"2025-12-03T09:09:45+00:00","og_image":[{"width":500,"height":450,"url":"https:\/\/www.laboratoires-unisson.com\/wp-content\/uploads\/2022\/05\/xceed-3-bte-sp.jpg","type":"image\/jpeg"}],"twitter_card":"summary_large_image","twitter_misc":{"Est. reading time":"2 minutes"},"schema":{"@context":"https:\/\/schema.org","@graph":[{"@type":"WebPage","@id":"https:\/\/www.laboratoires-unisson.com\/fr-be\/produit\/appareils-auditifs\/oticon\/xceed-3-bte-sp","url":"https:\/\/www.laboratoires-unisson.com\/fr-be\/produit\/appareils-auditifs\/oticon\/xceed-3-bte-sp","name":"Xceed 3 BTE SP - Laboratoires Unisson","isPartOf":{"@id":"https:\/\/www.laboratoires-unisson.com\/fr-be#website"},"primaryImageOfPage":{"@id":"https:\/\/www.laboratoires-unisson.com\/fr-be\/produit\/appareils-auditifs\/oticon\/xceed-3-bte-sp#primaryimage"},"image":{"@id":"https:\/\/www.laboratoires-unisson.com\/fr-be\/produit\/appareils-auditifs\/oticon\/xceed-3-bte-sp#primaryimage"},"thumbnailUrl":"https:\/\/www.laboratoires-unisson.com\/wp-content\/uploads\/2022\/05\/xceed-3-bte-sp.jpg","datePublished":"2022-05-02T12:45:46+00:00","dateModified":"2025-12-03T09:09:45+00:00","description":"Am\u00e9liorez votre audition avec l'Oticon Xceed 3 BTE SP. D\u00e9couvrez cet appareil auditif puissant chez Unisson, au meilleur prix.","breadcrumb":{"@id":"https:\/\/www.laboratoires-unisson.com\/fr-be\/produit\/appareils-auditifs\/oticon\/xceed-3-bte-sp#breadcrumb"},"inLanguage":"fr-BE","potentialAction":[{"@type":"ReadAction","target":["https:\/\/www.laboratoires-unisson.com\/fr-be\/produit\/appareils-auditifs\/oticon\/xceed-3-bte-sp"]}]},{"@type":"ImageObject","inLanguage":"fr-BE","@id":"https:\/\/www.laboratoires-unisson.com\/fr-be\/produit\/appareils-auditifs\/oticon\/xceed-3-bte-sp#primaryimage","url":"https:\/\/www.laboratoires-unisson.com\/wp-content\/uploads\/2022\/05\/xceed-3-bte-sp.jpg","contentUrl":"https:\/\/www.laboratoires-unisson.com\/wp-content\/uploads\/2022\/05\/xceed-3-bte-sp.jpg","width":500,"height":450},{"@type":"BreadcrumbList","@id":"https:\/\/www.laboratoires-unisson.com\/fr-be\/produit\/appareils-auditifs\/oticon\/xceed-3-bte-sp#breadcrumb","itemListElement":[{"@type":"ListItem","position":1,"name":"Shop","item":"https:\/\/www.laboratoires-unisson.com\/fr-be\/shop"},{"@type":"ListItem","position":2,"name":"Xceed 3 BTE SP"}]},{"@type":"WebSite","@id":"https:\/\/www.laboratoires-unisson.com\/fr-be#website","url":"https:\/\/www.laboratoires-unisson.com\/fr-be","name":"Laboratoires Unisson","description":"Appareil auditif et proth\u00e8se auditive Moins Cher jusqu&#039;\u00e0 -40%","publisher":{"@id":"https:\/\/www.laboratoires-unisson.com\/fr-be#organization"},"potentialAction":[{"@type":"SearchAction","target":{"@type":"EntryPoint","urlTemplate":"https:\/\/www.laboratoires-unisson.com\/fr-be?s={search_term_string}"},"query-input":{"@type":"PropertyValueSpecification","valueRequired":true,"valueName":"search_term_string"}}],"inLanguage":"fr-BE"},{"@type":"Organization","@id":"https:\/\/www.laboratoires-unisson.com\/fr-be#organization","name":"Laboratoires Unisson","url":"https:\/\/www.laboratoires-unisson.com\/fr-be","logo":{"@type":"ImageObject","inLanguage":"fr-BE","@id":"https:\/\/www.laboratoires-unisson.com\/fr-be#\/schema\/logo\/image\/","url":"https:\/\/www.laboratoires-unisson.com\/wp-content\/uploads\/2022\/01\/logo-unisson.svg","contentUrl":"https:\/\/www.laboratoires-unisson.com\/wp-content\/uploads\/2022\/01\/logo-unisson.svg","width":1,"height":1,"caption":"Laboratoires Unisson"},"image":{"@id":"https:\/\/www.laboratoires-unisson.com\/fr-be#\/schema\/logo\/image\/"}}]}},"_links":{"self":[{"href":"https:\/\/www.laboratoires-unisson.com\/fr-be\/wp-json\/wp\/v2\/product\/24725","targetHints":{"allow":["GET"]}}],"collection":[{"href":"https:\/\/www.laboratoires-unisson.com\/fr-be\/wp-json\/wp\/v2\/product"}],"about":[{"href":"https:\/\/www.laboratoires-unisson.com\/fr-be\/wp-json\/wp\/v2\/types\/product"}],"wp:featuredmedia":[{"embeddable":true,"href":"https:\/\/www.laboratoires-unisson.com\/fr-be\/wp-json\/wp\/v2\/media\/19180"}],"wp:attachment":[{"href":"https:\/\/www.laboratoires-unisson.com\/fr-be\/wp-json\/wp\/v2\/media?parent=24725"}],"wp:term":[{"taxonomy":"product_brand","embeddable":true,"href":"https:\/\/www.laboratoires-unisson.com\/fr-be\/wp-json\/wp\/v2\/product_brand?post=24725"},{"taxonomy":"product_cat","embeddable":true,"href":"https:\/\/www.laboratoires-unisson.com\/fr-be\/wp-json\/wp\/v2\/product_cat?post=24725"},{"taxonomy":"product_tag","embeddable":true,"href":"https:\/\/www.laboratoires-unisson.com\/fr-be\/wp-json\/wp\/v2\/product_tag?post=24725"}],"curies":[{"name":"wp","href":"https:\/\/api.w.org\/{rel}","templated":true}]}}