{"id":24730,"date":"2022-05-02T14:43:57","date_gmt":"2022-05-02T12:43:57","guid":{"rendered":"https:\/\/www.laboratoires-unisson.com\/produit\/siya-1-bte"},"modified":"2025-12-03T10:09:47","modified_gmt":"2025-12-03T09:09:47","slug":"siya-1-bte","status":"publish","type":"product","link":"https:\/\/www.laboratoires-unisson.com\/fr-be\/produit\/appareils-auditifs\/oticon\/siya-1-bte","title":{"rendered":"Siya 1 BTE"},"content":{"rendered":"<p>L&#8217;aide auditive Oticon Siya 1 BTE 13 est un <strong>appareil auditif en contour d&#8217;oreille BTE connect\u00e9.<\/strong><\/p>\n<p>Il poss\u00e8de <strong>10 canaux de r\u00e9glages<\/strong>, un <strong>bouton<\/strong> pour r\u00e9gler les programmes et une certification <strong>IP68<\/strong>. Il fonctionne avec une <strong>pile auditive 13<\/strong>.<\/p>\n<p>Ce mod\u00e8le est \u00e9quip\u00e9 d&#8217;une <strong>connexion Bluetooth MFI<\/strong> (made for iPhone). Ce mod\u00e8le est \u00e9galement compatible avec l&#8217;application mobile Oticon ON, qui vous permet de b\u00e9n\u00e9ficier de fonctionnalit\u00e9s suppl\u00e9mentaires.<\/p>\n<p>Les appareils Oticon Siya reposent sur la plateforme Velox\u2122 et int\u00e8gre 48 canaux de traitement pour une qualit\u00e9 de son haute-r\u00e9solution.<\/p>\n<h4>Les fonctionnalit\u00e9s de l&#8217;aide auditive Oticon Siya 1 BTE 13<\/h4>\n<ul>\n<li>10\u00a0canaux<\/li>\n<li>R\u00e9duction du bruit LX<\/li>\n<li>Directivit\u00e9 Multibande Adaptative LX<\/li>\n<li>Wind Noise Management<\/li>\n<li>Gestion\u00a0des acouph\u00e8nes<\/li>\n<li>IP68<\/li>\n<li>Connexion Bluetooth<\/li>\n<li>Application mobile<\/li>\n<li>Pile auditive 13<\/li>\n<\/ul>\n","protected":false},"excerpt":{"rendered":"<p>L&#8217;aide auditive Oticon Siya 1 BTE 13 est un appareil auditif en contour d&#8217;oreille BTE connect\u00e9. Il poss\u00e8de 10 canaux de r\u00e9glages, un bouton pour r\u00e9gler les programmes et une certification IP68. Il fonctionne avec une pile auditive 13. Ce mod\u00e8le est \u00e9quip\u00e9 d&#8217;une connexion Bluetooth MFI (made for iPhone). Ce mod\u00e8le est \u00e9galement compatible [&hellip;]<\/p>\n","protected":false},"featured_media":19175,"template":"","meta":{"_acf_changed":false},"product_brand":[],"product_cat":[2792],"product_tag":[],"class_list":{"0":"post-24730","1":"product","2":"type-product","3":"status-publish","4":"has-post-thumbnail","6":"product_cat-oticon-fr-be","8":"first","9":"instock","10":"taxable","11":"shipping-taxable","12":"purchasable","13":"product-type-simple"},"acf":[],"yoast_head":"<!-- This site is optimized with the Yoast SEO plugin v27.1.1 - https:\/\/yoast.com\/product\/yoast-seo-wordpress\/ -->\n<title>Appareil auditif Oticon Siya 1 BTE \u00e0 1150\u20ac - Unisson Belgique<\/title>\n<meta name=\"description\" content=\"L&#039;aide auditive Oticon Siya 1 BTE 13 est un appareil auditif en contour d&#039;oreille BTE connect\u00e9. Il poss\u00e8de 10 canaux de r\u00e9glages, un bouton pour r\u00e9gler\" \/>\n<meta name=\"robots\" content=\"index, follow, max-snippet:-1, max-image-preview:large, max-video-preview:-1\" \/>\n<link rel=\"canonical\" href=\"https:\/\/www.laboratoires-unisson.com\/fr-be\/wp-json\/wp\/v2\/product\/24730\" \/>\n<meta property=\"og:locale\" content=\"fr_FR\" \/>\n<meta property=\"og:type\" content=\"article\" \/>\n<meta property=\"og:title\" content=\"Siya 1 BTE - Laboratoires Unisson\" \/>\n<meta property=\"og:description\" content=\"L&#039;aide auditive Oticon Siya 1 BTE 13 est un appareil auditif en contour d&#039;oreille BTE connect\u00e9. Il poss\u00e8de 10 canaux de r\u00e9glages, un bouton pour r\u00e9gler\" \/>\n<meta property=\"og:url\" content=\"https:\/\/www.laboratoires-unisson.com\/fr-be\/produit\/appareils-auditifs\/oticon\/siya-1-bte\" \/>\n<meta property=\"og:site_name\" content=\"Laboratoires Unisson\" \/>\n<meta property=\"article:modified_time\" content=\"2025-12-03T09:09:47+00:00\" \/>\n<meta property=\"og:image\" content=\"https:\/\/www.laboratoires-unisson.com\/wp-content\/uploads\/2022\/05\/siya-1-bte.jpg\" \/>\n\t<meta property=\"og:image:width\" content=\"450\" \/>\n\t<meta property=\"og:image:height\" content=\"500\" \/>\n\t<meta property=\"og:image:type\" content=\"image\/jpeg\" \/>\n<meta name=\"twitter:card\" content=\"summary_large_image\" \/>\n<meta name=\"twitter:label1\" content=\"Est. reading time\" \/>\n\t<meta name=\"twitter:data1\" content=\"1 minute\" \/>\n<script type=\"application\/ld+json\" class=\"yoast-schema-graph\">{\"@context\":\"https:\/\/schema.org\",\"@graph\":[{\"@type\":\"WebPage\",\"@id\":\"https:\/\/www.laboratoires-unisson.com\/fr-be\/produit\/appareils-auditifs\/oticon\/siya-1-bte\",\"url\":\"https:\/\/www.laboratoires-unisson.com\/fr-be\/produit\/appareils-auditifs\/oticon\/siya-1-bte\",\"name\":\"Siya 1 BTE - Laboratoires Unisson\",\"isPartOf\":{\"@id\":\"https:\/\/www.laboratoires-unisson.com\/fr-be#website\"},\"primaryImageOfPage\":{\"@id\":\"https:\/\/www.laboratoires-unisson.com\/fr-be\/produit\/appareils-auditifs\/oticon\/siya-1-bte#primaryimage\"},\"image\":{\"@id\":\"https:\/\/www.laboratoires-unisson.com\/fr-be\/produit\/appareils-auditifs\/oticon\/siya-1-bte#primaryimage\"},\"thumbnailUrl\":\"https:\/\/www.laboratoires-unisson.com\/wp-content\/uploads\/2022\/05\/siya-1-bte.jpg\",\"datePublished\":\"2022-05-02T12:43:57+00:00\",\"dateModified\":\"2025-12-03T09:09:47+00:00\",\"description\":\"L'aide auditive Oticon Siya 1 BTE 13 est un appareil auditif en contour d'oreille BTE connect\u00e9. Il poss\u00e8de 10 canaux de r\u00e9glages, un bouton pour r\u00e9gler\",\"breadcrumb\":{\"@id\":\"https:\/\/www.laboratoires-unisson.com\/fr-be\/produit\/appareils-auditifs\/oticon\/siya-1-bte#breadcrumb\"},\"inLanguage\":\"fr-BE\",\"potentialAction\":[{\"@type\":\"ReadAction\",\"target\":[\"https:\/\/www.laboratoires-unisson.com\/fr-be\/produit\/appareils-auditifs\/oticon\/siya-1-bte\"]}]},{\"@type\":\"ImageObject\",\"inLanguage\":\"fr-BE\",\"@id\":\"https:\/\/www.laboratoires-unisson.com\/fr-be\/produit\/appareils-auditifs\/oticon\/siya-1-bte#primaryimage\",\"url\":\"https:\/\/www.laboratoires-unisson.com\/wp-content\/uploads\/2022\/05\/siya-1-bte.jpg\",\"contentUrl\":\"https:\/\/www.laboratoires-unisson.com\/wp-content\/uploads\/2022\/05\/siya-1-bte.jpg\",\"width\":450,\"height\":500},{\"@type\":\"BreadcrumbList\",\"@id\":\"https:\/\/www.laboratoires-unisson.com\/fr-be\/produit\/appareils-auditifs\/oticon\/siya-1-bte#breadcrumb\",\"itemListElement\":[{\"@type\":\"ListItem\",\"position\":1,\"name\":\"Shop\",\"item\":\"https:\/\/www.laboratoires-unisson.com\/fr-be\/shop\"},{\"@type\":\"ListItem\",\"position\":2,\"name\":\"Siya 1 BTE\"}]},{\"@type\":\"WebSite\",\"@id\":\"https:\/\/www.laboratoires-unisson.com\/fr-be#website\",\"url\":\"https:\/\/www.laboratoires-unisson.com\/fr-be\",\"name\":\"Laboratoires Unisson\",\"description\":\"Appareil auditif et proth\u00e8se auditive Moins Cher jusqu&#039;\u00e0 -40%\",\"publisher\":{\"@id\":\"https:\/\/www.laboratoires-unisson.com\/fr-be#organization\"},\"potentialAction\":[{\"@type\":\"SearchAction\",\"target\":{\"@type\":\"EntryPoint\",\"urlTemplate\":\"https:\/\/www.laboratoires-unisson.com\/fr-be?s={search_term_string}\"},\"query-input\":{\"@type\":\"PropertyValueSpecification\",\"valueRequired\":true,\"valueName\":\"search_term_string\"}}],\"inLanguage\":\"fr-BE\"},{\"@type\":\"Organization\",\"@id\":\"https:\/\/www.laboratoires-unisson.com\/fr-be#organization\",\"name\":\"Laboratoires Unisson\",\"url\":\"https:\/\/www.laboratoires-unisson.com\/fr-be\",\"logo\":{\"@type\":\"ImageObject\",\"inLanguage\":\"fr-BE\",\"@id\":\"https:\/\/www.laboratoires-unisson.com\/fr-be#\/schema\/logo\/image\/\",\"url\":\"https:\/\/www.laboratoires-unisson.com\/wp-content\/uploads\/2022\/01\/logo-unisson.svg\",\"contentUrl\":\"https:\/\/www.laboratoires-unisson.com\/wp-content\/uploads\/2022\/01\/logo-unisson.svg\",\"width\":1,\"height\":1,\"caption\":\"Laboratoires Unisson\"},\"image\":{\"@id\":\"https:\/\/www.laboratoires-unisson.com\/fr-be#\/schema\/logo\/image\/\"}}]}<\/script>\n<!-- \/ Yoast SEO plugin. -->","yoast_head_json":{"title":"Appareil auditif Oticon Siya 1 BTE \u00e0 1150\u20ac - Unisson Belgique","description":"L'aide auditive Oticon Siya 1 BTE 13 est un appareil auditif en contour d'oreille BTE connect\u00e9. Il poss\u00e8de 10 canaux de r\u00e9glages, un bouton pour r\u00e9gler","robots":{"index":"index","follow":"follow","max-snippet":"max-snippet:-1","max-image-preview":"max-image-preview:large","max-video-preview":"max-video-preview:-1"},"canonical":"https:\/\/www.laboratoires-unisson.com\/fr-be\/wp-json\/wp\/v2\/product\/24730","og_locale":"fr_FR","og_type":"article","og_title":"Siya 1 BTE - Laboratoires Unisson","og_description":"L'aide auditive Oticon Siya 1 BTE 13 est un appareil auditif en contour d'oreille BTE connect\u00e9. Il poss\u00e8de 10 canaux de r\u00e9glages, un bouton pour r\u00e9gler","og_url":"https:\/\/www.laboratoires-unisson.com\/fr-be\/produit\/appareils-auditifs\/oticon\/siya-1-bte","og_site_name":"Laboratoires Unisson","article_modified_time":"2025-12-03T09:09:47+00:00","og_image":[{"width":450,"height":500,"url":"https:\/\/www.laboratoires-unisson.com\/wp-content\/uploads\/2022\/05\/siya-1-bte.jpg","type":"image\/jpeg"}],"twitter_card":"summary_large_image","twitter_misc":{"Est. reading time":"1 minute"},"schema":{"@context":"https:\/\/schema.org","@graph":[{"@type":"WebPage","@id":"https:\/\/www.laboratoires-unisson.com\/fr-be\/produit\/appareils-auditifs\/oticon\/siya-1-bte","url":"https:\/\/www.laboratoires-unisson.com\/fr-be\/produit\/appareils-auditifs\/oticon\/siya-1-bte","name":"Siya 1 BTE - Laboratoires Unisson","isPartOf":{"@id":"https:\/\/www.laboratoires-unisson.com\/fr-be#website"},"primaryImageOfPage":{"@id":"https:\/\/www.laboratoires-unisson.com\/fr-be\/produit\/appareils-auditifs\/oticon\/siya-1-bte#primaryimage"},"image":{"@id":"https:\/\/www.laboratoires-unisson.com\/fr-be\/produit\/appareils-auditifs\/oticon\/siya-1-bte#primaryimage"},"thumbnailUrl":"https:\/\/www.laboratoires-unisson.com\/wp-content\/uploads\/2022\/05\/siya-1-bte.jpg","datePublished":"2022-05-02T12:43:57+00:00","dateModified":"2025-12-03T09:09:47+00:00","description":"L'aide auditive Oticon Siya 1 BTE 13 est un appareil auditif en contour d'oreille BTE connect\u00e9. Il poss\u00e8de 10 canaux de r\u00e9glages, un bouton pour r\u00e9gler","breadcrumb":{"@id":"https:\/\/www.laboratoires-unisson.com\/fr-be\/produit\/appareils-auditifs\/oticon\/siya-1-bte#breadcrumb"},"inLanguage":"fr-BE","potentialAction":[{"@type":"ReadAction","target":["https:\/\/www.laboratoires-unisson.com\/fr-be\/produit\/appareils-auditifs\/oticon\/siya-1-bte"]}]},{"@type":"ImageObject","inLanguage":"fr-BE","@id":"https:\/\/www.laboratoires-unisson.com\/fr-be\/produit\/appareils-auditifs\/oticon\/siya-1-bte#primaryimage","url":"https:\/\/www.laboratoires-unisson.com\/wp-content\/uploads\/2022\/05\/siya-1-bte.jpg","contentUrl":"https:\/\/www.laboratoires-unisson.com\/wp-content\/uploads\/2022\/05\/siya-1-bte.jpg","width":450,"height":500},{"@type":"BreadcrumbList","@id":"https:\/\/www.laboratoires-unisson.com\/fr-be\/produit\/appareils-auditifs\/oticon\/siya-1-bte#breadcrumb","itemListElement":[{"@type":"ListItem","position":1,"name":"Shop","item":"https:\/\/www.laboratoires-unisson.com\/fr-be\/shop"},{"@type":"ListItem","position":2,"name":"Siya 1 BTE"}]},{"@type":"WebSite","@id":"https:\/\/www.laboratoires-unisson.com\/fr-be#website","url":"https:\/\/www.laboratoires-unisson.com\/fr-be","name":"Laboratoires Unisson","description":"Appareil auditif et proth\u00e8se auditive Moins Cher jusqu&#039;\u00e0 -40%","publisher":{"@id":"https:\/\/www.laboratoires-unisson.com\/fr-be#organization"},"potentialAction":[{"@type":"SearchAction","target":{"@type":"EntryPoint","urlTemplate":"https:\/\/www.laboratoires-unisson.com\/fr-be?s={search_term_string}"},"query-input":{"@type":"PropertyValueSpecification","valueRequired":true,"valueName":"search_term_string"}}],"inLanguage":"fr-BE"},{"@type":"Organization","@id":"https:\/\/www.laboratoires-unisson.com\/fr-be#organization","name":"Laboratoires Unisson","url":"https:\/\/www.laboratoires-unisson.com\/fr-be","logo":{"@type":"ImageObject","inLanguage":"fr-BE","@id":"https:\/\/www.laboratoires-unisson.com\/fr-be#\/schema\/logo\/image\/","url":"https:\/\/www.laboratoires-unisson.com\/wp-content\/uploads\/2022\/01\/logo-unisson.svg","contentUrl":"https:\/\/www.laboratoires-unisson.com\/wp-content\/uploads\/2022\/01\/logo-unisson.svg","width":1,"height":1,"caption":"Laboratoires Unisson"},"image":{"@id":"https:\/\/www.laboratoires-unisson.com\/fr-be#\/schema\/logo\/image\/"}}]}},"_links":{"self":[{"href":"https:\/\/www.laboratoires-unisson.com\/fr-be\/wp-json\/wp\/v2\/product\/24730","targetHints":{"allow":["GET"]}}],"collection":[{"href":"https:\/\/www.laboratoires-unisson.com\/fr-be\/wp-json\/wp\/v2\/product"}],"about":[{"href":"https:\/\/www.laboratoires-unisson.com\/fr-be\/wp-json\/wp\/v2\/types\/product"}],"wp:featuredmedia":[{"embeddable":true,"href":"https:\/\/www.laboratoires-unisson.com\/fr-be\/wp-json\/wp\/v2\/media\/19175"}],"wp:attachment":[{"href":"https:\/\/www.laboratoires-unisson.com\/fr-be\/wp-json\/wp\/v2\/media?parent=24730"}],"wp:term":[{"taxonomy":"product_brand","embeddable":true,"href":"https:\/\/www.laboratoires-unisson.com\/fr-be\/wp-json\/wp\/v2\/product_brand?post=24730"},{"taxonomy":"product_cat","embeddable":true,"href":"https:\/\/www.laboratoires-unisson.com\/fr-be\/wp-json\/wp\/v2\/product_cat?post=24730"},{"taxonomy":"product_tag","embeddable":true,"href":"https:\/\/www.laboratoires-unisson.com\/fr-be\/wp-json\/wp\/v2\/product_tag?post=24730"}],"curies":[{"name":"wp","href":"https:\/\/api.w.org\/{rel}","templated":true}]}}