{"id":24732,"date":"2022-05-02T14:41:21","date_gmt":"2022-05-02T12:41:21","guid":{"rendered":"https:\/\/www.laboratoires-unisson.com\/produit\/opn-1-s-minirite-312"},"modified":"2025-12-03T10:09:48","modified_gmt":"2025-12-03T09:09:48","slug":"opn-1-s-minirite-312","status":"publish","type":"product","link":"https:\/\/www.laboratoires-unisson.com\/fr-be\/produit\/appareils-auditifs\/oticon\/opn-1-s-minirite-312","title":{"rendered":"Opn 1 S miniRITE 312"},"content":{"rendered":"<p>Oticon Opn 1S Mini Rite est une <a href=\"https:\/\/www.laboratoires-unisson.com\/fr-be\/appareils-auditifs\/marques\/oticon\"><strong>aide auditive Oticon<\/strong><\/a> haut de gamme sortie en 2018. C\u2019est une version am\u00e9lior\u00e9e de la pr\u00e9c\u00e9dente version Opn1 sortie en 2016. On notera une am\u00e9lioration de l\u2019anti-larsen et des fonctionnalit\u00e9s avanc\u00e9es de r\u00e9glages destin\u00e9s \u00e0 l\u2019audioproth\u00e9siste. Ce contour RIC marque un tournant pour la marque qui propose avec Opn une solution auditive digne des appareils auditifs les plus performants du march\u00e9. Les avanc\u00e9es technologiques de la <strong>nouvelle plateforme Velox<\/strong> impressionnent de leur technicit\u00e9 et leur connectivit\u00e9, offrant une alternative s\u00e9duisante aux solutions haut de gamme Siemens, Starkey ou Phonak.<\/p>\n<p><strong>Envie de tester l&#8217;appareil auditif Oticon OPN 1S Mini Rite ? Prenez rendez-vous directement sur notre site.<\/strong>\u00a0Vous serez re\u00e7u par l&#8217;un de nos audioproth\u00e9sistes qui conseillera une solution adapt\u00e9e \u00e0 vos besoins et \u00e0 votre audition. Si vous avez d\u00e9j\u00e0 une prescription m\u00e9dicale, vous aurez la possibilit\u00e9 d&#8217;effectuer un essai gratuit d&#8217;un mois.<\/p>\n<p>Ce mod\u00e8le est un appareil auditif haut de gamme, que vous trouverez au <a href=\"https:\/\/www.laboratoires-unisson.com\/fr-be\/appareils-auditifs\/prix\">prix le moins cher<\/a> uniquement dans les centres auditifs Unisson. Ce prix comprend la garantie, les r\u00e9glages et le suivi en illimit\u00e9.<\/p>\n<p style=\"text-align: center;\"><a class=\"btn btn-default btn-xs bg-green\" href=\"https:\/\/www.laboratoires-unisson.com\/fr-be\/rdv\">Prendre un rendez-vous gratuit<\/a><\/p>\n<h4>D\u00e9couvrez Velox, la nouvelle puce Oticon m\u00ealant puissance &amp; vitesse<\/h4>\n<p>La nouvelle puce d\u2019Oticon propose <strong>une puissance de calcul 50 fois sup\u00e9rieure \u00e0 la g\u00e9n\u00e9ration pr\u00e9c\u00e9dente, Alta Pro 2<\/strong>. Avec son processeur \u00e0 11 c\u0153urs, Velox traite les signaux \u00e0 une vitesse extr\u00eame. Cette nouvelle plateforme assure une meilleure r\u00e9solution fr\u00e9quentielle avec <strong>un traitement des sons sur 64 canaux et une adaptation sur 16 bandes<\/strong> et offre de nouvelles perspectives en termes de connectivit\u00e9 avec l\u2019introduction de Twinlink\u2122, qui permet une <strong>communication binaurale NFMI<\/strong> et une connectivit\u00e9 Bluetooth directe vers vos appareils multim\u00e9dias.<\/p>\n<p>Les capacit\u00e9s de calcul de cette nouvelle puce permettent aux malentendants \u00e9quip\u00e9s d\u2019appareils Opn de suivre distinctement l\u2019ensemble du paysage sonore, pr\u00e9servant tous les d\u00e9tails et permettant au cerveau de s\u00e9lectionner naturellement les sons que vous souhaitez entendre.<\/p>\n<p>Mieux qu\u2019une <strong>aide auditive traditionnelle<\/strong>\u00a0; vous souhaitez des <strong>proth\u00e8ses auditives<\/strong> qui r\u00e9duisent les <strong>bruits<\/strong> environnants et am\u00e9liorent votre confort d\u2019\u00e9coute pendant les conversations avec vos <strong>interlocuteurs<\/strong>, faites le choix d\u2019un <strong>nouvel<\/strong> <a href=\"https:\/\/www.laboratoires-unisson.com\/fr-be\/appareils-auditifs\/types\/contour-bte\">appareil auditif contour d\u2019oreille<\/a>.<\/p>\n<h4>Une exp\u00e9rience sonore \u00e0 360\u00b0 avec Oticon Opn<\/h4>\n<p>Avec le nouveau Spatial Sound\u2122 LX et OpenSound Navigator, Oticon Opn offre une audition binaurale \u00e0 360\u00b0 haut de gamme. La technologie Twinlink\u2122 permettant d\u2019augmenter de plus de 200% la capacit\u00e9 de communication binaurale de SpatialSound\u2122 LX par rapport \u00e0 l\u2019ancienne puce Inum Sense avec 21 \u00e9changes d\u2019informations par seconde entre les aides auditives. Avec OpenSound Navigator\u2122, la proth\u00e8se Oticon Opn pr\u00e9serve la parole et r\u00e9duit le bruit dans les environnements difficiles. L\u2019algorithme analyse plus de 100 fois par seconde l\u2019environnement pour d\u00e9terminer la position et la fr\u00e9quence de chaque son. Il adapte ensuite un traitement sp\u00e9cifique pour chaque signal (balance et r\u00e9duction du bruit) pour d\u00e9livrer un champ sonore complet et compr\u00e9hensible. La personnalisation de l\u2019algorithme aux pr\u00e9f\u00e9rences utilisateur via Youmatic\u2122 LX permet \u00e9galement d\u2019affiner le r\u00e9glage pour une exp\u00e9rience adapt\u00e9e aux sp\u00e9cificit\u00e9s de chaque utilisateur.<\/p>\n<h4>Les b\u00e9n\u00e9fices de Oticon BrainHearing\u2122 d\u00e9cupl\u00e9s<\/h4>\n<p><strong>Oticon Opn<\/strong> promet plusieurs choses avec sa nouvelle puce Velox et son exp\u00e9rience 100% BrainHearing\u2122\u00a0:<\/p>\n<h5><strong>20% d\u2019effort d\u2019\u00e9coute en moins<\/strong><\/h5>\n<p>Selon des \u00e9tudes men\u00e9es par la firme, utilisant des m\u00e9thodes de mesures internationales reconnues, le port d\u2019appareils Oticon Opn permet une r\u00e9duction de 20% des efforts d\u2019\u00e9coute consentis par les patients par rapport \u00e0\u00a0 son pr\u00e9d\u00e9cesseur Oticon Alta2 Pro.<\/p>\n<h5><strong>Augmente les capacit\u00e9s de m\u00e9morisation de 20%<\/strong><\/h5>\n<p>Cette diminution de l\u2019effort d\u2019\u00e9coute permet en outre aux patients d\u2019augmenter de 20% leur capacit\u00e9 de m\u00e9morisation des conversations.<\/p>\n<h5><strong>30% d\u2019am\u00e9lioration de la compr\u00e9hension dans les environnements bruyants<\/strong><\/h5>\n<p>Enfin, gr\u00e2ce \u00e0 la combinaison de OpenSound Navigator\u2122 et SpeechGuard\u2122 LX, les appareils auditifs Oticon Opn augmentent de 30% la compr\u00e9hension de la parole dans les environnements sonores complexes.<\/p>\n<h4>Une connectivit\u00e9 sans-fil \u00e0 toute \u00e9preuve avec Twinlink\u2122 &amp; l\u2019application mobile Oticon On<\/h4>\n<p>Oticon Opn est <strong>le premier appareil auditif \u00ab\u00a0made for iPhone\u00a0\u00bb de la marque<\/strong>. Avec sa nouvelle application mobile, <strong>Oticon ON<\/strong>, le fabricant Danois propose d\u00e9sormais une connexion sans-fil directe avec votre smartphone pour contr\u00f4ler plus facilement vos appareils auditifs par le biais d\u2019une connexion Bluetooth 4.0. Celle-ci permet aux utilisateurs de r\u00e9gler le volume, s\u00e9lectionner ses programmes ou encore recevoir directement le son de vos appareils apple dans vos aides auditives (iPhone, iPad, iPod touch). A noter cependant que le streaming audio direct n\u2019est pas disponible pour les smartphones Android.<\/p>\n<p>En plus de cette innovation, <strong>Oticon Opn devient la premi\u00e8re proth\u00e8se auditive connect\u00e9e \u00e0 internet<\/strong> et le monde des objets connect\u00e9s. En effet, l\u2019appareil propose une liaison au r\u00e9seau IFTTT (If This Then That), qui permet de se connecter \u00e0 de nombreux appareils du quotidien. Ainsi, \u00e9coutez de la <strong>musique<\/strong> ou r\u00e9alisez des appels <strong>t\u00e9l\u00e9phoniques<\/strong> \u00e0 proximit\u00e9 de votre appareil en recevant les sons directement dans votre aide auditive.<\/p>\n<h4>Fonctionnalit\u00e9s de Oticon 0pn 1<\/h4>\n<p>&#8211; <strong>Notifications sonores<\/strong> (piles faible, d\u00e9marrage des appareils\u2026)<\/p>\n<p>&#8211; <strong>Gestionnaire d\u2019adaptation<\/strong> en 3 \u00e9tape pour faciliter l\u2019acclimatation de l\u2019utilisateur avec ses nouveaux appareils auditifs Oticon<\/p>\n<p>&#8211; <strong>Application mobile<\/strong> et t\u00e9l\u00e9commande (communication direct avec iOS et Android)<\/p>\n<p>&#8211; <strong>AutoPhone<\/strong>\u00a0: activation automatique du programme t\u00e9l\u00e9phone lors d\u2019un appel<\/p>\n<p>&#8211; <strong>Bass Boost :\u00a0<\/strong>compensation des fuites de basses lors du streaming<\/p>\n<p>&#8211; <strong>Coordination Binaurale<\/strong>\u00a0: agence les r\u00e9glages entre les deux aides auditives<\/p>\n<p>&#8211; <strong>Traitement binaural<\/strong>\u00a0: garantit l\u2019\u00e9change de donn\u00e9es en temps r\u00e9el entre les aides auditives pour garantir les diff\u00e9rences interaurales optimales<\/p>\n<p>&#8211; <strong>Clear Dyamics<\/strong>\u00a0: pr\u00e9servent la qualit\u00e9 sonore avec une forte amplification<\/p>\n<p>&#8211; <strong>Data Logging<\/strong>\u00a0: enregistrement des donn\u00e9es utilisateur pour faciliter la personnalisation des appareils<\/p>\n<p>&#8211; <strong>Feedback Shield LX<\/strong>\u00a0: gestion ultra-rapide du larsen<\/p>\n<p>&#8211; <strong>16 canaux de r\u00e9glages<\/strong><\/p>\n<p>&#8211; <strong>64 canaux de traitement du signal<\/strong>, 100 fois \/ seconde<\/p>\n<p>&#8211; <strong>OpenSound Navigator\u2122<\/strong>\u00a0: analyse en permanence l\u2019environnement sonore, \u00e9quilibre les diff\u00e9rents signaux per\u00e7us et r\u00e9duit le bruit ambiant<\/p>\n<p>&#8211; <strong>Soft Speech Booster LX<\/strong>\u00a0: applique un gain sp\u00e9cifique aux voix faibles pour une meilleure compr\u00e9hension<\/p>\n<p>&#8211; <strong>Spatial Sound\u2122 LX<\/strong>\u00a0: Tient compte du traitement binaural pour offrir au patient une vision spatiale pr\u00e9cise permettant de d\u00e9terminer d\u2019o\u00f9 proviennent les sons<\/p>\n<p>&#8211; <strong>Speech Guard\u2122 LX<\/strong>\u00a0: compression active de la parole dans le bruit<\/p>\n<p>&#8211; <strong>Transient Noise Management<\/strong>\u00a0: r\u00e9duit les bruits impulsionnels<\/p>\n<p>&#8211; <strong>Twinlink<\/strong>\u00a0: syst\u00e8me de communication sans-fil innovant<\/p>\n<p>&#8211; <strong>Wind Noise Management<\/strong>\u00a0: prot\u00e8ge l\u2019utilisateur des bruits n\u00e9fastes li\u00e9s au vent pour profiter de vos activit\u00e9s en ext\u00e9rieur<\/p>\n<p>&#8211; <strong>Youmatic\u2122 LX<\/strong>\u00a0: permet une personnalisation plus pouss\u00e9e de l\u2019appareil auditif en fonction des pr\u00e9f\u00e9rences du patient<\/p>\n<p>&#8211; Rechargeable avec accumulateurs<\/p>\n","protected":false},"excerpt":{"rendered":"<p>Oticon Opn 1S Mini Rite est une aide auditive Oticon haut de gamme sortie en 2018. C\u2019est une version am\u00e9lior\u00e9e de la pr\u00e9c\u00e9dente version Opn1 sortie en 2016. On notera une am\u00e9lioration de l\u2019anti-larsen et des fonctionnalit\u00e9s avanc\u00e9es de r\u00e9glages destin\u00e9s \u00e0 l\u2019audioproth\u00e9siste. Ce contour RIC marque un tournant pour la marque qui propose avec [&hellip;]<\/p>\n","protected":false},"featured_media":19173,"template":"","meta":{"_acf_changed":false},"product_brand":[],"product_cat":[2792],"product_tag":[],"class_list":{"0":"post-24732","1":"product","2":"type-product","3":"status-publish","4":"has-post-thumbnail","6":"product_cat-oticon-fr-be","8":"first","9":"instock","10":"taxable","11":"shipping-taxable","12":"purchasable","13":"product-type-simple"},"acf":[],"yoast_head":"<!-- This site is optimized with the Yoast SEO plugin v27.1.1 - https:\/\/yoast.com\/product\/yoast-seo-wordpress\/ -->\n<title>Appareil auditif Oticon Opn 1 S miniRITE 312 \u00e0 2100\u20ac - Unisson Belgique<\/title>\n<meta name=\"description\" content=\"Oticon Opn 1S Mini Rite est une aide auditive Oticon haut de gamme sortie en 2018. C\u2019est une version am\u00e9lior\u00e9e de la pr\u00e9c\u00e9dente version Opn1 sortie en\" \/>\n<meta name=\"robots\" content=\"index, follow, max-snippet:-1, max-image-preview:large, max-video-preview:-1\" \/>\n<link rel=\"canonical\" href=\"https:\/\/www.laboratoires-unisson.com\/fr-be\/wp-json\/wp\/v2\/product\/24732\" \/>\n<meta property=\"og:locale\" content=\"fr_FR\" \/>\n<meta property=\"og:type\" content=\"article\" \/>\n<meta property=\"og:title\" content=\"Opn 1 S miniRITE 312 - Laboratoires Unisson\" \/>\n<meta property=\"og:description\" content=\"Oticon Opn 1S Mini Rite est une aide auditive Oticon haut de gamme sortie en 2018. C\u2019est une version am\u00e9lior\u00e9e de la pr\u00e9c\u00e9dente version Opn1 sortie en\" \/>\n<meta property=\"og:url\" content=\"https:\/\/www.laboratoires-unisson.com\/fr-be\/produit\/appareils-auditifs\/oticon\/opn-1-s-minirite-312\" \/>\n<meta property=\"og:site_name\" content=\"Laboratoires Unisson\" \/>\n<meta property=\"article:modified_time\" content=\"2025-12-03T09:09:48+00:00\" \/>\n<meta property=\"og:image\" content=\"https:\/\/www.laboratoires-unisson.com\/wp-content\/uploads\/2022\/05\/opn-1-s-minirite-312.png\" \/>\n\t<meta property=\"og:image:width\" content=\"600\" \/>\n\t<meta property=\"og:image:height\" content=\"600\" \/>\n\t<meta property=\"og:image:type\" content=\"image\/png\" \/>\n<meta name=\"twitter:card\" content=\"summary_large_image\" \/>\n<meta name=\"twitter:label1\" content=\"Est. reading time\" \/>\n\t<meta name=\"twitter:data1\" content=\"6 minutes\" \/>\n<script type=\"application\/ld+json\" class=\"yoast-schema-graph\">{\"@context\":\"https:\/\/schema.org\",\"@graph\":[{\"@type\":\"WebPage\",\"@id\":\"https:\/\/www.laboratoires-unisson.com\/fr-be\/produit\/appareils-auditifs\/oticon\/opn-1-s-minirite-312\",\"url\":\"https:\/\/www.laboratoires-unisson.com\/fr-be\/produit\/appareils-auditifs\/oticon\/opn-1-s-minirite-312\",\"name\":\"Opn 1 S miniRITE 312 - Laboratoires Unisson\",\"isPartOf\":{\"@id\":\"https:\/\/www.laboratoires-unisson.com\/fr-be#website\"},\"primaryImageOfPage\":{\"@id\":\"https:\/\/www.laboratoires-unisson.com\/fr-be\/produit\/appareils-auditifs\/oticon\/opn-1-s-minirite-312#primaryimage\"},\"image\":{\"@id\":\"https:\/\/www.laboratoires-unisson.com\/fr-be\/produit\/appareils-auditifs\/oticon\/opn-1-s-minirite-312#primaryimage\"},\"thumbnailUrl\":\"https:\/\/www.laboratoires-unisson.com\/wp-content\/uploads\/2022\/05\/opn-1-s-minirite-312.png\",\"datePublished\":\"2022-05-02T12:41:21+00:00\",\"dateModified\":\"2025-12-03T09:09:48+00:00\",\"description\":\"Oticon Opn 1S Mini Rite est une aide auditive Oticon haut de gamme sortie en 2018. C\u2019est une version am\u00e9lior\u00e9e de la pr\u00e9c\u00e9dente version Opn1 sortie en\",\"breadcrumb\":{\"@id\":\"https:\/\/www.laboratoires-unisson.com\/fr-be\/produit\/appareils-auditifs\/oticon\/opn-1-s-minirite-312#breadcrumb\"},\"inLanguage\":\"fr-BE\",\"potentialAction\":[{\"@type\":\"ReadAction\",\"target\":[\"https:\/\/www.laboratoires-unisson.com\/fr-be\/produit\/appareils-auditifs\/oticon\/opn-1-s-minirite-312\"]}]},{\"@type\":\"ImageObject\",\"inLanguage\":\"fr-BE\",\"@id\":\"https:\/\/www.laboratoires-unisson.com\/fr-be\/produit\/appareils-auditifs\/oticon\/opn-1-s-minirite-312#primaryimage\",\"url\":\"https:\/\/www.laboratoires-unisson.com\/wp-content\/uploads\/2022\/05\/opn-1-s-minirite-312.png\",\"contentUrl\":\"https:\/\/www.laboratoires-unisson.com\/wp-content\/uploads\/2022\/05\/opn-1-s-minirite-312.png\",\"width\":600,\"height\":600},{\"@type\":\"BreadcrumbList\",\"@id\":\"https:\/\/www.laboratoires-unisson.com\/fr-be\/produit\/appareils-auditifs\/oticon\/opn-1-s-minirite-312#breadcrumb\",\"itemListElement\":[{\"@type\":\"ListItem\",\"position\":1,\"name\":\"Shop\",\"item\":\"https:\/\/www.laboratoires-unisson.com\/fr-be\/shop\"},{\"@type\":\"ListItem\",\"position\":2,\"name\":\"Opn 1 S miniRITE 312\"}]},{\"@type\":\"WebSite\",\"@id\":\"https:\/\/www.laboratoires-unisson.com\/fr-be#website\",\"url\":\"https:\/\/www.laboratoires-unisson.com\/fr-be\",\"name\":\"Laboratoires Unisson\",\"description\":\"Appareil auditif et proth\u00e8se auditive Moins Cher jusqu&#039;\u00e0 -40%\",\"publisher\":{\"@id\":\"https:\/\/www.laboratoires-unisson.com\/fr-be#organization\"},\"potentialAction\":[{\"@type\":\"SearchAction\",\"target\":{\"@type\":\"EntryPoint\",\"urlTemplate\":\"https:\/\/www.laboratoires-unisson.com\/fr-be?s={search_term_string}\"},\"query-input\":{\"@type\":\"PropertyValueSpecification\",\"valueRequired\":true,\"valueName\":\"search_term_string\"}}],\"inLanguage\":\"fr-BE\"},{\"@type\":\"Organization\",\"@id\":\"https:\/\/www.laboratoires-unisson.com\/fr-be#organization\",\"name\":\"Laboratoires Unisson\",\"url\":\"https:\/\/www.laboratoires-unisson.com\/fr-be\",\"logo\":{\"@type\":\"ImageObject\",\"inLanguage\":\"fr-BE\",\"@id\":\"https:\/\/www.laboratoires-unisson.com\/fr-be#\/schema\/logo\/image\/\",\"url\":\"https:\/\/www.laboratoires-unisson.com\/wp-content\/uploads\/2022\/01\/logo-unisson.svg\",\"contentUrl\":\"https:\/\/www.laboratoires-unisson.com\/wp-content\/uploads\/2022\/01\/logo-unisson.svg\",\"width\":1,\"height\":1,\"caption\":\"Laboratoires Unisson\"},\"image\":{\"@id\":\"https:\/\/www.laboratoires-unisson.com\/fr-be#\/schema\/logo\/image\/\"}}]}<\/script>\n<!-- \/ Yoast SEO plugin. -->","yoast_head_json":{"title":"Appareil auditif Oticon Opn 1 S miniRITE 312 \u00e0 2100\u20ac - Unisson Belgique","description":"Oticon Opn 1S Mini Rite est une aide auditive Oticon haut de gamme sortie en 2018. C\u2019est une version am\u00e9lior\u00e9e de la pr\u00e9c\u00e9dente version Opn1 sortie en","robots":{"index":"index","follow":"follow","max-snippet":"max-snippet:-1","max-image-preview":"max-image-preview:large","max-video-preview":"max-video-preview:-1"},"canonical":"https:\/\/www.laboratoires-unisson.com\/fr-be\/wp-json\/wp\/v2\/product\/24732","og_locale":"fr_FR","og_type":"article","og_title":"Opn 1 S miniRITE 312 - Laboratoires Unisson","og_description":"Oticon Opn 1S Mini Rite est une aide auditive Oticon haut de gamme sortie en 2018. C\u2019est une version am\u00e9lior\u00e9e de la pr\u00e9c\u00e9dente version Opn1 sortie en","og_url":"https:\/\/www.laboratoires-unisson.com\/fr-be\/produit\/appareils-auditifs\/oticon\/opn-1-s-minirite-312","og_site_name":"Laboratoires Unisson","article_modified_time":"2025-12-03T09:09:48+00:00","og_image":[{"width":600,"height":600,"url":"https:\/\/www.laboratoires-unisson.com\/wp-content\/uploads\/2022\/05\/opn-1-s-minirite-312.png","type":"image\/png"}],"twitter_card":"summary_large_image","twitter_misc":{"Est. reading time":"6 minutes"},"schema":{"@context":"https:\/\/schema.org","@graph":[{"@type":"WebPage","@id":"https:\/\/www.laboratoires-unisson.com\/fr-be\/produit\/appareils-auditifs\/oticon\/opn-1-s-minirite-312","url":"https:\/\/www.laboratoires-unisson.com\/fr-be\/produit\/appareils-auditifs\/oticon\/opn-1-s-minirite-312","name":"Opn 1 S miniRITE 312 - Laboratoires Unisson","isPartOf":{"@id":"https:\/\/www.laboratoires-unisson.com\/fr-be#website"},"primaryImageOfPage":{"@id":"https:\/\/www.laboratoires-unisson.com\/fr-be\/produit\/appareils-auditifs\/oticon\/opn-1-s-minirite-312#primaryimage"},"image":{"@id":"https:\/\/www.laboratoires-unisson.com\/fr-be\/produit\/appareils-auditifs\/oticon\/opn-1-s-minirite-312#primaryimage"},"thumbnailUrl":"https:\/\/www.laboratoires-unisson.com\/wp-content\/uploads\/2022\/05\/opn-1-s-minirite-312.png","datePublished":"2022-05-02T12:41:21+00:00","dateModified":"2025-12-03T09:09:48+00:00","description":"Oticon Opn 1S Mini Rite est une aide auditive Oticon haut de gamme sortie en 2018. C\u2019est une version am\u00e9lior\u00e9e de la pr\u00e9c\u00e9dente version Opn1 sortie en","breadcrumb":{"@id":"https:\/\/www.laboratoires-unisson.com\/fr-be\/produit\/appareils-auditifs\/oticon\/opn-1-s-minirite-312#breadcrumb"},"inLanguage":"fr-BE","potentialAction":[{"@type":"ReadAction","target":["https:\/\/www.laboratoires-unisson.com\/fr-be\/produit\/appareils-auditifs\/oticon\/opn-1-s-minirite-312"]}]},{"@type":"ImageObject","inLanguage":"fr-BE","@id":"https:\/\/www.laboratoires-unisson.com\/fr-be\/produit\/appareils-auditifs\/oticon\/opn-1-s-minirite-312#primaryimage","url":"https:\/\/www.laboratoires-unisson.com\/wp-content\/uploads\/2022\/05\/opn-1-s-minirite-312.png","contentUrl":"https:\/\/www.laboratoires-unisson.com\/wp-content\/uploads\/2022\/05\/opn-1-s-minirite-312.png","width":600,"height":600},{"@type":"BreadcrumbList","@id":"https:\/\/www.laboratoires-unisson.com\/fr-be\/produit\/appareils-auditifs\/oticon\/opn-1-s-minirite-312#breadcrumb","itemListElement":[{"@type":"ListItem","position":1,"name":"Shop","item":"https:\/\/www.laboratoires-unisson.com\/fr-be\/shop"},{"@type":"ListItem","position":2,"name":"Opn 1 S miniRITE 312"}]},{"@type":"WebSite","@id":"https:\/\/www.laboratoires-unisson.com\/fr-be#website","url":"https:\/\/www.laboratoires-unisson.com\/fr-be","name":"Laboratoires Unisson","description":"Appareil auditif et proth\u00e8se auditive Moins Cher jusqu&#039;\u00e0 -40%","publisher":{"@id":"https:\/\/www.laboratoires-unisson.com\/fr-be#organization"},"potentialAction":[{"@type":"SearchAction","target":{"@type":"EntryPoint","urlTemplate":"https:\/\/www.laboratoires-unisson.com\/fr-be?s={search_term_string}"},"query-input":{"@type":"PropertyValueSpecification","valueRequired":true,"valueName":"search_term_string"}}],"inLanguage":"fr-BE"},{"@type":"Organization","@id":"https:\/\/www.laboratoires-unisson.com\/fr-be#organization","name":"Laboratoires Unisson","url":"https:\/\/www.laboratoires-unisson.com\/fr-be","logo":{"@type":"ImageObject","inLanguage":"fr-BE","@id":"https:\/\/www.laboratoires-unisson.com\/fr-be#\/schema\/logo\/image\/","url":"https:\/\/www.laboratoires-unisson.com\/wp-content\/uploads\/2022\/01\/logo-unisson.svg","contentUrl":"https:\/\/www.laboratoires-unisson.com\/wp-content\/uploads\/2022\/01\/logo-unisson.svg","width":1,"height":1,"caption":"Laboratoires Unisson"},"image":{"@id":"https:\/\/www.laboratoires-unisson.com\/fr-be#\/schema\/logo\/image\/"}}]}},"_links":{"self":[{"href":"https:\/\/www.laboratoires-unisson.com\/fr-be\/wp-json\/wp\/v2\/product\/24732","targetHints":{"allow":["GET"]}}],"collection":[{"href":"https:\/\/www.laboratoires-unisson.com\/fr-be\/wp-json\/wp\/v2\/product"}],"about":[{"href":"https:\/\/www.laboratoires-unisson.com\/fr-be\/wp-json\/wp\/v2\/types\/product"}],"wp:featuredmedia":[{"embeddable":true,"href":"https:\/\/www.laboratoires-unisson.com\/fr-be\/wp-json\/wp\/v2\/media\/19173"}],"wp:attachment":[{"href":"https:\/\/www.laboratoires-unisson.com\/fr-be\/wp-json\/wp\/v2\/media?parent=24732"}],"wp:term":[{"taxonomy":"product_brand","embeddable":true,"href":"https:\/\/www.laboratoires-unisson.com\/fr-be\/wp-json\/wp\/v2\/product_brand?post=24732"},{"taxonomy":"product_cat","embeddable":true,"href":"https:\/\/www.laboratoires-unisson.com\/fr-be\/wp-json\/wp\/v2\/product_cat?post=24732"},{"taxonomy":"product_tag","embeddable":true,"href":"https:\/\/www.laboratoires-unisson.com\/fr-be\/wp-json\/wp\/v2\/product_tag?post=24732"}],"curies":[{"name":"wp","href":"https:\/\/api.w.org\/{rel}","templated":true}]}}