{"id":24735,"date":"2022-05-02T14:40:39","date_gmt":"2022-05-02T12:40:39","guid":{"rendered":"https:\/\/www.laboratoires-unisson.com\/produit\/more-3-minirite-312-t"},"modified":"2025-12-03T10:09:49","modified_gmt":"2025-12-03T09:09:49","slug":"more-3-minirite-312-t","status":"publish","type":"product","link":"https:\/\/www.laboratoires-unisson.com\/fr-be\/produit\/appareils-auditifs\/oticon\/more-3-minirite-312-t","title":{"rendered":"More 3 miniRITE 312 T"},"content":{"rendered":"<p>L\u2019appareil auditif Oticon More 3 miniRITE T est un mod\u00e8le en <strong>micro contour d\u2019oreille RIC connect\u00e9 d\u2019entr\u00e9e de gamme<\/strong>. Il s\u2019adresse aux pertes auditives l\u00e9g\u00e8res \u00e0 profondes.<\/p>\n<h3>Des innovations qui \u00e9paulent votre cerveau<\/h3>\n<p>Ce mod\u00e8le int\u00e8gre les derni\u00e8res technologies de la <strong>plateforme Polaris\u2122<\/strong>. Se basant sur un r\u00e9seau neuronal profond, vos aides auditives Oticon More analysent n\u2019importe quelle sc\u00e8ne sonore et vous restitue un son d\u2019une qualit\u00e9 exceptionnelle. Gr\u00e2ce \u00e0 ses deux technologies premium MoreSound Intelligence et MoreSound Amplifier, les d\u00e9tails du son sont analys\u00e9s couvrant l\u2019int\u00e9gralit\u00e9 de votre paysage sonore. Le son restitu\u00e9 est plus clair, riche et optimis\u00e9.<\/p>\n<h3>Caract\u00e9ristiques de l\u2019appareil auditif More 3 miniRITE T<\/h3>\n<ul>\n<li>18 canaux de r\u00e9glages et 48 canaux de traitement<\/li>\n<li>Double bouton poussoir<\/li>\n<li>Bobine \u00e0 induction<\/li>\n<li>Pile auditive<\/li>\n<li>Voyant LED<\/li>\n<li>Connexion Bluetooth<\/li>\n<li>Masqueur d&#8217;acouph\u00e8nes<\/li>\n<li>Anti-larsen<\/li>\n<li>Application mobile RemoteCare<\/li>\n<\/ul>\n<p>C\u2019est un appareil qui fonctionne avec une <strong>pile auditive 312<\/strong>. Si vous pr\u00e9f\u00e9rez un mod\u00e8le rechargeable, cet appareil est \u00e9galement disponible en rechargeable (batterie lithium-ion). <a href=\"https:\/\/www.laboratoires-unisson.com\/produit\/appareils-auditifs\/oticon\/more-3-minirite-r\" target=\"_blank\" rel=\"noopener\">Consultez la fiche<\/a><\/p>\n<h3>Oticon More 3 miniRITE T, un mod\u00e8le connect\u00e9<\/h3>\n<p>Gr\u00e2ce \u00e0 sa <strong>connexion Bluetooth<\/strong>, l\u2019aide auditive More 3 miniRITE T vous offre du streaming direct sur iOS et Android (<em>\u00e0 partir de la version 10).<\/em><\/p>\n<p>Vous pourrez \u00e9galement connecter vos aides \u00e0 plusieurs accessoires sans fil, tels que l\u2019<a href=\"https:\/\/www.laboratoires-unisson.com\/boutique?brand=oticon\">adaptateur TV 3.0<\/a>, la <a href=\"https:\/\/www.laboratoires-unisson.com\/boutique?brand=oticon\">t\u00e9l\u00e9commande 3.0<\/a> ou encore le <a href=\"https:\/\/www.laboratoires-unisson.com\/boutique?brand=oticon\">ConnectClip<\/a>.<\/p>\n<h4>Les fonctionnalit\u00e9s de l&#8217;aide auditive Oticon More 3 miniRITE T<\/h4>\n<ul>\n<li>MoreSound Amplifier\u2122<\/li>\n<li>MoreSound Intelligence\u2122<\/li>\n<li>Suppression neuronale du bruit<\/li>\n<li>Sound Enhancer (1 configuration)<\/li>\n<li>Spatial Sound\u2122<\/li>\n<li>Soft Speech Booster<\/li>\n<li>Speech Rescue\u2122<\/li>\n<li>Gestion des bruits transitoires (3 configurations)<\/li>\n<li>Gestion du bruit du vent<\/li>\n<li>Masqueur d&#8217;acouph\u00e8nes<\/li>\n<li>Anti-larsen<\/li>\n<li>18 canaux de r\u00e9glages<\/li>\n<li>Double bouton poussoir<\/li>\n<li>Bobine \u00e0 induction<\/li>\n<li>Voyant LED<\/li>\n<li>Connexion Bluetooth<\/li>\n<li>Application mobile RemoteCare<\/li>\n<\/ul>\n","protected":false},"excerpt":{"rendered":"<p>L\u2019appareil auditif Oticon More 3 miniRITE T est un mod\u00e8le en micro contour d\u2019oreille RIC connect\u00e9 d\u2019entr\u00e9e de gamme. Il s\u2019adresse aux pertes auditives l\u00e9g\u00e8res \u00e0 profondes. Des innovations qui \u00e9paulent votre cerveau Ce mod\u00e8le int\u00e8gre les derni\u00e8res technologies de la plateforme Polaris\u2122. Se basant sur un r\u00e9seau neuronal profond, vos aides auditives Oticon More [&hellip;]<\/p>\n","protected":false},"featured_media":19170,"template":"","meta":{"_acf_changed":false},"product_brand":[],"product_cat":[2792],"product_tag":[],"class_list":{"0":"post-24735","1":"product","2":"type-product","3":"status-publish","4":"has-post-thumbnail","6":"product_cat-oticon-fr-be","8":"first","9":"instock","10":"taxable","11":"shipping-taxable","12":"purchasable","13":"product-type-simple"},"acf":[],"yoast_head":"<!-- This site is optimized with the Yoast SEO plugin v27.1.1 - https:\/\/yoast.com\/product\/yoast-seo-wordpress\/ -->\n<title>Appareil auditif Oticon More 3 miniRITE 312 T \u00e0 1650\u20ac - Unisson Belgique<\/title>\n<meta name=\"description\" content=\"L\u2019appareil auditif Oticon More 3 miniRITE T est un mod\u00e8le en micro contour d\u2019oreille RIC connect\u00e9 d\u2019entr\u00e9e de gamme. Il s\u2019adresse aux pertes auditives\" \/>\n<meta name=\"robots\" content=\"index, follow, max-snippet:-1, max-image-preview:large, max-video-preview:-1\" \/>\n<link rel=\"canonical\" href=\"https:\/\/www.laboratoires-unisson.com\/fr-be\/wp-json\/wp\/v2\/product\/24735\" \/>\n<meta property=\"og:locale\" content=\"fr_FR\" \/>\n<meta property=\"og:type\" content=\"article\" \/>\n<meta property=\"og:title\" content=\"More 3 miniRITE 312 T - Laboratoires Unisson\" \/>\n<meta property=\"og:description\" content=\"L\u2019appareil auditif Oticon More 3 miniRITE T est un mod\u00e8le en micro contour d\u2019oreille RIC connect\u00e9 d\u2019entr\u00e9e de gamme. Il s\u2019adresse aux pertes auditives\" \/>\n<meta property=\"og:url\" content=\"https:\/\/www.laboratoires-unisson.com\/fr-be\/produit\/appareils-auditifs\/oticon\/more-3-minirite-312-t\" \/>\n<meta property=\"og:site_name\" content=\"Laboratoires Unisson\" \/>\n<meta property=\"article:modified_time\" content=\"2025-12-03T09:09:49+00:00\" \/>\n<meta property=\"og:image\" content=\"https:\/\/www.laboratoires-unisson.com\/wp-content\/uploads\/2022\/05\/more-3-minirite-312-t.jpg\" \/>\n\t<meta property=\"og:image:width\" content=\"450\" \/>\n\t<meta property=\"og:image:height\" content=\"500\" \/>\n\t<meta property=\"og:image:type\" content=\"image\/jpeg\" \/>\n<meta name=\"twitter:card\" content=\"summary_large_image\" \/>\n<meta name=\"twitter:label1\" content=\"Est. reading time\" \/>\n\t<meta name=\"twitter:data1\" content=\"2 minutes\" \/>\n<script type=\"application\/ld+json\" class=\"yoast-schema-graph\">{\"@context\":\"https:\/\/schema.org\",\"@graph\":[{\"@type\":\"WebPage\",\"@id\":\"https:\/\/www.laboratoires-unisson.com\/fr-be\/produit\/appareils-auditifs\/oticon\/more-3-minirite-312-t\",\"url\":\"https:\/\/www.laboratoires-unisson.com\/fr-be\/produit\/appareils-auditifs\/oticon\/more-3-minirite-312-t\",\"name\":\"More 3 miniRITE 312 T - Laboratoires Unisson\",\"isPartOf\":{\"@id\":\"https:\/\/www.laboratoires-unisson.com\/fr-be#website\"},\"primaryImageOfPage\":{\"@id\":\"https:\/\/www.laboratoires-unisson.com\/fr-be\/produit\/appareils-auditifs\/oticon\/more-3-minirite-312-t#primaryimage\"},\"image\":{\"@id\":\"https:\/\/www.laboratoires-unisson.com\/fr-be\/produit\/appareils-auditifs\/oticon\/more-3-minirite-312-t#primaryimage\"},\"thumbnailUrl\":\"https:\/\/www.laboratoires-unisson.com\/wp-content\/uploads\/2022\/05\/more-3-minirite-312-t.jpg\",\"datePublished\":\"2022-05-02T12:40:39+00:00\",\"dateModified\":\"2025-12-03T09:09:49+00:00\",\"description\":\"L\u2019appareil auditif Oticon More 3 miniRITE T est un mod\u00e8le en micro contour d\u2019oreille RIC connect\u00e9 d\u2019entr\u00e9e de gamme. Il s\u2019adresse aux pertes auditives\",\"breadcrumb\":{\"@id\":\"https:\/\/www.laboratoires-unisson.com\/fr-be\/produit\/appareils-auditifs\/oticon\/more-3-minirite-312-t#breadcrumb\"},\"inLanguage\":\"fr-BE\",\"potentialAction\":[{\"@type\":\"ReadAction\",\"target\":[\"https:\/\/www.laboratoires-unisson.com\/fr-be\/produit\/appareils-auditifs\/oticon\/more-3-minirite-312-t\"]}]},{\"@type\":\"ImageObject\",\"inLanguage\":\"fr-BE\",\"@id\":\"https:\/\/www.laboratoires-unisson.com\/fr-be\/produit\/appareils-auditifs\/oticon\/more-3-minirite-312-t#primaryimage\",\"url\":\"https:\/\/www.laboratoires-unisson.com\/wp-content\/uploads\/2022\/05\/more-3-minirite-312-t.jpg\",\"contentUrl\":\"https:\/\/www.laboratoires-unisson.com\/wp-content\/uploads\/2022\/05\/more-3-minirite-312-t.jpg\",\"width\":450,\"height\":500},{\"@type\":\"BreadcrumbList\",\"@id\":\"https:\/\/www.laboratoires-unisson.com\/fr-be\/produit\/appareils-auditifs\/oticon\/more-3-minirite-312-t#breadcrumb\",\"itemListElement\":[{\"@type\":\"ListItem\",\"position\":1,\"name\":\"Shop\",\"item\":\"https:\/\/www.laboratoires-unisson.com\/fr-be\/shop\"},{\"@type\":\"ListItem\",\"position\":2,\"name\":\"More 3 miniRITE 312 T\"}]},{\"@type\":\"WebSite\",\"@id\":\"https:\/\/www.laboratoires-unisson.com\/fr-be#website\",\"url\":\"https:\/\/www.laboratoires-unisson.com\/fr-be\",\"name\":\"Laboratoires Unisson\",\"description\":\"Appareil auditif et proth\u00e8se auditive Moins Cher jusqu&#039;\u00e0 -40%\",\"publisher\":{\"@id\":\"https:\/\/www.laboratoires-unisson.com\/fr-be#organization\"},\"potentialAction\":[{\"@type\":\"SearchAction\",\"target\":{\"@type\":\"EntryPoint\",\"urlTemplate\":\"https:\/\/www.laboratoires-unisson.com\/fr-be?s={search_term_string}\"},\"query-input\":{\"@type\":\"PropertyValueSpecification\",\"valueRequired\":true,\"valueName\":\"search_term_string\"}}],\"inLanguage\":\"fr-BE\"},{\"@type\":\"Organization\",\"@id\":\"https:\/\/www.laboratoires-unisson.com\/fr-be#organization\",\"name\":\"Laboratoires Unisson\",\"url\":\"https:\/\/www.laboratoires-unisson.com\/fr-be\",\"logo\":{\"@type\":\"ImageObject\",\"inLanguage\":\"fr-BE\",\"@id\":\"https:\/\/www.laboratoires-unisson.com\/fr-be#\/schema\/logo\/image\/\",\"url\":\"https:\/\/www.laboratoires-unisson.com\/wp-content\/uploads\/2022\/01\/logo-unisson.svg\",\"contentUrl\":\"https:\/\/www.laboratoires-unisson.com\/wp-content\/uploads\/2022\/01\/logo-unisson.svg\",\"width\":1,\"height\":1,\"caption\":\"Laboratoires Unisson\"},\"image\":{\"@id\":\"https:\/\/www.laboratoires-unisson.com\/fr-be#\/schema\/logo\/image\/\"}}]}<\/script>\n<!-- \/ Yoast SEO plugin. -->","yoast_head_json":{"title":"Appareil auditif Oticon More 3 miniRITE 312 T \u00e0 1650\u20ac - Unisson Belgique","description":"L\u2019appareil auditif Oticon More 3 miniRITE T est un mod\u00e8le en micro contour d\u2019oreille RIC connect\u00e9 d\u2019entr\u00e9e de gamme. Il s\u2019adresse aux pertes auditives","robots":{"index":"index","follow":"follow","max-snippet":"max-snippet:-1","max-image-preview":"max-image-preview:large","max-video-preview":"max-video-preview:-1"},"canonical":"https:\/\/www.laboratoires-unisson.com\/fr-be\/wp-json\/wp\/v2\/product\/24735","og_locale":"fr_FR","og_type":"article","og_title":"More 3 miniRITE 312 T - Laboratoires Unisson","og_description":"L\u2019appareil auditif Oticon More 3 miniRITE T est un mod\u00e8le en micro contour d\u2019oreille RIC connect\u00e9 d\u2019entr\u00e9e de gamme. Il s\u2019adresse aux pertes auditives","og_url":"https:\/\/www.laboratoires-unisson.com\/fr-be\/produit\/appareils-auditifs\/oticon\/more-3-minirite-312-t","og_site_name":"Laboratoires Unisson","article_modified_time":"2025-12-03T09:09:49+00:00","og_image":[{"width":450,"height":500,"url":"https:\/\/www.laboratoires-unisson.com\/wp-content\/uploads\/2022\/05\/more-3-minirite-312-t.jpg","type":"image\/jpeg"}],"twitter_card":"summary_large_image","twitter_misc":{"Est. reading time":"2 minutes"},"schema":{"@context":"https:\/\/schema.org","@graph":[{"@type":"WebPage","@id":"https:\/\/www.laboratoires-unisson.com\/fr-be\/produit\/appareils-auditifs\/oticon\/more-3-minirite-312-t","url":"https:\/\/www.laboratoires-unisson.com\/fr-be\/produit\/appareils-auditifs\/oticon\/more-3-minirite-312-t","name":"More 3 miniRITE 312 T - Laboratoires Unisson","isPartOf":{"@id":"https:\/\/www.laboratoires-unisson.com\/fr-be#website"},"primaryImageOfPage":{"@id":"https:\/\/www.laboratoires-unisson.com\/fr-be\/produit\/appareils-auditifs\/oticon\/more-3-minirite-312-t#primaryimage"},"image":{"@id":"https:\/\/www.laboratoires-unisson.com\/fr-be\/produit\/appareils-auditifs\/oticon\/more-3-minirite-312-t#primaryimage"},"thumbnailUrl":"https:\/\/www.laboratoires-unisson.com\/wp-content\/uploads\/2022\/05\/more-3-minirite-312-t.jpg","datePublished":"2022-05-02T12:40:39+00:00","dateModified":"2025-12-03T09:09:49+00:00","description":"L\u2019appareil auditif Oticon More 3 miniRITE T est un mod\u00e8le en micro contour d\u2019oreille RIC connect\u00e9 d\u2019entr\u00e9e de gamme. Il s\u2019adresse aux pertes auditives","breadcrumb":{"@id":"https:\/\/www.laboratoires-unisson.com\/fr-be\/produit\/appareils-auditifs\/oticon\/more-3-minirite-312-t#breadcrumb"},"inLanguage":"fr-BE","potentialAction":[{"@type":"ReadAction","target":["https:\/\/www.laboratoires-unisson.com\/fr-be\/produit\/appareils-auditifs\/oticon\/more-3-minirite-312-t"]}]},{"@type":"ImageObject","inLanguage":"fr-BE","@id":"https:\/\/www.laboratoires-unisson.com\/fr-be\/produit\/appareils-auditifs\/oticon\/more-3-minirite-312-t#primaryimage","url":"https:\/\/www.laboratoires-unisson.com\/wp-content\/uploads\/2022\/05\/more-3-minirite-312-t.jpg","contentUrl":"https:\/\/www.laboratoires-unisson.com\/wp-content\/uploads\/2022\/05\/more-3-minirite-312-t.jpg","width":450,"height":500},{"@type":"BreadcrumbList","@id":"https:\/\/www.laboratoires-unisson.com\/fr-be\/produit\/appareils-auditifs\/oticon\/more-3-minirite-312-t#breadcrumb","itemListElement":[{"@type":"ListItem","position":1,"name":"Shop","item":"https:\/\/www.laboratoires-unisson.com\/fr-be\/shop"},{"@type":"ListItem","position":2,"name":"More 3 miniRITE 312 T"}]},{"@type":"WebSite","@id":"https:\/\/www.laboratoires-unisson.com\/fr-be#website","url":"https:\/\/www.laboratoires-unisson.com\/fr-be","name":"Laboratoires Unisson","description":"Appareil auditif et proth\u00e8se auditive Moins Cher jusqu&#039;\u00e0 -40%","publisher":{"@id":"https:\/\/www.laboratoires-unisson.com\/fr-be#organization"},"potentialAction":[{"@type":"SearchAction","target":{"@type":"EntryPoint","urlTemplate":"https:\/\/www.laboratoires-unisson.com\/fr-be?s={search_term_string}"},"query-input":{"@type":"PropertyValueSpecification","valueRequired":true,"valueName":"search_term_string"}}],"inLanguage":"fr-BE"},{"@type":"Organization","@id":"https:\/\/www.laboratoires-unisson.com\/fr-be#organization","name":"Laboratoires Unisson","url":"https:\/\/www.laboratoires-unisson.com\/fr-be","logo":{"@type":"ImageObject","inLanguage":"fr-BE","@id":"https:\/\/www.laboratoires-unisson.com\/fr-be#\/schema\/logo\/image\/","url":"https:\/\/www.laboratoires-unisson.com\/wp-content\/uploads\/2022\/01\/logo-unisson.svg","contentUrl":"https:\/\/www.laboratoires-unisson.com\/wp-content\/uploads\/2022\/01\/logo-unisson.svg","width":1,"height":1,"caption":"Laboratoires Unisson"},"image":{"@id":"https:\/\/www.laboratoires-unisson.com\/fr-be#\/schema\/logo\/image\/"}}]}},"_links":{"self":[{"href":"https:\/\/www.laboratoires-unisson.com\/fr-be\/wp-json\/wp\/v2\/product\/24735","targetHints":{"allow":["GET"]}}],"collection":[{"href":"https:\/\/www.laboratoires-unisson.com\/fr-be\/wp-json\/wp\/v2\/product"}],"about":[{"href":"https:\/\/www.laboratoires-unisson.com\/fr-be\/wp-json\/wp\/v2\/types\/product"}],"wp:featuredmedia":[{"embeddable":true,"href":"https:\/\/www.laboratoires-unisson.com\/fr-be\/wp-json\/wp\/v2\/media\/19170"}],"wp:attachment":[{"href":"https:\/\/www.laboratoires-unisson.com\/fr-be\/wp-json\/wp\/v2\/media?parent=24735"}],"wp:term":[{"taxonomy":"product_brand","embeddable":true,"href":"https:\/\/www.laboratoires-unisson.com\/fr-be\/wp-json\/wp\/v2\/product_brand?post=24735"},{"taxonomy":"product_cat","embeddable":true,"href":"https:\/\/www.laboratoires-unisson.com\/fr-be\/wp-json\/wp\/v2\/product_cat?post=24735"},{"taxonomy":"product_tag","embeddable":true,"href":"https:\/\/www.laboratoires-unisson.com\/fr-be\/wp-json\/wp\/v2\/product_tag?post=24735"}],"curies":[{"name":"wp","href":"https:\/\/api.w.org\/{rel}","templated":true}]}}