{"id":24740,"date":"2022-05-02T14:39:52","date_gmt":"2022-05-02T12:39:52","guid":{"rendered":"https:\/\/www.laboratoires-unisson.com\/produit\/more-1-minirite-r"},"modified":"2025-12-03T10:09:51","modified_gmt":"2025-12-03T09:09:51","slug":"more-1-minirite-r","status":"publish","type":"product","link":"https:\/\/www.laboratoires-unisson.com\/fr-be\/produit\/appareils-auditifs\/oticon\/more-1-minirite-r","title":{"rendered":"More 1 miniRITE R"},"content":{"rendered":"<p>L&#8217;aide auditive Oticon More 1 miniRITE R est un appareil auditif en contour d&#8217;oreille \u00e0 \u00e9couteur d\u00e9port\u00e9 RIC haut de gamme\u00a0aliment\u00e9 par une batterie lithium-ion rechargeable.<\/p>\n<p>Il poss\u00e8de 24 canaux de r\u00e9glages, une bobine \u00e0 induction T et un double bouton poussoir. Gr\u00e2ce \u00e0 sa connexion Bluetooth, il permet un streaming direct de vos contenus multim\u00e9dias depuis les iPhone, iPad et certains appareils Android (\u00e0 partir de la version Android 10 via le protocole ASHA).<\/p>\n<p>Ce mod\u00e8le fait partie de la nouvelle gamme d&#8217;appareils Oticon More qui s&#8217;appuie sur la plateforme Polaris utilisant un r\u00e9seau neuronal profond afin de g\u00e9rer les sons entrants rapidement et de mani\u00e8re optimale en fonction de chaque utilisateur.<\/p>\n<h4>Les fonctionnalit\u00e9s de l&#8217;aide auditive Oticon More 1 miniRITE R<\/h4>\n<ul>\n<li>MoreSound Amplifier\u2122<\/li>\n<li>MoreSound Intelligence\u2122<\/li>\n<li>Suppression neuronale du bruit<\/li>\n<li>Sound Enhancer (3\u00a0configurations)<\/li>\n<li>Soft Speech Booster<\/li>\n<li>Speech Rescue\u2122<\/li>\n<li>Masqueur d&#8217;acouph\u00e8nes<\/li>\n<li>Anti-larsen<\/li>\n<li>18 canaux de r\u00e9glages<\/li>\n<li>Double bouton poussoir<\/li>\n<li>Connexion Bluetooth<\/li>\n<li>Application mobile RemoteCare<\/li>\n<\/ul>\n","protected":false},"excerpt":{"rendered":"<p>L&#8217;aide auditive Oticon More 1 miniRITE R est un appareil auditif en contour d&#8217;oreille \u00e0 \u00e9couteur d\u00e9port\u00e9 RIC haut de gamme\u00a0aliment\u00e9 par une batterie lithium-ion rechargeable. Il poss\u00e8de 24 canaux de r\u00e9glages, une bobine \u00e0 induction T et un double bouton poussoir. Gr\u00e2ce \u00e0 sa connexion Bluetooth, il permet un streaming direct de vos contenus [&hellip;]<\/p>\n","protected":false},"featured_media":20827,"template":"","meta":{"_acf_changed":false},"product_brand":[],"product_cat":[2792],"product_tag":[],"class_list":{"0":"post-24740","1":"product","2":"type-product","3":"status-publish","4":"has-post-thumbnail","6":"product_cat-oticon-fr-be","8":"first","9":"instock","10":"taxable","11":"shipping-taxable","12":"purchasable","13":"product-type-simple"},"acf":[],"yoast_head":"<!-- This site is optimized with the Yoast SEO plugin v27.1.1 - https:\/\/yoast.com\/product\/yoast-seo-wordpress\/ -->\n<title>Appareil auditif Oticon More 1 miniRITE R \u00e0 2100\u20ac - Unisson Belgique<\/title>\n<meta name=\"description\" content=\"Comment am\u00e9liorer votre audition avec Oticon More 1 miniRITE R ? D\u00e9couvrez cet appareil auditif rechargeable pour une qualit\u00e9 sonore optimale.\" \/>\n<meta name=\"robots\" content=\"index, follow, max-snippet:-1, max-image-preview:large, max-video-preview:-1\" \/>\n<link rel=\"canonical\" href=\"https:\/\/www.laboratoires-unisson.com\/fr-be\/wp-json\/wp\/v2\/product\/24740\" \/>\n<meta property=\"og:locale\" content=\"fr_FR\" \/>\n<meta property=\"og:type\" content=\"article\" \/>\n<meta property=\"og:title\" content=\"Appareil auditif Oticon More 1 miniRITE R \u00e0 2100\u20ac - Unisson\" \/>\n<meta property=\"og:description\" content=\"Comment am\u00e9liorer votre audition avec Oticon More 1 miniRITE R ? D\u00e9couvrez cet appareil auditif rechargeable pour une qualit\u00e9 sonore optimale.\" \/>\n<meta property=\"og:url\" content=\"https:\/\/www.laboratoires-unisson.com\/fr-be\/produit\/appareils-auditifs\/oticon\/more-1-minirite-r\" \/>\n<meta property=\"og:site_name\" content=\"Laboratoires Unisson\" \/>\n<meta property=\"article:modified_time\" content=\"2025-12-03T09:09:51+00:00\" \/>\n<meta property=\"og:image\" content=\"https:\/\/www.laboratoires-unisson.com\/wp-content\/uploads\/2022\/05\/Oticon-More-1-miniRITE-R.png\" \/>\n\t<meta property=\"og:image:width\" content=\"499\" \/>\n\t<meta property=\"og:image:height\" content=\"499\" \/>\n\t<meta property=\"og:image:type\" content=\"image\/png\" \/>\n<meta name=\"twitter:card\" content=\"summary_large_image\" \/>\n<meta name=\"twitter:label1\" content=\"Est. reading time\" \/>\n\t<meta name=\"twitter:data1\" content=\"1 minute\" \/>\n<script type=\"application\/ld+json\" class=\"yoast-schema-graph\">{\"@context\":\"https:\/\/schema.org\",\"@graph\":[{\"@type\":\"WebPage\",\"@id\":\"https:\/\/www.laboratoires-unisson.com\/fr-be\/produit\/appareils-auditifs\/oticon\/more-1-minirite-r\",\"url\":\"https:\/\/www.laboratoires-unisson.com\/fr-be\/produit\/appareils-auditifs\/oticon\/more-1-minirite-r\",\"name\":\"Appareil auditif Oticon More 1 miniRITE R \u00e0 2100\u20ac - Unisson\",\"isPartOf\":{\"@id\":\"https:\/\/www.laboratoires-unisson.com\/fr-be#website\"},\"primaryImageOfPage\":{\"@id\":\"https:\/\/www.laboratoires-unisson.com\/fr-be\/produit\/appareils-auditifs\/oticon\/more-1-minirite-r#primaryimage\"},\"image\":{\"@id\":\"https:\/\/www.laboratoires-unisson.com\/fr-be\/produit\/appareils-auditifs\/oticon\/more-1-minirite-r#primaryimage\"},\"thumbnailUrl\":\"https:\/\/www.laboratoires-unisson.com\/wp-content\/uploads\/2022\/05\/Oticon-More-1-miniRITE-R.png\",\"datePublished\":\"2022-05-02T12:39:52+00:00\",\"dateModified\":\"2025-12-03T09:09:51+00:00\",\"description\":\"Comment am\u00e9liorer votre audition avec Oticon More 1 miniRITE R ? D\u00e9couvrez cet appareil auditif rechargeable pour une qualit\u00e9 sonore optimale.\",\"breadcrumb\":{\"@id\":\"https:\/\/www.laboratoires-unisson.com\/fr-be\/produit\/appareils-auditifs\/oticon\/more-1-minirite-r#breadcrumb\"},\"inLanguage\":\"fr-BE\",\"potentialAction\":[{\"@type\":\"ReadAction\",\"target\":[\"https:\/\/www.laboratoires-unisson.com\/fr-be\/produit\/appareils-auditifs\/oticon\/more-1-minirite-r\"]}]},{\"@type\":\"ImageObject\",\"inLanguage\":\"fr-BE\",\"@id\":\"https:\/\/www.laboratoires-unisson.com\/fr-be\/produit\/appareils-auditifs\/oticon\/more-1-minirite-r#primaryimage\",\"url\":\"https:\/\/www.laboratoires-unisson.com\/wp-content\/uploads\/2022\/05\/Oticon-More-1-miniRITE-R.png\",\"contentUrl\":\"https:\/\/www.laboratoires-unisson.com\/wp-content\/uploads\/2022\/05\/Oticon-More-1-miniRITE-R.png\",\"width\":499,\"height\":499},{\"@type\":\"BreadcrumbList\",\"@id\":\"https:\/\/www.laboratoires-unisson.com\/fr-be\/produit\/appareils-auditifs\/oticon\/more-1-minirite-r#breadcrumb\",\"itemListElement\":[{\"@type\":\"ListItem\",\"position\":1,\"name\":\"Shop\",\"item\":\"https:\/\/www.laboratoires-unisson.com\/fr-be\/shop\"},{\"@type\":\"ListItem\",\"position\":2,\"name\":\"More 1 miniRITE R\"}]},{\"@type\":\"WebSite\",\"@id\":\"https:\/\/www.laboratoires-unisson.com\/fr-be#website\",\"url\":\"https:\/\/www.laboratoires-unisson.com\/fr-be\",\"name\":\"Laboratoires Unisson\",\"description\":\"Appareil auditif et proth\u00e8se auditive Moins Cher jusqu&#039;\u00e0 -40%\",\"publisher\":{\"@id\":\"https:\/\/www.laboratoires-unisson.com\/fr-be#organization\"},\"potentialAction\":[{\"@type\":\"SearchAction\",\"target\":{\"@type\":\"EntryPoint\",\"urlTemplate\":\"https:\/\/www.laboratoires-unisson.com\/fr-be?s={search_term_string}\"},\"query-input\":{\"@type\":\"PropertyValueSpecification\",\"valueRequired\":true,\"valueName\":\"search_term_string\"}}],\"inLanguage\":\"fr-BE\"},{\"@type\":\"Organization\",\"@id\":\"https:\/\/www.laboratoires-unisson.com\/fr-be#organization\",\"name\":\"Laboratoires Unisson\",\"url\":\"https:\/\/www.laboratoires-unisson.com\/fr-be\",\"logo\":{\"@type\":\"ImageObject\",\"inLanguage\":\"fr-BE\",\"@id\":\"https:\/\/www.laboratoires-unisson.com\/fr-be#\/schema\/logo\/image\/\",\"url\":\"https:\/\/www.laboratoires-unisson.com\/wp-content\/uploads\/2022\/01\/logo-unisson.svg\",\"contentUrl\":\"https:\/\/www.laboratoires-unisson.com\/wp-content\/uploads\/2022\/01\/logo-unisson.svg\",\"width\":1,\"height\":1,\"caption\":\"Laboratoires Unisson\"},\"image\":{\"@id\":\"https:\/\/www.laboratoires-unisson.com\/fr-be#\/schema\/logo\/image\/\"}}]}<\/script>\n<!-- \/ Yoast SEO plugin. -->","yoast_head_json":{"title":"Appareil auditif Oticon More 1 miniRITE R \u00e0 2100\u20ac - Unisson Belgique","description":"Comment am\u00e9liorer votre audition avec Oticon More 1 miniRITE R ? D\u00e9couvrez cet appareil auditif rechargeable pour une qualit\u00e9 sonore optimale.","robots":{"index":"index","follow":"follow","max-snippet":"max-snippet:-1","max-image-preview":"max-image-preview:large","max-video-preview":"max-video-preview:-1"},"canonical":"https:\/\/www.laboratoires-unisson.com\/fr-be\/wp-json\/wp\/v2\/product\/24740","og_locale":"fr_FR","og_type":"article","og_title":"Appareil auditif Oticon More 1 miniRITE R \u00e0 2100\u20ac - Unisson","og_description":"Comment am\u00e9liorer votre audition avec Oticon More 1 miniRITE R ? D\u00e9couvrez cet appareil auditif rechargeable pour une qualit\u00e9 sonore optimale.","og_url":"https:\/\/www.laboratoires-unisson.com\/fr-be\/produit\/appareils-auditifs\/oticon\/more-1-minirite-r","og_site_name":"Laboratoires Unisson","article_modified_time":"2025-12-03T09:09:51+00:00","og_image":[{"width":499,"height":499,"url":"https:\/\/www.laboratoires-unisson.com\/wp-content\/uploads\/2022\/05\/Oticon-More-1-miniRITE-R.png","type":"image\/png"}],"twitter_card":"summary_large_image","twitter_misc":{"Est. reading time":"1 minute"},"schema":{"@context":"https:\/\/schema.org","@graph":[{"@type":"WebPage","@id":"https:\/\/www.laboratoires-unisson.com\/fr-be\/produit\/appareils-auditifs\/oticon\/more-1-minirite-r","url":"https:\/\/www.laboratoires-unisson.com\/fr-be\/produit\/appareils-auditifs\/oticon\/more-1-minirite-r","name":"Appareil auditif Oticon More 1 miniRITE R \u00e0 2100\u20ac - Unisson","isPartOf":{"@id":"https:\/\/www.laboratoires-unisson.com\/fr-be#website"},"primaryImageOfPage":{"@id":"https:\/\/www.laboratoires-unisson.com\/fr-be\/produit\/appareils-auditifs\/oticon\/more-1-minirite-r#primaryimage"},"image":{"@id":"https:\/\/www.laboratoires-unisson.com\/fr-be\/produit\/appareils-auditifs\/oticon\/more-1-minirite-r#primaryimage"},"thumbnailUrl":"https:\/\/www.laboratoires-unisson.com\/wp-content\/uploads\/2022\/05\/Oticon-More-1-miniRITE-R.png","datePublished":"2022-05-02T12:39:52+00:00","dateModified":"2025-12-03T09:09:51+00:00","description":"Comment am\u00e9liorer votre audition avec Oticon More 1 miniRITE R ? D\u00e9couvrez cet appareil auditif rechargeable pour une qualit\u00e9 sonore optimale.","breadcrumb":{"@id":"https:\/\/www.laboratoires-unisson.com\/fr-be\/produit\/appareils-auditifs\/oticon\/more-1-minirite-r#breadcrumb"},"inLanguage":"fr-BE","potentialAction":[{"@type":"ReadAction","target":["https:\/\/www.laboratoires-unisson.com\/fr-be\/produit\/appareils-auditifs\/oticon\/more-1-minirite-r"]}]},{"@type":"ImageObject","inLanguage":"fr-BE","@id":"https:\/\/www.laboratoires-unisson.com\/fr-be\/produit\/appareils-auditifs\/oticon\/more-1-minirite-r#primaryimage","url":"https:\/\/www.laboratoires-unisson.com\/wp-content\/uploads\/2022\/05\/Oticon-More-1-miniRITE-R.png","contentUrl":"https:\/\/www.laboratoires-unisson.com\/wp-content\/uploads\/2022\/05\/Oticon-More-1-miniRITE-R.png","width":499,"height":499},{"@type":"BreadcrumbList","@id":"https:\/\/www.laboratoires-unisson.com\/fr-be\/produit\/appareils-auditifs\/oticon\/more-1-minirite-r#breadcrumb","itemListElement":[{"@type":"ListItem","position":1,"name":"Shop","item":"https:\/\/www.laboratoires-unisson.com\/fr-be\/shop"},{"@type":"ListItem","position":2,"name":"More 1 miniRITE R"}]},{"@type":"WebSite","@id":"https:\/\/www.laboratoires-unisson.com\/fr-be#website","url":"https:\/\/www.laboratoires-unisson.com\/fr-be","name":"Laboratoires Unisson","description":"Appareil auditif et proth\u00e8se auditive Moins Cher jusqu&#039;\u00e0 -40%","publisher":{"@id":"https:\/\/www.laboratoires-unisson.com\/fr-be#organization"},"potentialAction":[{"@type":"SearchAction","target":{"@type":"EntryPoint","urlTemplate":"https:\/\/www.laboratoires-unisson.com\/fr-be?s={search_term_string}"},"query-input":{"@type":"PropertyValueSpecification","valueRequired":true,"valueName":"search_term_string"}}],"inLanguage":"fr-BE"},{"@type":"Organization","@id":"https:\/\/www.laboratoires-unisson.com\/fr-be#organization","name":"Laboratoires Unisson","url":"https:\/\/www.laboratoires-unisson.com\/fr-be","logo":{"@type":"ImageObject","inLanguage":"fr-BE","@id":"https:\/\/www.laboratoires-unisson.com\/fr-be#\/schema\/logo\/image\/","url":"https:\/\/www.laboratoires-unisson.com\/wp-content\/uploads\/2022\/01\/logo-unisson.svg","contentUrl":"https:\/\/www.laboratoires-unisson.com\/wp-content\/uploads\/2022\/01\/logo-unisson.svg","width":1,"height":1,"caption":"Laboratoires Unisson"},"image":{"@id":"https:\/\/www.laboratoires-unisson.com\/fr-be#\/schema\/logo\/image\/"}}]}},"_links":{"self":[{"href":"https:\/\/www.laboratoires-unisson.com\/fr-be\/wp-json\/wp\/v2\/product\/24740","targetHints":{"allow":["GET"]}}],"collection":[{"href":"https:\/\/www.laboratoires-unisson.com\/fr-be\/wp-json\/wp\/v2\/product"}],"about":[{"href":"https:\/\/www.laboratoires-unisson.com\/fr-be\/wp-json\/wp\/v2\/types\/product"}],"wp:featuredmedia":[{"embeddable":true,"href":"https:\/\/www.laboratoires-unisson.com\/fr-be\/wp-json\/wp\/v2\/media\/20827"}],"wp:attachment":[{"href":"https:\/\/www.laboratoires-unisson.com\/fr-be\/wp-json\/wp\/v2\/media?parent=24740"}],"wp:term":[{"taxonomy":"product_brand","embeddable":true,"href":"https:\/\/www.laboratoires-unisson.com\/fr-be\/wp-json\/wp\/v2\/product_brand?post=24740"},{"taxonomy":"product_cat","embeddable":true,"href":"https:\/\/www.laboratoires-unisson.com\/fr-be\/wp-json\/wp\/v2\/product_cat?post=24740"},{"taxonomy":"product_tag","embeddable":true,"href":"https:\/\/www.laboratoires-unisson.com\/fr-be\/wp-json\/wp\/v2\/product_tag?post=24740"}],"curies":[{"name":"wp","href":"https:\/\/api.w.org\/{rel}","templated":true}]}}