{"id":24741,"date":"2022-05-02T14:39:51","date_gmt":"2022-05-02T12:39:51","guid":{"rendered":"https:\/\/www.laboratoires-unisson.com\/produit\/more-1-minirite-312-t"},"modified":"2025-12-03T10:09:52","modified_gmt":"2025-12-03T09:09:52","slug":"more-1-minirite-312-t","status":"publish","type":"product","link":"https:\/\/www.laboratoires-unisson.com\/fr-be\/produit\/appareils-auditifs\/oticon\/more-1-minirite-312-t","title":{"rendered":"More 1 miniRITE 312 T"},"content":{"rendered":"<p>Apr\u00e8s avoir sorti en d\u00e9but d\u2019ann\u00e9e 2021 sa gamme d\u2019appareil auditif RIC rechargeable, Oticon propose d\u00e9sormais les m\u00eames mod\u00e8les \u00e0 pile auditive.<\/p>\n<p>L\u2019appareil auditif Oticon More 1 miniRITE T est un <strong>mod\u00e8le haut de gamme RIC connect\u00e9<\/strong>, adapt\u00e9 pour des pertes auditives l\u00e9g\u00e8res \u00e0 profondes.<\/p>\n<h3>Les innovations de la gamme Oticon More<\/h3>\n<p>Les aides auditives Oticon More s\u2019appuient sur la <strong>plateforme innovante Polaris\u2122<\/strong>\u00a0: un r\u00e9seau neuronal profond est utilis\u00e9 afin de g\u00e9rer les sons entrants rapidement et de mani\u00e8re optimale. Le son restitu\u00e9 est d\u2019une qualit\u00e9 sonore excellente. Votre aide auditive Oticon More analyse votre environnement sonore 500 fois par seconde afin de vous offrir une sc\u00e8ne sonore compl\u00e8te.<\/p>\n<p>D\u2019autres innovations \u00e9quipent la gamme Oticon More\u00a0:<\/p>\n<ul>\n<li>MoreSound Intelligence\u2122\u00a0: permet de cr\u00e9er une repr\u00e9sentation plus pr\u00e9cise et naturelle des sons individuels avec des contrastes plus clairs et plus distincts<\/li>\n<li>MoreSound Amplifier\u2122 analyse les d\u00e9tails du son et les amplifie de mani\u00e8re optimale pour que votre cerveau ait acc\u00e8s aux informations pertinentes<\/li>\n<\/ul>\n<h3>Les caract\u00e9ristiques du mod\u00e8le Oticon More 1 miniRITE T<\/h3>\n<p>Il poss\u00e8de 24 bandes d\u2019adaptation, un bouton poussoir (programme et volume), une bobine \u00e0 induction et une certification IP68. Un voyant LED est pr\u00e9sent afin de faciliter la manipulation de votre aide auditive Oticon More 1 miniRITE T.<\/p>\n<p>Il fonctionne avec une pile auditive 312. Si vous pr\u00e9f\u00e9rez le mod\u00e8le rechargeable, nous vous conseillons l\u2019appareil Oticon More 1 miniRITE R.<\/p>\n<h3>Oticon More, une gamme connect\u00e9e<\/h3>\n<p>L\u2019appareil Oticon More 1 miniRITE T est \u00e9quip\u00e9 d\u2019une <strong>connexion Bluetooth<\/strong> offrant un streaming direct pour les appareils sous iOS (iPhone) et pour certains appareils Android (\u00e0 partir de la version Android 10 via le protocole ASHA)<\/p>\n<p>Gr\u00e2ce \u00e0 l\u2019<strong>application mobile RemoteCare<\/strong> d\u2019Oticon, vous pourrez faire ajuster vos aides \u00e0 distance, tester les r\u00e9glages en temps r\u00e9el, garder contact avec votre audioproth\u00e9siste Unisson \u00e0 travers des appels vid\u00e9os, t\u00e9l\u00e9phoniques et des messages.<\/p>\n<p>Des accessoires sans fil sont disponibles tels que l\u2019adaptateur TV 3.0, la t\u00e9l\u00e9commande 3.0 ou encore le ConnectClip.<\/p>\n<h4>Fonctionnalit\u00e9s du More 1 miniRITE T<\/h4>\n<ul>\n<li>MoreSound Amplifier\u2122<\/li>\n<li>MoreSound Intelligence\u2122<\/li>\n<li>Suppression neuronale du bruit<\/li>\n<li>Sound Enhancer (4\u00a0configurations)<\/li>\n<li>Spatial Sound\u2122<\/li>\n<li>Soft Speech Booster<\/li>\n<li>Speech Rescue\u2122<\/li>\n<li>Gestion des bruits transitoires (3 configurations)<\/li>\n<li>Gestion du bruit du vent<\/li>\n<li>Masqueur d&#8217;acouph\u00e8nes<\/li>\n<li>Anti-larsen<\/li>\n<li>24 canaux de r\u00e9glages<\/li>\n<li>Double bouton poussoir<\/li>\n<li>bobine \u00e0 induction<\/li>\n<li>Voyant LED<\/li>\n<li>Connexion Bluetooth<\/li>\n<li>Application mobile RemoteCare<\/li>\n<\/ul>\n","protected":false},"excerpt":{"rendered":"<p>Apr\u00e8s avoir sorti en d\u00e9but d\u2019ann\u00e9e 2021 sa gamme d\u2019appareil auditif RIC rechargeable, Oticon propose d\u00e9sormais les m\u00eames mod\u00e8les \u00e0 pile auditive. L\u2019appareil auditif Oticon More 1 miniRITE T est un mod\u00e8le haut de gamme RIC connect\u00e9, adapt\u00e9 pour des pertes auditives l\u00e9g\u00e8res \u00e0 profondes. Les innovations de la gamme Oticon More Les aides auditives [&hellip;]<\/p>\n","protected":false},"featured_media":19164,"template":"","meta":{"_acf_changed":false},"product_brand":[],"product_cat":[2792],"product_tag":[],"class_list":{"0":"post-24741","1":"product","2":"type-product","3":"status-publish","4":"has-post-thumbnail","6":"product_cat-oticon-fr-be","8":"first","9":"instock","10":"taxable","11":"shipping-taxable","12":"purchasable","13":"product-type-simple"},"acf":[],"yoast_head":"<!-- This site is optimized with the Yoast SEO plugin v27.1.1 - https:\/\/yoast.com\/product\/yoast-seo-wordpress\/ -->\n<title>Appareil auditif Oticon More 1 miniRITE 312 T \u00e0 2100\u20ac - Unisson Belgique<\/title>\n<meta name=\"description\" content=\"Am\u00e9liorez votre audition avec l&#039;Oticon More 1 miniRITE 312 T. D\u00e9couvrez cet appareil auditif performant chez Unisson Belgique, au meilleur prix.\" \/>\n<meta name=\"robots\" content=\"index, follow, max-snippet:-1, max-image-preview:large, max-video-preview:-1\" \/>\n<link rel=\"canonical\" href=\"https:\/\/www.laboratoires-unisson.com\/fr-be\/wp-json\/wp\/v2\/product\/24741\" \/>\n<meta property=\"og:locale\" content=\"fr_FR\" \/>\n<meta property=\"og:type\" content=\"article\" \/>\n<meta property=\"og:title\" content=\"More 1 miniRITE 312 T - Laboratoires Unisson\" \/>\n<meta property=\"og:description\" content=\"Am\u00e9liorez votre audition avec l&#039;Oticon More 1 miniRITE 312 T. D\u00e9couvrez cet appareil auditif performant chez Unisson Belgique, au meilleur prix.\" \/>\n<meta property=\"og:url\" content=\"https:\/\/www.laboratoires-unisson.com\/fr-be\/produit\/appareils-auditifs\/oticon\/more-1-minirite-312-t\" \/>\n<meta property=\"og:site_name\" content=\"Laboratoires Unisson\" \/>\n<meta property=\"article:modified_time\" content=\"2025-12-03T09:09:52+00:00\" \/>\n<meta property=\"og:image\" content=\"https:\/\/www.laboratoires-unisson.com\/wp-content\/uploads\/2022\/05\/more-1-minirite-312-t.jpg\" \/>\n\t<meta property=\"og:image:width\" content=\"450\" \/>\n\t<meta property=\"og:image:height\" content=\"500\" \/>\n\t<meta property=\"og:image:type\" content=\"image\/jpeg\" \/>\n<meta name=\"twitter:card\" content=\"summary_large_image\" \/>\n<meta name=\"twitter:label1\" content=\"Est. reading time\" \/>\n\t<meta name=\"twitter:data1\" content=\"3 minutes\" \/>\n<script type=\"application\/ld+json\" class=\"yoast-schema-graph\">{\"@context\":\"https:\/\/schema.org\",\"@graph\":[{\"@type\":\"WebPage\",\"@id\":\"https:\/\/www.laboratoires-unisson.com\/fr-be\/produit\/appareils-auditifs\/oticon\/more-1-minirite-312-t\",\"url\":\"https:\/\/www.laboratoires-unisson.com\/fr-be\/produit\/appareils-auditifs\/oticon\/more-1-minirite-312-t\",\"name\":\"More 1 miniRITE 312 T - Laboratoires Unisson\",\"isPartOf\":{\"@id\":\"https:\/\/www.laboratoires-unisson.com\/fr-be#website\"},\"primaryImageOfPage\":{\"@id\":\"https:\/\/www.laboratoires-unisson.com\/fr-be\/produit\/appareils-auditifs\/oticon\/more-1-minirite-312-t#primaryimage\"},\"image\":{\"@id\":\"https:\/\/www.laboratoires-unisson.com\/fr-be\/produit\/appareils-auditifs\/oticon\/more-1-minirite-312-t#primaryimage\"},\"thumbnailUrl\":\"https:\/\/www.laboratoires-unisson.com\/wp-content\/uploads\/2022\/05\/more-1-minirite-312-t.jpg\",\"datePublished\":\"2022-05-02T12:39:51+00:00\",\"dateModified\":\"2025-12-03T09:09:52+00:00\",\"description\":\"Am\u00e9liorez votre audition avec l'Oticon More 1 miniRITE 312 T. D\u00e9couvrez cet appareil auditif performant chez Unisson Belgique, au meilleur prix.\",\"breadcrumb\":{\"@id\":\"https:\/\/www.laboratoires-unisson.com\/fr-be\/produit\/appareils-auditifs\/oticon\/more-1-minirite-312-t#breadcrumb\"},\"inLanguage\":\"fr-BE\",\"potentialAction\":[{\"@type\":\"ReadAction\",\"target\":[\"https:\/\/www.laboratoires-unisson.com\/fr-be\/produit\/appareils-auditifs\/oticon\/more-1-minirite-312-t\"]}]},{\"@type\":\"ImageObject\",\"inLanguage\":\"fr-BE\",\"@id\":\"https:\/\/www.laboratoires-unisson.com\/fr-be\/produit\/appareils-auditifs\/oticon\/more-1-minirite-312-t#primaryimage\",\"url\":\"https:\/\/www.laboratoires-unisson.com\/wp-content\/uploads\/2022\/05\/more-1-minirite-312-t.jpg\",\"contentUrl\":\"https:\/\/www.laboratoires-unisson.com\/wp-content\/uploads\/2022\/05\/more-1-minirite-312-t.jpg\",\"width\":450,\"height\":500},{\"@type\":\"BreadcrumbList\",\"@id\":\"https:\/\/www.laboratoires-unisson.com\/fr-be\/produit\/appareils-auditifs\/oticon\/more-1-minirite-312-t#breadcrumb\",\"itemListElement\":[{\"@type\":\"ListItem\",\"position\":1,\"name\":\"Shop\",\"item\":\"https:\/\/www.laboratoires-unisson.com\/fr-be\/shop\"},{\"@type\":\"ListItem\",\"position\":2,\"name\":\"More 1 miniRITE 312 T\"}]},{\"@type\":\"WebSite\",\"@id\":\"https:\/\/www.laboratoires-unisson.com\/fr-be#website\",\"url\":\"https:\/\/www.laboratoires-unisson.com\/fr-be\",\"name\":\"Laboratoires Unisson\",\"description\":\"Appareil auditif et proth\u00e8se auditive Moins Cher jusqu&#039;\u00e0 -40%\",\"publisher\":{\"@id\":\"https:\/\/www.laboratoires-unisson.com\/fr-be#organization\"},\"potentialAction\":[{\"@type\":\"SearchAction\",\"target\":{\"@type\":\"EntryPoint\",\"urlTemplate\":\"https:\/\/www.laboratoires-unisson.com\/fr-be?s={search_term_string}\"},\"query-input\":{\"@type\":\"PropertyValueSpecification\",\"valueRequired\":true,\"valueName\":\"search_term_string\"}}],\"inLanguage\":\"fr-BE\"},{\"@type\":\"Organization\",\"@id\":\"https:\/\/www.laboratoires-unisson.com\/fr-be#organization\",\"name\":\"Laboratoires Unisson\",\"url\":\"https:\/\/www.laboratoires-unisson.com\/fr-be\",\"logo\":{\"@type\":\"ImageObject\",\"inLanguage\":\"fr-BE\",\"@id\":\"https:\/\/www.laboratoires-unisson.com\/fr-be#\/schema\/logo\/image\/\",\"url\":\"https:\/\/www.laboratoires-unisson.com\/wp-content\/uploads\/2022\/01\/logo-unisson.svg\",\"contentUrl\":\"https:\/\/www.laboratoires-unisson.com\/wp-content\/uploads\/2022\/01\/logo-unisson.svg\",\"width\":1,\"height\":1,\"caption\":\"Laboratoires Unisson\"},\"image\":{\"@id\":\"https:\/\/www.laboratoires-unisson.com\/fr-be#\/schema\/logo\/image\/\"}}]}<\/script>\n<!-- \/ Yoast SEO plugin. -->","yoast_head_json":{"title":"Appareil auditif Oticon More 1 miniRITE 312 T \u00e0 2100\u20ac - Unisson Belgique","description":"Am\u00e9liorez votre audition avec l'Oticon More 1 miniRITE 312 T. D\u00e9couvrez cet appareil auditif performant chez Unisson Belgique, au meilleur prix.","robots":{"index":"index","follow":"follow","max-snippet":"max-snippet:-1","max-image-preview":"max-image-preview:large","max-video-preview":"max-video-preview:-1"},"canonical":"https:\/\/www.laboratoires-unisson.com\/fr-be\/wp-json\/wp\/v2\/product\/24741","og_locale":"fr_FR","og_type":"article","og_title":"More 1 miniRITE 312 T - Laboratoires Unisson","og_description":"Am\u00e9liorez votre audition avec l'Oticon More 1 miniRITE 312 T. D\u00e9couvrez cet appareil auditif performant chez Unisson Belgique, au meilleur prix.","og_url":"https:\/\/www.laboratoires-unisson.com\/fr-be\/produit\/appareils-auditifs\/oticon\/more-1-minirite-312-t","og_site_name":"Laboratoires Unisson","article_modified_time":"2025-12-03T09:09:52+00:00","og_image":[{"width":450,"height":500,"url":"https:\/\/www.laboratoires-unisson.com\/wp-content\/uploads\/2022\/05\/more-1-minirite-312-t.jpg","type":"image\/jpeg"}],"twitter_card":"summary_large_image","twitter_misc":{"Est. reading time":"3 minutes"},"schema":{"@context":"https:\/\/schema.org","@graph":[{"@type":"WebPage","@id":"https:\/\/www.laboratoires-unisson.com\/fr-be\/produit\/appareils-auditifs\/oticon\/more-1-minirite-312-t","url":"https:\/\/www.laboratoires-unisson.com\/fr-be\/produit\/appareils-auditifs\/oticon\/more-1-minirite-312-t","name":"More 1 miniRITE 312 T - Laboratoires Unisson","isPartOf":{"@id":"https:\/\/www.laboratoires-unisson.com\/fr-be#website"},"primaryImageOfPage":{"@id":"https:\/\/www.laboratoires-unisson.com\/fr-be\/produit\/appareils-auditifs\/oticon\/more-1-minirite-312-t#primaryimage"},"image":{"@id":"https:\/\/www.laboratoires-unisson.com\/fr-be\/produit\/appareils-auditifs\/oticon\/more-1-minirite-312-t#primaryimage"},"thumbnailUrl":"https:\/\/www.laboratoires-unisson.com\/wp-content\/uploads\/2022\/05\/more-1-minirite-312-t.jpg","datePublished":"2022-05-02T12:39:51+00:00","dateModified":"2025-12-03T09:09:52+00:00","description":"Am\u00e9liorez votre audition avec l'Oticon More 1 miniRITE 312 T. D\u00e9couvrez cet appareil auditif performant chez Unisson Belgique, au meilleur prix.","breadcrumb":{"@id":"https:\/\/www.laboratoires-unisson.com\/fr-be\/produit\/appareils-auditifs\/oticon\/more-1-minirite-312-t#breadcrumb"},"inLanguage":"fr-BE","potentialAction":[{"@type":"ReadAction","target":["https:\/\/www.laboratoires-unisson.com\/fr-be\/produit\/appareils-auditifs\/oticon\/more-1-minirite-312-t"]}]},{"@type":"ImageObject","inLanguage":"fr-BE","@id":"https:\/\/www.laboratoires-unisson.com\/fr-be\/produit\/appareils-auditifs\/oticon\/more-1-minirite-312-t#primaryimage","url":"https:\/\/www.laboratoires-unisson.com\/wp-content\/uploads\/2022\/05\/more-1-minirite-312-t.jpg","contentUrl":"https:\/\/www.laboratoires-unisson.com\/wp-content\/uploads\/2022\/05\/more-1-minirite-312-t.jpg","width":450,"height":500},{"@type":"BreadcrumbList","@id":"https:\/\/www.laboratoires-unisson.com\/fr-be\/produit\/appareils-auditifs\/oticon\/more-1-minirite-312-t#breadcrumb","itemListElement":[{"@type":"ListItem","position":1,"name":"Shop","item":"https:\/\/www.laboratoires-unisson.com\/fr-be\/shop"},{"@type":"ListItem","position":2,"name":"More 1 miniRITE 312 T"}]},{"@type":"WebSite","@id":"https:\/\/www.laboratoires-unisson.com\/fr-be#website","url":"https:\/\/www.laboratoires-unisson.com\/fr-be","name":"Laboratoires Unisson","description":"Appareil auditif et proth\u00e8se auditive Moins Cher jusqu&#039;\u00e0 -40%","publisher":{"@id":"https:\/\/www.laboratoires-unisson.com\/fr-be#organization"},"potentialAction":[{"@type":"SearchAction","target":{"@type":"EntryPoint","urlTemplate":"https:\/\/www.laboratoires-unisson.com\/fr-be?s={search_term_string}"},"query-input":{"@type":"PropertyValueSpecification","valueRequired":true,"valueName":"search_term_string"}}],"inLanguage":"fr-BE"},{"@type":"Organization","@id":"https:\/\/www.laboratoires-unisson.com\/fr-be#organization","name":"Laboratoires Unisson","url":"https:\/\/www.laboratoires-unisson.com\/fr-be","logo":{"@type":"ImageObject","inLanguage":"fr-BE","@id":"https:\/\/www.laboratoires-unisson.com\/fr-be#\/schema\/logo\/image\/","url":"https:\/\/www.laboratoires-unisson.com\/wp-content\/uploads\/2022\/01\/logo-unisson.svg","contentUrl":"https:\/\/www.laboratoires-unisson.com\/wp-content\/uploads\/2022\/01\/logo-unisson.svg","width":1,"height":1,"caption":"Laboratoires Unisson"},"image":{"@id":"https:\/\/www.laboratoires-unisson.com\/fr-be#\/schema\/logo\/image\/"}}]}},"_links":{"self":[{"href":"https:\/\/www.laboratoires-unisson.com\/fr-be\/wp-json\/wp\/v2\/product\/24741","targetHints":{"allow":["GET"]}}],"collection":[{"href":"https:\/\/www.laboratoires-unisson.com\/fr-be\/wp-json\/wp\/v2\/product"}],"about":[{"href":"https:\/\/www.laboratoires-unisson.com\/fr-be\/wp-json\/wp\/v2\/types\/product"}],"wp:featuredmedia":[{"embeddable":true,"href":"https:\/\/www.laboratoires-unisson.com\/fr-be\/wp-json\/wp\/v2\/media\/19164"}],"wp:attachment":[{"href":"https:\/\/www.laboratoires-unisson.com\/fr-be\/wp-json\/wp\/v2\/media?parent=24741"}],"wp:term":[{"taxonomy":"product_brand","embeddable":true,"href":"https:\/\/www.laboratoires-unisson.com\/fr-be\/wp-json\/wp\/v2\/product_brand?post=24741"},{"taxonomy":"product_cat","embeddable":true,"href":"https:\/\/www.laboratoires-unisson.com\/fr-be\/wp-json\/wp\/v2\/product_cat?post=24741"},{"taxonomy":"product_tag","embeddable":true,"href":"https:\/\/www.laboratoires-unisson.com\/fr-be\/wp-json\/wp\/v2\/product_tag?post=24741"}],"curies":[{"name":"wp","href":"https:\/\/api.w.org\/{rel}","templated":true}]}}