{"id":27613,"date":"2025-02-21T16:50:21","date_gmt":"2025-02-21T15:50:21","guid":{"rendered":"https:\/\/www.laboratoires-unisson.com\/?post_type=product&#038;p=27613"},"modified":"2025-12-03T10:10:10","modified_gmt":"2025-12-03T09:10:10","slug":"moment-440-bte-rd","status":"publish","type":"product","link":"https:\/\/www.laboratoires-unisson.com\/fr-be\/produit\/appareils-auditifs\/widex\/moment-440-bte-rd","title":{"rendered":"Moment 440 BTE RD"},"content":{"rendered":"<p>L&#8217;appareil auditif Widex Moment 440 BTE RD est un mod\u00e8le <strong>contour d&#8217;oreille (BTE) rechargeable et connect\u00e9 haut de gamme<\/strong>. Il s&#8217;adresse \u00e0 des patients ayant une perte auditive s\u00e9v\u00e8re \u00e0 profonde. Il s&#8217;agit de la 1\u00e8re aide auditive BTE rechargeable offrant la technologie PureSound de Widex.<\/p>\n<h3>Innovations de la gamme Widex Moment BTE RD<\/h3>\n<h4>Compatibilit\u00e9 ASHA<\/h4>\n<p>L&#8217;aide auditive rechargeable Widex Moment BTE RD est enti\u00e8rement <strong>compatible avec la norme ASHA<\/strong>, qui permet aux utilisateurs de diffuser de la musique et des appels directement dans leurs aides auditives sans avoir besoin d&#8217;un accessoire s\u00e9par\u00e9. Ce mod\u00e8le prend \u00e9galement en charge les connexions sans fil directes aux appareils iPhone, Widex TV Play et WidexLink.<\/p>\n<h4>Indicateur LED<\/h4>\n<p>Cet indicateur LED peut clignoter de <strong>diff\u00e9rentes couleurs pour communiquer l&#8217;\u00e9tat au porteur<\/strong>, comme marche\/arr\u00eat, batterie faible ou une connexion Bluetooth r\u00e9ussie ou un appariement d&#8217;accessoires. Le porteur d&#8217;aides auditives peut plus facilement comprendre l&#8217;\u00e9tat des aides auditives gr\u00e2ce \u00e0 un indicateur visuel.<\/p>\n<h4>PureSound<\/h4>\n<p>Cet appareil auditif est dot\u00e9 de la technologie PureSound avec le traitement du son ZeroDelay qui aide \u00e0 <strong>am\u00e9liorer la distorsion entre les 2 signaux et am\u00e9liore la perception du son<\/strong>.<\/p>\n<p>Les \u00e9tudes r\u00e9centes de Widex montrent que 90% des utilisateurs ont trouv\u00e9 le son de leur propre voix naturel lorsqu&#8217;ils portent les appareils auditifs Widex \u00e9quip\u00e9s de PureSound par rapport \u00e0 leurs aides auditives actuelles. De plus, 95% ont d\u00e9clar\u00e9 que le son global de PureSound \u00e9tait naturel.<\/p>\n<h3>Les caract\u00e9ristiques du mod\u00e8le Widex Moment 440 BTE RD<\/h3>\n<p>Il poss\u00e8de 15 canaux de r\u00e9glages, une bobine \u00e0 induction, un indicateur LED, un bouton poussoir et une certification IP68. Cet appareil est con\u00e7u pour r\u00e9duire le risque de dommage caus\u00e9s par l&#8217;humidit\u00e9. Ces aides auditives n&#8217;int\u00e8grent aucun couvercle de pile, il y a donc moins d&#8217;espace pour que l&#8217;humidit\u00e9 s&#8217;infiltre.<\/p>\n<p>Le design de la gamme Moment BTE RD est minimaliste et \u00e9l\u00e9gant : ces BTE sont discrets tout en offrant un look moderne.<\/p>\n<h3>Fonctionnalit\u00e9 rechargeable pour la gamme Widex Moment BTE RD<\/h3>\n<p>Le mod\u00e8le Moment 440 BTE RD fonctionne avec une <strong>batterie rechargeable lithium ion<\/strong>. cette batterie vous offre jusqu&#8217;\u00e0 37h d&#8217;autonomie et 24h pour 8h de streaming.<\/p>\n<h3>Moment BTE RD, une gamme connect\u00e9e<\/h3>\n<p>L&#8217;appareil auditif Moment 440 BTE RD est \u00e9quip\u00e9 d&#8217;une <strong>connexion Bluetooth ASHA<\/strong>. Il est compatible avec l&#8217;application mobile TONELINK : transformez votre smartphone en t\u00e9l\u00e9commande multi-param\u00e8tres de vos aides auditives Widex Moment.<\/p>\n<h3>Prix de l&#8217;appareil auditif Widex Moment 440 BTE RD<\/h3>\n<p><strong>Cet appareil est au prix de 1195\u20ac<\/strong> <em>(avant remboursement s\u00e9curit\u00e9 sociale et mutuelle)<\/em>. Le prix inclut la garantie 4 ans, les r\u00e9glages et le suivi illimit\u00e9.<\/p>\n<p style=\"text-align: center;\"><a class=\"btn btn-default btn-xs bg-green\" href=\"https:\/\/www.laboratoires-unisson.com\/fr-be\/rdv\">Prendre un rendez-vous gratuit<\/a><\/p>\n","protected":false},"excerpt":{"rendered":"<p>L&#8217;appareil auditif Widex Moment 440 BTE RD est un mod\u00e8le contour d&#8217;oreille (BTE) rechargeable et connect\u00e9 haut de gamme. Il s&#8217;adresse \u00e0 des patients ayant une perte auditive s\u00e9v\u00e8re \u00e0 profonde. Il s&#8217;agit de la 1\u00e8re aide auditive BTE rechargeable offrant la technologie PureSound de Widex. Innovations de la gamme Widex Moment BTE RD Compatibilit\u00e9 [&hellip;]<\/p>\n","protected":false},"featured_media":19356,"template":"","meta":{"_acf_changed":false},"product_brand":[],"product_cat":[2729],"product_tag":[],"class_list":{"0":"post-27613","1":"product","2":"type-product","3":"status-publish","4":"has-post-thumbnail","6":"product_cat-widex-fr-be","8":"first","9":"instock","10":"taxable","11":"shipping-taxable","12":"purchasable","13":"product-type-simple"},"acf":[],"yoast_head":"<!-- This site is optimized with the Yoast SEO plugin v27.1.1 - https:\/\/yoast.com\/product\/yoast-seo-wordpress\/ -->\n<title>Appareil auditif Widex Moment 440 BTE RD \u00e0 2100\u20ac - Unisson Belgique<\/title>\n<meta name=\"description\" content=\"L&#039;appareil auditif Widex Moment 440 BTE RD est un mod\u00e8le contour d&#039;oreille (BTE) rechargeable et connect\u00e9 haut de gamme. Il s&#039;adresse \u00e0 des patients ayant\" \/>\n<meta name=\"robots\" content=\"index, follow, max-snippet:-1, max-image-preview:large, max-video-preview:-1\" \/>\n<link rel=\"canonical\" href=\"https:\/\/www.laboratoires-unisson.com\/fr-be\/wp-json\/wp\/v2\/product\/27613\" \/>\n<meta property=\"og:locale\" content=\"fr_FR\" \/>\n<meta property=\"og:type\" content=\"article\" \/>\n<meta property=\"og:title\" content=\"Moment 440 BTE RD - Laboratoires Unisson\" \/>\n<meta property=\"og:description\" content=\"L&#039;appareil auditif Widex Moment 440 BTE RD est un mod\u00e8le contour d&#039;oreille (BTE) rechargeable et connect\u00e9 haut de gamme. Il s&#039;adresse \u00e0 des patients ayant\" \/>\n<meta property=\"og:url\" content=\"https:\/\/www.laboratoires-unisson.com\/fr-be\/produit\/appareils-auditifs\/widex\/moment-440-bte-rd\" \/>\n<meta property=\"og:site_name\" content=\"Laboratoires Unisson\" \/>\n<meta property=\"article:modified_time\" content=\"2025-12-03T09:10:10+00:00\" \/>\n<meta property=\"og:image\" content=\"https:\/\/www.laboratoires-unisson.com\/wp-content\/uploads\/2022\/05\/moment-440-bte-rd.jpg\" \/>\n\t<meta property=\"og:image:width\" content=\"450\" \/>\n\t<meta property=\"og:image:height\" content=\"500\" \/>\n\t<meta property=\"og:image:type\" content=\"image\/jpeg\" \/>\n<meta name=\"twitter:card\" content=\"summary_large_image\" \/>\n<meta name=\"twitter:label1\" content=\"Est. reading time\" \/>\n\t<meta name=\"twitter:data1\" content=\"3 minutes\" \/>\n<script type=\"application\/ld+json\" class=\"yoast-schema-graph\">{\"@context\":\"https:\/\/schema.org\",\"@graph\":[{\"@type\":\"WebPage\",\"@id\":\"https:\/\/www.laboratoires-unisson.com\/fr-be\/produit\/appareils-auditifs\/widex\/moment-440-bte-rd\",\"url\":\"https:\/\/www.laboratoires-unisson.com\/fr-be\/produit\/appareils-auditifs\/widex\/moment-440-bte-rd\",\"name\":\"Moment 440 BTE RD - Laboratoires Unisson\",\"isPartOf\":{\"@id\":\"https:\/\/www.laboratoires-unisson.com\/fr-be#website\"},\"primaryImageOfPage\":{\"@id\":\"https:\/\/www.laboratoires-unisson.com\/fr-be\/produit\/appareils-auditifs\/widex\/moment-440-bte-rd#primaryimage\"},\"image\":{\"@id\":\"https:\/\/www.laboratoires-unisson.com\/fr-be\/produit\/appareils-auditifs\/widex\/moment-440-bte-rd#primaryimage\"},\"thumbnailUrl\":\"https:\/\/www.laboratoires-unisson.com\/wp-content\/uploads\/2022\/05\/moment-440-bte-rd.jpg\",\"datePublished\":\"2025-02-21T15:50:21+00:00\",\"dateModified\":\"2025-12-03T09:10:10+00:00\",\"description\":\"L'appareil auditif Widex Moment 440 BTE RD est un mod\u00e8le contour d'oreille (BTE) rechargeable et connect\u00e9 haut de gamme. Il s'adresse \u00e0 des patients ayant\",\"breadcrumb\":{\"@id\":\"https:\/\/www.laboratoires-unisson.com\/fr-be\/produit\/appareils-auditifs\/widex\/moment-440-bte-rd#breadcrumb\"},\"inLanguage\":\"fr-BE\",\"potentialAction\":[{\"@type\":\"ReadAction\",\"target\":[\"https:\/\/www.laboratoires-unisson.com\/fr-be\/produit\/appareils-auditifs\/widex\/moment-440-bte-rd\"]}]},{\"@type\":\"ImageObject\",\"inLanguage\":\"fr-BE\",\"@id\":\"https:\/\/www.laboratoires-unisson.com\/fr-be\/produit\/appareils-auditifs\/widex\/moment-440-bte-rd#primaryimage\",\"url\":\"https:\/\/www.laboratoires-unisson.com\/wp-content\/uploads\/2022\/05\/moment-440-bte-rd.jpg\",\"contentUrl\":\"https:\/\/www.laboratoires-unisson.com\/wp-content\/uploads\/2022\/05\/moment-440-bte-rd.jpg\",\"width\":450,\"height\":500},{\"@type\":\"BreadcrumbList\",\"@id\":\"https:\/\/www.laboratoires-unisson.com\/fr-be\/produit\/appareils-auditifs\/widex\/moment-440-bte-rd#breadcrumb\",\"itemListElement\":[{\"@type\":\"ListItem\",\"position\":1,\"name\":\"Shop\",\"item\":\"https:\/\/www.laboratoires-unisson.com\/fr-be\/shop\"},{\"@type\":\"ListItem\",\"position\":2,\"name\":\"Moment 440 BTE RD\"}]},{\"@type\":\"WebSite\",\"@id\":\"https:\/\/www.laboratoires-unisson.com\/fr-be#website\",\"url\":\"https:\/\/www.laboratoires-unisson.com\/fr-be\",\"name\":\"Laboratoires Unisson\",\"description\":\"Appareil auditif et proth\u00e8se auditive Moins Cher jusqu&#039;\u00e0 -40%\",\"publisher\":{\"@id\":\"https:\/\/www.laboratoires-unisson.com\/fr-be#organization\"},\"potentialAction\":[{\"@type\":\"SearchAction\",\"target\":{\"@type\":\"EntryPoint\",\"urlTemplate\":\"https:\/\/www.laboratoires-unisson.com\/fr-be?s={search_term_string}\"},\"query-input\":{\"@type\":\"PropertyValueSpecification\",\"valueRequired\":true,\"valueName\":\"search_term_string\"}}],\"inLanguage\":\"fr-BE\"},{\"@type\":\"Organization\",\"@id\":\"https:\/\/www.laboratoires-unisson.com\/fr-be#organization\",\"name\":\"Laboratoires Unisson\",\"url\":\"https:\/\/www.laboratoires-unisson.com\/fr-be\",\"logo\":{\"@type\":\"ImageObject\",\"inLanguage\":\"fr-BE\",\"@id\":\"https:\/\/www.laboratoires-unisson.com\/fr-be#\/schema\/logo\/image\/\",\"url\":\"https:\/\/www.laboratoires-unisson.com\/wp-content\/uploads\/2022\/01\/logo-unisson.svg\",\"contentUrl\":\"https:\/\/www.laboratoires-unisson.com\/wp-content\/uploads\/2022\/01\/logo-unisson.svg\",\"width\":1,\"height\":1,\"caption\":\"Laboratoires Unisson\"},\"image\":{\"@id\":\"https:\/\/www.laboratoires-unisson.com\/fr-be#\/schema\/logo\/image\/\"}}]}<\/script>\n<!-- \/ Yoast SEO plugin. -->","yoast_head_json":{"title":"Appareil auditif Widex Moment 440 BTE RD \u00e0 2100\u20ac - Unisson Belgique","description":"L'appareil auditif Widex Moment 440 BTE RD est un mod\u00e8le contour d'oreille (BTE) rechargeable et connect\u00e9 haut de gamme. Il s'adresse \u00e0 des patients ayant","robots":{"index":"index","follow":"follow","max-snippet":"max-snippet:-1","max-image-preview":"max-image-preview:large","max-video-preview":"max-video-preview:-1"},"canonical":"https:\/\/www.laboratoires-unisson.com\/fr-be\/wp-json\/wp\/v2\/product\/27613","og_locale":"fr_FR","og_type":"article","og_title":"Moment 440 BTE RD - Laboratoires Unisson","og_description":"L'appareil auditif Widex Moment 440 BTE RD est un mod\u00e8le contour d'oreille (BTE) rechargeable et connect\u00e9 haut de gamme. Il s'adresse \u00e0 des patients ayant","og_url":"https:\/\/www.laboratoires-unisson.com\/fr-be\/produit\/appareils-auditifs\/widex\/moment-440-bte-rd","og_site_name":"Laboratoires Unisson","article_modified_time":"2025-12-03T09:10:10+00:00","og_image":[{"width":450,"height":500,"url":"https:\/\/www.laboratoires-unisson.com\/wp-content\/uploads\/2022\/05\/moment-440-bte-rd.jpg","type":"image\/jpeg"}],"twitter_card":"summary_large_image","twitter_misc":{"Est. reading time":"3 minutes"},"schema":{"@context":"https:\/\/schema.org","@graph":[{"@type":"WebPage","@id":"https:\/\/www.laboratoires-unisson.com\/fr-be\/produit\/appareils-auditifs\/widex\/moment-440-bte-rd","url":"https:\/\/www.laboratoires-unisson.com\/fr-be\/produit\/appareils-auditifs\/widex\/moment-440-bte-rd","name":"Moment 440 BTE RD - Laboratoires Unisson","isPartOf":{"@id":"https:\/\/www.laboratoires-unisson.com\/fr-be#website"},"primaryImageOfPage":{"@id":"https:\/\/www.laboratoires-unisson.com\/fr-be\/produit\/appareils-auditifs\/widex\/moment-440-bte-rd#primaryimage"},"image":{"@id":"https:\/\/www.laboratoires-unisson.com\/fr-be\/produit\/appareils-auditifs\/widex\/moment-440-bte-rd#primaryimage"},"thumbnailUrl":"https:\/\/www.laboratoires-unisson.com\/wp-content\/uploads\/2022\/05\/moment-440-bte-rd.jpg","datePublished":"2025-02-21T15:50:21+00:00","dateModified":"2025-12-03T09:10:10+00:00","description":"L'appareil auditif Widex Moment 440 BTE RD est un mod\u00e8le contour d'oreille (BTE) rechargeable et connect\u00e9 haut de gamme. Il s'adresse \u00e0 des patients ayant","breadcrumb":{"@id":"https:\/\/www.laboratoires-unisson.com\/fr-be\/produit\/appareils-auditifs\/widex\/moment-440-bte-rd#breadcrumb"},"inLanguage":"fr-BE","potentialAction":[{"@type":"ReadAction","target":["https:\/\/www.laboratoires-unisson.com\/fr-be\/produit\/appareils-auditifs\/widex\/moment-440-bte-rd"]}]},{"@type":"ImageObject","inLanguage":"fr-BE","@id":"https:\/\/www.laboratoires-unisson.com\/fr-be\/produit\/appareils-auditifs\/widex\/moment-440-bte-rd#primaryimage","url":"https:\/\/www.laboratoires-unisson.com\/wp-content\/uploads\/2022\/05\/moment-440-bte-rd.jpg","contentUrl":"https:\/\/www.laboratoires-unisson.com\/wp-content\/uploads\/2022\/05\/moment-440-bte-rd.jpg","width":450,"height":500},{"@type":"BreadcrumbList","@id":"https:\/\/www.laboratoires-unisson.com\/fr-be\/produit\/appareils-auditifs\/widex\/moment-440-bte-rd#breadcrumb","itemListElement":[{"@type":"ListItem","position":1,"name":"Shop","item":"https:\/\/www.laboratoires-unisson.com\/fr-be\/shop"},{"@type":"ListItem","position":2,"name":"Moment 440 BTE RD"}]},{"@type":"WebSite","@id":"https:\/\/www.laboratoires-unisson.com\/fr-be#website","url":"https:\/\/www.laboratoires-unisson.com\/fr-be","name":"Laboratoires Unisson","description":"Appareil auditif et proth\u00e8se auditive Moins Cher jusqu&#039;\u00e0 -40%","publisher":{"@id":"https:\/\/www.laboratoires-unisson.com\/fr-be#organization"},"potentialAction":[{"@type":"SearchAction","target":{"@type":"EntryPoint","urlTemplate":"https:\/\/www.laboratoires-unisson.com\/fr-be?s={search_term_string}"},"query-input":{"@type":"PropertyValueSpecification","valueRequired":true,"valueName":"search_term_string"}}],"inLanguage":"fr-BE"},{"@type":"Organization","@id":"https:\/\/www.laboratoires-unisson.com\/fr-be#organization","name":"Laboratoires Unisson","url":"https:\/\/www.laboratoires-unisson.com\/fr-be","logo":{"@type":"ImageObject","inLanguage":"fr-BE","@id":"https:\/\/www.laboratoires-unisson.com\/fr-be#\/schema\/logo\/image\/","url":"https:\/\/www.laboratoires-unisson.com\/wp-content\/uploads\/2022\/01\/logo-unisson.svg","contentUrl":"https:\/\/www.laboratoires-unisson.com\/wp-content\/uploads\/2022\/01\/logo-unisson.svg","width":1,"height":1,"caption":"Laboratoires Unisson"},"image":{"@id":"https:\/\/www.laboratoires-unisson.com\/fr-be#\/schema\/logo\/image\/"}}]}},"_links":{"self":[{"href":"https:\/\/www.laboratoires-unisson.com\/fr-be\/wp-json\/wp\/v2\/product\/27613","targetHints":{"allow":["GET"]}}],"collection":[{"href":"https:\/\/www.laboratoires-unisson.com\/fr-be\/wp-json\/wp\/v2\/product"}],"about":[{"href":"https:\/\/www.laboratoires-unisson.com\/fr-be\/wp-json\/wp\/v2\/types\/product"}],"wp:featuredmedia":[{"embeddable":true,"href":"https:\/\/www.laboratoires-unisson.com\/fr-be\/wp-json\/wp\/v2\/media\/19356"}],"wp:attachment":[{"href":"https:\/\/www.laboratoires-unisson.com\/fr-be\/wp-json\/wp\/v2\/media?parent=27613"}],"wp:term":[{"taxonomy":"product_brand","embeddable":true,"href":"https:\/\/www.laboratoires-unisson.com\/fr-be\/wp-json\/wp\/v2\/product_brand?post=27613"},{"taxonomy":"product_cat","embeddable":true,"href":"https:\/\/www.laboratoires-unisson.com\/fr-be\/wp-json\/wp\/v2\/product_cat?post=27613"},{"taxonomy":"product_tag","embeddable":true,"href":"https:\/\/www.laboratoires-unisson.com\/fr-be\/wp-json\/wp\/v2\/product_tag?post=27613"}],"curies":[{"name":"wp","href":"https:\/\/api.w.org\/{rel}","templated":true}]}}