{"id":27809,"date":"2025-03-04T12:15:23","date_gmt":"2025-03-04T11:15:23","guid":{"rendered":"https:\/\/www.laboratoires-unisson.com\/?post_type=product&#038;p=27809"},"modified":"2026-02-23T16:51:30","modified_gmt":"2026-02-23T15:51:30","slug":"pure-charge-go-bct-7ix","status":"publish","type":"product","link":"https:\/\/www.laboratoires-unisson.com\/fr-be\/produit\/appareils-auditifs\/signia\/pure-charge-go-bct-7ix","title":{"rendered":"Pure Charge &#038; Go BCT 7IX"},"content":{"rendered":"<p data-start=\"0\" data-end=\"153\">\u200b<span class=\"relative -mx-px my-[-0.2rem] rounded px-px py-[0.2rem]\">Les <strong data-start=\"4\" data-end=\"29\">Pure Charge &amp; Go BCT IX<\/strong> de Signia sont des aides auditives de pointe qui allient design compact, connectivit\u00e9 universelle et performances audiologiques avanc\u00e9es. Le mod\u00e8le Pure Charge &amp; Go BCT 7IX est le plus avanc\u00e9 et performant de la gamme.<\/span><\/p>\n<h3 data-start=\"160\" data-end=\"206\">Design compact et autonomie exceptionnelle<\/h3>\n<p data-start=\"208\" data-end=\"321\"><span class=\"relative -mx-px my-[-0.2rem] rounded px-px py-[0.2rem]\">Le Pure Charge&amp;Go BCT IX est reconnu comme la plus petite aide auditive RIC (Receiver-In-Canal) compatible Bluetooth\u00ae Classic sur le march\u00e9.<\/span> <span class=\"relative -mx-px my-[-0.2rem] rounded px-px py-[0.2rem]\">Malgr\u00e9 sa taille r\u00e9duite, il offre une autonomie impressionnante de 36 heures sur une seule charge, incluant jusqu&#8217;\u00e0 5 heures de streaming audio.<\/span><\/p>\n<h3 data-start=\"328\" data-end=\"356\">Connectivit\u00e9 universelle<\/h3>\n<p data-start=\"358\" data-end=\"471\"><span class=\"relative -mx-px my-[-0.2rem] rounded px-px py-[0.2rem]\">Gr\u00e2ce \u00e0 la technologie Bluetooth\u00ae Classic, ces aides auditives se connectent ais\u00e9ment \u00e0 99 % des appareils, qu&#8217;il s&#8217;agisse de t\u00e9l\u00e9phones portables, de tablettes, d&#8217;ordinateurs portables ou de t\u00e9l\u00e9viseurs.<\/span> <span class=\"relative -mx-px my-[-0.2rem] rounded px-px py-[0.2rem]\">Cette compatibilit\u00e9 universelle garantit une exp\u00e9rience utilisateur fluide, permettant aux utilisateurs de diffuser de la musique et de passer des appels mains libres sans difficult\u00e9.<\/span><\/p>\n<h3 data-start=\"478\" data-end=\"517\">Performances audiologiques avanc\u00e9es<\/h3>\n<p data-start=\"519\" data-end=\"634\"><span class=\"relative -mx-px my-[-0.2rem] rounded px-px py-[0.2rem]\">\u00c9quip\u00e9 de la plateforme Signia Integrated Xperience (IX), le Pure Charge&amp;Go BCT IX int\u00e8gre des technologies r\u00e9volutionnaires pour am\u00e9liorer la compr\u00e9hension de la parole dans des environnements bruyants.<\/span> <span class=\"relative -mx-px my-[-0.2rem] rounded px-px py-[0.2rem]\">Des \u00e9tudes ont d\u00e9montr\u00e9 une am\u00e9lioration de 22 % de la compr\u00e9hension de la parole dans des conversations de groupe bruyantes par rapport aux concurrents les plus proches.<\/span><\/p>\n<h3 data-start=\"641\" data-end=\"677\">Solutions de charge polyvalentes<\/h3>\n<p data-start=\"679\" data-end=\"764\"><span class=\"relative -mx-px my-[-0.2rem] rounded px-px py-[0.2rem]\">Signia propose plusieurs options de charge :<\/span>\u200b<\/p>\n<ul data-start=\"766\" data-end=\"1142\">\n<li data-start=\"766\" data-end=\"877\"><strong data-start=\"768\" data-end=\"789\">Chargeur standard<\/strong> : <span class=\"relative -mx-px my-[-0.2rem] rounded px-px py-[0.2rem]\">offre une charge fiable sur une surface plane.<\/span>\u200b<\/li>\n<li data-start=\"878\" data-end=\"989\"><strong data-start=\"880\" data-end=\"901\">Chargeur portable<\/strong> : <span class=\"relative -mx-px my-[-0.2rem] rounded px-px py-[0.2rem]\">compact et l\u00e9ger, il permet de recharger les aides auditives en d\u00e9placement, avec une capacit\u00e9 de trois charges compl\u00e8tes.<\/span><\/li>\n<li data-start=\"990\" data-end=\"1142\"><strong data-start=\"992\" data-end=\"1014\">Chargeur Dry&amp;Clean<\/strong> : <span class=\"relative -mx-px my-[-0.2rem] rounded px-px py-[0.2rem]\">en plus de la charge, il nettoie et s\u00e8che les aides auditives en seulement 15 minutes, assurant une performance optimale.<\/span><\/li>\n<\/ul>\n<h3 data-start=\"1149\" data-end=\"1185\">Exp\u00e9rience utilisateur am\u00e9lior\u00e9e<\/h3>\n<p data-start=\"1187\" data-end=\"1272\"><span class=\"relative -mx-px my-[-0.2rem] rounded px-px py-[0.2rem]\">Les Pure Charge&amp;Go BCT IX sont con\u00e7ues pour s&#8217;adapter aux besoins des utilisateurs modernes :<\/span>\u200b<\/p>\n<ul data-start=\"1274\" data-end=\"1670\">\n<li data-start=\"1274\" data-end=\"1384\"><strong data-start=\"1276\" data-end=\"1296\">Assistant Signia<\/strong> : <span class=\"relative -mx-px my-[-0.2rem] rounded px-px py-[0.2rem]\">un assistant personnel aliment\u00e9 par l&#8217;IA offre un support 24h\/24 pour la personnalisation du son et le d\u00e9pannage.<\/span>\u200b<\/li>\n<li data-start=\"1385\" data-end=\"1508\"><strong data-start=\"1387\" data-end=\"1420\">Application mobile conviviale<\/strong> : <span class=\"relative -mx-px my-[-0.2rem] rounded px-px py-[0.2rem]\">permet des ajustements en temps r\u00e9el des param\u00e8tres auditifs, garantissant une exp\u00e9rience sur mesure.<\/span>\u200b<\/li>\n<li data-start=\"1509\" data-end=\"1670\"><strong data-start=\"1511\" data-end=\"1542\">Fonctionnalit\u00e9 mains libres<\/strong> : <span class=\"relative -mx-px my-[-0.2rem] rounded px-px py-[0.2rem]\">les utilisateurs peuvent passer des appels sans utiliser leurs mains, am\u00e9liorant ainsi la commodit\u00e9 au quotidien.<\/span><\/li>\n<\/ul>\n<h4><span style=\"font-weight: 400;\">Accessoires compatibles<\/span><\/h4>\n<p><span style=\"font-weight: 400;\">Les aides auditives de la gamme Signia Pure Charge &amp; Go <span class=\"relative -mx-px my-[-0.2rem] rounded px-px py-[0.2rem]\">BCT <\/span>IX\u00a0 sont compatibles avec les accessoires :\u00a0<\/span><\/p>\n<ul>\n<li style=\"font-weight: 400;\" aria-level=\"1\"><b>StreamLine TV :<\/b><span style=\"font-weight: 400;\"> Cet adaptateur permet de recevoir dans vos aides auditives le son de votre t\u00e9l\u00e9vision.<\/span><\/li>\n<li style=\"font-weight: 400;\" aria-level=\"1\"><b>StreamLine Mic :<\/b><span style=\"font-weight: 400;\"> Cet accessoire permet le streaming audio en st\u00e9r\u00e9o des appels, vid\u00e9o, musique\u2026<\/span><\/li>\n<li style=\"font-weight: 400;\" aria-level=\"1\"><b>MiniPocket :<\/b><span style=\"font-weight: 400;\"> Cette t\u00e9l\u00e9commande permet de contr\u00f4ler le volume et de changer le programme de vos appareils auditifs.<\/span><\/li>\n<\/ul>\n","protected":false},"excerpt":{"rendered":"<p>\u200bLes Pure Charge &amp; Go BCT IX de Signia sont des aides auditives de pointe qui allient design compact, connectivit\u00e9 universelle et performances audiologiques avanc\u00e9es. Le mod\u00e8le Pure Charge &amp; Go BCT 7IX est le plus avanc\u00e9 et performant de la gamme. Design compact et autonomie exceptionnelle Le Pure Charge&amp;Go BCT IX est reconnu comme [&hellip;]<\/p>\n","protected":false},"featured_media":27789,"template":"","meta":{"_acf_changed":false},"product_brand":[],"product_cat":[2684,2830],"product_tag":[],"class_list":{"0":"post-27809","1":"product","2":"type-product","3":"status-publish","4":"has-post-thumbnail","6":"product_cat-offre-premium-fr-be","7":"product_cat-signia-fr-be","9":"first","10":"instock","11":"taxable","12":"shipping-taxable","13":"purchasable","14":"product-type-simple"},"acf":[],"yoast_head":"<!-- This site is optimized with the Yoast SEO plugin v27.1.1 - https:\/\/yoast.com\/product\/yoast-seo-wordpress\/ -->\n<title>Appareil auditif Signia Pure Charge &amp; Go BCT 7IX \u00e0 1900\u20ac - Unisson Belgique<\/title>\n<meta name=\"description\" content=\"\u200bLes Pure Charge &amp; Go BCT IX de Signia sont des aides auditives de pointe qui allient design compact, connectivit\u00e9 universelle et performances\" \/>\n<meta name=\"robots\" content=\"index, follow, max-snippet:-1, max-image-preview:large, max-video-preview:-1\" \/>\n<link rel=\"canonical\" href=\"https:\/\/www.laboratoires-unisson.com\/fr-be\/wp-json\/wp\/v2\/product\/27809\" \/>\n<meta property=\"og:locale\" content=\"fr_FR\" \/>\n<meta property=\"og:type\" content=\"article\" \/>\n<meta property=\"og:title\" content=\"Appareil auditif Signia Pure Charge &amp; Go BCT 7IX \u00e0 1900\u20ac - Unisson\" \/>\n<meta property=\"og:description\" content=\"\u200bLes Pure Charge &amp; Go BCT IX de Signia sont des aides auditives de pointe qui allient design compact, connectivit\u00e9 universelle et performances\" \/>\n<meta property=\"og:url\" content=\"https:\/\/www.laboratoires-unisson.com\/fr-be\/produit\/appareils-auditifs\/signia\/pure-charge-go-bct-7ix\" \/>\n<meta property=\"og:site_name\" content=\"Laboratoires Unisson\" \/>\n<meta property=\"article:modified_time\" content=\"2026-02-23T15:51:30+00:00\" \/>\n<meta property=\"og:image\" content=\"https:\/\/www.laboratoires-unisson.com\/wp-content\/uploads\/2025\/03\/appareil-auditif-pure-charge-Go-BCT-7IX-4.png\" \/>\n\t<meta property=\"og:image:width\" content=\"1000\" \/>\n\t<meta property=\"og:image:height\" content=\"1000\" \/>\n\t<meta property=\"og:image:type\" content=\"image\/png\" \/>\n<meta name=\"twitter:card\" content=\"summary_large_image\" \/>\n<meta name=\"twitter:label1\" content=\"Est. reading time\" \/>\n\t<meta name=\"twitter:data1\" content=\"3 minutes\" \/>\n<script type=\"application\/ld+json\" class=\"yoast-schema-graph\">{\"@context\":\"https:\/\/schema.org\",\"@graph\":[{\"@type\":\"WebPage\",\"@id\":\"https:\/\/www.laboratoires-unisson.com\/fr-be\/produit\/appareils-auditifs\/signia\/pure-charge-go-bct-7ix\",\"url\":\"https:\/\/www.laboratoires-unisson.com\/fr-be\/produit\/appareils-auditifs\/signia\/pure-charge-go-bct-7ix\",\"name\":\"Appareil auditif Signia Pure Charge & Go BCT 7IX \u00e0 1900\u20ac - Unisson\",\"isPartOf\":{\"@id\":\"https:\/\/www.laboratoires-unisson.com\/fr-be#website\"},\"primaryImageOfPage\":{\"@id\":\"https:\/\/www.laboratoires-unisson.com\/fr-be\/produit\/appareils-auditifs\/signia\/pure-charge-go-bct-7ix#primaryimage\"},\"image\":{\"@id\":\"https:\/\/www.laboratoires-unisson.com\/fr-be\/produit\/appareils-auditifs\/signia\/pure-charge-go-bct-7ix#primaryimage\"},\"thumbnailUrl\":\"https:\/\/www.laboratoires-unisson.com\/wp-content\/uploads\/2025\/03\/appareil-auditif-pure-charge-Go-BCT-7IX-4.png\",\"datePublished\":\"2025-03-04T11:15:23+00:00\",\"dateModified\":\"2026-02-23T15:51:30+00:00\",\"description\":\"\u200bLes Pure Charge &amp; Go BCT IX de Signia sont des aides auditives de pointe qui allient design compact, connectivit\u00e9 universelle et performances\",\"breadcrumb\":{\"@id\":\"https:\/\/www.laboratoires-unisson.com\/fr-be\/produit\/appareils-auditifs\/signia\/pure-charge-go-bct-7ix#breadcrumb\"},\"inLanguage\":\"fr-BE\",\"potentialAction\":[{\"@type\":\"ReadAction\",\"target\":[\"https:\/\/www.laboratoires-unisson.com\/fr-be\/produit\/appareils-auditifs\/signia\/pure-charge-go-bct-7ix\"]}]},{\"@type\":\"ImageObject\",\"inLanguage\":\"fr-BE\",\"@id\":\"https:\/\/www.laboratoires-unisson.com\/fr-be\/produit\/appareils-auditifs\/signia\/pure-charge-go-bct-7ix#primaryimage\",\"url\":\"https:\/\/www.laboratoires-unisson.com\/wp-content\/uploads\/2025\/03\/appareil-auditif-pure-charge-Go-BCT-7IX-4.png\",\"contentUrl\":\"https:\/\/www.laboratoires-unisson.com\/wp-content\/uploads\/2025\/03\/appareil-auditif-pure-charge-Go-BCT-7IX-4.png\",\"width\":1000,\"height\":1000,\"caption\":\"appareil auditif pure charge Go BCT 7IX\"},{\"@type\":\"BreadcrumbList\",\"@id\":\"https:\/\/www.laboratoires-unisson.com\/fr-be\/produit\/appareils-auditifs\/signia\/pure-charge-go-bct-7ix#breadcrumb\",\"itemListElement\":[{\"@type\":\"ListItem\",\"position\":1,\"name\":\"Shop\",\"item\":\"https:\/\/www.laboratoires-unisson.com\/fr-be\/shop\"},{\"@type\":\"ListItem\",\"position\":2,\"name\":\"Pure Charge &#038; Go BCT 7IX\"}]},{\"@type\":\"WebSite\",\"@id\":\"https:\/\/www.laboratoires-unisson.com\/fr-be#website\",\"url\":\"https:\/\/www.laboratoires-unisson.com\/fr-be\",\"name\":\"Laboratoires Unisson\",\"description\":\"Appareil auditif et proth\u00e8se auditive Moins Cher jusqu&#039;\u00e0 -40%\",\"publisher\":{\"@id\":\"https:\/\/www.laboratoires-unisson.com\/fr-be#organization\"},\"potentialAction\":[{\"@type\":\"SearchAction\",\"target\":{\"@type\":\"EntryPoint\",\"urlTemplate\":\"https:\/\/www.laboratoires-unisson.com\/fr-be?s={search_term_string}\"},\"query-input\":{\"@type\":\"PropertyValueSpecification\",\"valueRequired\":true,\"valueName\":\"search_term_string\"}}],\"inLanguage\":\"fr-BE\"},{\"@type\":\"Organization\",\"@id\":\"https:\/\/www.laboratoires-unisson.com\/fr-be#organization\",\"name\":\"Laboratoires Unisson\",\"url\":\"https:\/\/www.laboratoires-unisson.com\/fr-be\",\"logo\":{\"@type\":\"ImageObject\",\"inLanguage\":\"fr-BE\",\"@id\":\"https:\/\/www.laboratoires-unisson.com\/fr-be#\/schema\/logo\/image\/\",\"url\":\"https:\/\/www.laboratoires-unisson.com\/wp-content\/uploads\/2022\/01\/logo-unisson.svg\",\"contentUrl\":\"https:\/\/www.laboratoires-unisson.com\/wp-content\/uploads\/2022\/01\/logo-unisson.svg\",\"width\":1,\"height\":1,\"caption\":\"Laboratoires Unisson\"},\"image\":{\"@id\":\"https:\/\/www.laboratoires-unisson.com\/fr-be#\/schema\/logo\/image\/\"}}]}<\/script>\n<!-- \/ Yoast SEO plugin. -->","yoast_head_json":{"title":"Appareil auditif Signia Pure Charge & Go BCT 7IX \u00e0 1900\u20ac - Unisson Belgique","description":"\u200bLes Pure Charge &amp; Go BCT IX de Signia sont des aides auditives de pointe qui allient design compact, connectivit\u00e9 universelle et performances","robots":{"index":"index","follow":"follow","max-snippet":"max-snippet:-1","max-image-preview":"max-image-preview:large","max-video-preview":"max-video-preview:-1"},"canonical":"https:\/\/www.laboratoires-unisson.com\/fr-be\/wp-json\/wp\/v2\/product\/27809","og_locale":"fr_FR","og_type":"article","og_title":"Appareil auditif Signia Pure Charge & Go BCT 7IX \u00e0 1900\u20ac - Unisson","og_description":"\u200bLes Pure Charge &amp; Go BCT IX de Signia sont des aides auditives de pointe qui allient design compact, connectivit\u00e9 universelle et performances","og_url":"https:\/\/www.laboratoires-unisson.com\/fr-be\/produit\/appareils-auditifs\/signia\/pure-charge-go-bct-7ix","og_site_name":"Laboratoires Unisson","article_modified_time":"2026-02-23T15:51:30+00:00","og_image":[{"width":1000,"height":1000,"url":"https:\/\/www.laboratoires-unisson.com\/wp-content\/uploads\/2025\/03\/appareil-auditif-pure-charge-Go-BCT-7IX-4.png","type":"image\/png"}],"twitter_card":"summary_large_image","twitter_misc":{"Est. reading time":"3 minutes"},"schema":{"@context":"https:\/\/schema.org","@graph":[{"@type":"WebPage","@id":"https:\/\/www.laboratoires-unisson.com\/fr-be\/produit\/appareils-auditifs\/signia\/pure-charge-go-bct-7ix","url":"https:\/\/www.laboratoires-unisson.com\/fr-be\/produit\/appareils-auditifs\/signia\/pure-charge-go-bct-7ix","name":"Appareil auditif Signia Pure Charge & Go BCT 7IX \u00e0 1900\u20ac - Unisson","isPartOf":{"@id":"https:\/\/www.laboratoires-unisson.com\/fr-be#website"},"primaryImageOfPage":{"@id":"https:\/\/www.laboratoires-unisson.com\/fr-be\/produit\/appareils-auditifs\/signia\/pure-charge-go-bct-7ix#primaryimage"},"image":{"@id":"https:\/\/www.laboratoires-unisson.com\/fr-be\/produit\/appareils-auditifs\/signia\/pure-charge-go-bct-7ix#primaryimage"},"thumbnailUrl":"https:\/\/www.laboratoires-unisson.com\/wp-content\/uploads\/2025\/03\/appareil-auditif-pure-charge-Go-BCT-7IX-4.png","datePublished":"2025-03-04T11:15:23+00:00","dateModified":"2026-02-23T15:51:30+00:00","description":"\u200bLes Pure Charge &amp; Go BCT IX de Signia sont des aides auditives de pointe qui allient design compact, connectivit\u00e9 universelle et performances","breadcrumb":{"@id":"https:\/\/www.laboratoires-unisson.com\/fr-be\/produit\/appareils-auditifs\/signia\/pure-charge-go-bct-7ix#breadcrumb"},"inLanguage":"fr-BE","potentialAction":[{"@type":"ReadAction","target":["https:\/\/www.laboratoires-unisson.com\/fr-be\/produit\/appareils-auditifs\/signia\/pure-charge-go-bct-7ix"]}]},{"@type":"ImageObject","inLanguage":"fr-BE","@id":"https:\/\/www.laboratoires-unisson.com\/fr-be\/produit\/appareils-auditifs\/signia\/pure-charge-go-bct-7ix#primaryimage","url":"https:\/\/www.laboratoires-unisson.com\/wp-content\/uploads\/2025\/03\/appareil-auditif-pure-charge-Go-BCT-7IX-4.png","contentUrl":"https:\/\/www.laboratoires-unisson.com\/wp-content\/uploads\/2025\/03\/appareil-auditif-pure-charge-Go-BCT-7IX-4.png","width":1000,"height":1000,"caption":"appareil auditif pure charge Go BCT 7IX"},{"@type":"BreadcrumbList","@id":"https:\/\/www.laboratoires-unisson.com\/fr-be\/produit\/appareils-auditifs\/signia\/pure-charge-go-bct-7ix#breadcrumb","itemListElement":[{"@type":"ListItem","position":1,"name":"Shop","item":"https:\/\/www.laboratoires-unisson.com\/fr-be\/shop"},{"@type":"ListItem","position":2,"name":"Pure Charge &#038; Go BCT 7IX"}]},{"@type":"WebSite","@id":"https:\/\/www.laboratoires-unisson.com\/fr-be#website","url":"https:\/\/www.laboratoires-unisson.com\/fr-be","name":"Laboratoires Unisson","description":"Appareil auditif et proth\u00e8se auditive Moins Cher jusqu&#039;\u00e0 -40%","publisher":{"@id":"https:\/\/www.laboratoires-unisson.com\/fr-be#organization"},"potentialAction":[{"@type":"SearchAction","target":{"@type":"EntryPoint","urlTemplate":"https:\/\/www.laboratoires-unisson.com\/fr-be?s={search_term_string}"},"query-input":{"@type":"PropertyValueSpecification","valueRequired":true,"valueName":"search_term_string"}}],"inLanguage":"fr-BE"},{"@type":"Organization","@id":"https:\/\/www.laboratoires-unisson.com\/fr-be#organization","name":"Laboratoires Unisson","url":"https:\/\/www.laboratoires-unisson.com\/fr-be","logo":{"@type":"ImageObject","inLanguage":"fr-BE","@id":"https:\/\/www.laboratoires-unisson.com\/fr-be#\/schema\/logo\/image\/","url":"https:\/\/www.laboratoires-unisson.com\/wp-content\/uploads\/2022\/01\/logo-unisson.svg","contentUrl":"https:\/\/www.laboratoires-unisson.com\/wp-content\/uploads\/2022\/01\/logo-unisson.svg","width":1,"height":1,"caption":"Laboratoires Unisson"},"image":{"@id":"https:\/\/www.laboratoires-unisson.com\/fr-be#\/schema\/logo\/image\/"}}]}},"_links":{"self":[{"href":"https:\/\/www.laboratoires-unisson.com\/fr-be\/wp-json\/wp\/v2\/product\/27809","targetHints":{"allow":["GET"]}}],"collection":[{"href":"https:\/\/www.laboratoires-unisson.com\/fr-be\/wp-json\/wp\/v2\/product"}],"about":[{"href":"https:\/\/www.laboratoires-unisson.com\/fr-be\/wp-json\/wp\/v2\/types\/product"}],"wp:featuredmedia":[{"embeddable":true,"href":"https:\/\/www.laboratoires-unisson.com\/fr-be\/wp-json\/wp\/v2\/media\/27789"}],"wp:attachment":[{"href":"https:\/\/www.laboratoires-unisson.com\/fr-be\/wp-json\/wp\/v2\/media?parent=27809"}],"wp:term":[{"taxonomy":"product_brand","embeddable":true,"href":"https:\/\/www.laboratoires-unisson.com\/fr-be\/wp-json\/wp\/v2\/product_brand?post=27809"},{"taxonomy":"product_cat","embeddable":true,"href":"https:\/\/www.laboratoires-unisson.com\/fr-be\/wp-json\/wp\/v2\/product_cat?post=27809"},{"taxonomy":"product_tag","embeddable":true,"href":"https:\/\/www.laboratoires-unisson.com\/fr-be\/wp-json\/wp\/v2\/product_tag?post=27809"}],"curies":[{"name":"wp","href":"https:\/\/api.w.org\/{rel}","templated":true}]}}