{"id":31691,"date":"2022-05-02T15:09:00","date_gmt":"2022-05-02T13:09:00","guid":{"rendered":"https:\/\/www.laboratoires-unisson.com\/produit\/livio-ai-2400-bte-13"},"modified":"2026-02-24T11:41:26","modified_gmt":"2026-02-24T10:41:26","slug":"livio-ai-2400-bte-13","status":"publish","type":"product","link":"https:\/\/www.laboratoires-unisson.com\/fr-be\/produit\/appareils-auditifs\/starkey\/livio-ai-2400-bte-13","title":{"rendered":"Livio Ai  2400 BTE 13"},"content":{"rendered":"<p>L&#8217;appareil auditif Starkey Livio AI 2400 BTE 13\u00a0est un <strong>mod\u00e8le en contour d&#8217;oreille classique BTE<\/strong>. Livio AI est la 1\u00e8re aide auditive dot\u00e9e de <strong>capteurs sensoriels int\u00e9gr\u00e9s et de l&#8217;intelligence artificielle<\/strong> offrant une qualit\u00e9 sonore sup\u00e9rieure.<\/p>\n<h4>Pr\u00e9sentation de l&#8217;aide auditive Starkey Livio AI 2400 BTE 13<\/h4>\n<p>La proth\u00e8se auditive Starkey Livio AI 2400 BTE 13 poss\u00e8de <strong>24 canaux de r\u00e9glages<\/strong> et fonctionne avec des <strong>piles auditives 13<\/strong> <em>(150h d&#8217;autonomie)<\/em>. Elle est certifi\u00e9e<strong> IP68<\/strong>, la prot\u00e9geant ainsi de la poussi\u00e8re et de l&#8217;eau. Elle est \u00e9quip\u00e9e d&#8217;un <strong>bouton poussoir <\/strong>pour vous permettre de changer facilement vos programmes et le volume de vos aides auditives ainsi qu&#8217;une <strong>bobine \u00e0 induction<\/strong>.<\/p>\n<h4>Les technologies du Starkey Livio AI 2400 BTE 13<\/h4>\n<p><strong><u>Hearing Reality<\/u><\/strong> : cette technologie offre une qualit\u00e9 de son nettement sup\u00e9rieure et est efficace dans des environnements sonores complexes<\/p>\n<p><u><strong>CROS<\/strong><\/u> : permet une diffusion en continu entre vos aides auditives pour une perte auditive unilat\u00e9rale<\/p>\n<p><u><strong>Programmes g\u00e9olocalis\u00e9s<\/strong><\/u> : l&#8217;\u00e9coute devient intuitive. Les programmes g\u00e9olocalis\u00e9s changent automatiquement le mode d&#8217;\u00e9coute via le GPS de votre smartphone<\/p>\n<h4>Connectivit\u00e9 et accessoires<\/h4>\n<p>L&#8217;appareil auditif Starkey Livio AI 2400 BTE 13 b\u00e9n\u00e9ficie du <strong>Bluetooth<\/strong> vous permettant, par exemple, de rediriger vos appels t\u00e9l\u00e9phoniques directement dans vos aides auditives. Il est made <strong>for Iphone et Android 10<\/strong>.<\/p>\n<p>Il est compatible avec plusieurs accessoires sans-fil :<\/p>\n<ul>\n<li><strong>\u00c9metteur TV<\/strong>, pour une transmission directe du son de la TV dans vos aides auditives<\/li>\n<li><strong>T\u00e9l\u00e9commande<\/strong>, vous permettant de changer le volume de vos aides et d&#8217;activer d&#8217;autres fonctions sp\u00e9cifiques<\/li>\n<li><strong>Microphone +<\/strong> pour la transmission de diff\u00e9rentes sources audio<\/li>\n<li><strong>Mini Microphone<\/strong>, id\u00e9al pour les conversations en t\u00eate \u00e0 t\u00eate dans des environnements bruyants<\/li>\n<\/ul>\n<p>Gr\u00e2ce \u00e0 l&#8217;<strong>application mobile Thrive<\/strong>, vous disposerez de nombreuses possibilit\u00e9s pour g\u00e9rer vos aides auditives : syst\u00e8me de g\u00e9olocalisation, d\u00e9tecteur de chute, suivi des activit\u00e9s physiques et c\u00e9r\u00e9brales, outil de traduction etc&#8230;<\/p>\n<p style=\"text-align: center;\"><a class=\"btn btn-default btn-xs bg-green\" href=\"https:\/\/www.laboratoires-unisson.com\/fr-be\/rdv\">Prendre un rendez-vous gratuit <\/a><\/p>\n<h4>Fonctionnalit\u00e9 du Starkey Livio AI 2400 BTE 13<\/h4>\n<ul>\n<li>24 canaux de r\u00e9glages<\/li>\n<li>4 programmes manuels<\/li>\n<li>Hearing Reality<\/li>\n<li>Ear-to-Ear<\/li>\n<li>R\u00e9ducteur de bruit du vent<\/li>\n<li>Tinnitus Multiflex (g\u00e9n\u00e9rateur de bruit anti-acouph\u00e8nes)<\/li>\n<li>Anti larsen<\/li>\n<li>R\u00e9ducteur de bruit impulsionnel<\/li>\n<li>Directionnalit\u00e9 adaptative<\/li>\n<li>Syst\u00e8me CROS<\/li>\n<li>Bluetooth<\/li>\n<li>Piles auditives 13<\/li>\n<li>IP68<\/li>\n<li>R\u00e9glages \u00e0 distance<\/li>\n<\/ul>\n","protected":false},"excerpt":{"rendered":"<p>L&#8217;appareil auditif Starkey Livio AI 2400 BTE 13\u00a0est un mod\u00e8le en contour d&#8217;oreille classique BTE. Livio AI est la 1\u00e8re aide auditive dot\u00e9e de capteurs sensoriels int\u00e9gr\u00e9s et de l&#8217;intelligence artificielle offrant une qualit\u00e9 sonore sup\u00e9rieure. Pr\u00e9sentation de l&#8217;aide auditive Starkey Livio AI 2400 BTE 13 La proth\u00e8se auditive Starkey Livio AI 2400 BTE 13 [&hellip;]<\/p>\n","protected":false},"featured_media":20861,"template":"","meta":{"_acf_changed":false},"product_brand":[],"product_cat":[2684,2643],"product_tag":[],"class_list":{"0":"post-31691","1":"product","2":"type-product","3":"status-publish","4":"has-post-thumbnail","6":"product_cat-offre-premium-fr-be","7":"product_cat-starkey-fr-be","9":"first","10":"instock","11":"taxable","12":"shipping-taxable","13":"purchasable","14":"product-type-simple"},"acf":[],"yoast_head":"<!-- This site is optimized with the Yoast SEO plugin v27.1.1 - https:\/\/yoast.com\/product\/yoast-seo-wordpress\/ -->\n<title>Appareil auditif Starkey Livio Ai  2400 BTE 13 \u00e0 1195\u20ac - Unisson Belgique<\/title>\n<meta name=\"description\" content=\"L&#039;appareil auditif Starkey Livio AI 2400 BTE 13\u00a0est un mod\u00e8le en contour d&#039;oreille classique BTE. Livio AI est la 1\u00e8re aide auditive dot\u00e9e de capteurs\" \/>\n<meta name=\"robots\" content=\"index, follow, max-snippet:-1, max-image-preview:large, max-video-preview:-1\" \/>\n<link rel=\"canonical\" href=\"https:\/\/www.laboratoires-unisson.com\/fr-be\/wp-json\/wp\/v2\/product\/31691\" \/>\n<meta property=\"og:locale\" content=\"fr_FR\" \/>\n<meta property=\"og:type\" content=\"article\" \/>\n<meta property=\"og:title\" content=\"Livio Ai 2400 BTE 13 - Laboratoires Unisson\" \/>\n<meta property=\"og:description\" content=\"L&#039;appareil auditif Starkey Livio AI 2400 BTE 13\u00a0est un mod\u00e8le en contour d&#039;oreille classique BTE. Livio AI est la 1\u00e8re aide auditive dot\u00e9e de capteurs\" \/>\n<meta property=\"og:url\" content=\"https:\/\/www.laboratoires-unisson.com\/fr-be\/produit\/appareils-auditifs\/starkey\/livio-ai-2400-bte-13\" \/>\n<meta property=\"og:site_name\" content=\"Laboratoires Unisson\" \/>\n<meta property=\"article:modified_time\" content=\"2026-02-24T10:41:26+00:00\" \/>\n<meta property=\"og:image\" content=\"https:\/\/www.laboratoires-unisson.com\/wp-content\/uploads\/2022\/05\/Starkey-Livio-Ai-2400-BTE-13.png\" \/>\n\t<meta property=\"og:image:width\" content=\"500\" \/>\n\t<meta property=\"og:image:height\" content=\"450\" \/>\n\t<meta property=\"og:image:type\" content=\"image\/png\" \/>\n<meta name=\"twitter:card\" content=\"summary_large_image\" \/>\n<meta name=\"twitter:label1\" content=\"Est. reading time\" \/>\n\t<meta name=\"twitter:data1\" content=\"2 minutes\" \/>\n<script type=\"application\/ld+json\" class=\"yoast-schema-graph\">{\"@context\":\"https:\/\/schema.org\",\"@graph\":[{\"@type\":\"WebPage\",\"@id\":\"https:\/\/www.laboratoires-unisson.com\/fr-be\/produit\/appareils-auditifs\/starkey\/livio-ai-2400-bte-13\",\"url\":\"https:\/\/www.laboratoires-unisson.com\/fr-be\/produit\/appareils-auditifs\/starkey\/livio-ai-2400-bte-13\",\"name\":\"Livio Ai 2400 BTE 13 - Laboratoires Unisson\",\"isPartOf\":{\"@id\":\"https:\/\/www.laboratoires-unisson.com\/fr-be#website\"},\"primaryImageOfPage\":{\"@id\":\"https:\/\/www.laboratoires-unisson.com\/fr-be\/produit\/appareils-auditifs\/starkey\/livio-ai-2400-bte-13#primaryimage\"},\"image\":{\"@id\":\"https:\/\/www.laboratoires-unisson.com\/fr-be\/produit\/appareils-auditifs\/starkey\/livio-ai-2400-bte-13#primaryimage\"},\"thumbnailUrl\":\"https:\/\/www.laboratoires-unisson.com\/wp-content\/uploads\/2022\/05\/Starkey-Livio-Ai-2400-BTE-13.png\",\"datePublished\":\"2022-05-02T13:09:00+00:00\",\"dateModified\":\"2026-02-24T10:41:26+00:00\",\"description\":\"L'appareil auditif Starkey Livio AI 2400 BTE 13\u00a0est un mod\u00e8le en contour d'oreille classique BTE. Livio AI est la 1\u00e8re aide auditive dot\u00e9e de capteurs\",\"breadcrumb\":{\"@id\":\"https:\/\/www.laboratoires-unisson.com\/fr-be\/produit\/appareils-auditifs\/starkey\/livio-ai-2400-bte-13#breadcrumb\"},\"inLanguage\":\"fr-BE\",\"potentialAction\":[{\"@type\":\"ReadAction\",\"target\":[\"https:\/\/www.laboratoires-unisson.com\/fr-be\/produit\/appareils-auditifs\/starkey\/livio-ai-2400-bte-13\"]}]},{\"@type\":\"ImageObject\",\"inLanguage\":\"fr-BE\",\"@id\":\"https:\/\/www.laboratoires-unisson.com\/fr-be\/produit\/appareils-auditifs\/starkey\/livio-ai-2400-bte-13#primaryimage\",\"url\":\"https:\/\/www.laboratoires-unisson.com\/wp-content\/uploads\/2022\/05\/Starkey-Livio-Ai-2400-BTE-13.png\",\"contentUrl\":\"https:\/\/www.laboratoires-unisson.com\/wp-content\/uploads\/2022\/05\/Starkey-Livio-Ai-2400-BTE-13.png\",\"width\":500,\"height\":450},{\"@type\":\"BreadcrumbList\",\"@id\":\"https:\/\/www.laboratoires-unisson.com\/fr-be\/produit\/appareils-auditifs\/starkey\/livio-ai-2400-bte-13#breadcrumb\",\"itemListElement\":[{\"@type\":\"ListItem\",\"position\":1,\"name\":\"Shop\",\"item\":\"https:\/\/www.laboratoires-unisson.com\/fr-be\/shop\"},{\"@type\":\"ListItem\",\"position\":2,\"name\":\"Livio Ai 2400 BTE 13\"}]},{\"@type\":\"WebSite\",\"@id\":\"https:\/\/www.laboratoires-unisson.com\/fr-be#website\",\"url\":\"https:\/\/www.laboratoires-unisson.com\/fr-be\",\"name\":\"Laboratoires Unisson\",\"description\":\"Appareil auditif et proth\u00e8se auditive Moins Cher jusqu&#039;\u00e0 -40%\",\"publisher\":{\"@id\":\"https:\/\/www.laboratoires-unisson.com\/fr-be#organization\"},\"potentialAction\":[{\"@type\":\"SearchAction\",\"target\":{\"@type\":\"EntryPoint\",\"urlTemplate\":\"https:\/\/www.laboratoires-unisson.com\/fr-be?s={search_term_string}\"},\"query-input\":{\"@type\":\"PropertyValueSpecification\",\"valueRequired\":true,\"valueName\":\"search_term_string\"}}],\"inLanguage\":\"fr-BE\"},{\"@type\":\"Organization\",\"@id\":\"https:\/\/www.laboratoires-unisson.com\/fr-be#organization\",\"name\":\"Laboratoires Unisson\",\"url\":\"https:\/\/www.laboratoires-unisson.com\/fr-be\",\"logo\":{\"@type\":\"ImageObject\",\"inLanguage\":\"fr-BE\",\"@id\":\"https:\/\/www.laboratoires-unisson.com\/fr-be#\/schema\/logo\/image\/\",\"url\":\"https:\/\/www.laboratoires-unisson.com\/wp-content\/uploads\/2022\/01\/logo-unisson.svg\",\"contentUrl\":\"https:\/\/www.laboratoires-unisson.com\/wp-content\/uploads\/2022\/01\/logo-unisson.svg\",\"width\":1,\"height\":1,\"caption\":\"Laboratoires Unisson\"},\"image\":{\"@id\":\"https:\/\/www.laboratoires-unisson.com\/fr-be#\/schema\/logo\/image\/\"}}]}<\/script>\n<!-- \/ Yoast SEO plugin. -->","yoast_head_json":{"title":"Appareil auditif Starkey Livio Ai  2400 BTE 13 \u00e0 1195\u20ac - Unisson Belgique","description":"L'appareil auditif Starkey Livio AI 2400 BTE 13\u00a0est un mod\u00e8le en contour d'oreille classique BTE. Livio AI est la 1\u00e8re aide auditive dot\u00e9e de capteurs","robots":{"index":"index","follow":"follow","max-snippet":"max-snippet:-1","max-image-preview":"max-image-preview:large","max-video-preview":"max-video-preview:-1"},"canonical":"https:\/\/www.laboratoires-unisson.com\/fr-be\/wp-json\/wp\/v2\/product\/31691","og_locale":"fr_FR","og_type":"article","og_title":"Livio Ai 2400 BTE 13 - Laboratoires Unisson","og_description":"L'appareil auditif Starkey Livio AI 2400 BTE 13\u00a0est un mod\u00e8le en contour d'oreille classique BTE. Livio AI est la 1\u00e8re aide auditive dot\u00e9e de capteurs","og_url":"https:\/\/www.laboratoires-unisson.com\/fr-be\/produit\/appareils-auditifs\/starkey\/livio-ai-2400-bte-13","og_site_name":"Laboratoires Unisson","article_modified_time":"2026-02-24T10:41:26+00:00","og_image":[{"width":500,"height":450,"url":"https:\/\/www.laboratoires-unisson.com\/wp-content\/uploads\/2022\/05\/Starkey-Livio-Ai-2400-BTE-13.png","type":"image\/png"}],"twitter_card":"summary_large_image","twitter_misc":{"Est. reading time":"2 minutes"},"schema":{"@context":"https:\/\/schema.org","@graph":[{"@type":"WebPage","@id":"https:\/\/www.laboratoires-unisson.com\/fr-be\/produit\/appareils-auditifs\/starkey\/livio-ai-2400-bte-13","url":"https:\/\/www.laboratoires-unisson.com\/fr-be\/produit\/appareils-auditifs\/starkey\/livio-ai-2400-bte-13","name":"Livio Ai 2400 BTE 13 - Laboratoires Unisson","isPartOf":{"@id":"https:\/\/www.laboratoires-unisson.com\/fr-be#website"},"primaryImageOfPage":{"@id":"https:\/\/www.laboratoires-unisson.com\/fr-be\/produit\/appareils-auditifs\/starkey\/livio-ai-2400-bte-13#primaryimage"},"image":{"@id":"https:\/\/www.laboratoires-unisson.com\/fr-be\/produit\/appareils-auditifs\/starkey\/livio-ai-2400-bte-13#primaryimage"},"thumbnailUrl":"https:\/\/www.laboratoires-unisson.com\/wp-content\/uploads\/2022\/05\/Starkey-Livio-Ai-2400-BTE-13.png","datePublished":"2022-05-02T13:09:00+00:00","dateModified":"2026-02-24T10:41:26+00:00","description":"L'appareil auditif Starkey Livio AI 2400 BTE 13\u00a0est un mod\u00e8le en contour d'oreille classique BTE. Livio AI est la 1\u00e8re aide auditive dot\u00e9e de capteurs","breadcrumb":{"@id":"https:\/\/www.laboratoires-unisson.com\/fr-be\/produit\/appareils-auditifs\/starkey\/livio-ai-2400-bte-13#breadcrumb"},"inLanguage":"fr-BE","potentialAction":[{"@type":"ReadAction","target":["https:\/\/www.laboratoires-unisson.com\/fr-be\/produit\/appareils-auditifs\/starkey\/livio-ai-2400-bte-13"]}]},{"@type":"ImageObject","inLanguage":"fr-BE","@id":"https:\/\/www.laboratoires-unisson.com\/fr-be\/produit\/appareils-auditifs\/starkey\/livio-ai-2400-bte-13#primaryimage","url":"https:\/\/www.laboratoires-unisson.com\/wp-content\/uploads\/2022\/05\/Starkey-Livio-Ai-2400-BTE-13.png","contentUrl":"https:\/\/www.laboratoires-unisson.com\/wp-content\/uploads\/2022\/05\/Starkey-Livio-Ai-2400-BTE-13.png","width":500,"height":450},{"@type":"BreadcrumbList","@id":"https:\/\/www.laboratoires-unisson.com\/fr-be\/produit\/appareils-auditifs\/starkey\/livio-ai-2400-bte-13#breadcrumb","itemListElement":[{"@type":"ListItem","position":1,"name":"Shop","item":"https:\/\/www.laboratoires-unisson.com\/fr-be\/shop"},{"@type":"ListItem","position":2,"name":"Livio Ai 2400 BTE 13"}]},{"@type":"WebSite","@id":"https:\/\/www.laboratoires-unisson.com\/fr-be#website","url":"https:\/\/www.laboratoires-unisson.com\/fr-be","name":"Laboratoires Unisson","description":"Appareil auditif et proth\u00e8se auditive Moins Cher jusqu&#039;\u00e0 -40%","publisher":{"@id":"https:\/\/www.laboratoires-unisson.com\/fr-be#organization"},"potentialAction":[{"@type":"SearchAction","target":{"@type":"EntryPoint","urlTemplate":"https:\/\/www.laboratoires-unisson.com\/fr-be?s={search_term_string}"},"query-input":{"@type":"PropertyValueSpecification","valueRequired":true,"valueName":"search_term_string"}}],"inLanguage":"fr-BE"},{"@type":"Organization","@id":"https:\/\/www.laboratoires-unisson.com\/fr-be#organization","name":"Laboratoires Unisson","url":"https:\/\/www.laboratoires-unisson.com\/fr-be","logo":{"@type":"ImageObject","inLanguage":"fr-BE","@id":"https:\/\/www.laboratoires-unisson.com\/fr-be#\/schema\/logo\/image\/","url":"https:\/\/www.laboratoires-unisson.com\/wp-content\/uploads\/2022\/01\/logo-unisson.svg","contentUrl":"https:\/\/www.laboratoires-unisson.com\/wp-content\/uploads\/2022\/01\/logo-unisson.svg","width":1,"height":1,"caption":"Laboratoires Unisson"},"image":{"@id":"https:\/\/www.laboratoires-unisson.com\/fr-be#\/schema\/logo\/image\/"}}]}},"_links":{"self":[{"href":"https:\/\/www.laboratoires-unisson.com\/fr-be\/wp-json\/wp\/v2\/product\/31691","targetHints":{"allow":["GET"]}}],"collection":[{"href":"https:\/\/www.laboratoires-unisson.com\/fr-be\/wp-json\/wp\/v2\/product"}],"about":[{"href":"https:\/\/www.laboratoires-unisson.com\/fr-be\/wp-json\/wp\/v2\/types\/product"}],"wp:featuredmedia":[{"embeddable":true,"href":"https:\/\/www.laboratoires-unisson.com\/fr-be\/wp-json\/wp\/v2\/media\/20861"}],"wp:attachment":[{"href":"https:\/\/www.laboratoires-unisson.com\/fr-be\/wp-json\/wp\/v2\/media?parent=31691"}],"wp:term":[{"taxonomy":"product_brand","embeddable":true,"href":"https:\/\/www.laboratoires-unisson.com\/fr-be\/wp-json\/wp\/v2\/product_brand?post=31691"},{"taxonomy":"product_cat","embeddable":true,"href":"https:\/\/www.laboratoires-unisson.com\/fr-be\/wp-json\/wp\/v2\/product_cat?post=31691"},{"taxonomy":"product_tag","embeddable":true,"href":"https:\/\/www.laboratoires-unisson.com\/fr-be\/wp-json\/wp\/v2\/product_tag?post=31691"}],"curies":[{"name":"wp","href":"https:\/\/api.w.org\/{rel}","templated":true}]}}