{"id":31692,"date":"2022-05-02T15:09:33","date_gmt":"2022-05-02T13:09:33","guid":{"rendered":"https:\/\/www.laboratoires-unisson.com\/produit\/livio-edge-ai-2400-ric-312"},"modified":"2026-02-24T11:46:03","modified_gmt":"2026-02-24T10:46:03","slug":"livio-edge-ai-2400-ric-312","status":"publish","type":"product","link":"https:\/\/www.laboratoires-unisson.com\/fr-be\/produit\/appareils-auditifs\/starkey\/livio-edge-ai-2400-ric-312","title":{"rendered":"Livio Edge Ai 2400 RIC 312"},"content":{"rendered":"<p>Starkey vient de lancer sa nouvelle gamme d&#8217;appareils auditifs : <strong>Livio Edge AI<\/strong>. Ces nouveaux appareils int\u00e8grent l&#8217;<strong>intelligence artificielle<\/strong> <em>(comme pour les Livio AI lanc\u00e9s en 2019)<\/em>, coupl\u00e9e au <strong>mode Edge<\/strong> permettant une <strong>adaptation automatique dans les environnements sonores difficiles ou complexes en temps r\u00e9el<\/strong>.<\/p>\n<p>L&#8217;appareil auditif <strong>Livio Edge AI 2400 RIC<\/strong>\u00a0<strong>312<\/strong> est un mod\u00e8le en <strong>contour d&#8217;oreille \u00e0 \u00e9couteur d\u00e9port\u00e9 (RIC) et connect\u00e9<\/strong>.<\/p>\n<h4>Pr\u00e9sentation de l&#8217;aide auditive Starkey Livio Edge AI 2400 RIC 312<\/h4>\n<p>La proth\u00e8se auditive Livio Edge AI 2400 RIC R poss\u00e8de <strong>24 canaux de r\u00e9glages<\/strong> et fonctionne avec une pile auditive 312.<\/p>\n<h4>Les technologies du Starkey Livio Edge AI 2400 RIC 312<\/h4>\n<p><strong>Hearing Reality<\/strong> : ce syst\u00e8me est capable d&#8217;analyser les sons jusqu&#8217;\u00e0 167 fois par seconde offrant un son plus naturel et d&#8217;une meilleure compr\u00e9hension de la parole dans des environnements bruyants.<\/p>\n<p><strong>Mode Edge<\/strong> : activ\u00e9 d&#8217;un double tapotement, ce mode permet une adaptation en temps r\u00e9el aux milieux bruyants<\/p>\n<p><strong>Syst\u00e8me CROS<\/strong> : permet la diffusion en continu entre vos <a href=\"https:\/\/www.laboratoires-unisson.com\/fr-be\/appareils-auditifs\">aides auditives<\/a> (solution id\u00e9ale pour la perte auditive unilat\u00e9rale)<\/p>\n<h4>Connectivit\u00e9 et accessoires<\/h4>\n<p>L&#8217;appareil auditif Livio Edge AI 2400 RIC 312 b\u00e9n\u00e9ficie d&#8217;une <strong>connectivit\u00e9 Bluetooth<\/strong> 2,4 GHz. Compatible avec iPhone et Android 10.<\/p>\n<h5>Accessoires compatibles :<\/h5>\n<ul>\n<li>\u00c9metteur TV<\/li>\n<li>T\u00e9l\u00e9commande<\/li>\n<li>Microphone+<\/li>\n<li>Mini microphone<\/li>\n<\/ul>\n<p>Gr\u00e2ce \u00e0 l&#8217;<strong>application mobile Thrive<\/strong>, vous disposerez de multiples fonctionnalit\u00e9s pour vous aider dans votre quotidien (g\u00e9olocalisation, d\u00e9tecteur de chute, suivi d&#8217;activit\u00e9 physiques, outil de traduction&#8230;). De plus, la <strong>fonction ThriveCare<\/strong>, exclusivit\u00e9 pour les aides auditives Livio Edge AI, les patients pourront partager les infos de l&#8217;application avec leur audioproth\u00e9siste, soignants, amis, parents etc&#8230;<\/p>\n<p style=\"text-align: center;\"><a class=\"btn btn-default btn-xs bg-green\" href=\"https:\/\/www.laboratoires-unisson.com\/fr-be\/rdv\">Prendre un rendez-vous gratuit <\/a><\/p>\n<h4>Fonctionnalit\u00e9s du Livio Edge 2400 RIC 312<\/h4>\n<ul>\n<li>24 canaux de r\u00e9glages<\/li>\n<li>Hearing Reality<\/li>\n<li>Ear-to-Ear<\/li>\n<li>R\u00e9ducteur de bruit du vent<\/li>\n<li>Tinnitus Technologie<\/li>\n<li>Directionnalit\u00e9 adaptative<\/li>\n<li>Syst\u00e8me CROS<\/li>\n<li>Bluetooth<\/li>\n<li>R\u00e9glages \u00e0 distance<\/li>\n<li>Pile auditive 312<\/li>\n<\/ul>\n","protected":false},"excerpt":{"rendered":"<p>Starkey vient de lancer sa nouvelle gamme d&#8217;appareils auditifs : Livio Edge AI. Ces nouveaux appareils int\u00e8grent l&#8217;intelligence artificielle (comme pour les Livio AI lanc\u00e9s en 2019), coupl\u00e9e au mode Edge permettant une adaptation automatique dans les environnements sonores difficiles ou complexes en temps r\u00e9el. L&#8217;appareil auditif Livio Edge AI 2400 RIC\u00a0312 est un mod\u00e8le [&hellip;]<\/p>\n","protected":false},"featured_media":19297,"template":"","meta":{"_acf_changed":false},"product_brand":[],"product_cat":[2684,2643],"product_tag":[],"class_list":{"0":"post-31692","1":"product","2":"type-product","3":"status-publish","4":"has-post-thumbnail","6":"product_cat-offre-premium-fr-be","7":"product_cat-starkey-fr-be","9":"first","10":"instock","11":"taxable","12":"shipping-taxable","13":"purchasable","14":"product-type-simple"},"acf":[],"yoast_head":"<!-- This site is optimized with the Yoast SEO plugin v27.1.1 - https:\/\/yoast.com\/product\/yoast-seo-wordpress\/ -->\n<title>Appareil auditif Starkey Livio Edge Ai 2400 RIC 312 \u00e0 1195\u20ac - Unisson Belgique<\/title>\n<meta name=\"description\" content=\"Starkey vient de lancer sa nouvelle gamme d&#039;appareils auditifs : Livio Edge AI. Ces nouveaux appareils int\u00e8grent l&#039;intelligence artificielle (comme pour\" \/>\n<meta name=\"robots\" content=\"index, follow, max-snippet:-1, max-image-preview:large, max-video-preview:-1\" \/>\n<link rel=\"canonical\" href=\"https:\/\/www.laboratoires-unisson.com\/fr-be\/wp-json\/wp\/v2\/product\/31692\" \/>\n<meta property=\"og:locale\" content=\"fr_FR\" \/>\n<meta property=\"og:type\" content=\"article\" \/>\n<meta property=\"og:title\" content=\"Livio Edge Ai 2400 RIC 312 - Laboratoires Unisson\" \/>\n<meta property=\"og:description\" content=\"Starkey vient de lancer sa nouvelle gamme d&#039;appareils auditifs : Livio Edge AI. Ces nouveaux appareils int\u00e8grent l&#039;intelligence artificielle (comme pour\" \/>\n<meta property=\"og:url\" content=\"https:\/\/www.laboratoires-unisson.com\/fr-be\/produit\/appareils-auditifs\/starkey\/livio-edge-ai-2400-ric-312\" \/>\n<meta property=\"og:site_name\" content=\"Laboratoires Unisson\" \/>\n<meta property=\"article:modified_time\" content=\"2026-02-24T10:46:03+00:00\" \/>\n<meta property=\"og:image\" content=\"https:\/\/www.laboratoires-unisson.com\/wp-content\/uploads\/2022\/05\/livio-edge-ai-2400-ric-312.jpg\" \/>\n\t<meta property=\"og:image:width\" content=\"450\" \/>\n\t<meta property=\"og:image:height\" content=\"500\" \/>\n\t<meta property=\"og:image:type\" content=\"image\/jpeg\" \/>\n<meta name=\"twitter:card\" content=\"summary_large_image\" \/>\n<meta name=\"twitter:label1\" content=\"Est. reading time\" \/>\n\t<meta name=\"twitter:data1\" content=\"2 minutes\" \/>\n<script type=\"application\/ld+json\" class=\"yoast-schema-graph\">{\"@context\":\"https:\/\/schema.org\",\"@graph\":[{\"@type\":\"WebPage\",\"@id\":\"https:\/\/www.laboratoires-unisson.com\/fr-be\/produit\/appareils-auditifs\/starkey\/livio-edge-ai-2400-ric-312\",\"url\":\"https:\/\/www.laboratoires-unisson.com\/fr-be\/produit\/appareils-auditifs\/starkey\/livio-edge-ai-2400-ric-312\",\"name\":\"Livio Edge Ai 2400 RIC 312 - Laboratoires Unisson\",\"isPartOf\":{\"@id\":\"https:\/\/www.laboratoires-unisson.com\/fr-be#website\"},\"primaryImageOfPage\":{\"@id\":\"https:\/\/www.laboratoires-unisson.com\/fr-be\/produit\/appareils-auditifs\/starkey\/livio-edge-ai-2400-ric-312#primaryimage\"},\"image\":{\"@id\":\"https:\/\/www.laboratoires-unisson.com\/fr-be\/produit\/appareils-auditifs\/starkey\/livio-edge-ai-2400-ric-312#primaryimage\"},\"thumbnailUrl\":\"https:\/\/www.laboratoires-unisson.com\/wp-content\/uploads\/2022\/05\/livio-edge-ai-2400-ric-312.jpg\",\"datePublished\":\"2022-05-02T13:09:33+00:00\",\"dateModified\":\"2026-02-24T10:46:03+00:00\",\"description\":\"Starkey vient de lancer sa nouvelle gamme d'appareils auditifs : Livio Edge AI. Ces nouveaux appareils int\u00e8grent l'intelligence artificielle (comme pour\",\"breadcrumb\":{\"@id\":\"https:\/\/www.laboratoires-unisson.com\/fr-be\/produit\/appareils-auditifs\/starkey\/livio-edge-ai-2400-ric-312#breadcrumb\"},\"inLanguage\":\"fr-BE\",\"potentialAction\":[{\"@type\":\"ReadAction\",\"target\":[\"https:\/\/www.laboratoires-unisson.com\/fr-be\/produit\/appareils-auditifs\/starkey\/livio-edge-ai-2400-ric-312\"]}]},{\"@type\":\"ImageObject\",\"inLanguage\":\"fr-BE\",\"@id\":\"https:\/\/www.laboratoires-unisson.com\/fr-be\/produit\/appareils-auditifs\/starkey\/livio-edge-ai-2400-ric-312#primaryimage\",\"url\":\"https:\/\/www.laboratoires-unisson.com\/wp-content\/uploads\/2022\/05\/livio-edge-ai-2400-ric-312.jpg\",\"contentUrl\":\"https:\/\/www.laboratoires-unisson.com\/wp-content\/uploads\/2022\/05\/livio-edge-ai-2400-ric-312.jpg\",\"width\":450,\"height\":500},{\"@type\":\"BreadcrumbList\",\"@id\":\"https:\/\/www.laboratoires-unisson.com\/fr-be\/produit\/appareils-auditifs\/starkey\/livio-edge-ai-2400-ric-312#breadcrumb\",\"itemListElement\":[{\"@type\":\"ListItem\",\"position\":1,\"name\":\"Shop\",\"item\":\"https:\/\/www.laboratoires-unisson.com\/fr-be\/shop\"},{\"@type\":\"ListItem\",\"position\":2,\"name\":\"Livio Edge Ai 2400 RIC 312\"}]},{\"@type\":\"WebSite\",\"@id\":\"https:\/\/www.laboratoires-unisson.com\/fr-be#website\",\"url\":\"https:\/\/www.laboratoires-unisson.com\/fr-be\",\"name\":\"Laboratoires Unisson\",\"description\":\"Appareil auditif et proth\u00e8se auditive Moins Cher jusqu&#039;\u00e0 -40%\",\"publisher\":{\"@id\":\"https:\/\/www.laboratoires-unisson.com\/fr-be#organization\"},\"potentialAction\":[{\"@type\":\"SearchAction\",\"target\":{\"@type\":\"EntryPoint\",\"urlTemplate\":\"https:\/\/www.laboratoires-unisson.com\/fr-be?s={search_term_string}\"},\"query-input\":{\"@type\":\"PropertyValueSpecification\",\"valueRequired\":true,\"valueName\":\"search_term_string\"}}],\"inLanguage\":\"fr-BE\"},{\"@type\":\"Organization\",\"@id\":\"https:\/\/www.laboratoires-unisson.com\/fr-be#organization\",\"name\":\"Laboratoires Unisson\",\"url\":\"https:\/\/www.laboratoires-unisson.com\/fr-be\",\"logo\":{\"@type\":\"ImageObject\",\"inLanguage\":\"fr-BE\",\"@id\":\"https:\/\/www.laboratoires-unisson.com\/fr-be#\/schema\/logo\/image\/\",\"url\":\"https:\/\/www.laboratoires-unisson.com\/wp-content\/uploads\/2022\/01\/logo-unisson.svg\",\"contentUrl\":\"https:\/\/www.laboratoires-unisson.com\/wp-content\/uploads\/2022\/01\/logo-unisson.svg\",\"width\":1,\"height\":1,\"caption\":\"Laboratoires Unisson\"},\"image\":{\"@id\":\"https:\/\/www.laboratoires-unisson.com\/fr-be#\/schema\/logo\/image\/\"}}]}<\/script>\n<!-- \/ Yoast SEO plugin. -->","yoast_head_json":{"title":"Appareil auditif Starkey Livio Edge Ai 2400 RIC 312 \u00e0 1195\u20ac - Unisson Belgique","description":"Starkey vient de lancer sa nouvelle gamme d'appareils auditifs : Livio Edge AI. Ces nouveaux appareils int\u00e8grent l'intelligence artificielle (comme pour","robots":{"index":"index","follow":"follow","max-snippet":"max-snippet:-1","max-image-preview":"max-image-preview:large","max-video-preview":"max-video-preview:-1"},"canonical":"https:\/\/www.laboratoires-unisson.com\/fr-be\/wp-json\/wp\/v2\/product\/31692","og_locale":"fr_FR","og_type":"article","og_title":"Livio Edge Ai 2400 RIC 312 - Laboratoires Unisson","og_description":"Starkey vient de lancer sa nouvelle gamme d'appareils auditifs : Livio Edge AI. Ces nouveaux appareils int\u00e8grent l'intelligence artificielle (comme pour","og_url":"https:\/\/www.laboratoires-unisson.com\/fr-be\/produit\/appareils-auditifs\/starkey\/livio-edge-ai-2400-ric-312","og_site_name":"Laboratoires Unisson","article_modified_time":"2026-02-24T10:46:03+00:00","og_image":[{"width":450,"height":500,"url":"https:\/\/www.laboratoires-unisson.com\/wp-content\/uploads\/2022\/05\/livio-edge-ai-2400-ric-312.jpg","type":"image\/jpeg"}],"twitter_card":"summary_large_image","twitter_misc":{"Est. reading time":"2 minutes"},"schema":{"@context":"https:\/\/schema.org","@graph":[{"@type":"WebPage","@id":"https:\/\/www.laboratoires-unisson.com\/fr-be\/produit\/appareils-auditifs\/starkey\/livio-edge-ai-2400-ric-312","url":"https:\/\/www.laboratoires-unisson.com\/fr-be\/produit\/appareils-auditifs\/starkey\/livio-edge-ai-2400-ric-312","name":"Livio Edge Ai 2400 RIC 312 - Laboratoires Unisson","isPartOf":{"@id":"https:\/\/www.laboratoires-unisson.com\/fr-be#website"},"primaryImageOfPage":{"@id":"https:\/\/www.laboratoires-unisson.com\/fr-be\/produit\/appareils-auditifs\/starkey\/livio-edge-ai-2400-ric-312#primaryimage"},"image":{"@id":"https:\/\/www.laboratoires-unisson.com\/fr-be\/produit\/appareils-auditifs\/starkey\/livio-edge-ai-2400-ric-312#primaryimage"},"thumbnailUrl":"https:\/\/www.laboratoires-unisson.com\/wp-content\/uploads\/2022\/05\/livio-edge-ai-2400-ric-312.jpg","datePublished":"2022-05-02T13:09:33+00:00","dateModified":"2026-02-24T10:46:03+00:00","description":"Starkey vient de lancer sa nouvelle gamme d'appareils auditifs : Livio Edge AI. Ces nouveaux appareils int\u00e8grent l'intelligence artificielle (comme pour","breadcrumb":{"@id":"https:\/\/www.laboratoires-unisson.com\/fr-be\/produit\/appareils-auditifs\/starkey\/livio-edge-ai-2400-ric-312#breadcrumb"},"inLanguage":"fr-BE","potentialAction":[{"@type":"ReadAction","target":["https:\/\/www.laboratoires-unisson.com\/fr-be\/produit\/appareils-auditifs\/starkey\/livio-edge-ai-2400-ric-312"]}]},{"@type":"ImageObject","inLanguage":"fr-BE","@id":"https:\/\/www.laboratoires-unisson.com\/fr-be\/produit\/appareils-auditifs\/starkey\/livio-edge-ai-2400-ric-312#primaryimage","url":"https:\/\/www.laboratoires-unisson.com\/wp-content\/uploads\/2022\/05\/livio-edge-ai-2400-ric-312.jpg","contentUrl":"https:\/\/www.laboratoires-unisson.com\/wp-content\/uploads\/2022\/05\/livio-edge-ai-2400-ric-312.jpg","width":450,"height":500},{"@type":"BreadcrumbList","@id":"https:\/\/www.laboratoires-unisson.com\/fr-be\/produit\/appareils-auditifs\/starkey\/livio-edge-ai-2400-ric-312#breadcrumb","itemListElement":[{"@type":"ListItem","position":1,"name":"Shop","item":"https:\/\/www.laboratoires-unisson.com\/fr-be\/shop"},{"@type":"ListItem","position":2,"name":"Livio Edge Ai 2400 RIC 312"}]},{"@type":"WebSite","@id":"https:\/\/www.laboratoires-unisson.com\/fr-be#website","url":"https:\/\/www.laboratoires-unisson.com\/fr-be","name":"Laboratoires Unisson","description":"Appareil auditif et proth\u00e8se auditive Moins Cher jusqu&#039;\u00e0 -40%","publisher":{"@id":"https:\/\/www.laboratoires-unisson.com\/fr-be#organization"},"potentialAction":[{"@type":"SearchAction","target":{"@type":"EntryPoint","urlTemplate":"https:\/\/www.laboratoires-unisson.com\/fr-be?s={search_term_string}"},"query-input":{"@type":"PropertyValueSpecification","valueRequired":true,"valueName":"search_term_string"}}],"inLanguage":"fr-BE"},{"@type":"Organization","@id":"https:\/\/www.laboratoires-unisson.com\/fr-be#organization","name":"Laboratoires Unisson","url":"https:\/\/www.laboratoires-unisson.com\/fr-be","logo":{"@type":"ImageObject","inLanguage":"fr-BE","@id":"https:\/\/www.laboratoires-unisson.com\/fr-be#\/schema\/logo\/image\/","url":"https:\/\/www.laboratoires-unisson.com\/wp-content\/uploads\/2022\/01\/logo-unisson.svg","contentUrl":"https:\/\/www.laboratoires-unisson.com\/wp-content\/uploads\/2022\/01\/logo-unisson.svg","width":1,"height":1,"caption":"Laboratoires Unisson"},"image":{"@id":"https:\/\/www.laboratoires-unisson.com\/fr-be#\/schema\/logo\/image\/"}}]}},"_links":{"self":[{"href":"https:\/\/www.laboratoires-unisson.com\/fr-be\/wp-json\/wp\/v2\/product\/31692","targetHints":{"allow":["GET"]}}],"collection":[{"href":"https:\/\/www.laboratoires-unisson.com\/fr-be\/wp-json\/wp\/v2\/product"}],"about":[{"href":"https:\/\/www.laboratoires-unisson.com\/fr-be\/wp-json\/wp\/v2\/types\/product"}],"wp:featuredmedia":[{"embeddable":true,"href":"https:\/\/www.laboratoires-unisson.com\/fr-be\/wp-json\/wp\/v2\/media\/19297"}],"wp:attachment":[{"href":"https:\/\/www.laboratoires-unisson.com\/fr-be\/wp-json\/wp\/v2\/media?parent=31692"}],"wp:term":[{"taxonomy":"product_brand","embeddable":true,"href":"https:\/\/www.laboratoires-unisson.com\/fr-be\/wp-json\/wp\/v2\/product_brand?post=31692"},{"taxonomy":"product_cat","embeddable":true,"href":"https:\/\/www.laboratoires-unisson.com\/fr-be\/wp-json\/wp\/v2\/product_cat?post=31692"},{"taxonomy":"product_tag","embeddable":true,"href":"https:\/\/www.laboratoires-unisson.com\/fr-be\/wp-json\/wp\/v2\/product_tag?post=31692"}],"curies":[{"name":"wp","href":"https:\/\/api.w.org\/{rel}","templated":true}]}}