{"id":31693,"date":"2022-05-02T15:09:59","date_gmt":"2022-05-02T13:09:59","guid":{"rendered":"https:\/\/www.laboratoires-unisson.com\/produit\/livio-edge-ai-2400-itc-r"},"modified":"2026-02-24T11:42:47","modified_gmt":"2026-02-24T10:42:47","slug":"livio-edge-ai-2400-itc-r","status":"publish","type":"product","link":"https:\/\/www.laboratoires-unisson.com\/fr-be\/produit\/appareils-auditifs\/starkey\/livio-edge-ai-2400-itc-r","title":{"rendered":"Livio Edge Ai 2400 ITC R"},"content":{"rendered":"<p>Starkey franchit un nouveau cap avec son lancement en juin 2020\u00a0de ses nouvelles<strong> aides auditives intra-auriculaires\u00a0rechargeables et connect\u00e9es<\/strong> : Livio Edge AI 2400 ITC et ITE, une<strong> premi\u00e8re mondiale<\/strong>.<\/p>\n<p>Comme pour les Livio AI <em>(lanc\u00e9s en 2019)<\/em>, les appareils auditifs Livio Edge AI 2400 ITC et ITE utilisent l&#8217;<strong>intelligence artificielle<\/strong> pour offrir encore plus une meilleure \u00e9coute dans des environnements bruyants. Gr\u00e2ce au nouvel algorithme du traitement du signal (Hearing Reality Pro), les <strong>performances sont maximis\u00e9es<\/strong>.<\/p>\n<p>L&#8217;appareil auditif <strong>Livio Edge AI 2400 ITC R est un mod\u00e8le intra-auriculaire<\/strong> (aide quasi invisible) r<strong>echargeable et connect\u00e9e<\/strong>.<\/p>\n<h4>Pr\u00e9sentation de l&#8217;aide auditive Starkey Livio Edge AI 2400 ITC R<\/h4>\n<p>La proth\u00e8se auditive Livio Edge AI 2400 ITC R poss\u00e8de <strong>24 canaux de r\u00e9glages<\/strong> ainsi qu&#8217;une <strong>batterie rechargeable<\/strong> lithium-ion. La charge compl\u00e8te est obtenue en 3,5 heures. Cette nouvelle proth\u00e8se se veut <strong>visible, design et multifonctions<\/strong> et s&#8217;adressant pour tout type de personne.<\/p>\n<h4>Les technologies du Starkey Livio Edge AI 2400 ITC R<\/h4>\n<p>Ces appareils auditifs b\u00e9n\u00e9ficient de l&#8217;<strong>intelligence artificielle et des capteurs embarqu\u00e9s<\/strong> gr\u00e2ce au syst\u00e8me Hearing Reality et au mode Edge. Il s&#8217;agit d&#8217;un double tapotement sur les aides auditives permettant de lancer un scan de l&#8217;environnement sonore et ainsi optimiser instantan\u00e9ment la r\u00e9duction de bruit selon les besoins.<\/p>\n<p>La gamme d&#8217;appareils Livio Edge AI poss\u00e8de le <strong>syst\u00e8me CROS<\/strong> (utile pour la perte auditive unilat\u00e9rale) et la technologie <strong>Tinnitus Multiflex<\/strong> afin de soulager vos acouph\u00e8nes.<\/p>\n<h4>Connectivit\u00e9 et accessoires<\/h4>\n<p>Compatibles avec les smartphone sous iOS et Android 10, les appareils auditifs Livio Edge AI 2400 ITC R poss\u00e8dent une connectivit\u00e9 Bluetooth.<\/p>\n<p>Vous pouvez \u00e9galement opter pour des accessoires afin d&#8217;optimiser votre quotidien : t\u00e9l\u00e9commande, \u00e9metteur TV, microphones etc&#8230;<\/p>\n<h5>Application Thrive Hearing Control<\/h5>\n<p>Suivez vos activit\u00e9s de sant\u00e9 et partagez ces infos avec votre famille et amis gr\u00e2ce \u00e0 la <strong>fonction ThriveCare<\/strong>, d\u00e9velopp\u00e9e exclusivement pour les aides auditives Livio Edge AI. L&#8217;application Thrive propose \u00e9galement une <strong>exp\u00e9rience optimis\u00e9e de vos aides auditives<\/strong> : r\u00e9glages et programmes personnalis\u00e9s, assistant intelligent, r\u00e9glages \u00e0 distance etc&#8230;<\/p>\n<p style=\"text-align: center;\"><a class=\"btn btn-default btn-xs bg-green\" href=\"https:\/\/www.laboratoires-unisson.com\/fr-be\/rdv\">Prendre un rendez-vous gratuit <\/a><\/p>\n<h4>Fonctionnalit\u00e9s du Livio Edge 2400 ITC R<\/h4>\n<ul>\n<li>24 canaux de r\u00e9glages<\/li>\n<li>Hearing Reality<\/li>\n<li>Ear-to-Ear<\/li>\n<li>R\u00e9ducteur de bruit du vent<\/li>\n<li>Tinnitus Technologie<\/li>\n<li>Directionnalit\u00e9 adaptative<\/li>\n<li>Syst\u00e8me CROS<\/li>\n<li>Bluetooth<\/li>\n<li>Batterie Lithium-ion rechargeable<\/li>\n<li>R\u00e9glages \u00e0 distance<\/li>\n<\/ul>\n","protected":false},"excerpt":{"rendered":"<p>Starkey franchit un nouveau cap avec son lancement en juin 2020\u00a0de ses nouvelles aides auditives intra-auriculaires\u00a0rechargeables et connect\u00e9es : Livio Edge AI 2400 ITC et ITE, une premi\u00e8re mondiale. Comme pour les Livio AI (lanc\u00e9s en 2019), les appareils auditifs Livio Edge AI 2400 ITC et ITE utilisent l&#8217;intelligence artificielle pour offrir encore plus une [&hellip;]<\/p>\n","protected":false},"featured_media":20832,"template":"","meta":{"_acf_changed":false},"product_brand":[],"product_cat":[2684,2643],"product_tag":[],"class_list":{"0":"post-31693","1":"product","2":"type-product","3":"status-publish","4":"has-post-thumbnail","6":"product_cat-offre-premium-fr-be","7":"product_cat-starkey-fr-be","9":"first","10":"instock","11":"taxable","12":"shipping-taxable","13":"purchasable","14":"product-type-simple"},"acf":[],"yoast_head":"<!-- This site is optimized with the Yoast SEO plugin v27.1.1 - https:\/\/yoast.com\/product\/yoast-seo-wordpress\/ -->\n<title>Appareil auditif Starkey Livio Edge Ai 2400 ITC R \u00e0 1195\u20ac - Unisson Belgique<\/title>\n<meta name=\"description\" content=\"Starkey franchit un nouveau cap avec son lancement en juin 2020\u00a0de ses nouvelles aides auditives intra-auriculaires\u00a0rechargeables et connect\u00e9es : Livio\" \/>\n<meta name=\"robots\" content=\"index, follow, max-snippet:-1, max-image-preview:large, max-video-preview:-1\" \/>\n<link rel=\"canonical\" href=\"https:\/\/www.laboratoires-unisson.com\/fr-be\/wp-json\/wp\/v2\/product\/31693\" \/>\n<meta property=\"og:locale\" content=\"fr_FR\" \/>\n<meta property=\"og:type\" content=\"article\" \/>\n<meta property=\"og:title\" content=\"Livio Edge Ai 2400 ITC R - Laboratoires Unisson\" \/>\n<meta property=\"og:description\" content=\"Starkey franchit un nouveau cap avec son lancement en juin 2020\u00a0de ses nouvelles aides auditives intra-auriculaires\u00a0rechargeables et connect\u00e9es : Livio\" \/>\n<meta property=\"og:url\" content=\"https:\/\/www.laboratoires-unisson.com\/fr-be\/produit\/appareils-auditifs\/starkey\/livio-edge-ai-2400-itc-r\" \/>\n<meta property=\"og:site_name\" content=\"Laboratoires Unisson\" \/>\n<meta property=\"article:modified_time\" content=\"2026-02-24T10:42:47+00:00\" \/>\n<meta property=\"og:image\" content=\"https:\/\/www.laboratoires-unisson.com\/wp-content\/uploads\/2022\/05\/Starkey-Livio-Edge-Ai-2400-ITC-R.png\" \/>\n\t<meta property=\"og:image:width\" content=\"500\" \/>\n\t<meta property=\"og:image:height\" content=\"500\" \/>\n\t<meta property=\"og:image:type\" content=\"image\/png\" \/>\n<meta name=\"twitter:card\" content=\"summary_large_image\" \/>\n<meta name=\"twitter:label1\" content=\"Est. reading time\" \/>\n\t<meta name=\"twitter:data1\" content=\"3 minutes\" \/>\n<script type=\"application\/ld+json\" class=\"yoast-schema-graph\">{\"@context\":\"https:\/\/schema.org\",\"@graph\":[{\"@type\":\"WebPage\",\"@id\":\"https:\/\/www.laboratoires-unisson.com\/fr-be\/produit\/appareils-auditifs\/starkey\/livio-edge-ai-2400-itc-r\",\"url\":\"https:\/\/www.laboratoires-unisson.com\/fr-be\/produit\/appareils-auditifs\/starkey\/livio-edge-ai-2400-itc-r\",\"name\":\"Livio Edge Ai 2400 ITC R - Laboratoires Unisson\",\"isPartOf\":{\"@id\":\"https:\/\/www.laboratoires-unisson.com\/fr-be#website\"},\"primaryImageOfPage\":{\"@id\":\"https:\/\/www.laboratoires-unisson.com\/fr-be\/produit\/appareils-auditifs\/starkey\/livio-edge-ai-2400-itc-r#primaryimage\"},\"image\":{\"@id\":\"https:\/\/www.laboratoires-unisson.com\/fr-be\/produit\/appareils-auditifs\/starkey\/livio-edge-ai-2400-itc-r#primaryimage\"},\"thumbnailUrl\":\"https:\/\/www.laboratoires-unisson.com\/wp-content\/uploads\/2022\/05\/Starkey-Livio-Edge-Ai-2400-ITC-R.png\",\"datePublished\":\"2022-05-02T13:09:59+00:00\",\"dateModified\":\"2026-02-24T10:42:47+00:00\",\"description\":\"Starkey franchit un nouveau cap avec son lancement en juin 2020\u00a0de ses nouvelles aides auditives intra-auriculaires\u00a0rechargeables et connect\u00e9es : Livio\",\"breadcrumb\":{\"@id\":\"https:\/\/www.laboratoires-unisson.com\/fr-be\/produit\/appareils-auditifs\/starkey\/livio-edge-ai-2400-itc-r#breadcrumb\"},\"inLanguage\":\"fr-BE\",\"potentialAction\":[{\"@type\":\"ReadAction\",\"target\":[\"https:\/\/www.laboratoires-unisson.com\/fr-be\/produit\/appareils-auditifs\/starkey\/livio-edge-ai-2400-itc-r\"]}]},{\"@type\":\"ImageObject\",\"inLanguage\":\"fr-BE\",\"@id\":\"https:\/\/www.laboratoires-unisson.com\/fr-be\/produit\/appareils-auditifs\/starkey\/livio-edge-ai-2400-itc-r#primaryimage\",\"url\":\"https:\/\/www.laboratoires-unisson.com\/wp-content\/uploads\/2022\/05\/Starkey-Livio-Edge-Ai-2400-ITC-R.png\",\"contentUrl\":\"https:\/\/www.laboratoires-unisson.com\/wp-content\/uploads\/2022\/05\/Starkey-Livio-Edge-Ai-2400-ITC-R.png\",\"width\":500,\"height\":500},{\"@type\":\"BreadcrumbList\",\"@id\":\"https:\/\/www.laboratoires-unisson.com\/fr-be\/produit\/appareils-auditifs\/starkey\/livio-edge-ai-2400-itc-r#breadcrumb\",\"itemListElement\":[{\"@type\":\"ListItem\",\"position\":1,\"name\":\"Shop\",\"item\":\"https:\/\/www.laboratoires-unisson.com\/fr-be\/shop\"},{\"@type\":\"ListItem\",\"position\":2,\"name\":\"Livio Edge Ai 2400 ITC R\"}]},{\"@type\":\"WebSite\",\"@id\":\"https:\/\/www.laboratoires-unisson.com\/fr-be#website\",\"url\":\"https:\/\/www.laboratoires-unisson.com\/fr-be\",\"name\":\"Laboratoires Unisson\",\"description\":\"Appareil auditif et proth\u00e8se auditive Moins Cher jusqu&#039;\u00e0 -40%\",\"publisher\":{\"@id\":\"https:\/\/www.laboratoires-unisson.com\/fr-be#organization\"},\"potentialAction\":[{\"@type\":\"SearchAction\",\"target\":{\"@type\":\"EntryPoint\",\"urlTemplate\":\"https:\/\/www.laboratoires-unisson.com\/fr-be?s={search_term_string}\"},\"query-input\":{\"@type\":\"PropertyValueSpecification\",\"valueRequired\":true,\"valueName\":\"search_term_string\"}}],\"inLanguage\":\"fr-BE\"},{\"@type\":\"Organization\",\"@id\":\"https:\/\/www.laboratoires-unisson.com\/fr-be#organization\",\"name\":\"Laboratoires Unisson\",\"url\":\"https:\/\/www.laboratoires-unisson.com\/fr-be\",\"logo\":{\"@type\":\"ImageObject\",\"inLanguage\":\"fr-BE\",\"@id\":\"https:\/\/www.laboratoires-unisson.com\/fr-be#\/schema\/logo\/image\/\",\"url\":\"https:\/\/www.laboratoires-unisson.com\/wp-content\/uploads\/2022\/01\/logo-unisson.svg\",\"contentUrl\":\"https:\/\/www.laboratoires-unisson.com\/wp-content\/uploads\/2022\/01\/logo-unisson.svg\",\"width\":1,\"height\":1,\"caption\":\"Laboratoires Unisson\"},\"image\":{\"@id\":\"https:\/\/www.laboratoires-unisson.com\/fr-be#\/schema\/logo\/image\/\"}}]}<\/script>\n<!-- \/ Yoast SEO plugin. -->","yoast_head_json":{"title":"Appareil auditif Starkey Livio Edge Ai 2400 ITC R \u00e0 1195\u20ac - Unisson Belgique","description":"Starkey franchit un nouveau cap avec son lancement en juin 2020\u00a0de ses nouvelles aides auditives intra-auriculaires\u00a0rechargeables et connect\u00e9es : Livio","robots":{"index":"index","follow":"follow","max-snippet":"max-snippet:-1","max-image-preview":"max-image-preview:large","max-video-preview":"max-video-preview:-1"},"canonical":"https:\/\/www.laboratoires-unisson.com\/fr-be\/wp-json\/wp\/v2\/product\/31693","og_locale":"fr_FR","og_type":"article","og_title":"Livio Edge Ai 2400 ITC R - Laboratoires Unisson","og_description":"Starkey franchit un nouveau cap avec son lancement en juin 2020\u00a0de ses nouvelles aides auditives intra-auriculaires\u00a0rechargeables et connect\u00e9es : Livio","og_url":"https:\/\/www.laboratoires-unisson.com\/fr-be\/produit\/appareils-auditifs\/starkey\/livio-edge-ai-2400-itc-r","og_site_name":"Laboratoires Unisson","article_modified_time":"2026-02-24T10:42:47+00:00","og_image":[{"width":500,"height":500,"url":"https:\/\/www.laboratoires-unisson.com\/wp-content\/uploads\/2022\/05\/Starkey-Livio-Edge-Ai-2400-ITC-R.png","type":"image\/png"}],"twitter_card":"summary_large_image","twitter_misc":{"Est. reading time":"3 minutes"},"schema":{"@context":"https:\/\/schema.org","@graph":[{"@type":"WebPage","@id":"https:\/\/www.laboratoires-unisson.com\/fr-be\/produit\/appareils-auditifs\/starkey\/livio-edge-ai-2400-itc-r","url":"https:\/\/www.laboratoires-unisson.com\/fr-be\/produit\/appareils-auditifs\/starkey\/livio-edge-ai-2400-itc-r","name":"Livio Edge Ai 2400 ITC R - Laboratoires Unisson","isPartOf":{"@id":"https:\/\/www.laboratoires-unisson.com\/fr-be#website"},"primaryImageOfPage":{"@id":"https:\/\/www.laboratoires-unisson.com\/fr-be\/produit\/appareils-auditifs\/starkey\/livio-edge-ai-2400-itc-r#primaryimage"},"image":{"@id":"https:\/\/www.laboratoires-unisson.com\/fr-be\/produit\/appareils-auditifs\/starkey\/livio-edge-ai-2400-itc-r#primaryimage"},"thumbnailUrl":"https:\/\/www.laboratoires-unisson.com\/wp-content\/uploads\/2022\/05\/Starkey-Livio-Edge-Ai-2400-ITC-R.png","datePublished":"2022-05-02T13:09:59+00:00","dateModified":"2026-02-24T10:42:47+00:00","description":"Starkey franchit un nouveau cap avec son lancement en juin 2020\u00a0de ses nouvelles aides auditives intra-auriculaires\u00a0rechargeables et connect\u00e9es : Livio","breadcrumb":{"@id":"https:\/\/www.laboratoires-unisson.com\/fr-be\/produit\/appareils-auditifs\/starkey\/livio-edge-ai-2400-itc-r#breadcrumb"},"inLanguage":"fr-BE","potentialAction":[{"@type":"ReadAction","target":["https:\/\/www.laboratoires-unisson.com\/fr-be\/produit\/appareils-auditifs\/starkey\/livio-edge-ai-2400-itc-r"]}]},{"@type":"ImageObject","inLanguage":"fr-BE","@id":"https:\/\/www.laboratoires-unisson.com\/fr-be\/produit\/appareils-auditifs\/starkey\/livio-edge-ai-2400-itc-r#primaryimage","url":"https:\/\/www.laboratoires-unisson.com\/wp-content\/uploads\/2022\/05\/Starkey-Livio-Edge-Ai-2400-ITC-R.png","contentUrl":"https:\/\/www.laboratoires-unisson.com\/wp-content\/uploads\/2022\/05\/Starkey-Livio-Edge-Ai-2400-ITC-R.png","width":500,"height":500},{"@type":"BreadcrumbList","@id":"https:\/\/www.laboratoires-unisson.com\/fr-be\/produit\/appareils-auditifs\/starkey\/livio-edge-ai-2400-itc-r#breadcrumb","itemListElement":[{"@type":"ListItem","position":1,"name":"Shop","item":"https:\/\/www.laboratoires-unisson.com\/fr-be\/shop"},{"@type":"ListItem","position":2,"name":"Livio Edge Ai 2400 ITC R"}]},{"@type":"WebSite","@id":"https:\/\/www.laboratoires-unisson.com\/fr-be#website","url":"https:\/\/www.laboratoires-unisson.com\/fr-be","name":"Laboratoires Unisson","description":"Appareil auditif et proth\u00e8se auditive Moins Cher jusqu&#039;\u00e0 -40%","publisher":{"@id":"https:\/\/www.laboratoires-unisson.com\/fr-be#organization"},"potentialAction":[{"@type":"SearchAction","target":{"@type":"EntryPoint","urlTemplate":"https:\/\/www.laboratoires-unisson.com\/fr-be?s={search_term_string}"},"query-input":{"@type":"PropertyValueSpecification","valueRequired":true,"valueName":"search_term_string"}}],"inLanguage":"fr-BE"},{"@type":"Organization","@id":"https:\/\/www.laboratoires-unisson.com\/fr-be#organization","name":"Laboratoires Unisson","url":"https:\/\/www.laboratoires-unisson.com\/fr-be","logo":{"@type":"ImageObject","inLanguage":"fr-BE","@id":"https:\/\/www.laboratoires-unisson.com\/fr-be#\/schema\/logo\/image\/","url":"https:\/\/www.laboratoires-unisson.com\/wp-content\/uploads\/2022\/01\/logo-unisson.svg","contentUrl":"https:\/\/www.laboratoires-unisson.com\/wp-content\/uploads\/2022\/01\/logo-unisson.svg","width":1,"height":1,"caption":"Laboratoires Unisson"},"image":{"@id":"https:\/\/www.laboratoires-unisson.com\/fr-be#\/schema\/logo\/image\/"}}]}},"_links":{"self":[{"href":"https:\/\/www.laboratoires-unisson.com\/fr-be\/wp-json\/wp\/v2\/product\/31693","targetHints":{"allow":["GET"]}}],"collection":[{"href":"https:\/\/www.laboratoires-unisson.com\/fr-be\/wp-json\/wp\/v2\/product"}],"about":[{"href":"https:\/\/www.laboratoires-unisson.com\/fr-be\/wp-json\/wp\/v2\/types\/product"}],"wp:featuredmedia":[{"embeddable":true,"href":"https:\/\/www.laboratoires-unisson.com\/fr-be\/wp-json\/wp\/v2\/media\/20832"}],"wp:attachment":[{"href":"https:\/\/www.laboratoires-unisson.com\/fr-be\/wp-json\/wp\/v2\/media?parent=31693"}],"wp:term":[{"taxonomy":"product_brand","embeddable":true,"href":"https:\/\/www.laboratoires-unisson.com\/fr-be\/wp-json\/wp\/v2\/product_brand?post=31693"},{"taxonomy":"product_cat","embeddable":true,"href":"https:\/\/www.laboratoires-unisson.com\/fr-be\/wp-json\/wp\/v2\/product_cat?post=31693"},{"taxonomy":"product_tag","embeddable":true,"href":"https:\/\/www.laboratoires-unisson.com\/fr-be\/wp-json\/wp\/v2\/product_tag?post=31693"}],"curies":[{"name":"wp","href":"https:\/\/api.w.org\/{rel}","templated":true}]}}