{"id":32163,"date":"2022-09-23T11:51:53","date_gmt":"2022-09-23T09:51:53","guid":{"rendered":"https:\/\/www.laboratoires-unisson.com\/produit\/mini-capsules-deshydratantes-2"},"modified":"2022-09-23T11:51:53","modified_gmt":"2022-09-23T09:51:53","slug":"mini-capsules-deshydratantes","status":"publish","type":"product","link":"https:\/\/www.laboratoires-unisson.com\/fr-be\/produit\/unisson\/mini-capsules-deshydratantes","title":{"rendered":"Mini capsules d\u00e9shydratantes"},"content":{"rendered":"<p>Bo\u00eete de 4 mini pastilles d\u00e9shydratantes Hydrason. Id\u00e9al pour le s\u00e9chage de vos <a href=\"https:\/\/www.laboratoires-unisson.com\/fr-be\/appareils-auditifs\">appareils auditifs<\/a>.<\/p>\n<p>Ces pastilles ont une dur\u00e9e d&#8217;utilisation moyenne de 2 mois.<\/p>\n","protected":false},"excerpt":{"rendered":"<p>Bo\u00eete de 4 mini pastilles d\u00e9shydratantes Hydrason. Id\u00e9al pour le s\u00e9chage de vos appareils auditifs. Ces pastilles ont une dur\u00e9e d&#8217;utilisation moyenne de 2 mois.<\/p>\n","protected":false},"featured_media":20734,"template":"","meta":{"_acf_changed":false},"product_brand":[],"product_cat":[3202],"product_tag":[],"class_list":{"0":"post-32163","1":"product","2":"type-product","3":"status-publish","4":"has-post-thumbnail","6":"product_cat-sechage-fr-be","8":"first","9":"instock","10":"taxable","11":"shipping-taxable","12":"purchasable","13":"product-type-simple"},"acf":[],"yoast_head":"<!-- This site is optimized with the Yoast SEO plugin v27.1.1 - https:\/\/yoast.com\/product\/yoast-seo-wordpress\/ -->\n<title>Mini capsules d\u00e9shydratantes - Laboratoires Unisson<\/title>\n<meta name=\"description\" content=\"Bo\u00eete de 4 mini pastilles d\u00e9shydratantes Hydrason. Id\u00e9al pour le s\u00e9chage de vos appareils auditifs. Ces pastilles ont une dur\u00e9e d&#039;utilisation moyenne de 2\" \/>\n<meta name=\"robots\" content=\"index, follow, max-snippet:-1, max-image-preview:large, max-video-preview:-1\" \/>\n<link rel=\"canonical\" href=\"https:\/\/www.laboratoires-unisson.com\/fr-be\/wp-json\/wp\/v2\/product\/32163\" \/>\n<meta property=\"og:locale\" content=\"fr_FR\" \/>\n<meta property=\"og:type\" content=\"article\" \/>\n<meta property=\"og:title\" content=\"Mini capsules d\u00e9shydratantes - Laboratoires Unisson\" \/>\n<meta property=\"og:description\" content=\"Bo\u00eete de 4 mini pastilles d\u00e9shydratantes Hydrason. Id\u00e9al pour le s\u00e9chage de vos appareils auditifs. Ces pastilles ont une dur\u00e9e d&#039;utilisation moyenne de 2\" \/>\n<meta property=\"og:url\" content=\"https:\/\/www.laboratoires-unisson.com\/fr-be\/produit\/unisson\/mini-capsules-deshydratantes\" \/>\n<meta property=\"og:site_name\" content=\"Laboratoires Unisson\" \/>\n<meta name=\"twitter:card\" content=\"summary_large_image\" \/>\n<script type=\"application\/ld+json\" class=\"yoast-schema-graph\">{\"@context\":\"https:\/\/schema.org\",\"@graph\":[{\"@type\":\"WebPage\",\"@id\":\"https:\/\/www.laboratoires-unisson.com\/fr-be\/produit\/unisson\/mini-capsules-deshydratantes\",\"url\":\"https:\/\/www.laboratoires-unisson.com\/fr-be\/produit\/unisson\/mini-capsules-deshydratantes\",\"name\":\"Mini capsules d\u00e9shydratantes - Laboratoires Unisson\",\"isPartOf\":{\"@id\":\"https:\/\/www.laboratoires-unisson.com\/fr-be#website\"},\"primaryImageOfPage\":{\"@id\":\"https:\/\/www.laboratoires-unisson.com\/fr-be\/produit\/unisson\/mini-capsules-deshydratantes#primaryimage\"},\"image\":{\"@id\":\"https:\/\/www.laboratoires-unisson.com\/fr-be\/produit\/unisson\/mini-capsules-deshydratantes#primaryimage\"},\"thumbnailUrl\":\"https:\/\/www.laboratoires-unisson.com\/wp-content\/uploads\/2022\/09\/Unisson-Mini-capsules-deshydratantes.png\",\"datePublished\":\"2022-09-23T09:51:53+00:00\",\"description\":\"Bo\u00eete de 4 mini pastilles d\u00e9shydratantes Hydrason. Id\u00e9al pour le s\u00e9chage de vos appareils auditifs. Ces pastilles ont une dur\u00e9e d'utilisation moyenne de 2\",\"breadcrumb\":{\"@id\":\"https:\/\/www.laboratoires-unisson.com\/fr-be\/produit\/unisson\/mini-capsules-deshydratantes#breadcrumb\"},\"inLanguage\":\"fr-BE\",\"potentialAction\":[{\"@type\":\"ReadAction\",\"target\":[\"https:\/\/www.laboratoires-unisson.com\/fr-be\/produit\/unisson\/mini-capsules-deshydratantes\"]}]},{\"@type\":\"ImageObject\",\"inLanguage\":\"fr-BE\",\"@id\":\"https:\/\/www.laboratoires-unisson.com\/fr-be\/produit\/unisson\/mini-capsules-deshydratantes#primaryimage\",\"url\":\"https:\/\/www.laboratoires-unisson.com\/wp-content\/uploads\/2022\/09\/Unisson-Mini-capsules-deshydratantes.png\",\"contentUrl\":\"https:\/\/www.laboratoires-unisson.com\/wp-content\/uploads\/2022\/09\/Unisson-Mini-capsules-deshydratantes.png\",\"width\":500,\"height\":500},{\"@type\":\"BreadcrumbList\",\"@id\":\"https:\/\/www.laboratoires-unisson.com\/fr-be\/produit\/unisson\/mini-capsules-deshydratantes#breadcrumb\",\"itemListElement\":[{\"@type\":\"ListItem\",\"position\":1,\"name\":\"Shop\",\"item\":\"https:\/\/www.laboratoires-unisson.com\/fr-be\/shop\"},{\"@type\":\"ListItem\",\"position\":2,\"name\":\"Mini capsules d\u00e9shydratantes\"}]},{\"@type\":\"WebSite\",\"@id\":\"https:\/\/www.laboratoires-unisson.com\/fr-be#website\",\"url\":\"https:\/\/www.laboratoires-unisson.com\/fr-be\",\"name\":\"Laboratoires Unisson\",\"description\":\"Appareil auditif et proth\u00e8se auditive Moins Cher jusqu&#039;\u00e0 -40%\",\"publisher\":{\"@id\":\"https:\/\/www.laboratoires-unisson.com\/fr-be#organization\"},\"potentialAction\":[{\"@type\":\"SearchAction\",\"target\":{\"@type\":\"EntryPoint\",\"urlTemplate\":\"https:\/\/www.laboratoires-unisson.com\/fr-be?s={search_term_string}\"},\"query-input\":{\"@type\":\"PropertyValueSpecification\",\"valueRequired\":true,\"valueName\":\"search_term_string\"}}],\"inLanguage\":\"fr-BE\"},{\"@type\":\"Organization\",\"@id\":\"https:\/\/www.laboratoires-unisson.com\/fr-be#organization\",\"name\":\"Laboratoires Unisson\",\"url\":\"https:\/\/www.laboratoires-unisson.com\/fr-be\",\"logo\":{\"@type\":\"ImageObject\",\"inLanguage\":\"fr-BE\",\"@id\":\"https:\/\/www.laboratoires-unisson.com\/fr-be#\/schema\/logo\/image\/\",\"url\":\"https:\/\/www.laboratoires-unisson.com\/wp-content\/uploads\/2022\/01\/logo-unisson.svg\",\"contentUrl\":\"https:\/\/www.laboratoires-unisson.com\/wp-content\/uploads\/2022\/01\/logo-unisson.svg\",\"width\":1,\"height\":1,\"caption\":\"Laboratoires Unisson\"},\"image\":{\"@id\":\"https:\/\/www.laboratoires-unisson.com\/fr-be#\/schema\/logo\/image\/\"}}]}<\/script>\n<!-- \/ Yoast SEO plugin. -->","yoast_head_json":{"title":"Mini capsules d\u00e9shydratantes - Laboratoires Unisson","description":"Bo\u00eete de 4 mini pastilles d\u00e9shydratantes Hydrason. Id\u00e9al pour le s\u00e9chage de vos appareils auditifs. Ces pastilles ont une dur\u00e9e d'utilisation moyenne de 2","robots":{"index":"index","follow":"follow","max-snippet":"max-snippet:-1","max-image-preview":"max-image-preview:large","max-video-preview":"max-video-preview:-1"},"canonical":"https:\/\/www.laboratoires-unisson.com\/fr-be\/wp-json\/wp\/v2\/product\/32163","og_locale":"fr_FR","og_type":"article","og_title":"Mini capsules d\u00e9shydratantes - Laboratoires Unisson","og_description":"Bo\u00eete de 4 mini pastilles d\u00e9shydratantes Hydrason. Id\u00e9al pour le s\u00e9chage de vos appareils auditifs. Ces pastilles ont une dur\u00e9e d'utilisation moyenne de 2","og_url":"https:\/\/www.laboratoires-unisson.com\/fr-be\/produit\/unisson\/mini-capsules-deshydratantes","og_site_name":"Laboratoires Unisson","twitter_card":"summary_large_image","schema":{"@context":"https:\/\/schema.org","@graph":[{"@type":"WebPage","@id":"https:\/\/www.laboratoires-unisson.com\/fr-be\/produit\/unisson\/mini-capsules-deshydratantes","url":"https:\/\/www.laboratoires-unisson.com\/fr-be\/produit\/unisson\/mini-capsules-deshydratantes","name":"Mini capsules d\u00e9shydratantes - Laboratoires Unisson","isPartOf":{"@id":"https:\/\/www.laboratoires-unisson.com\/fr-be#website"},"primaryImageOfPage":{"@id":"https:\/\/www.laboratoires-unisson.com\/fr-be\/produit\/unisson\/mini-capsules-deshydratantes#primaryimage"},"image":{"@id":"https:\/\/www.laboratoires-unisson.com\/fr-be\/produit\/unisson\/mini-capsules-deshydratantes#primaryimage"},"thumbnailUrl":"https:\/\/www.laboratoires-unisson.com\/wp-content\/uploads\/2022\/09\/Unisson-Mini-capsules-deshydratantes.png","datePublished":"2022-09-23T09:51:53+00:00","description":"Bo\u00eete de 4 mini pastilles d\u00e9shydratantes Hydrason. Id\u00e9al pour le s\u00e9chage de vos appareils auditifs. Ces pastilles ont une dur\u00e9e d'utilisation moyenne de 2","breadcrumb":{"@id":"https:\/\/www.laboratoires-unisson.com\/fr-be\/produit\/unisson\/mini-capsules-deshydratantes#breadcrumb"},"inLanguage":"fr-BE","potentialAction":[{"@type":"ReadAction","target":["https:\/\/www.laboratoires-unisson.com\/fr-be\/produit\/unisson\/mini-capsules-deshydratantes"]}]},{"@type":"ImageObject","inLanguage":"fr-BE","@id":"https:\/\/www.laboratoires-unisson.com\/fr-be\/produit\/unisson\/mini-capsules-deshydratantes#primaryimage","url":"https:\/\/www.laboratoires-unisson.com\/wp-content\/uploads\/2022\/09\/Unisson-Mini-capsules-deshydratantes.png","contentUrl":"https:\/\/www.laboratoires-unisson.com\/wp-content\/uploads\/2022\/09\/Unisson-Mini-capsules-deshydratantes.png","width":500,"height":500},{"@type":"BreadcrumbList","@id":"https:\/\/www.laboratoires-unisson.com\/fr-be\/produit\/unisson\/mini-capsules-deshydratantes#breadcrumb","itemListElement":[{"@type":"ListItem","position":1,"name":"Shop","item":"https:\/\/www.laboratoires-unisson.com\/fr-be\/shop"},{"@type":"ListItem","position":2,"name":"Mini capsules d\u00e9shydratantes"}]},{"@type":"WebSite","@id":"https:\/\/www.laboratoires-unisson.com\/fr-be#website","url":"https:\/\/www.laboratoires-unisson.com\/fr-be","name":"Laboratoires Unisson","description":"Appareil auditif et proth\u00e8se auditive Moins Cher jusqu&#039;\u00e0 -40%","publisher":{"@id":"https:\/\/www.laboratoires-unisson.com\/fr-be#organization"},"potentialAction":[{"@type":"SearchAction","target":{"@type":"EntryPoint","urlTemplate":"https:\/\/www.laboratoires-unisson.com\/fr-be?s={search_term_string}"},"query-input":{"@type":"PropertyValueSpecification","valueRequired":true,"valueName":"search_term_string"}}],"inLanguage":"fr-BE"},{"@type":"Organization","@id":"https:\/\/www.laboratoires-unisson.com\/fr-be#organization","name":"Laboratoires Unisson","url":"https:\/\/www.laboratoires-unisson.com\/fr-be","logo":{"@type":"ImageObject","inLanguage":"fr-BE","@id":"https:\/\/www.laboratoires-unisson.com\/fr-be#\/schema\/logo\/image\/","url":"https:\/\/www.laboratoires-unisson.com\/wp-content\/uploads\/2022\/01\/logo-unisson.svg","contentUrl":"https:\/\/www.laboratoires-unisson.com\/wp-content\/uploads\/2022\/01\/logo-unisson.svg","width":1,"height":1,"caption":"Laboratoires Unisson"},"image":{"@id":"https:\/\/www.laboratoires-unisson.com\/fr-be#\/schema\/logo\/image\/"}}]}},"_links":{"self":[{"href":"https:\/\/www.laboratoires-unisson.com\/fr-be\/wp-json\/wp\/v2\/product\/32163","targetHints":{"allow":["GET"]}}],"collection":[{"href":"https:\/\/www.laboratoires-unisson.com\/fr-be\/wp-json\/wp\/v2\/product"}],"about":[{"href":"https:\/\/www.laboratoires-unisson.com\/fr-be\/wp-json\/wp\/v2\/types\/product"}],"wp:featuredmedia":[{"embeddable":true,"href":"https:\/\/www.laboratoires-unisson.com\/fr-be\/wp-json\/wp\/v2\/media\/20734"}],"wp:attachment":[{"href":"https:\/\/www.laboratoires-unisson.com\/fr-be\/wp-json\/wp\/v2\/media?parent=32163"}],"wp:term":[{"taxonomy":"product_brand","embeddable":true,"href":"https:\/\/www.laboratoires-unisson.com\/fr-be\/wp-json\/wp\/v2\/product_brand?post=32163"},{"taxonomy":"product_cat","embeddable":true,"href":"https:\/\/www.laboratoires-unisson.com\/fr-be\/wp-json\/wp\/v2\/product_cat?post=32163"},{"taxonomy":"product_tag","embeddable":true,"href":"https:\/\/www.laboratoires-unisson.com\/fr-be\/wp-json\/wp\/v2\/product_tag?post=32163"}],"curies":[{"name":"wp","href":"https:\/\/api.w.org\/{rel}","templated":true}]}}