{"id":32164,"date":"2022-05-03T11:42:32","date_gmt":"2022-05-03T09:42:32","guid":{"rendered":"https:\/\/www.laboratoires-unisson.com\/produit\/pastilles-effervescentes-effernet-2"},"modified":"2022-05-03T11:42:32","modified_gmt":"2022-05-03T09:42:32","slug":"pastilles-effervescentes-effernet","status":"publish","type":"product","link":"https:\/\/www.laboratoires-unisson.com\/fr-be\/produit\/unisson\/pastilles-effervescentes-effernet","title":{"rendered":"Pastilles effervescentes Effer&#8217;net"},"content":{"rendered":"<p>20 comprim\u00e9s effervescents Effer&#8217;Net 20 de Newson. Ces comprim\u00e9s permettent de dissoudre le c\u00e9rumen de vos embouts auriculaires d&#8217;<a href=\"https:\/\/www.laboratoires-unisson.com\/fr-be\/appareils-auditifs\">appareils auditifs<\/a>. Pour nettoyer vos embouts, il vous suffit de remplir un gobelet d&#8217;eau ti\u00e8de et d&#8217;y ajouter un comprim\u00e9 Effer&#8217;net puis d&#8217;y placer votre embout. Laisser agir la solution 15 \u00e0 20 minutes puis retirer les embouts. Prenez garde \u00e0 bien s\u00e9cher vos embouts, avec notre kit de s\u00e9chage Hydrason 70 de Newson.<\/p>\n","protected":false},"excerpt":{"rendered":"<p>20 comprim\u00e9s effervescents Effer&#8217;Net 20 de Newson. Ces comprim\u00e9s permettent de dissoudre le c\u00e9rumen de vos embouts auriculaires d&#8217;appareils auditifs. Pour nettoyer vos embouts, il vous suffit de remplir un gobelet d&#8217;eau ti\u00e8de et d&#8217;y ajouter un comprim\u00e9 Effer&#8217;net puis d&#8217;y placer votre embout. Laisser agir la solution 15 \u00e0 20 minutes puis retirer les [&hellip;]<\/p>\n","protected":false},"featured_media":20764,"template":"","meta":{"_acf_changed":false},"product_brand":[],"product_cat":[3434],"product_tag":[],"class_list":{"0":"post-32164","1":"product","2":"type-product","3":"status-publish","4":"has-post-thumbnail","6":"product_cat-nettoyage-fr-be","8":"first","9":"instock","10":"taxable","11":"shipping-taxable","12":"purchasable","13":"product-type-simple"},"acf":[],"yoast_head":"<!-- This site is optimized with the Yoast SEO plugin v27.1.1 - https:\/\/yoast.com\/product\/yoast-seo-wordpress\/ -->\n<title>Pastilles effervescentes Effer&#039;net - Laboratoires Unisson<\/title>\n<meta name=\"description\" content=\"20 comprim\u00e9s effervescents Effer&#039;Net 20 de Newson. Ces comprim\u00e9s permettent de dissoudre le c\u00e9rumen de vos embouts auriculaires d&#039;appareils auditifs. Pour\" \/>\n<meta name=\"robots\" content=\"index, follow, max-snippet:-1, max-image-preview:large, max-video-preview:-1\" \/>\n<link rel=\"canonical\" href=\"https:\/\/www.laboratoires-unisson.com\/fr-be\/wp-json\/wp\/v2\/product\/32164\" \/>\n<meta property=\"og:locale\" content=\"fr_FR\" \/>\n<meta property=\"og:type\" content=\"article\" \/>\n<meta property=\"og:title\" content=\"Pastilles effervescentes Effer&#039;net - Laboratoires Unisson\" \/>\n<meta property=\"og:description\" content=\"20 comprim\u00e9s effervescents Effer&#039;Net 20 de Newson. Ces comprim\u00e9s permettent de dissoudre le c\u00e9rumen de vos embouts auriculaires d&#039;appareils auditifs. Pour\" \/>\n<meta property=\"og:url\" content=\"https:\/\/www.laboratoires-unisson.com\/fr-be\/produit\/unisson\/pastilles-effervescentes-effernet\" \/>\n<meta property=\"og:site_name\" content=\"Laboratoires Unisson\" \/>\n<meta name=\"twitter:card\" content=\"summary_large_image\" \/>\n<script type=\"application\/ld+json\" class=\"yoast-schema-graph\">{\"@context\":\"https:\/\/schema.org\",\"@graph\":[{\"@type\":\"WebPage\",\"@id\":\"https:\/\/www.laboratoires-unisson.com\/fr-be\/produit\/unisson\/pastilles-effervescentes-effernet\",\"url\":\"https:\/\/www.laboratoires-unisson.com\/fr-be\/produit\/unisson\/pastilles-effervescentes-effernet\",\"name\":\"Pastilles effervescentes Effer'net - Laboratoires Unisson\",\"isPartOf\":{\"@id\":\"https:\/\/www.laboratoires-unisson.com\/fr-be#website\"},\"primaryImageOfPage\":{\"@id\":\"https:\/\/www.laboratoires-unisson.com\/fr-be\/produit\/unisson\/pastilles-effervescentes-effernet#primaryimage\"},\"image\":{\"@id\":\"https:\/\/www.laboratoires-unisson.com\/fr-be\/produit\/unisson\/pastilles-effervescentes-effernet#primaryimage\"},\"thumbnailUrl\":\"https:\/\/www.laboratoires-unisson.com\/wp-content\/uploads\/2022\/05\/Unisson-Pastilles-effervescentes-Effer-net.png\",\"datePublished\":\"2022-05-03T09:42:32+00:00\",\"description\":\"20 comprim\u00e9s effervescents Effer'Net 20 de Newson. Ces comprim\u00e9s permettent de dissoudre le c\u00e9rumen de vos embouts auriculaires d'appareils auditifs. Pour\",\"breadcrumb\":{\"@id\":\"https:\/\/www.laboratoires-unisson.com\/fr-be\/produit\/unisson\/pastilles-effervescentes-effernet#breadcrumb\"},\"inLanguage\":\"fr-BE\",\"potentialAction\":[{\"@type\":\"ReadAction\",\"target\":[\"https:\/\/www.laboratoires-unisson.com\/fr-be\/produit\/unisson\/pastilles-effervescentes-effernet\"]}]},{\"@type\":\"ImageObject\",\"inLanguage\":\"fr-BE\",\"@id\":\"https:\/\/www.laboratoires-unisson.com\/fr-be\/produit\/unisson\/pastilles-effervescentes-effernet#primaryimage\",\"url\":\"https:\/\/www.laboratoires-unisson.com\/wp-content\/uploads\/2022\/05\/Unisson-Pastilles-effervescentes-Effer-net.png\",\"contentUrl\":\"https:\/\/www.laboratoires-unisson.com\/wp-content\/uploads\/2022\/05\/Unisson-Pastilles-effervescentes-Effer-net.png\",\"width\":350,\"height\":350},{\"@type\":\"BreadcrumbList\",\"@id\":\"https:\/\/www.laboratoires-unisson.com\/fr-be\/produit\/unisson\/pastilles-effervescentes-effernet#breadcrumb\",\"itemListElement\":[{\"@type\":\"ListItem\",\"position\":1,\"name\":\"Shop\",\"item\":\"https:\/\/www.laboratoires-unisson.com\/fr-be\/shop\"},{\"@type\":\"ListItem\",\"position\":2,\"name\":\"Pastilles effervescentes Effer&rsquo;net\"}]},{\"@type\":\"WebSite\",\"@id\":\"https:\/\/www.laboratoires-unisson.com\/fr-be#website\",\"url\":\"https:\/\/www.laboratoires-unisson.com\/fr-be\",\"name\":\"Laboratoires Unisson\",\"description\":\"Appareil auditif et proth\u00e8se auditive Moins Cher jusqu&#039;\u00e0 -40%\",\"publisher\":{\"@id\":\"https:\/\/www.laboratoires-unisson.com\/fr-be#organization\"},\"potentialAction\":[{\"@type\":\"SearchAction\",\"target\":{\"@type\":\"EntryPoint\",\"urlTemplate\":\"https:\/\/www.laboratoires-unisson.com\/fr-be?s={search_term_string}\"},\"query-input\":{\"@type\":\"PropertyValueSpecification\",\"valueRequired\":true,\"valueName\":\"search_term_string\"}}],\"inLanguage\":\"fr-BE\"},{\"@type\":\"Organization\",\"@id\":\"https:\/\/www.laboratoires-unisson.com\/fr-be#organization\",\"name\":\"Laboratoires Unisson\",\"url\":\"https:\/\/www.laboratoires-unisson.com\/fr-be\",\"logo\":{\"@type\":\"ImageObject\",\"inLanguage\":\"fr-BE\",\"@id\":\"https:\/\/www.laboratoires-unisson.com\/fr-be#\/schema\/logo\/image\/\",\"url\":\"https:\/\/www.laboratoires-unisson.com\/wp-content\/uploads\/2022\/01\/logo-unisson.svg\",\"contentUrl\":\"https:\/\/www.laboratoires-unisson.com\/wp-content\/uploads\/2022\/01\/logo-unisson.svg\",\"width\":1,\"height\":1,\"caption\":\"Laboratoires Unisson\"},\"image\":{\"@id\":\"https:\/\/www.laboratoires-unisson.com\/fr-be#\/schema\/logo\/image\/\"}}]}<\/script>\n<!-- \/ Yoast SEO plugin. -->","yoast_head_json":{"title":"Pastilles effervescentes Effer'net - Laboratoires Unisson","description":"20 comprim\u00e9s effervescents Effer'Net 20 de Newson. Ces comprim\u00e9s permettent de dissoudre le c\u00e9rumen de vos embouts auriculaires d'appareils auditifs. Pour","robots":{"index":"index","follow":"follow","max-snippet":"max-snippet:-1","max-image-preview":"max-image-preview:large","max-video-preview":"max-video-preview:-1"},"canonical":"https:\/\/www.laboratoires-unisson.com\/fr-be\/wp-json\/wp\/v2\/product\/32164","og_locale":"fr_FR","og_type":"article","og_title":"Pastilles effervescentes Effer'net - Laboratoires Unisson","og_description":"20 comprim\u00e9s effervescents Effer'Net 20 de Newson. Ces comprim\u00e9s permettent de dissoudre le c\u00e9rumen de vos embouts auriculaires d'appareils auditifs. Pour","og_url":"https:\/\/www.laboratoires-unisson.com\/fr-be\/produit\/unisson\/pastilles-effervescentes-effernet","og_site_name":"Laboratoires Unisson","twitter_card":"summary_large_image","schema":{"@context":"https:\/\/schema.org","@graph":[{"@type":"WebPage","@id":"https:\/\/www.laboratoires-unisson.com\/fr-be\/produit\/unisson\/pastilles-effervescentes-effernet","url":"https:\/\/www.laboratoires-unisson.com\/fr-be\/produit\/unisson\/pastilles-effervescentes-effernet","name":"Pastilles effervescentes Effer'net - Laboratoires Unisson","isPartOf":{"@id":"https:\/\/www.laboratoires-unisson.com\/fr-be#website"},"primaryImageOfPage":{"@id":"https:\/\/www.laboratoires-unisson.com\/fr-be\/produit\/unisson\/pastilles-effervescentes-effernet#primaryimage"},"image":{"@id":"https:\/\/www.laboratoires-unisson.com\/fr-be\/produit\/unisson\/pastilles-effervescentes-effernet#primaryimage"},"thumbnailUrl":"https:\/\/www.laboratoires-unisson.com\/wp-content\/uploads\/2022\/05\/Unisson-Pastilles-effervescentes-Effer-net.png","datePublished":"2022-05-03T09:42:32+00:00","description":"20 comprim\u00e9s effervescents Effer'Net 20 de Newson. Ces comprim\u00e9s permettent de dissoudre le c\u00e9rumen de vos embouts auriculaires d'appareils auditifs. Pour","breadcrumb":{"@id":"https:\/\/www.laboratoires-unisson.com\/fr-be\/produit\/unisson\/pastilles-effervescentes-effernet#breadcrumb"},"inLanguage":"fr-BE","potentialAction":[{"@type":"ReadAction","target":["https:\/\/www.laboratoires-unisson.com\/fr-be\/produit\/unisson\/pastilles-effervescentes-effernet"]}]},{"@type":"ImageObject","inLanguage":"fr-BE","@id":"https:\/\/www.laboratoires-unisson.com\/fr-be\/produit\/unisson\/pastilles-effervescentes-effernet#primaryimage","url":"https:\/\/www.laboratoires-unisson.com\/wp-content\/uploads\/2022\/05\/Unisson-Pastilles-effervescentes-Effer-net.png","contentUrl":"https:\/\/www.laboratoires-unisson.com\/wp-content\/uploads\/2022\/05\/Unisson-Pastilles-effervescentes-Effer-net.png","width":350,"height":350},{"@type":"BreadcrumbList","@id":"https:\/\/www.laboratoires-unisson.com\/fr-be\/produit\/unisson\/pastilles-effervescentes-effernet#breadcrumb","itemListElement":[{"@type":"ListItem","position":1,"name":"Shop","item":"https:\/\/www.laboratoires-unisson.com\/fr-be\/shop"},{"@type":"ListItem","position":2,"name":"Pastilles effervescentes Effer&rsquo;net"}]},{"@type":"WebSite","@id":"https:\/\/www.laboratoires-unisson.com\/fr-be#website","url":"https:\/\/www.laboratoires-unisson.com\/fr-be","name":"Laboratoires Unisson","description":"Appareil auditif et proth\u00e8se auditive Moins Cher jusqu&#039;\u00e0 -40%","publisher":{"@id":"https:\/\/www.laboratoires-unisson.com\/fr-be#organization"},"potentialAction":[{"@type":"SearchAction","target":{"@type":"EntryPoint","urlTemplate":"https:\/\/www.laboratoires-unisson.com\/fr-be?s={search_term_string}"},"query-input":{"@type":"PropertyValueSpecification","valueRequired":true,"valueName":"search_term_string"}}],"inLanguage":"fr-BE"},{"@type":"Organization","@id":"https:\/\/www.laboratoires-unisson.com\/fr-be#organization","name":"Laboratoires Unisson","url":"https:\/\/www.laboratoires-unisson.com\/fr-be","logo":{"@type":"ImageObject","inLanguage":"fr-BE","@id":"https:\/\/www.laboratoires-unisson.com\/fr-be#\/schema\/logo\/image\/","url":"https:\/\/www.laboratoires-unisson.com\/wp-content\/uploads\/2022\/01\/logo-unisson.svg","contentUrl":"https:\/\/www.laboratoires-unisson.com\/wp-content\/uploads\/2022\/01\/logo-unisson.svg","width":1,"height":1,"caption":"Laboratoires Unisson"},"image":{"@id":"https:\/\/www.laboratoires-unisson.com\/fr-be#\/schema\/logo\/image\/"}}]}},"_links":{"self":[{"href":"https:\/\/www.laboratoires-unisson.com\/fr-be\/wp-json\/wp\/v2\/product\/32164","targetHints":{"allow":["GET"]}}],"collection":[{"href":"https:\/\/www.laboratoires-unisson.com\/fr-be\/wp-json\/wp\/v2\/product"}],"about":[{"href":"https:\/\/www.laboratoires-unisson.com\/fr-be\/wp-json\/wp\/v2\/types\/product"}],"wp:featuredmedia":[{"embeddable":true,"href":"https:\/\/www.laboratoires-unisson.com\/fr-be\/wp-json\/wp\/v2\/media\/20764"}],"wp:attachment":[{"href":"https:\/\/www.laboratoires-unisson.com\/fr-be\/wp-json\/wp\/v2\/media?parent=32164"}],"wp:term":[{"taxonomy":"product_brand","embeddable":true,"href":"https:\/\/www.laboratoires-unisson.com\/fr-be\/wp-json\/wp\/v2\/product_brand?post=32164"},{"taxonomy":"product_cat","embeddable":true,"href":"https:\/\/www.laboratoires-unisson.com\/fr-be\/wp-json\/wp\/v2\/product_cat?post=32164"},{"taxonomy":"product_tag","embeddable":true,"href":"https:\/\/www.laboratoires-unisson.com\/fr-be\/wp-json\/wp\/v2\/product_tag?post=32164"}],"curies":[{"name":"wp","href":"https:\/\/api.w.org\/{rel}","templated":true}]}}