{"id":32165,"date":"2022-05-03T11:35:53","date_gmt":"2022-05-03T09:35:53","guid":{"rendered":"https:\/\/www.laboratoires-unisson.com\/produit\/bombe-a-air-sec-gaz-net-2"},"modified":"2022-05-03T11:35:53","modified_gmt":"2022-05-03T09:35:53","slug":"bombe-a-air-sec-gaz-net","status":"publish","type":"product","link":"https:\/\/www.laboratoires-unisson.com\/fr-be\/produit\/unisson\/bombe-a-air-sec-gaz-net","title":{"rendered":"Bombe \u00e0 air sec GAZ NET"},"content":{"rendered":"<p>La bombe \u00e0 air GAZ NET de MG Developpement est une solution \u00e0 air comprim\u00e9 vous permettant de s\u00e9cher et d\u00e9poussi\u00e9rer vos <a href=\"https:\/\/www.laboratoires-unisson.com\/fr-be\/appareils-auditifs\">appareils auditifs<\/a> et embouts. GAZ NET est totalement inodore et exempt d&#8217;impuret\u00e9s. Ce produit est disponible au format 150ml. En plus d&#8217;autres produits nettoyant, cette bombe vous sera indispensable pour garantir l&#8217;entretien de vos appareils auditifs et leur dur\u00e9e de vie.<\/p>\n<p>Attention : GAZ NET est un produit inflammable (Gaz 134A Ininflammable)<\/p>\n","protected":false},"excerpt":{"rendered":"<p>La bombe \u00e0 air GAZ NET de MG Developpement est une solution \u00e0 air comprim\u00e9 vous permettant de s\u00e9cher et d\u00e9poussi\u00e9rer vos appareils auditifs et embouts. GAZ NET est totalement inodore et exempt d&#8217;impuret\u00e9s. Ce produit est disponible au format 150ml. En plus d&#8217;autres produits nettoyant, cette bombe vous sera indispensable pour garantir l&#8217;entretien de [&hellip;]<\/p>\n","protected":false},"featured_media":27152,"template":"","meta":{"_acf_changed":false},"product_brand":[],"product_cat":[3434],"product_tag":[],"class_list":{"0":"post-32165","1":"product","2":"type-product","3":"status-publish","4":"has-post-thumbnail","6":"product_cat-nettoyage-fr-be","8":"first","9":"instock","10":"taxable","11":"shipping-taxable","12":"purchasable","13":"product-type-simple"},"acf":[],"yoast_head":"<!-- This site is optimized with the Yoast SEO plugin v27.1.1 - https:\/\/yoast.com\/product\/yoast-seo-wordpress\/ -->\n<title>Bombe \u00e0 air sec GAZ NET - Laboratoires Unisson<\/title>\n<meta name=\"description\" content=\"La bombe \u00e0 air GAZ NET de MG Developpement est une solution \u00e0 air comprim\u00e9 vous permettant de s\u00e9cher et d\u00e9poussi\u00e9rer vos appareils auditifs et embouts.\" \/>\n<meta name=\"robots\" content=\"index, follow, max-snippet:-1, max-image-preview:large, max-video-preview:-1\" \/>\n<link rel=\"canonical\" href=\"https:\/\/www.laboratoires-unisson.com\/fr-be\/wp-json\/wp\/v2\/product\/32165\" \/>\n<meta property=\"og:locale\" content=\"fr_FR\" \/>\n<meta property=\"og:type\" content=\"article\" \/>\n<meta property=\"og:title\" content=\"Bombe \u00e0 air sec GAZ NET - Laboratoires Unisson\" \/>\n<meta property=\"og:description\" content=\"La bombe \u00e0 air GAZ NET de MG Developpement est une solution \u00e0 air comprim\u00e9 vous permettant de s\u00e9cher et d\u00e9poussi\u00e9rer vos appareils auditifs et embouts.\" \/>\n<meta property=\"og:url\" content=\"https:\/\/www.laboratoires-unisson.com\/fr-be\/produit\/unisson\/bombe-a-air-sec-gaz-net\" \/>\n<meta property=\"og:site_name\" content=\"Laboratoires Unisson\" \/>\n<meta name=\"twitter:card\" content=\"summary_large_image\" \/>\n<script type=\"application\/ld+json\" class=\"yoast-schema-graph\">{\"@context\":\"https:\/\/schema.org\",\"@graph\":[{\"@type\":\"WebPage\",\"@id\":\"https:\/\/www.laboratoires-unisson.com\/fr-be\/produit\/unisson\/bombe-a-air-sec-gaz-net\",\"url\":\"https:\/\/www.laboratoires-unisson.com\/fr-be\/produit\/unisson\/bombe-a-air-sec-gaz-net\",\"name\":\"Bombe \u00e0 air sec GAZ NET - Laboratoires Unisson\",\"isPartOf\":{\"@id\":\"https:\/\/www.laboratoires-unisson.com\/fr-be#website\"},\"primaryImageOfPage\":{\"@id\":\"https:\/\/www.laboratoires-unisson.com\/fr-be\/produit\/unisson\/bombe-a-air-sec-gaz-net#primaryimage\"},\"image\":{\"@id\":\"https:\/\/www.laboratoires-unisson.com\/fr-be\/produit\/unisson\/bombe-a-air-sec-gaz-net#primaryimage\"},\"thumbnailUrl\":\"https:\/\/www.laboratoires-unisson.com\/wp-content\/uploads\/2022\/05\/bombe-air-gaz-net-pour-appareil-auditif.png\",\"datePublished\":\"2022-05-03T09:35:53+00:00\",\"description\":\"La bombe \u00e0 air GAZ NET de MG Developpement est une solution \u00e0 air comprim\u00e9 vous permettant de s\u00e9cher et d\u00e9poussi\u00e9rer vos appareils auditifs et embouts.\",\"breadcrumb\":{\"@id\":\"https:\/\/www.laboratoires-unisson.com\/fr-be\/produit\/unisson\/bombe-a-air-sec-gaz-net#breadcrumb\"},\"inLanguage\":\"fr-BE\",\"potentialAction\":[{\"@type\":\"ReadAction\",\"target\":[\"https:\/\/www.laboratoires-unisson.com\/fr-be\/produit\/unisson\/bombe-a-air-sec-gaz-net\"]}]},{\"@type\":\"ImageObject\",\"inLanguage\":\"fr-BE\",\"@id\":\"https:\/\/www.laboratoires-unisson.com\/fr-be\/produit\/unisson\/bombe-a-air-sec-gaz-net#primaryimage\",\"url\":\"https:\/\/www.laboratoires-unisson.com\/wp-content\/uploads\/2022\/05\/bombe-air-gaz-net-pour-appareil-auditif.png\",\"contentUrl\":\"https:\/\/www.laboratoires-unisson.com\/wp-content\/uploads\/2022\/05\/bombe-air-gaz-net-pour-appareil-auditif.png\",\"width\":600,\"height\":632,\"caption\":\"bombe air gaz net pour appareil auditif\"},{\"@type\":\"BreadcrumbList\",\"@id\":\"https:\/\/www.laboratoires-unisson.com\/fr-be\/produit\/unisson\/bombe-a-air-sec-gaz-net#breadcrumb\",\"itemListElement\":[{\"@type\":\"ListItem\",\"position\":1,\"name\":\"Shop\",\"item\":\"https:\/\/www.laboratoires-unisson.com\/fr-be\/shop\"},{\"@type\":\"ListItem\",\"position\":2,\"name\":\"Bombe \u00e0 air sec GAZ NET\"}]},{\"@type\":\"WebSite\",\"@id\":\"https:\/\/www.laboratoires-unisson.com\/fr-be#website\",\"url\":\"https:\/\/www.laboratoires-unisson.com\/fr-be\",\"name\":\"Laboratoires Unisson\",\"description\":\"Appareil auditif et proth\u00e8se auditive Moins Cher jusqu&#039;\u00e0 -40%\",\"publisher\":{\"@id\":\"https:\/\/www.laboratoires-unisson.com\/fr-be#organization\"},\"potentialAction\":[{\"@type\":\"SearchAction\",\"target\":{\"@type\":\"EntryPoint\",\"urlTemplate\":\"https:\/\/www.laboratoires-unisson.com\/fr-be?s={search_term_string}\"},\"query-input\":{\"@type\":\"PropertyValueSpecification\",\"valueRequired\":true,\"valueName\":\"search_term_string\"}}],\"inLanguage\":\"fr-BE\"},{\"@type\":\"Organization\",\"@id\":\"https:\/\/www.laboratoires-unisson.com\/fr-be#organization\",\"name\":\"Laboratoires Unisson\",\"url\":\"https:\/\/www.laboratoires-unisson.com\/fr-be\",\"logo\":{\"@type\":\"ImageObject\",\"inLanguage\":\"fr-BE\",\"@id\":\"https:\/\/www.laboratoires-unisson.com\/fr-be#\/schema\/logo\/image\/\",\"url\":\"https:\/\/www.laboratoires-unisson.com\/wp-content\/uploads\/2022\/01\/logo-unisson.svg\",\"contentUrl\":\"https:\/\/www.laboratoires-unisson.com\/wp-content\/uploads\/2022\/01\/logo-unisson.svg\",\"width\":1,\"height\":1,\"caption\":\"Laboratoires Unisson\"},\"image\":{\"@id\":\"https:\/\/www.laboratoires-unisson.com\/fr-be#\/schema\/logo\/image\/\"}}]}<\/script>\n<!-- \/ Yoast SEO plugin. -->","yoast_head_json":{"title":"Bombe \u00e0 air sec GAZ NET - Laboratoires Unisson","description":"La bombe \u00e0 air GAZ NET de MG Developpement est une solution \u00e0 air comprim\u00e9 vous permettant de s\u00e9cher et d\u00e9poussi\u00e9rer vos appareils auditifs et embouts.","robots":{"index":"index","follow":"follow","max-snippet":"max-snippet:-1","max-image-preview":"max-image-preview:large","max-video-preview":"max-video-preview:-1"},"canonical":"https:\/\/www.laboratoires-unisson.com\/fr-be\/wp-json\/wp\/v2\/product\/32165","og_locale":"fr_FR","og_type":"article","og_title":"Bombe \u00e0 air sec GAZ NET - Laboratoires Unisson","og_description":"La bombe \u00e0 air GAZ NET de MG Developpement est une solution \u00e0 air comprim\u00e9 vous permettant de s\u00e9cher et d\u00e9poussi\u00e9rer vos appareils auditifs et embouts.","og_url":"https:\/\/www.laboratoires-unisson.com\/fr-be\/produit\/unisson\/bombe-a-air-sec-gaz-net","og_site_name":"Laboratoires Unisson","twitter_card":"summary_large_image","schema":{"@context":"https:\/\/schema.org","@graph":[{"@type":"WebPage","@id":"https:\/\/www.laboratoires-unisson.com\/fr-be\/produit\/unisson\/bombe-a-air-sec-gaz-net","url":"https:\/\/www.laboratoires-unisson.com\/fr-be\/produit\/unisson\/bombe-a-air-sec-gaz-net","name":"Bombe \u00e0 air sec GAZ NET - Laboratoires Unisson","isPartOf":{"@id":"https:\/\/www.laboratoires-unisson.com\/fr-be#website"},"primaryImageOfPage":{"@id":"https:\/\/www.laboratoires-unisson.com\/fr-be\/produit\/unisson\/bombe-a-air-sec-gaz-net#primaryimage"},"image":{"@id":"https:\/\/www.laboratoires-unisson.com\/fr-be\/produit\/unisson\/bombe-a-air-sec-gaz-net#primaryimage"},"thumbnailUrl":"https:\/\/www.laboratoires-unisson.com\/wp-content\/uploads\/2022\/05\/bombe-air-gaz-net-pour-appareil-auditif.png","datePublished":"2022-05-03T09:35:53+00:00","description":"La bombe \u00e0 air GAZ NET de MG Developpement est une solution \u00e0 air comprim\u00e9 vous permettant de s\u00e9cher et d\u00e9poussi\u00e9rer vos appareils auditifs et embouts.","breadcrumb":{"@id":"https:\/\/www.laboratoires-unisson.com\/fr-be\/produit\/unisson\/bombe-a-air-sec-gaz-net#breadcrumb"},"inLanguage":"fr-BE","potentialAction":[{"@type":"ReadAction","target":["https:\/\/www.laboratoires-unisson.com\/fr-be\/produit\/unisson\/bombe-a-air-sec-gaz-net"]}]},{"@type":"ImageObject","inLanguage":"fr-BE","@id":"https:\/\/www.laboratoires-unisson.com\/fr-be\/produit\/unisson\/bombe-a-air-sec-gaz-net#primaryimage","url":"https:\/\/www.laboratoires-unisson.com\/wp-content\/uploads\/2022\/05\/bombe-air-gaz-net-pour-appareil-auditif.png","contentUrl":"https:\/\/www.laboratoires-unisson.com\/wp-content\/uploads\/2022\/05\/bombe-air-gaz-net-pour-appareil-auditif.png","width":600,"height":632,"caption":"bombe air gaz net pour appareil auditif"},{"@type":"BreadcrumbList","@id":"https:\/\/www.laboratoires-unisson.com\/fr-be\/produit\/unisson\/bombe-a-air-sec-gaz-net#breadcrumb","itemListElement":[{"@type":"ListItem","position":1,"name":"Shop","item":"https:\/\/www.laboratoires-unisson.com\/fr-be\/shop"},{"@type":"ListItem","position":2,"name":"Bombe \u00e0 air sec GAZ NET"}]},{"@type":"WebSite","@id":"https:\/\/www.laboratoires-unisson.com\/fr-be#website","url":"https:\/\/www.laboratoires-unisson.com\/fr-be","name":"Laboratoires Unisson","description":"Appareil auditif et proth\u00e8se auditive Moins Cher jusqu&#039;\u00e0 -40%","publisher":{"@id":"https:\/\/www.laboratoires-unisson.com\/fr-be#organization"},"potentialAction":[{"@type":"SearchAction","target":{"@type":"EntryPoint","urlTemplate":"https:\/\/www.laboratoires-unisson.com\/fr-be?s={search_term_string}"},"query-input":{"@type":"PropertyValueSpecification","valueRequired":true,"valueName":"search_term_string"}}],"inLanguage":"fr-BE"},{"@type":"Organization","@id":"https:\/\/www.laboratoires-unisson.com\/fr-be#organization","name":"Laboratoires Unisson","url":"https:\/\/www.laboratoires-unisson.com\/fr-be","logo":{"@type":"ImageObject","inLanguage":"fr-BE","@id":"https:\/\/www.laboratoires-unisson.com\/fr-be#\/schema\/logo\/image\/","url":"https:\/\/www.laboratoires-unisson.com\/wp-content\/uploads\/2022\/01\/logo-unisson.svg","contentUrl":"https:\/\/www.laboratoires-unisson.com\/wp-content\/uploads\/2022\/01\/logo-unisson.svg","width":1,"height":1,"caption":"Laboratoires Unisson"},"image":{"@id":"https:\/\/www.laboratoires-unisson.com\/fr-be#\/schema\/logo\/image\/"}}]}},"_links":{"self":[{"href":"https:\/\/www.laboratoires-unisson.com\/fr-be\/wp-json\/wp\/v2\/product\/32165","targetHints":{"allow":["GET"]}}],"collection":[{"href":"https:\/\/www.laboratoires-unisson.com\/fr-be\/wp-json\/wp\/v2\/product"}],"about":[{"href":"https:\/\/www.laboratoires-unisson.com\/fr-be\/wp-json\/wp\/v2\/types\/product"}],"wp:featuredmedia":[{"embeddable":true,"href":"https:\/\/www.laboratoires-unisson.com\/fr-be\/wp-json\/wp\/v2\/media\/27152"}],"wp:attachment":[{"href":"https:\/\/www.laboratoires-unisson.com\/fr-be\/wp-json\/wp\/v2\/media?parent=32165"}],"wp:term":[{"taxonomy":"product_brand","embeddable":true,"href":"https:\/\/www.laboratoires-unisson.com\/fr-be\/wp-json\/wp\/v2\/product_brand?post=32165"},{"taxonomy":"product_cat","embeddable":true,"href":"https:\/\/www.laboratoires-unisson.com\/fr-be\/wp-json\/wp\/v2\/product_cat?post=32165"},{"taxonomy":"product_tag","embeddable":true,"href":"https:\/\/www.laboratoires-unisson.com\/fr-be\/wp-json\/wp\/v2\/product_tag?post=32165"}],"curies":[{"name":"wp","href":"https:\/\/api.w.org\/{rel}","templated":true}]}}