{"id":32166,"date":"2022-05-03T11:37:58","date_gmt":"2022-05-03T09:37:58","guid":{"rendered":"https:\/\/www.laboratoires-unisson.com\/produit\/spray-bross-net-2"},"modified":"2022-05-03T11:37:58","modified_gmt":"2022-05-03T09:37:58","slug":"spray-bross-net","status":"publish","type":"product","link":"https:\/\/www.laboratoires-unisson.com\/fr-be\/produit\/unisson\/spray-bross-net","title":{"rendered":"Spray Bross Net"},"content":{"rendered":"<p>BROSS NET de Newson est un spray nettoyant fongicide, antiseptique et bact\u00e9ricide. Il permet de nettoyer vos <a href=\"https:\/\/www.laboratoires-unisson.com\/fr-be\/appareils-auditifs\">appareils auditifs<\/a> intra-auriculaire et embouts de contours d&#8217;oreille. BROSS NET est \u00e9quip\u00e9 d&#8217;une brosse fine qui facilite le nettoyage. Cette solution vous garantit une hygi\u00e8ne irr\u00e9prochable, \u00e9liminant quasi instantan\u00e9ment C\u00e9rumen et autres d\u00e9p\u00f4ts.<\/p>\n<p>Caract\u00e9ristiques<\/p>\n<p>&#8211; Contenance : 50ml ou 75ml<\/p>\n<p>&#8211; \u00c9quip\u00e9 d&#8217;une brosse fine<\/p>\n<p>&#8211; Produit recommand\u00e9 par les fabricants d&#8217;appareils auditifs<\/p>\n<p>Consignes d&#8217;utilisation<\/p>\n<p>Exercez une l\u00e9g\u00e8re pression pour imbiber suffisamment la brosse puis appliquer celle-ci sur vos appareils :<\/p>\n<p>&#8211; A l&#8217;extr\u00e9mit\u00e9 de votre embout s&#8217;il s&#8217;agit d&#8217;un contour<\/p>\n<p>&#8211; Au niveau de la sortie du son dans le cas d&#8217;un intra-auriculaire<\/p>\n<p>Ensuite, laissez agir la solution 5 minute puis repassez un coup de brosse. Enfin, nous vous conseillons d&#8217;en profiter pour s\u00e9cher convenablement vos appareils et\/ou embouts, \u00e0 l&#8217;aide de capsules d\u00e9shydratantes.<\/p>\n","protected":false},"excerpt":{"rendered":"<p>BROSS NET de Newson est un spray nettoyant fongicide, antiseptique et bact\u00e9ricide. Il permet de nettoyer vos appareils auditifs intra-auriculaire et embouts de contours d&#8217;oreille. BROSS NET est \u00e9quip\u00e9 d&#8217;une brosse fine qui facilite le nettoyage. Cette solution vous garantit une hygi\u00e8ne irr\u00e9prochable, \u00e9liminant quasi instantan\u00e9ment C\u00e9rumen et autres d\u00e9p\u00f4ts. Caract\u00e9ristiques &#8211; Contenance : 50ml [&hellip;]<\/p>\n","protected":false},"featured_media":20773,"template":"","meta":{"_acf_changed":false},"product_brand":[],"product_cat":[3434],"product_tag":[],"class_list":{"0":"post-32166","1":"product","2":"type-product","3":"status-publish","4":"has-post-thumbnail","6":"product_cat-nettoyage-fr-be","8":"first","9":"instock","10":"taxable","11":"shipping-taxable","12":"purchasable","13":"product-type-variable"},"acf":[],"yoast_head":"<!-- This site is optimized with the Yoast SEO plugin v27.1.1 - https:\/\/yoast.com\/product\/yoast-seo-wordpress\/ -->\n<title>Spray Bross Net - Laboratoires Unisson<\/title>\n<meta name=\"description\" content=\"BROSS NET de Newson est un spray nettoyant fongicide, antiseptique et bact\u00e9ricide. Il permet de nettoyer vos appareils auditifs intra-auriculaire et\" \/>\n<meta name=\"robots\" content=\"index, follow, max-snippet:-1, max-image-preview:large, max-video-preview:-1\" \/>\n<link rel=\"canonical\" href=\"https:\/\/www.laboratoires-unisson.com\/fr-be\/wp-json\/wp\/v2\/product\/32166\" \/>\n<meta property=\"og:locale\" content=\"fr_FR\" \/>\n<meta property=\"og:type\" content=\"article\" \/>\n<meta property=\"og:title\" content=\"Spray Bross Net - Laboratoires Unisson\" \/>\n<meta property=\"og:description\" content=\"BROSS NET de Newson est un spray nettoyant fongicide, antiseptique et bact\u00e9ricide. Il permet de nettoyer vos appareils auditifs intra-auriculaire et\" \/>\n<meta property=\"og:url\" content=\"https:\/\/www.laboratoires-unisson.com\/fr-be\/produit\/unisson\/spray-bross-net\" \/>\n<meta property=\"og:site_name\" content=\"Laboratoires Unisson\" \/>\n<meta name=\"twitter:card\" content=\"summary_large_image\" \/>\n<meta name=\"twitter:label1\" content=\"Est. reading time\" \/>\n\t<meta name=\"twitter:data1\" content=\"1 minute\" \/>\n<script type=\"application\/ld+json\" class=\"yoast-schema-graph\">{\"@context\":\"https:\/\/schema.org\",\"@graph\":[{\"@type\":\"WebPage\",\"@id\":\"https:\/\/www.laboratoires-unisson.com\/fr-be\/produit\/unisson\/spray-bross-net\",\"url\":\"https:\/\/www.laboratoires-unisson.com\/fr-be\/produit\/unisson\/spray-bross-net\",\"name\":\"Spray Bross Net - Laboratoires Unisson\",\"isPartOf\":{\"@id\":\"https:\/\/www.laboratoires-unisson.com\/fr-be#website\"},\"primaryImageOfPage\":{\"@id\":\"https:\/\/www.laboratoires-unisson.com\/fr-be\/produit\/unisson\/spray-bross-net#primaryimage\"},\"image\":{\"@id\":\"https:\/\/www.laboratoires-unisson.com\/fr-be\/produit\/unisson\/spray-bross-net#primaryimage\"},\"thumbnailUrl\":\"https:\/\/www.laboratoires-unisson.com\/wp-content\/uploads\/2022\/05\/Unisson-Spray-Bross-Net.png\",\"datePublished\":\"2022-05-03T09:37:58+00:00\",\"description\":\"BROSS NET de Newson est un spray nettoyant fongicide, antiseptique et bact\u00e9ricide. Il permet de nettoyer vos appareils auditifs intra-auriculaire et\",\"breadcrumb\":{\"@id\":\"https:\/\/www.laboratoires-unisson.com\/fr-be\/produit\/unisson\/spray-bross-net#breadcrumb\"},\"inLanguage\":\"fr-BE\",\"potentialAction\":[{\"@type\":\"ReadAction\",\"target\":[\"https:\/\/www.laboratoires-unisson.com\/fr-be\/produit\/unisson\/spray-bross-net\"]}]},{\"@type\":\"ImageObject\",\"inLanguage\":\"fr-BE\",\"@id\":\"https:\/\/www.laboratoires-unisson.com\/fr-be\/produit\/unisson\/spray-bross-net#primaryimage\",\"url\":\"https:\/\/www.laboratoires-unisson.com\/wp-content\/uploads\/2022\/05\/Unisson-Spray-Bross-Net.png\",\"contentUrl\":\"https:\/\/www.laboratoires-unisson.com\/wp-content\/uploads\/2022\/05\/Unisson-Spray-Bross-Net.png\",\"width\":450,\"height\":500},{\"@type\":\"BreadcrumbList\",\"@id\":\"https:\/\/www.laboratoires-unisson.com\/fr-be\/produit\/unisson\/spray-bross-net#breadcrumb\",\"itemListElement\":[{\"@type\":\"ListItem\",\"position\":1,\"name\":\"Shop\",\"item\":\"https:\/\/www.laboratoires-unisson.com\/fr-be\/shop\"},{\"@type\":\"ListItem\",\"position\":2,\"name\":\"Spray Bross Net\"}]},{\"@type\":\"WebSite\",\"@id\":\"https:\/\/www.laboratoires-unisson.com\/fr-be#website\",\"url\":\"https:\/\/www.laboratoires-unisson.com\/fr-be\",\"name\":\"Laboratoires Unisson\",\"description\":\"Appareil auditif et proth\u00e8se auditive Moins Cher jusqu&#039;\u00e0 -40%\",\"publisher\":{\"@id\":\"https:\/\/www.laboratoires-unisson.com\/fr-be#organization\"},\"potentialAction\":[{\"@type\":\"SearchAction\",\"target\":{\"@type\":\"EntryPoint\",\"urlTemplate\":\"https:\/\/www.laboratoires-unisson.com\/fr-be?s={search_term_string}\"},\"query-input\":{\"@type\":\"PropertyValueSpecification\",\"valueRequired\":true,\"valueName\":\"search_term_string\"}}],\"inLanguage\":\"fr-BE\"},{\"@type\":\"Organization\",\"@id\":\"https:\/\/www.laboratoires-unisson.com\/fr-be#organization\",\"name\":\"Laboratoires Unisson\",\"url\":\"https:\/\/www.laboratoires-unisson.com\/fr-be\",\"logo\":{\"@type\":\"ImageObject\",\"inLanguage\":\"fr-BE\",\"@id\":\"https:\/\/www.laboratoires-unisson.com\/fr-be#\/schema\/logo\/image\/\",\"url\":\"https:\/\/www.laboratoires-unisson.com\/wp-content\/uploads\/2022\/01\/logo-unisson.svg\",\"contentUrl\":\"https:\/\/www.laboratoires-unisson.com\/wp-content\/uploads\/2022\/01\/logo-unisson.svg\",\"width\":1,\"height\":1,\"caption\":\"Laboratoires Unisson\"},\"image\":{\"@id\":\"https:\/\/www.laboratoires-unisson.com\/fr-be#\/schema\/logo\/image\/\"}}]}<\/script>\n<!-- \/ Yoast SEO plugin. -->","yoast_head_json":{"title":"Spray Bross Net - Laboratoires Unisson","description":"BROSS NET de Newson est un spray nettoyant fongicide, antiseptique et bact\u00e9ricide. Il permet de nettoyer vos appareils auditifs intra-auriculaire et","robots":{"index":"index","follow":"follow","max-snippet":"max-snippet:-1","max-image-preview":"max-image-preview:large","max-video-preview":"max-video-preview:-1"},"canonical":"https:\/\/www.laboratoires-unisson.com\/fr-be\/wp-json\/wp\/v2\/product\/32166","og_locale":"fr_FR","og_type":"article","og_title":"Spray Bross Net - Laboratoires Unisson","og_description":"BROSS NET de Newson est un spray nettoyant fongicide, antiseptique et bact\u00e9ricide. Il permet de nettoyer vos appareils auditifs intra-auriculaire et","og_url":"https:\/\/www.laboratoires-unisson.com\/fr-be\/produit\/unisson\/spray-bross-net","og_site_name":"Laboratoires Unisson","twitter_card":"summary_large_image","twitter_misc":{"Est. reading time":"1 minute"},"schema":{"@context":"https:\/\/schema.org","@graph":[{"@type":"WebPage","@id":"https:\/\/www.laboratoires-unisson.com\/fr-be\/produit\/unisson\/spray-bross-net","url":"https:\/\/www.laboratoires-unisson.com\/fr-be\/produit\/unisson\/spray-bross-net","name":"Spray Bross Net - Laboratoires Unisson","isPartOf":{"@id":"https:\/\/www.laboratoires-unisson.com\/fr-be#website"},"primaryImageOfPage":{"@id":"https:\/\/www.laboratoires-unisson.com\/fr-be\/produit\/unisson\/spray-bross-net#primaryimage"},"image":{"@id":"https:\/\/www.laboratoires-unisson.com\/fr-be\/produit\/unisson\/spray-bross-net#primaryimage"},"thumbnailUrl":"https:\/\/www.laboratoires-unisson.com\/wp-content\/uploads\/2022\/05\/Unisson-Spray-Bross-Net.png","datePublished":"2022-05-03T09:37:58+00:00","description":"BROSS NET de Newson est un spray nettoyant fongicide, antiseptique et bact\u00e9ricide. Il permet de nettoyer vos appareils auditifs intra-auriculaire et","breadcrumb":{"@id":"https:\/\/www.laboratoires-unisson.com\/fr-be\/produit\/unisson\/spray-bross-net#breadcrumb"},"inLanguage":"fr-BE","potentialAction":[{"@type":"ReadAction","target":["https:\/\/www.laboratoires-unisson.com\/fr-be\/produit\/unisson\/spray-bross-net"]}]},{"@type":"ImageObject","inLanguage":"fr-BE","@id":"https:\/\/www.laboratoires-unisson.com\/fr-be\/produit\/unisson\/spray-bross-net#primaryimage","url":"https:\/\/www.laboratoires-unisson.com\/wp-content\/uploads\/2022\/05\/Unisson-Spray-Bross-Net.png","contentUrl":"https:\/\/www.laboratoires-unisson.com\/wp-content\/uploads\/2022\/05\/Unisson-Spray-Bross-Net.png","width":450,"height":500},{"@type":"BreadcrumbList","@id":"https:\/\/www.laboratoires-unisson.com\/fr-be\/produit\/unisson\/spray-bross-net#breadcrumb","itemListElement":[{"@type":"ListItem","position":1,"name":"Shop","item":"https:\/\/www.laboratoires-unisson.com\/fr-be\/shop"},{"@type":"ListItem","position":2,"name":"Spray Bross Net"}]},{"@type":"WebSite","@id":"https:\/\/www.laboratoires-unisson.com\/fr-be#website","url":"https:\/\/www.laboratoires-unisson.com\/fr-be","name":"Laboratoires Unisson","description":"Appareil auditif et proth\u00e8se auditive Moins Cher jusqu&#039;\u00e0 -40%","publisher":{"@id":"https:\/\/www.laboratoires-unisson.com\/fr-be#organization"},"potentialAction":[{"@type":"SearchAction","target":{"@type":"EntryPoint","urlTemplate":"https:\/\/www.laboratoires-unisson.com\/fr-be?s={search_term_string}"},"query-input":{"@type":"PropertyValueSpecification","valueRequired":true,"valueName":"search_term_string"}}],"inLanguage":"fr-BE"},{"@type":"Organization","@id":"https:\/\/www.laboratoires-unisson.com\/fr-be#organization","name":"Laboratoires Unisson","url":"https:\/\/www.laboratoires-unisson.com\/fr-be","logo":{"@type":"ImageObject","inLanguage":"fr-BE","@id":"https:\/\/www.laboratoires-unisson.com\/fr-be#\/schema\/logo\/image\/","url":"https:\/\/www.laboratoires-unisson.com\/wp-content\/uploads\/2022\/01\/logo-unisson.svg","contentUrl":"https:\/\/www.laboratoires-unisson.com\/wp-content\/uploads\/2022\/01\/logo-unisson.svg","width":1,"height":1,"caption":"Laboratoires Unisson"},"image":{"@id":"https:\/\/www.laboratoires-unisson.com\/fr-be#\/schema\/logo\/image\/"}}]}},"_links":{"self":[{"href":"https:\/\/www.laboratoires-unisson.com\/fr-be\/wp-json\/wp\/v2\/product\/32166","targetHints":{"allow":["GET"]}}],"collection":[{"href":"https:\/\/www.laboratoires-unisson.com\/fr-be\/wp-json\/wp\/v2\/product"}],"about":[{"href":"https:\/\/www.laboratoires-unisson.com\/fr-be\/wp-json\/wp\/v2\/types\/product"}],"wp:featuredmedia":[{"embeddable":true,"href":"https:\/\/www.laboratoires-unisson.com\/fr-be\/wp-json\/wp\/v2\/media\/20773"}],"wp:attachment":[{"href":"https:\/\/www.laboratoires-unisson.com\/fr-be\/wp-json\/wp\/v2\/media?parent=32166"}],"wp:term":[{"taxonomy":"product_brand","embeddable":true,"href":"https:\/\/www.laboratoires-unisson.com\/fr-be\/wp-json\/wp\/v2\/product_brand?post=32166"},{"taxonomy":"product_cat","embeddable":true,"href":"https:\/\/www.laboratoires-unisson.com\/fr-be\/wp-json\/wp\/v2\/product_cat?post=32166"},{"taxonomy":"product_tag","embeddable":true,"href":"https:\/\/www.laboratoires-unisson.com\/fr-be\/wp-json\/wp\/v2\/product_tag?post=32166"}],"curies":[{"name":"wp","href":"https:\/\/api.w.org\/{rel}","templated":true}]}}