{"id":32173,"date":"2022-05-03T11:35:41","date_gmt":"2022-05-03T09:35:41","guid":{"rendered":"https:\/\/www.laboratoires-unisson.com\/produit\/675-0-mercure-2"},"modified":"2022-05-03T11:35:41","modified_gmt":"2022-05-03T09:35:41","slug":"675-0-mercure","status":"publish","type":"product","link":"https:\/\/www.laboratoires-unisson.com\/fr-be\/produit\/power-one\/675-0-mercure","title":{"rendered":"Piles auditives 675"},"content":{"rendered":"<p>Vendu par plaquette de 6. Les piles Power One 675 0% de mercure sont des piles pour <a href=\"https:\/\/www.laboratoires-unisson.com\/fr-be\/appareils-auditifs\">appareil auditif<\/a> num\u00e9rique ou analogique. Ces piles auditives sont sans mercure, pour la protection de l&#8217;environnement. Ces piles fraiches sans mercure sont valable 4 ans.<\/p>\n<p>Les piles auditives Power One 675 sont compatibles avec toutes les marques d&#8217;appareils auditifs (Siemens, Starkey, Widex, Oticon&#8230;).<\/p>\n<p>Power One leader des piles auditives vous assure une autonomie satisfaisante ainsi qu&#8217;un usage facilit\u00e9 gr\u00e2ce \u00e0 son packaging pratique.<\/p>\n<p>Les laboratoires Unisson s&#8217;engage \u00e0 vous fournir en piles auditives au meilleur prix, toute l&#8217;ann\u00e9e.<\/p>\n<p>Ces piles pour appareil auditif sont vendues par plaquettes de 6<\/p>\n<p>Caract\u00e9ristiques des piles Rayovac 675 sans mercure<\/p>\n<p>&#8211; 1.4 Volts Zinc Air<\/p>\n<p>&#8211; Dimensions: 5.4mm x 11.6mm<\/p>\n<p>&#8211; Piles auditives sans mercure, pas de pollution<\/p>\n<p>Attention : l&#8217;autonomie de ces piles auditives d\u00e9pend du r\u00e9glage de votre appareil auditif, les moyennes d\u00e9crites ci-dessous sont annonc\u00e9es \u00e0 titre indicatif.<\/p>\n<p>Pile 10 = code jaune | autonomie moyenne 70h<\/p>\n<p>Pile 312 = code marron | autonomie moyenne 100h<\/p>\n<p>Pile 13 = code orange | autonomie moyenne 150h<\/p>\n<p>Pile 675 = code bleu | autonomie moyenne 200h<\/p>\n","protected":false},"excerpt":{"rendered":"<p>Vendu par plaquette de 6. Les piles Power One 675 0% de mercure sont des piles pour appareil auditif num\u00e9rique ou analogique. Ces piles auditives sont sans mercure, pour la protection de l&#8217;environnement. Ces piles fraiches sans mercure sont valable 4 ans. Les piles auditives Power One 675 sont compatibles avec toutes les marques d&#8217;appareils [&hellip;]<\/p>\n","protected":false},"featured_media":20768,"template":"","meta":{"_acf_changed":false},"product_brand":[],"product_cat":[2641],"product_tag":[],"class_list":{"0":"post-32173","1":"product","2":"type-product","3":"status-publish","4":"has-post-thumbnail","6":"product_cat-piles-fr-be","8":"first","9":"instock","10":"taxable","11":"shipping-taxable","12":"purchasable","13":"product-type-simple"},"acf":[],"yoast_head":"<!-- This site is optimized with the Yoast SEO plugin v27.1.1 - https:\/\/yoast.com\/product\/yoast-seo-wordpress\/ -->\n<title>Piles auditives 675 - Laboratoires Unisson<\/title>\n<meta name=\"description\" content=\"Vendu par plaquette de 6. Les piles Power One 675 0% de mercure sont des piles pour appareil auditif num\u00e9rique ou analogique. Ces piles auditives sont\" \/>\n<meta name=\"robots\" content=\"index, follow, max-snippet:-1, max-image-preview:large, max-video-preview:-1\" \/>\n<link rel=\"canonical\" href=\"https:\/\/www.laboratoires-unisson.com\/fr-be\/wp-json\/wp\/v2\/product\/32173\" \/>\n<meta property=\"og:locale\" content=\"fr_FR\" \/>\n<meta property=\"og:type\" content=\"article\" \/>\n<meta property=\"og:title\" content=\"Piles auditives 675 - Laboratoires Unisson\" \/>\n<meta property=\"og:description\" content=\"Vendu par plaquette de 6. Les piles Power One 675 0% de mercure sont des piles pour appareil auditif num\u00e9rique ou analogique. Ces piles auditives sont\" \/>\n<meta property=\"og:url\" content=\"https:\/\/www.laboratoires-unisson.com\/fr-be\/produit\/power-one\/675-0-mercure\" \/>\n<meta property=\"og:site_name\" content=\"Laboratoires Unisson\" \/>\n<meta name=\"twitter:card\" content=\"summary_large_image\" \/>\n<meta name=\"twitter:label1\" content=\"Est. reading time\" \/>\n\t<meta name=\"twitter:data1\" content=\"1 minute\" \/>\n<script type=\"application\/ld+json\" class=\"yoast-schema-graph\">{\"@context\":\"https:\/\/schema.org\",\"@graph\":[{\"@type\":\"WebPage\",\"@id\":\"https:\/\/www.laboratoires-unisson.com\/fr-be\/produit\/power-one\/675-0-mercure\",\"url\":\"https:\/\/www.laboratoires-unisson.com\/fr-be\/produit\/power-one\/675-0-mercure\",\"name\":\"Piles auditives 675 - Laboratoires Unisson\",\"isPartOf\":{\"@id\":\"https:\/\/www.laboratoires-unisson.com\/fr-be#website\"},\"primaryImageOfPage\":{\"@id\":\"https:\/\/www.laboratoires-unisson.com\/fr-be\/produit\/power-one\/675-0-mercure#primaryimage\"},\"image\":{\"@id\":\"https:\/\/www.laboratoires-unisson.com\/fr-be\/produit\/power-one\/675-0-mercure#primaryimage\"},\"thumbnailUrl\":\"https:\/\/www.laboratoires-unisson.com\/wp-content\/uploads\/2022\/05\/Power-One-Piles-auditives-675-0-mercure.png\",\"datePublished\":\"2022-05-03T09:35:41+00:00\",\"description\":\"Vendu par plaquette de 6. Les piles Power One 675 0% de mercure sont des piles pour appareil auditif num\u00e9rique ou analogique. Ces piles auditives sont\",\"breadcrumb\":{\"@id\":\"https:\/\/www.laboratoires-unisson.com\/fr-be\/produit\/power-one\/675-0-mercure#breadcrumb\"},\"inLanguage\":\"fr-BE\",\"potentialAction\":[{\"@type\":\"ReadAction\",\"target\":[\"https:\/\/www.laboratoires-unisson.com\/fr-be\/produit\/power-one\/675-0-mercure\"]}]},{\"@type\":\"ImageObject\",\"inLanguage\":\"fr-BE\",\"@id\":\"https:\/\/www.laboratoires-unisson.com\/fr-be\/produit\/power-one\/675-0-mercure#primaryimage\",\"url\":\"https:\/\/www.laboratoires-unisson.com\/wp-content\/uploads\/2022\/05\/Power-One-Piles-auditives-675-0-mercure.png\",\"contentUrl\":\"https:\/\/www.laboratoires-unisson.com\/wp-content\/uploads\/2022\/05\/Power-One-Piles-auditives-675-0-mercure.png\",\"width\":500,\"height\":500},{\"@type\":\"BreadcrumbList\",\"@id\":\"https:\/\/www.laboratoires-unisson.com\/fr-be\/produit\/power-one\/675-0-mercure#breadcrumb\",\"itemListElement\":[{\"@type\":\"ListItem\",\"position\":1,\"name\":\"Shop\",\"item\":\"https:\/\/www.laboratoires-unisson.com\/fr-be\/shop\"},{\"@type\":\"ListItem\",\"position\":2,\"name\":\"Piles auditives 675\"}]},{\"@type\":\"WebSite\",\"@id\":\"https:\/\/www.laboratoires-unisson.com\/fr-be#website\",\"url\":\"https:\/\/www.laboratoires-unisson.com\/fr-be\",\"name\":\"Laboratoires Unisson\",\"description\":\"Appareil auditif et proth\u00e8se auditive Moins Cher jusqu&#039;\u00e0 -40%\",\"publisher\":{\"@id\":\"https:\/\/www.laboratoires-unisson.com\/fr-be#organization\"},\"potentialAction\":[{\"@type\":\"SearchAction\",\"target\":{\"@type\":\"EntryPoint\",\"urlTemplate\":\"https:\/\/www.laboratoires-unisson.com\/fr-be?s={search_term_string}\"},\"query-input\":{\"@type\":\"PropertyValueSpecification\",\"valueRequired\":true,\"valueName\":\"search_term_string\"}}],\"inLanguage\":\"fr-BE\"},{\"@type\":\"Organization\",\"@id\":\"https:\/\/www.laboratoires-unisson.com\/fr-be#organization\",\"name\":\"Laboratoires Unisson\",\"url\":\"https:\/\/www.laboratoires-unisson.com\/fr-be\",\"logo\":{\"@type\":\"ImageObject\",\"inLanguage\":\"fr-BE\",\"@id\":\"https:\/\/www.laboratoires-unisson.com\/fr-be#\/schema\/logo\/image\/\",\"url\":\"https:\/\/www.laboratoires-unisson.com\/wp-content\/uploads\/2022\/01\/logo-unisson.svg\",\"contentUrl\":\"https:\/\/www.laboratoires-unisson.com\/wp-content\/uploads\/2022\/01\/logo-unisson.svg\",\"width\":1,\"height\":1,\"caption\":\"Laboratoires Unisson\"},\"image\":{\"@id\":\"https:\/\/www.laboratoires-unisson.com\/fr-be#\/schema\/logo\/image\/\"}}]}<\/script>\n<!-- \/ Yoast SEO plugin. -->","yoast_head_json":{"title":"Piles auditives 675 - Laboratoires Unisson","description":"Vendu par plaquette de 6. Les piles Power One 675 0% de mercure sont des piles pour appareil auditif num\u00e9rique ou analogique. Ces piles auditives sont","robots":{"index":"index","follow":"follow","max-snippet":"max-snippet:-1","max-image-preview":"max-image-preview:large","max-video-preview":"max-video-preview:-1"},"canonical":"https:\/\/www.laboratoires-unisson.com\/fr-be\/wp-json\/wp\/v2\/product\/32173","og_locale":"fr_FR","og_type":"article","og_title":"Piles auditives 675 - Laboratoires Unisson","og_description":"Vendu par plaquette de 6. Les piles Power One 675 0% de mercure sont des piles pour appareil auditif num\u00e9rique ou analogique. Ces piles auditives sont","og_url":"https:\/\/www.laboratoires-unisson.com\/fr-be\/produit\/power-one\/675-0-mercure","og_site_name":"Laboratoires Unisson","twitter_card":"summary_large_image","twitter_misc":{"Est. reading time":"1 minute"},"schema":{"@context":"https:\/\/schema.org","@graph":[{"@type":"WebPage","@id":"https:\/\/www.laboratoires-unisson.com\/fr-be\/produit\/power-one\/675-0-mercure","url":"https:\/\/www.laboratoires-unisson.com\/fr-be\/produit\/power-one\/675-0-mercure","name":"Piles auditives 675 - Laboratoires Unisson","isPartOf":{"@id":"https:\/\/www.laboratoires-unisson.com\/fr-be#website"},"primaryImageOfPage":{"@id":"https:\/\/www.laboratoires-unisson.com\/fr-be\/produit\/power-one\/675-0-mercure#primaryimage"},"image":{"@id":"https:\/\/www.laboratoires-unisson.com\/fr-be\/produit\/power-one\/675-0-mercure#primaryimage"},"thumbnailUrl":"https:\/\/www.laboratoires-unisson.com\/wp-content\/uploads\/2022\/05\/Power-One-Piles-auditives-675-0-mercure.png","datePublished":"2022-05-03T09:35:41+00:00","description":"Vendu par plaquette de 6. Les piles Power One 675 0% de mercure sont des piles pour appareil auditif num\u00e9rique ou analogique. Ces piles auditives sont","breadcrumb":{"@id":"https:\/\/www.laboratoires-unisson.com\/fr-be\/produit\/power-one\/675-0-mercure#breadcrumb"},"inLanguage":"fr-BE","potentialAction":[{"@type":"ReadAction","target":["https:\/\/www.laboratoires-unisson.com\/fr-be\/produit\/power-one\/675-0-mercure"]}]},{"@type":"ImageObject","inLanguage":"fr-BE","@id":"https:\/\/www.laboratoires-unisson.com\/fr-be\/produit\/power-one\/675-0-mercure#primaryimage","url":"https:\/\/www.laboratoires-unisson.com\/wp-content\/uploads\/2022\/05\/Power-One-Piles-auditives-675-0-mercure.png","contentUrl":"https:\/\/www.laboratoires-unisson.com\/wp-content\/uploads\/2022\/05\/Power-One-Piles-auditives-675-0-mercure.png","width":500,"height":500},{"@type":"BreadcrumbList","@id":"https:\/\/www.laboratoires-unisson.com\/fr-be\/produit\/power-one\/675-0-mercure#breadcrumb","itemListElement":[{"@type":"ListItem","position":1,"name":"Shop","item":"https:\/\/www.laboratoires-unisson.com\/fr-be\/shop"},{"@type":"ListItem","position":2,"name":"Piles auditives 675"}]},{"@type":"WebSite","@id":"https:\/\/www.laboratoires-unisson.com\/fr-be#website","url":"https:\/\/www.laboratoires-unisson.com\/fr-be","name":"Laboratoires Unisson","description":"Appareil auditif et proth\u00e8se auditive Moins Cher jusqu&#039;\u00e0 -40%","publisher":{"@id":"https:\/\/www.laboratoires-unisson.com\/fr-be#organization"},"potentialAction":[{"@type":"SearchAction","target":{"@type":"EntryPoint","urlTemplate":"https:\/\/www.laboratoires-unisson.com\/fr-be?s={search_term_string}"},"query-input":{"@type":"PropertyValueSpecification","valueRequired":true,"valueName":"search_term_string"}}],"inLanguage":"fr-BE"},{"@type":"Organization","@id":"https:\/\/www.laboratoires-unisson.com\/fr-be#organization","name":"Laboratoires Unisson","url":"https:\/\/www.laboratoires-unisson.com\/fr-be","logo":{"@type":"ImageObject","inLanguage":"fr-BE","@id":"https:\/\/www.laboratoires-unisson.com\/fr-be#\/schema\/logo\/image\/","url":"https:\/\/www.laboratoires-unisson.com\/wp-content\/uploads\/2022\/01\/logo-unisson.svg","contentUrl":"https:\/\/www.laboratoires-unisson.com\/wp-content\/uploads\/2022\/01\/logo-unisson.svg","width":1,"height":1,"caption":"Laboratoires Unisson"},"image":{"@id":"https:\/\/www.laboratoires-unisson.com\/fr-be#\/schema\/logo\/image\/"}}]}},"_links":{"self":[{"href":"https:\/\/www.laboratoires-unisson.com\/fr-be\/wp-json\/wp\/v2\/product\/32173","targetHints":{"allow":["GET"]}}],"collection":[{"href":"https:\/\/www.laboratoires-unisson.com\/fr-be\/wp-json\/wp\/v2\/product"}],"about":[{"href":"https:\/\/www.laboratoires-unisson.com\/fr-be\/wp-json\/wp\/v2\/types\/product"}],"wp:featuredmedia":[{"embeddable":true,"href":"https:\/\/www.laboratoires-unisson.com\/fr-be\/wp-json\/wp\/v2\/media\/20768"}],"wp:attachment":[{"href":"https:\/\/www.laboratoires-unisson.com\/fr-be\/wp-json\/wp\/v2\/media?parent=32173"}],"wp:term":[{"taxonomy":"product_brand","embeddable":true,"href":"https:\/\/www.laboratoires-unisson.com\/fr-be\/wp-json\/wp\/v2\/product_brand?post=32173"},{"taxonomy":"product_cat","embeddable":true,"href":"https:\/\/www.laboratoires-unisson.com\/fr-be\/wp-json\/wp\/v2\/product_cat?post=32173"},{"taxonomy":"product_tag","embeddable":true,"href":"https:\/\/www.laboratoires-unisson.com\/fr-be\/wp-json\/wp\/v2\/product_tag?post=32173"}],"curies":[{"name":"wp","href":"https:\/\/api.w.org\/{rel}","templated":true}]}}